{"id":2450,"date":"2024-05-28T14:52:36","date_gmt":"2024-05-28T21:52:36","guid":{"rendered":"https:\/\/www.tucoemas.org\/help\/"},"modified":"2025-05-20T15:20:29","modified_gmt":"2025-05-20T22:20:29","slug":"help","status":"publish","type":"page","link":"https:\/\/www.tucoemas.org\/es\/help\/","title":{"rendered":"Ayuda"},"content":{"rendered":"<div class=\"co-flex_row co-flex_row__page-hero\" >\n\t<div class=\"co-flex_row--row co-row\">\n\t\t\t<header class=\"co-page_hero  co-page_hero__no_image\" aria-label=\"Encabezado: Ayuda para miembros\">\n\t\t<div class=\"co-page_hero--inner\">\n\t\t\t<div class=\"prow gap:0 flex-center\">\n\t\t\t\t\t\t\t\t<div class=\"co-page_hero--text pcol-lg:7\">\n\t\t\t\t\t\t\t\t\t\t<h1 class=\"co-page_hero--title\">\n\t\t\t\t\t\tAyuda para miembros\t\t\t\t\t<\/h1>\n\t\t\t\t\t<p class=\"co-page_hero--tagline\">\u00bfTienes alguna pregunta? \u00a1Tenemos la respuesta!<\/p>\t\t\t\t\t\t<div class=\"co-page_hero--buttons\">\n\t\t\t\t\t\t\t<a class=\"co-page_hero--button\" href=\"https:\/\/www.tucoemas.org\/es\/help\/contact-us\/\"  ><span>Cont\u00e1ctenos<\/span><\/a>\t\t\t\t\t\t<\/div>\n\t\t\t\t\t\t\t\t\t\t<\/div>\n\t\t\t<\/div>\n\t\t<\/div>\n\t<\/header>\n\n\t<\/div>\n<\/div>\n\n\n<div class=\"co-flex_row co-flex_row__white co-flex_row__columns\" >\n\t<div class=\"co-flex_row--row co-row\">\n\t\t\t<div class=\"co-columns\">\n\t\t\t\t\t<div class=\"co-columns--row prow prow-md:2 prow-lg:3 co-columns--row__icons justify-center\">\n\t\t\t\t\t\t\t\t\t<div class=\"co-columns--box\">\n\t\t\t\t\t\t\t<svg\n\t\tclass=\"co-columns--box_icon DebitorCreditCard\"\n\t\tviewbox=\"0 0 80 55\"\n\t\twidth=\"80\"\n\t\theight=\"55\"\n\t>\n\t\t<title>Debit or Credit Card<\/title>\n\t\t<path fill=\"#003B49\" d=\"M71.06 0H8.2C3.68 0 0 3.68 0 8.2v38.42c0 4.52 3.68 8.2 8.2 8.2h62.87c4.52 0 8.2-3.68 8.2-8.2V8.2c0-4.52-3.68-8.2-8.2-8.2h-.01ZM8.2 3.09h62.87c2.82 0 5.11 2.29 5.11 5.11v5.6H3.09V8.2c0-2.82 2.29-5.11 5.11-5.11Zm62.86 48.63H8.2c-2.82 0-5.11-2.29-5.11-5.11V16.88h73.08v29.73c0 2.82-2.29 5.11-5.11 5.11Z\"\/><path fill=\"#003B49\" d=\"M25.05 33.23H10.63c-.85 0-1.54.69-1.54 1.54V44.8c0 .85.69 1.54 1.54 1.54h14.42c.85 0 1.54-.69 1.54-1.54V34.77c0-.85-.69-1.54-1.54-1.54Zm-1.54 10.03H12.18v-6.94h11.33v6.94Zm1.54-17.4H10.63a1.54 1.54 0 0 0 0 3.08h14.42a1.54 1.54 0 0 0 0-3.08Z\"\/><path fill=\"#EA7600\" d=\"M61.08 29c-1.77 0-3.47.59-4.85 1.66A7.933 7.933 0 0 0 51.39 29c-4.39 0-7.97 3.57-7.97 7.97s3.57 7.97 7.97 7.97c1.82 0 3.5-.62 4.84-1.66a7.969 7.969 0 0 0 4.85 1.66c4.39 0 7.97-3.57 7.97-7.97S65.48 29 61.08 29ZM46.5 36.96c0-2.69 2.19-4.88 4.88-4.88s4.88 2.19 4.88 4.88-2.19 4.88-4.88 4.88-4.88-2.19-4.88-4.88Zm14.58 4.89c-1.02 0-1.99-.32-2.81-.9a7.914 7.914 0 0 0 1.08-3.99c0-1.46-.4-2.81-1.08-3.99.82-.57 1.79-.9 2.81-.9 2.69 0 4.88 2.19 4.88 4.88s-2.19 4.88-4.88 4.88v.02Z\"\/>\t<\/svg>\n<h2 class=\"co-columns--box_headline\" >Reportar fraude o tarjeta perdida\/robada<\/h2><div class=\"co-columns--box_desc text-component\"><p>Llamar <a href=\"tel: 8882973416\"><span class=\"bold\"><strong>(888) 297-3416<\/strong><\/span><\/a> Para reportar una tarjeta perdida o robada. En caso de fraude, contacte con nuestro Centro de Disputas de D\u00e9bito y Cr\u00e9dito. <strong><a href=\"tel: 8333900694\">(833) 390-0694<\/a>.<\/strong> Tambi\u00e9n puedes <a href=\"https:\/\/jhadispute.finboa.com\/corecustomerapp\/#\/submitdispute\/2005\">obtener ayuda fuera del horario laboral<\/a>.<\/p>\n<\/div>\t\t\t\t\t<\/div>\n\t\t\t\t\t\t\t\t\t<div class=\"co-columns--box\">\n\t\t\t\t\t\t\t<svg\n\t\tclass=\"co-columns--box_icon ATM\"\n\t\tviewbox=\"0 0 60 77\"\n\t\twidth=\"60\"\n\t\theight=\"77\"\n\t>\n\t\t<title>ATM<\/title>\n\t\t<path fill=\"#003B49\" d=\"m14.257 38.768.385-.375.337-.328c.65-.634 1.26-1.228 1.844-1.803V7.723h-2.566v31.045Zm-9.1 27.1H0V76.19h2.566v-7.766h28.53v7.766h2.566V65.867H5.157Zm41.496-19.385V7.723h2.566v38.76c0 2.131-1.608 3.861-3.584 3.861h-21.27a12.016 12.016 0 0 0-.358-2.557h8.398V7.723h2.566v40.064h5.208V7.723h2.566v40.064h2.89c.548 0 1.018-.597 1.018-1.304ZM29.78 7.723h-2.565v5.183h2.565V7.723Zm-2.565 7.766h2.565v5.165h-2.565V15.49Z\"\/><path fill=\"#EA7600\" d=\"M55.71 0H7.766A3.87 3.87 0 0 0 3.89 3.861v5.166a3.87 3.87 0 0 0 3.875 3.862h3.89V10.33h-3.89a1.312 1.312 0 0 1-1.309-1.304V3.862c0-.717.59-1.305 1.309-1.305H55.71c.719 0 1.309.588 1.309 1.304v5.166c0 .716-.59 1.304-1.309 1.304h-3.89v2.558h3.891a3.87 3.87 0 0 0 3.874-3.862V3.862A3.87 3.87 0 0 0 55.71 0ZM7.57 34.847c-1.514 1.381-2.412 3.453-2.412 5.635h.009v25.394H2.6V40.482c0-2.898 1.197-5.652 3.293-7.57l8.364-6.802v3.299l-6.688 5.438ZM30.42 60.89c.188-.11 4.567-2.856 4.567-7.945v-2.583h2.566v2.592c0 5.328-3.678 8.6-5.183 9.709v3.214h-2.566v-4.612l.616-.375ZM9.066 69.746H5.174v2.557h3.892v-2.557Zm15.043-40.644c1.334-1.33 3.045-1.432 4.464-.273l.01-.008c2.377 1.952 3.386 7.05 1.085 10.45-1.095 1.51-4.712 5.592-6.09 7.144a12.676 12.676 0 0 1 .78 3.921c.153 4.79-2.6 8.209-2.755 8.396l-1.975-1.628c.154-.187 3.814-4.782 1.283-10.416l-.343-.76.556-.613.097-.108c.716-.803 5.197-5.826 6.335-7.393 1.522-2.26.71-5.925-.616-7.016-.342-.281-.573-.332-1.018.111-1.317 1.313-4.421 4.356-9.484 9.309l-5.269 5.14-1.796-1.825 4.884-4.765.385-.375.337-.329.004-.003a674.5 674.5 0 0 0 1.84-1.799 1455.9 1455.9 0 0 0 7.286-7.16Zm5.67-21.379H10.357V5.166h42.762v2.557h-23.34Z\"\/>\t<\/svg>\n<h2 class=\"co-columns--box_headline\" >Encuentra mi n\u00famero de cuenta y n\u00famero de ruta<\/h2><div class=\"co-columns--box_desc text-component\"><p>El n\u00famero de ruta de Tucoemas es <strong>321178420<\/strong>. Encontrar\u00e1 su n\u00famero de cuenta en su Banca en L\u00ednea a trav\u00e9s de nuestra aplicaci\u00f3n m\u00f3vil. Simplemente seleccione la cuenta y vea los detalles.<\/p>\n<\/div>\t\t\t\t\t<\/div>\n\t\t\t\t\t\t\t\t\t<div class=\"co-columns--box\">\n\t\t\t\t\t\t\t<svg\n\t\tclass=\"co-columns--box_icon Computer\"\n\t\tviewbox=\"0 0 88 59\"\n\t\twidth=\"88\"\n\t\theight=\"59\"\n\t>\n\t\t<title>Computer<\/title>\n\t\t<path fill=\"#EA7600\" fill-rule=\"evenodd\" d=\"M35.152 39.806c0 .846.681 1.531 1.523 1.531.841 0 1.523-.685 1.523-1.53V22.14c0-.846-.682-1.53-1.523-1.53-.841 0-1.523.684-1.523 1.53v17.666Zm-11.715 0c0 .846.682 1.531 1.523 1.531.841 0 1.523-.685 1.523-1.53v-8.832c0-.846-.681-1.53-1.523-1.53-.841 0-1.523.684-1.523 1.53v8.831Zm24.957 1.531a1.526 1.526 0 0 1-1.523-1.53v-8.832c0-.846.681-1.53 1.523-1.53.84 0 1.522.684 1.522 1.53v8.831c0 .846-.681 1.531-1.522 1.531Zm10.195-1.53c0 .845.682 1.53 1.523 1.53.841 0 1.523-.685 1.523-1.53V22.14c0-.846-.681-1.53-1.523-1.53-.841 0-1.523.684-1.523 1.53v17.666Z\" clip-rule=\"evenodd\"\/><path fill=\"#003B49\" fill-rule=\"evenodd\" d=\"M77.686 44.28a1.526 1.526 0 0 1-1.523-1.53V3.06h-64.33v39.69c0 .846-.682 1.53-1.523 1.53a1.526 1.526 0 0 1-1.523-1.53V1.531C8.787.685 9.47 0 10.31 0h67.376c.842 0 1.523.685 1.523 1.53v41.22c0 .845-.681 1.53-1.523 1.53ZM77.481 59H10.516a7.302 7.302 0 0 1-6.134-3.31L.255 49.487a1.535 1.535 0 0 1 1.268-2.383h26.365c.4 0 .78.156 1.066.44l1.523 1.5a3.237 3.237 0 0 0 2.36 1.006h22.326c.895 0 1.724-.348 2.334-.98l1.55-1.526c.285-.28.665-.437 1.065-.437h26.365c.564 0 1.078.31 1.344.812a1.535 1.535 0 0 1-.076 1.572l-4.13 6.21a7.302 7.302 0 0 1-6.13 3.303L77.48 59ZM6.92 53.999l-2.544-3.827H27.27l1.05 1.037a6.21 6.21 0 0 0 4.52 1.91h22.326c1.728 0 3.33-.678 4.492-1.883l1.078-1.064h22.892l-2.554 3.838a4.278 4.278 0 0 1-3.59 1.933H10.519a4.279 4.279 0 0 1-3.597-1.944Zm50.263-40.694c0-1.619 1.318-2.943 2.928-2.943 1.61 0 2.928 1.324 2.928 2.943 0 1.618-1.317 2.942-2.928 2.942-.384 0-.75-.08-1.085-.214l-7.717 5.82v.01a3.1 3.1 0 0 1 .015.273c0 1.619-1.317 2.942-2.928 2.942-1.61 0-2.927-1.323-2.927-2.942 0-.096.003-.191.015-.283l-7.717-5.82a2.844 2.844 0 0 1-2.17 0l-7.718 5.82.001.01c.007.092.014.18.014.273 0 1.619-1.317 2.942-2.927 2.942s-2.928-1.323-2.928-2.942c0-1.619 1.317-2.942 2.928-2.942.384 0 .75.08 1.085.214l7.717-5.817v-.01a3.358 3.358 0 0 1-.015-.273c0-1.618 1.317-2.942 2.927-2.942 1.611 0 2.928 1.324 2.928 2.942 0 .096-.004.192-.015.284l7.717 5.816a2.844 2.844 0 0 1 2.17 0l7.718-5.82-.001-.011a3.391 3.391 0 0 1-.015-.272Z\" clip-rule=\"evenodd\"\/>\t<\/svg>\n<h2 class=\"co-columns--box_headline\" >\u00bfTiene problemas para iniciar sesi\u00f3n en la Banca en L\u00ednea?<\/h2><div class=\"co-columns--box_desc text-component\"><p>Ll\u00e1manos al <a href=\"tel: 5597328892\"><span class=\"bold\"><strong>(559) 732-8892<\/strong><\/span><\/a>, entonces <strong>presione 3<\/strong> para comunicarse con nuestro centro de soporte.<\/p>\n<\/div>\t\t\t\t\t<\/div>\n\t\t\t\t\t\t\t<\/div>\n\t\t\t<\/div>\n\n\t<\/div>\n<\/div>\n\n\n<div class=\"co-flex_row co-flex_row__white co-flex_row__long-form-text\" >\n\t<div class=\"co-flex_row--row co-row\">\n\t\t\t<div class=\"co-long_form\">\n\t\t\t\t<header class=\"co-intro_text has_intro\">\n\t\t\t<h2 class=\"co-intro_text--title\">Asistencia y apoyo para pr\u00e9stamos<\/h2><div class=\"co-intro_text--intro text-component\"><p>Nuestro Equipo de Resoluciones est\u00e1 comprometido a trabajar con usted para encontrar soluciones que se adapten a su situaci\u00f3n y le ayuden a recuperar la estabilidad financiera.<\/p>\n<\/div>\t\t<\/header>\n\t\t\t\t\t<div class=\"co-long_form--block prow items-start\">\n\t\t\t\t<div class=\"co-long_form--text pcol-md:7\">\n\t\t\t\t\t<div class=\"co-long_form--content text-component\"><p><span class=\"bold\">C\u00f3mo podemos ayudar:<\/span><\/p>\n<ul>\n<li><span class=\"bold\">Opciones de pago flexibles:<\/span>\u00a0Analice planes de pago alternativos que se ajusten a su situaci\u00f3n financiera actual.<\/li>\n<li><span class=\"bold\">Modificaciones de pr\u00e9stamos:<\/span>\u00a0Explore las opciones para ajustar los t\u00e9rminos de su pr\u00e9stamo para pagos m\u00e1s manejables.<\/li>\n<li><span class=\"bold\">Pr\u00f3rrogas y aplazamientos de pagos:<\/span>\u00a0Inf\u00f3rmese sobre las opciones de alivio a corto plazo.<\/li>\n<li><span class=\"bold\">Gu\u00eda de consolidaci\u00f3n de deuda:<\/span>\u00a0Comprenda las opciones para consolidar pagos y reducir las tasas de inter\u00e9s.<\/li>\n<\/ul>\n<p>&nbsp;<\/p>\n<p><span class=\"bold\"><strong><u>Contacte con nuestro equipo de Resoluciones:<\/u><\/strong><\/span><\/p>\n<ul>\n<li>Tel\u00e9fono: (559)737-5760<\/li>\n<li>Correo electr\u00f3nico: <a href=\"mailto:resolution@tucoemas.org\">resolution@tucoemas.org<\/a><\/li>\n<li>Horario de oficina: lunes a viernes de 8:30 a. m. a 6:00 p. m., s\u00e1bado de 10:00 a. m. a 2:00 p. m.<\/li>\n<\/ul>\n<\/div>\t\t\t\t<\/div>\n\t\t\t\t\t\t\t\t\t<div class=\"co-long_form--media pcol-md:5\">\n\t\t\t\t\t\t\t\t\t\t\t<\/div>\n\t\t\t\t\t\t\t<\/div>\n\t\t\t\t<\/div>\n\n\t<\/div>\n<\/div>\n\n\n<div class=\"co-flex_row co-flex_row__white co-flex_row__faqs\" >\n\t<div class=\"co-flex_row--row co-row\">\n\t\t\t<section class=\"co-accords_section\" aria-label=\"Preguntas frecuentes sobre pr\u00e9stamos\">\n\t\t\t\t<header class=\"co-intro_text\">\n\t\t\t<h2 class=\"co-intro_text--title\">Preguntas frecuentes sobre pr\u00e9stamos<\/h2>\t\t<\/header>\n\t\t\t\t<div class=\"co-accordion\" data-animation=\"on\" data-multi-items=\"on\">\n\t\t\t\t\t\t\t<div class=\"co-accordion--item\">\n\t\t\t\t\t<button  data-accordid=\"6133\"  class=\"co-accordion--header\t\t\t\t\t\t\tjs-accord_toggle\t\t\t\t\t\t\tclosed\">\n\t\t\t\t\t\t\u00bfQu\u00e9 debo hacer si tengo problemas para realizar los pagos?\t\t\t\t\t\t<span class=\"co-accordion--icon no-js:is-hidden\"><\/span>\n\t\t\t\t\t<\/button>\n\t\t\t\t\t<div class=\"co-accordion--panel\t\t\t\t\t\tjs-accord_content\t\t\t\t\t\ttext-component\">\n\t\t\t\t\t\t<p>\u00a1Cont\u00e1ctanos lo antes posible! Una comunicaci\u00f3n temprana nos permitir\u00e1 explorar las mejores opciones para ti.<\/p>\n\t\t\t\t\t<\/div>\n\t\t\t\t<\/div>\n\t\t\t\t\t\t\t<div class=\"co-accordion--item\">\n\t\t\t\t\t<button  data-accordid=\"6135\"  class=\"co-accordion--header\t\t\t\t\t\t\tjs-accord_toggle\t\t\t\t\t\t\tclosed\">\n\t\t\t\t\t\t\u00bfLos pagos atrasados afectar\u00e1n mi cr\u00e9dito?\t\t\t\t\t\t<span class=\"co-accordion--icon no-js:is-hidden\"><\/span>\n\t\t\t\t\t<\/button>\n\t\t\t\t\t<div class=\"co-accordion--panel\t\t\t\t\t\tjs-accord_content\t\t\t\t\t\ttext-component\">\n\t\t\t\t\t\t<p>Los pagos faltantes pueden afectar su cr\u00e9dito, pero trabajar con nuestro Equipo de Resoluciones puede minimizar los efectos a largo plazo.<\/p>\n\t\t\t\t\t<\/div>\n\t\t\t\t<\/div>\n\t\t\t\t\t\t\t<div class=\"co-accordion--item\">\n\t\t\t\t\t<button  data-accordid=\"6134\"  class=\"co-accordion--header\t\t\t\t\t\t\tjs-accord_toggle\t\t\t\t\t\t\tclosed\">\n\t\t\t\t\t\t\u00bfPuedo establecer un plan de pago?\t\t\t\t\t\t<span class=\"co-accordion--icon no-js:is-hidden\"><\/span>\n\t\t\t\t\t<\/button>\n\t\t\t\t\t<div class=\"co-accordion--panel\t\t\t\t\t\tjs-accord_content\t\t\t\t\t\ttext-component\">\n\t\t\t\t\t\t<p>S\u00ed, podemos personalizar un plan de pago seg\u00fan sus necesidades.<\/p>\n\t\t\t\t\t<\/div>\n\t\t\t\t<\/div>\n\t\t\t\t\t<\/div>\n\t\t\t<\/section>\n\n\t<\/div>\n<\/div>\n\n\n<div class=\"co-flex_row co-flex_row__white co-flex_row__last co-flex_row__faqs\" >\n\t<div class=\"co-flex_row--row co-row\">\n\t\t\t<section class=\"co-accords_section\" aria-label=\"Otras preguntas frecuentes\">\n\t\t\t\t<header class=\"co-intro_text\">\n\t\t\t<h2 class=\"co-intro_text--title\">Otras preguntas frecuentes<\/h2>\t\t<\/header>\n\t\t\t\t<div class=\"co-accordion\" data-animation=\"on\" data-multi-items=\"on\">\n\t\t\t\t\t\t\t<div class=\"co-accordion--item\">\n\t\t\t\t\t<button  data-accordid=\"5916\"  class=\"co-accordion--header\t\t\t\t\t\t\tjs-accord_toggle\t\t\t\t\t\t\tclosed\">\n\t\t\t\t\t\t\u00bfC\u00f3mo inicio sesi\u00f3n en mi cuenta bancaria en l\u00ednea de Tucoemas?\t\t\t\t\t\t<span class=\"co-accordion--icon no-js:is-hidden\"><\/span>\n\t\t\t\t\t<\/button>\n\t\t\t\t\t<div class=\"co-accordion--panel\t\t\t\t\t\tjs-accord_content\t\t\t\t\t\ttext-component\">\n\t\t\t\t\t\t<p>Puede acceder a la Banca en L\u00ednea de Tucoemas haciendo clic en el bot\u00f3n &quot;INICIAR SESI\u00d3N&quot; en la esquina superior derecha de nuestro sitio web. Si no tiene una cuenta de la Banca en L\u00ednea de Tucoemas y desea registrarse, haga clic en &quot;INICIAR SESI\u00d3N&quot;. Luego, debajo del nombre de usuario, ver\u00e1 el enlace &quot;Inscribirse ahora&quot; que lo dirigir\u00e1 a nuestra p\u00e1gina de registro.<\/p>\n\t\t\t\t\t<\/div>\n\t\t\t\t<\/div>\n\t\t\t\t\t\t\t<div class=\"co-accordion--item\">\n\t\t\t\t\t<button  data-accordid=\"3907\"  class=\"co-accordion--header\t\t\t\t\t\t\tjs-accord_toggle\t\t\t\t\t\t\tclosed\">\n\t\t\t\t\t\t\u00bfCu\u00e1l es el n\u00famero de ruta de Tucoemas Federal Credit Union?\t\t\t\t\t\t<span class=\"co-accordion--icon no-js:is-hidden\"><\/span>\n\t\t\t\t\t<\/button>\n\t\t\t\t\t<div class=\"co-accordion--panel\t\t\t\t\t\tjs-accord_content\t\t\t\t\t\ttext-component\">\n\t\t\t\t\t\t<p>Nuestro n\u00famero de ruta es 321178420.<\/p>\n\t\t\t\t\t<\/div>\n\t\t\t\t<\/div>\n\t\t\t\t\t\t\t<div class=\"co-accordion--item\">\n\t\t\t\t\t<button  data-accordid=\"3910\"  class=\"co-accordion--header\t\t\t\t\t\t\tjs-accord_toggle\t\t\t\t\t\t\tclosed\">\n\t\t\t\t\t\t\u00bfC\u00f3mo activo mi tarjeta de cr\u00e9dito o d\u00e9bito?\t\t\t\t\t\t<span class=\"co-accordion--icon no-js:is-hidden\"><\/span>\n\t\t\t\t\t<\/button>\n\t\t\t\t\t<div class=\"co-accordion--panel\t\t\t\t\t\tjs-accord_content\t\t\t\t\t\ttext-component\">\n\t\t\t\t\t\t<p>Para activar su tarjeta de cr\u00e9dito o d\u00e9bito, llame al (800) 290-7893<\/p>\n\t\t\t\t\t<\/div>\n\t\t\t\t<\/div>\n\t\t\t\t\t\t\t<div class=\"co-accordion--item\">\n\t\t\t\t\t<button  data-accordid=\"3912\"  class=\"co-accordion--header\t\t\t\t\t\t\tjs-accord_toggle\t\t\t\t\t\t\tclosed\">\n\t\t\t\t\t\tHay un cargo en mi cuenta que no autoric\u00e9. \u00bfQu\u00e9 hago?\t\t\t\t\t\t<span class=\"co-accordion--icon no-js:is-hidden\"><\/span>\n\t\t\t\t\t<\/button>\n\t\t\t\t\t<div class=\"co-accordion--panel\t\t\t\t\t\tjs-accord_content\t\t\t\t\t\ttext-component\">\n\t\t\t\t\t\t<p>Llame al (833) 390-0694 inmediatamente para presentar una disputa.<\/p>\n\t\t\t\t\t<\/div>\n\t\t\t\t<\/div>\n\t\t\t\t\t\t\t<div class=\"co-accordion--item\">\n\t\t\t\t\t<button  data-accordid=\"3914\"  class=\"co-accordion--header\t\t\t\t\t\t\tjs-accord_toggle\t\t\t\t\t\t\tclosed\">\n\t\t\t\t\t\tMi tarjeta no funciona. \u00bfC\u00f3mo consigo una nueva?\t\t\t\t\t\t<span class=\"co-accordion--icon no-js:is-hidden\"><\/span>\n\t\t\t\t\t<\/button>\n\t\t\t\t\t<div class=\"co-accordion--panel\t\t\t\t\t\tjs-accord_content\t\t\t\t\t\ttext-component\">\n\t\t\t\t\t\t<p>Para solicitar un reemplazo de tarjeta, ll\u00e1menos al (559) 732-8892 o visite una sucursal.<\/p>\n\t\t\t\t\t<\/div>\n\t\t\t\t<\/div>\n\t\t\t\t\t\t\t<div class=\"co-accordion--item\">\n\t\t\t\t\t<button  data-accordid=\"3916\"  class=\"co-accordion--header\t\t\t\t\t\t\tjs-accord_toggle\t\t\t\t\t\t\tclosed\">\n\t\t\t\t\t\t\u00bfC\u00f3mo me protejo contra el fraude?\t\t\t\t\t\t<span class=\"co-accordion--icon no-js:is-hidden\"><\/span>\n\t\t\t\t\t<\/button>\n\t\t\t\t\t<div class=\"co-accordion--panel\t\t\t\t\t\tjs-accord_content\t\t\t\t\t\ttext-component\">\n\t\t\t\t\t\t<p>Lea nuestro art\u00edculo m\u00e1s reciente aqu\u00ed sobre t\u00e1cticas de fraude recientes y c\u00f3mo puede protegerse.<\/p>\n\t\t\t\t\t<\/div>\n\t\t\t\t<\/div>\n\t\t\t\t\t\t\t<div class=\"co-accordion--item\">\n\t\t\t\t\t<button  data-accordid=\"3908\"  class=\"co-accordion--header\t\t\t\t\t\t\tjs-accord_toggle\t\t\t\t\t\t\tclosed\">\n\t\t\t\t\t\t\u00bfC\u00f3mo puedo aumentar mi puntuaci\u00f3n crediticia?\t\t\t\t\t\t<span class=\"co-accordion--icon no-js:is-hidden\"><\/span>\n\t\t\t\t\t<\/button>\n\t\t\t\t\t<div class=\"co-accordion--panel\t\t\t\t\t\tjs-accord_content\t\t\t\t\t\ttext-component\">\n\t\t\t\t\t\t<p>Hay muchos factores que afectan tu puntaje crediticio. Consulta este blog con consejos y trucos para mejorarlo.<\/p>\n\t\t\t\t\t<\/div>\n\t\t\t\t<\/div>\n\t\t\t\t\t<\/div>\n\t\t<div class=\"co-accordion--cta\"><p>\u00bfNo encuentras lo que buscas? <a href=\"https:\/\/startertheme.pixelspoke.com\/default-template\/\">Cont\u00e1ctanos<\/a><\/p>\n<\/div>\t<\/section>\n\n\t<\/div>\n<\/div>","protected":false},"excerpt":{"rendered":"","protected":false},"author":10,"featured_media":0,"parent":0,"menu_order":0,"comment_status":"closed","ping_status":"closed","template":"","meta":{"_acf_changed":false,"_searchwp_excluded":"","footnotes":""},"class_list":["post-2450","page","type-page","status-publish","hentry"],"acf":[],"yoast_head":"<!-- This site is optimized with the Yoast SEO plugin v27.2 - https:\/\/yoast.com\/product\/yoast-seo-wordpress\/ -->\n<title>Help - Tucoemas FCU<\/title>\n<meta name=\"robots\" content=\"index, follow, max-snippet:-1, max-image-preview:large, max-video-preview:-1\" \/>\n<link rel=\"canonical\" href=\"https:\/\/www.tucoemas.org\/es\/help\/\" \/>\n<meta property=\"og:locale\" content=\"es_ES\" \/>\n<meta property=\"og:type\" content=\"article\" \/>\n<meta property=\"og:title\" content=\"Help - Tucoemas FCU\" \/>\n<meta property=\"og:url\" content=\"https:\/\/www.tucoemas.org\/es\/help\/\" \/>\n<meta property=\"og:site_name\" content=\"Tucoemas FCU\" \/>\n<meta property=\"article:modified_time\" content=\"2025-05-20T22:20:29+00:00\" \/>\n<meta name=\"twitter:card\" content=\"summary_large_image\" \/>\n<script type=\"application\/ld+json\" class=\"yoast-schema-graph\">{\"@context\":\"https:\/\/schema.org\",\"@graph\":[{\"@type\":\"WebPage\",\"@id\":\"https:\/\/www.tucoemas.org\/help\/\",\"url\":\"https:\/\/www.tucoemas.org\/help\/\",\"name\":\"Help - Tucoemas FCU\",\"isPartOf\":{\"@id\":\"https:\/\/www.tucoemas.org\/#website\"},\"datePublished\":\"2024-05-28T21:52:36+00:00\",\"dateModified\":\"2025-05-20T22:20:29+00:00\",\"breadcrumb\":{\"@id\":\"https:\/\/www.tucoemas.org\/help\/#breadcrumb\"},\"inLanguage\":\"es-ES\",\"potentialAction\":[{\"@type\":\"ReadAction\",\"target\":[\"https:\/\/www.tucoemas.org\/help\/\"]}]},{\"@type\":\"BreadcrumbList\",\"@id\":\"https:\/\/www.tucoemas.org\/help\/#breadcrumb\",\"itemListElement\":[{\"@type\":\"ListItem\",\"position\":1,\"name\":\"Home\",\"item\":\"https:\/\/www.tucoemas.org\/\"},{\"@type\":\"ListItem\",\"position\":2,\"name\":\"Help\"}]},{\"@type\":\"WebSite\",\"@id\":\"https:\/\/www.tucoemas.org\/#website\",\"url\":\"https:\/\/www.tucoemas.org\/\",\"name\":\"Tucoemas FCU\",\"description\":\"A community on the rise.\",\"potentialAction\":[{\"@type\":\"SearchAction\",\"target\":{\"@type\":\"EntryPoint\",\"urlTemplate\":\"https:\/\/www.tucoemas.org\/?s={search_term_string}\"},\"query-input\":{\"@type\":\"PropertyValueSpecification\",\"valueRequired\":true,\"valueName\":\"search_term_string\"}}],\"inLanguage\":\"es-ES\"}]}<\/script>\n<!-- \/ Yoast SEO plugin. -->","yoast_head_json":{"title":"Ayuda - Tucoemas FCU","robots":{"index":"index","follow":"follow","max-snippet":"max-snippet:-1","max-image-preview":"max-image-preview:large","max-video-preview":"max-video-preview:-1"},"canonical":"https:\/\/www.tucoemas.org\/es\/help\/","og_locale":"es_ES","og_type":"article","og_title":"Help - Tucoemas FCU","og_url":"https:\/\/www.tucoemas.org\/es\/help\/","og_site_name":"Tucoemas FCU","article_modified_time":"2025-05-20T22:20:29+00:00","twitter_card":"summary_large_image","schema":{"@context":"https:\/\/schema.org","@graph":[{"@type":"WebPage","@id":"https:\/\/www.tucoemas.org\/help\/","url":"https:\/\/www.tucoemas.org\/help\/","name":"Ayuda - Tucoemas FCU","isPartOf":{"@id":"https:\/\/www.tucoemas.org\/#website"},"datePublished":"2024-05-28T21:52:36+00:00","dateModified":"2025-05-20T22:20:29+00:00","breadcrumb":{"@id":"https:\/\/www.tucoemas.org\/help\/#breadcrumb"},"inLanguage":"es-ES","potentialAction":[{"@type":"ReadAction","target":["https:\/\/www.tucoemas.org\/help\/"]}]},{"@type":"BreadcrumbList","@id":"https:\/\/www.tucoemas.org\/help\/#breadcrumb","itemListElement":[{"@type":"ListItem","position":1,"name":"Home","item":"https:\/\/www.tucoemas.org\/"},{"@type":"ListItem","position":2,"name":"Help"}]},{"@type":"WebSite","@id":"https:\/\/www.tucoemas.org\/#website","url":"https:\/\/www.tucoemas.org\/","name":"Uni\u00f3n Cooperativa de Cr\u00e9dito Tucoemas","description":"Una comunidad en ascenso.","potentialAction":[{"@type":"SearchAction","target":{"@type":"EntryPoint","urlTemplate":"https:\/\/www.tucoemas.org\/?s={search_term_string}"},"query-input":{"@type":"PropertyValueSpecification","valueRequired":true,"valueName":"search_term_string"}}],"inLanguage":"es-ES"}]}},"_links":{"self":[{"href":"https:\/\/www.tucoemas.org\/es\/wp-json\/wp\/v2\/pages\/2450","targetHints":{"allow":["GET"]}}],"collection":[{"href":"https:\/\/www.tucoemas.org\/es\/wp-json\/wp\/v2\/pages"}],"about":[{"href":"https:\/\/www.tucoemas.org\/es\/wp-json\/wp\/v2\/types\/page"}],"author":[{"embeddable":true,"href":"https:\/\/www.tucoemas.org\/es\/wp-json\/wp\/v2\/users\/10"}],"replies":[{"embeddable":true,"href":"https:\/\/www.tucoemas.org\/es\/wp-json\/wp\/v2\/comments?post=2450"}],"version-history":[{"count":41,"href":"https:\/\/www.tucoemas.org\/es\/wp-json\/wp\/v2\/pages\/2450\/revisions"}],"predecessor-version":[{"id":6167,"href":"https:\/\/www.tucoemas.org\/es\/wp-json\/wp\/v2\/pages\/2450\/revisions\/6167"}],"wp:attachment":[{"href":"https:\/\/www.tucoemas.org\/es\/wp-json\/wp\/v2\/media?parent=2450"}],"curies":[{"name":"wp","href":"https:\/\/api.w.org\/{rel}","templated":true}]}}