{"id":2451,"date":"2024-05-28T14:52:36","date_gmt":"2024-05-28T21:52:36","guid":{"rendered":"https:\/\/www.tucoemas.org\/help\/contact-us\/"},"modified":"2025-09-09T15:29:09","modified_gmt":"2025-09-09T22:29:09","slug":"contact-us","status":"publish","type":"page","link":"https:\/\/www.tucoemas.org\/es\/help\/contact-us\/","title":{"rendered":"Cont\u00e1ctenos"},"content":{"rendered":"<div class=\"co-flex_row co-flex_row__page-hero\" >\n\t<div class=\"co-flex_row--row co-row\">\n\t\t\t<header class=\"co-page_hero  co-page_hero__no_image\" aria-label=\"Encabezado: Cont\u00e1ctenos\">\n\t\t<div class=\"co-page_hero--inner\">\n\t\t\t<div class=\"prow gap:0 flex-center\">\n\t\t\t\t\t\t\t\t<div class=\"co-page_hero--text pcol-lg:7\">\n\t\t\t\t\t\t\t\t\t\t<h1 class=\"co-page_hero--title\">\n\t\t\t\t\t\tCont\u00e1ctenos\t\t\t\t\t<\/h1>\n\t\t\t\t\t<p class=\"co-page_hero--tagline\">Estamos dedicados a servirle.<\/p>\t\t\t\t<\/div>\n\t\t\t<\/div>\n\t\t<\/div>\n\t<\/header>\n\n\t<\/div>\n<\/div>\n\n\n<div class=\"co-flex_row co-flex_row__white co-flex_row__columns\" >\n\t<div class=\"co-flex_row--row co-row\">\n\t\t\t<div class=\"co-columns\">\n\t\t\t\t\t<div class=\"co-columns--row prow prow-md:2 prow-lg:5 co-columns--row__icons justify-center\">\n\t\t\t\t\t\t\t\t\t<div class=\"co-columns--box\">\n\t\t\t\t\t\t\t<svg\n\t\tclass=\"co-columns--box_icon MobilePhone\"\n\t\tviewbox=\"0 0 65 80\"\n\t\twidth=\"65\"\n\t\theight=\"80\"\n\t>\n\t\t<title>Mobile Phone<\/title>\n\t\t<path fill=\"#003B49\" d=\"M38.395 37.259v28.494H3.286V21.095h14.538v-3.283H3.286v-1.096a3.848 3.848 0 0 1 3.845-3.841h10.7V9.592H7.13C3.2 9.592 0 12.782 0 16.71v56.167C0 76.402 3.595 80 7.124 79.993h27.427c1.682 0 3.463-.814 4.89-2.238 1.425-1.425 2.24-3.204 2.24-4.885V37.252h-3.286v.007Zm0 35.617c0 .788-.493 1.773-1.281 2.561-.789.788-1.775 1.28-2.563 1.28H7.124c-1.722 0-3.838-2.114-3.838-3.84v-3.841h35.11v3.84Z\"\/><path fill=\"#EA7600\" fill-rule=\"evenodd\" d=\"M23.588 0H59.23c3.174 0 5.757 2.58 5.757 5.751v21.982a5.689 5.689 0 0 1-5.685 5.679H37.916l-7.854 9.966a2.964 2.964 0 0 1-2.347 1.155c-.335 0-.67-.052-1.005-.17a2.975 2.975 0 0 1-2.024-2.843v-8.102h-1.078c-3.181 0-5.777-2.587-5.777-5.77V5.75C17.83 2.581 20.413 0 23.588 0Zm35.727 30.135a2.402 2.402 0 0 0 2.399-2.396V5.751a2.475 2.475 0 0 0-2.471-2.468H23.588a2.475 2.475 0 0 0-2.471 2.468v21.896a2.492 2.492 0 0 0 2.49 2.488h4.365V40.74l8.36-10.604h22.983ZM18.1 71.235h6.855v3.283H18.1v-3.283Z\" clip-rule=\"evenodd\"\/><path fill=\"#003B49\" d=\"M37.298 15.068h-2.74v3.282h2.74v-3.282Zm5.482 0h-2.742v3.282h2.741v-3.282Zm5.487 0h-2.74v3.282h2.74v-3.282Z\"\/>\t<\/svg>\n<h2 class=\"co-columns--box_headline\" >Ll\u00e1manos<\/h2><div class=\"co-columns--box_desc text-component\"><p>Para todas las sucursales:<\/p>\n<p><a href=\"tel: 5597328892\"><span class=\"bold\">(559) 732-8892<\/span><\/a><\/p>\n<\/div>\t\t\t\t\t<\/div>\n\t\t\t\t\t\t\t\t\t<div class=\"co-columns--box\">\n\t\t\t\t\t\t\t<svg\n\t\tclass=\"co-columns--box_icon Computer\"\n\t\tviewbox=\"0 0 88 59\"\n\t\twidth=\"88\"\n\t\theight=\"59\"\n\t>\n\t\t<title>Computer<\/title>\n\t\t<path fill=\"#EA7600\" fill-rule=\"evenodd\" d=\"M35.152 39.806c0 .846.681 1.531 1.523 1.531.841 0 1.523-.685 1.523-1.53V22.14c0-.846-.682-1.53-1.523-1.53-.841 0-1.523.684-1.523 1.53v17.666Zm-11.715 0c0 .846.682 1.531 1.523 1.531.841 0 1.523-.685 1.523-1.53v-8.832c0-.846-.681-1.53-1.523-1.53-.841 0-1.523.684-1.523 1.53v8.831Zm24.957 1.531a1.526 1.526 0 0 1-1.523-1.53v-8.832c0-.846.681-1.53 1.523-1.53.84 0 1.522.684 1.522 1.53v8.831c0 .846-.681 1.531-1.522 1.531Zm10.195-1.53c0 .845.682 1.53 1.523 1.53.841 0 1.523-.685 1.523-1.53V22.14c0-.846-.681-1.53-1.523-1.53-.841 0-1.523.684-1.523 1.53v17.666Z\" clip-rule=\"evenodd\"\/><path fill=\"#003B49\" fill-rule=\"evenodd\" d=\"M77.686 44.28a1.526 1.526 0 0 1-1.523-1.53V3.06h-64.33v39.69c0 .846-.682 1.53-1.523 1.53a1.526 1.526 0 0 1-1.523-1.53V1.531C8.787.685 9.47 0 10.31 0h67.376c.842 0 1.523.685 1.523 1.53v41.22c0 .845-.681 1.53-1.523 1.53ZM77.481 59H10.516a7.302 7.302 0 0 1-6.134-3.31L.255 49.487a1.535 1.535 0 0 1 1.268-2.383h26.365c.4 0 .78.156 1.066.44l1.523 1.5a3.237 3.237 0 0 0 2.36 1.006h22.326c.895 0 1.724-.348 2.334-.98l1.55-1.526c.285-.28.665-.437 1.065-.437h26.365c.564 0 1.078.31 1.344.812a1.535 1.535 0 0 1-.076 1.572l-4.13 6.21a7.302 7.302 0 0 1-6.13 3.303L77.48 59ZM6.92 53.999l-2.544-3.827H27.27l1.05 1.037a6.21 6.21 0 0 0 4.52 1.91h22.326c1.728 0 3.33-.678 4.492-1.883l1.078-1.064h22.892l-2.554 3.838a4.278 4.278 0 0 1-3.59 1.933H10.519a4.279 4.279 0 0 1-3.597-1.944Zm50.263-40.694c0-1.619 1.318-2.943 2.928-2.943 1.61 0 2.928 1.324 2.928 2.943 0 1.618-1.317 2.942-2.928 2.942-.384 0-.75-.08-1.085-.214l-7.717 5.82v.01a3.1 3.1 0 0 1 .015.273c0 1.619-1.317 2.942-2.928 2.942-1.61 0-2.927-1.323-2.927-2.942 0-.096.003-.191.015-.283l-7.717-5.82a2.844 2.844 0 0 1-2.17 0l-7.718 5.82.001.01c.007.092.014.18.014.273 0 1.619-1.317 2.942-2.927 2.942s-2.928-1.323-2.928-2.942c0-1.619 1.317-2.942 2.928-2.942.384 0 .75.08 1.085.214l7.717-5.817v-.01a3.358 3.358 0 0 1-.015-.273c0-1.618 1.317-2.942 2.927-2.942 1.611 0 2.928 1.324 2.928 2.942 0 .096-.004.192-.015.284l7.717 5.816a2.844 2.844 0 0 1 2.17 0l7.718-5.82-.001-.011a3.391 3.391 0 0 1-.015-.272Z\" clip-rule=\"evenodd\"\/>\t<\/svg>\n<h2 class=\"co-columns--box_headline\" >Env\u00edenos un correo electr\u00f3nico<\/h2><div class=\"co-columns--box_desc text-component\"><p><a href=\"mailto:supportcenter@tucoemas.org\">supportcenter@tucoemas.org<\/a><\/p>\n<\/div>\t\t\t\t\t<\/div>\n\t\t\t\t\t\t\t\t\t<div class=\"co-columns--box\">\n\t\t\t\t\t\t\t<svg\n\t\tclass=\"co-columns--box_icon SpeechBubbles\"\n\t\tviewbox=\"0 0 69 55\"\n\t\twidth=\"69\"\n\t\theight=\"55\"\n\t>\n\t\t<title>Speech Bubbles<\/title>\n\t\t<path fill=\"#003B49\" d=\"M48.524 35.57c2.626 0 4.769-2.157 4.769-4.8V4.8c0-2.643-2.143-4.8-4.769-4.8H4.768C2.143 0 0 2.157 0 4.799V30.77c0 2.643 2.143 4.8 4.768 4.8h3.086v10.794c0 1.084.65 2.022 1.671 2.394.28.102.584.158.864.158a2.5 2.5 0 0 0 1.93-.926l10.199-12.42h26.006Zm-27.33-2.824-10.535 12.84v-12.84h-5.89a1.98 1.98 0 0 1-1.964-1.976V4.8a1.98 1.98 0 0 1 1.963-1.976h43.756A1.98 1.98 0 0 1 50.488 4.8v25.97a1.98 1.98 0 0 1-1.964 1.976h-27.33Z\"\/><path fill=\"#EA7600\" fill-rule=\"evenodd\" d=\"M53.293 14.68h10.939v.01c2.625 0 4.768 2.157 4.768 4.8v21.454c0 2.642-2.143 4.8-4.768 4.8h-1.964v6.549a2.529 2.529 0 0 1-2.524 2.54 2.507 2.507 0 0 1-2.087-1.129l-5.318-7.972H32.817c-2.625 0-4.768-2.157-4.768-4.799v-5.364h2.805v5.364a1.98 1.98 0 0 0 1.963 1.976h21.014l5.632 8.446V42.91h4.769a1.98 1.98 0 0 0 1.963-1.976V19.478a1.98 1.98 0 0 0-1.963-1.976h-10.94V14.68Zm-20.476 0h15.707v2.822H32.817a1.98 1.98 0 0 0-1.963 1.976V30.77h-2.805V19.478c0-2.642 2.143-4.799 4.768-4.799Z\" clip-rule=\"evenodd\"\/>\t<\/svg>\n<h2 class=\"co-columns--box_headline\" >Operaciones bancarias por tel\u00e9fono<\/h2><div class=\"co-columns--box_desc text-component\"><p>Tel\u00e9fono del cajero:<\/p>\n<p><span class=\"bold\"><a href=\"tel: 18884279395\">+1(888)427-9395<\/a><\/span><\/p>\n<p>o<\/p>\n<p><span class=\"bold\"><a href=\"tel: 7328892\">(559)732-8892<\/a>, <strong>optar: 0<\/strong><\/span><\/p>\n<\/div>\t\t\t\t\t<\/div>\n\t\t\t\t\t\t\t\t\t<div class=\"co-columns--box\">\n\t\t\t\t\t\t\t<svg\n\t\tclass=\"co-columns--box_icon Community\"\n\t\tviewbox=\"0 0 76 51\"\n\t\twidth=\"76\"\n\t\theight=\"51\"\n\t>\n\t\t<title>Community<\/title>\n\t\t<path fill=\"#003B49\" d=\"M51.515 16.798a20.224 20.224 0 0 0-2.938 1.62 1.28 1.28 0 0 0-.358 1.765 1.26 1.26 0 0 0 1.754.364 17.415 17.415 0 0 1 3.483-1.789 8.568 8.568 0 0 1-.595-.494 9.052 9.052 0 0 1-1.342-1.463l-.004-.003Zm-6.773 12.757a9.354 9.354 0 0 1-1.355 1.475 8.97 8.97 0 0 1-.577.478c3.069 1.173 5.811 3.182 7.777 5.725 1.638 2.069 2.613 4.358 2.613 6.117 0 3.242-5.542 5.1-15.2 5.1s-15.2-1.858-15.2-5.1c0-1.76.975-4.048 2.622-6.126 1.96-2.534 4.7-4.543 7.771-5.716a10.704 10.704 0 0 1-.599-.497 9 9 0 0 1-1.339-1.456c-3.078 1.373-5.814 3.49-7.825 6.088-2.01 2.543-3.163 5.351-3.163 7.704 0 6.324 9.642 7.65 17.733 7.65 14.655 0 17.733-4.16 17.733-7.65 0-2.353-1.152-5.16-3.154-7.695-2.017-2.607-4.756-4.727-7.834-6.1l-.003.003ZM22.547 18.758c.196-.15.386-.309.573-.478h.003a9.298 9.298 0 0 0 1.362-1.482c1.013.453 1.998.991 2.942 1.62a1.28 1.28 0 0 1 .357 1.765 1.26 1.26 0 0 1-1.754.364 17.415 17.415 0 0 0-3.483-1.789Zm49.95 3.701a20.88 20.88 0 0 0-7.485-5.658 9.275 9.275 0 0 1-1.35 1.47c-.19.172-.386.334-.585.484 6.697 2.531 10.39 8.524 10.39 11.845 0 3.321-5.542 5.1-15.2 5.1-.7 0-1.267.57-1.267 1.275a1.27 1.27 0 0 0 1.267 1.275c6.342 0 11.035-.762 13.949-2.266C75.34 34.37 76 32.165 76 30.6c0-2.493-1.276-5.457-3.502-8.14ZM2.534 30.6c0 3.242 5.542 5.1 15.2 5.1.7 0 1.267.57 1.267 1.275a1.27 1.27 0 0 1-1.267 1.275c-6.34 0-11.032-.762-13.949-2.266C.656 34.37 0 32.165 0 30.6c0-2.493 1.276-5.457 3.502-8.14a20.88 20.88 0 0 1 7.486-5.659 9.287 9.287 0 0 0 1.35 1.47c.19.172.386.331.585.484-6.697 2.531-10.39 8.603-10.39 11.845Z\"\/><path fill=\"#EA7600\" d=\"M12.923 18.755c-.2-.15-.396-.312-.586-.484a9.27 9.27 0 0 1-1.349-1.47C9.64 14.988 8.867 12.638 8.867 10.2c0-5.626 3.977-10.2 8.866-10.2 4.89 0 8.867 4.574 8.867 10.197 0 2.435-.773 4.781-2.119 6.598a9.298 9.298 0 0 1-1.361 1.482 8.144 8.144 0 0 1-.573.478c-1.41 1.074-3.072 1.645-4.814 1.645-1.741 0-3.391-.567-4.81-1.645ZM24.067 10.2c0-4.216-2.84-7.649-6.332-7.65-3.492.001-6.332 3.434-6.332 7.65 0 2.435.972 4.733 2.6 6.149l.019.019c1.07.969 2.356 1.482 3.711 1.482 1.356 0 2.641-.513 3.712-1.482 1.65-1.435 2.622-3.733 2.622-6.168Zm40.945 6.601c1.349-1.817 2.121-4.166 2.121-6.601 0-5.626-3.977-10.2-8.866-10.2-4.89 0-8.867 4.574-8.867 10.2 0 2.438.776 4.79 2.115 6.598a9.2 9.2 0 0 0 1.343 1.463c.193.175.393.341.595.494 1.419 1.078 3.069 1.645 4.814 1.645 1.744 0 3.391-.567 4.81-1.645.2-.153.396-.312.586-.484a9.293 9.293 0 0 0 1.349-1.47Zm-10.479-.452c-1.627-1.416-2.6-3.714-2.6-6.149 0-4.217 2.84-7.65 6.334-7.65 3.492 0 6.333 3.433 6.333 7.65 0 2.435-.972 4.733-2.6 6.149l-.019.019c-1.07.969-2.356 1.482-3.711 1.482-1.356 0-2.641-.513-3.734-1.501h-.003ZM32.591 31.01c.193.175.393.341.599.497 1.418 1.078 3.065 1.642 4.81 1.642 1.745 0 3.4-.57 4.81-1.642.196-.15.39-.309.576-.478.5-.433.954-.93 1.356-1.476 1.349-1.816 2.125-4.166 2.125-6.604 0-.143 0-.331-.029-.535-.212-5.426-4.082-9.665-8.838-9.665-4.756 0-8.626 4.24-8.838 9.665-.029.204-.029.392-.029.535 0 2.442.776 4.797 2.122 6.608a9.276 9.276 0 0 0 1.34 1.456l-.004-.003Zm-.924-8.22c.012-.07.022-.14.025-.21.13-4.084 2.9-7.284 6.308-7.284 3.407 0 6.178 3.2 6.308 7.283 0 .07.006.121.022.192.005.043.004.09.004.134v.04c0 2.436-.973 4.734-2.623 6.169-1.07.969-2.356 1.482-3.711 1.482s-2.641-.513-3.734-1.502c-1.627-1.415-2.6-3.713-2.6-6.148v-.156Z\"\/>\t<\/svg>\n<h2 class=\"co-columns--box_headline\" >Contacte con una l\u00ednea directa<\/h2><div class=\"co-columns--box_desc text-component\"><p>\u00bfNecesita ponerse en contacto directamente con un departamento? <a href=\"https:\/\/www.tucoemas.org\/es\/help\/contact-us\/#direct\">Vea los n\u00fameros de atenci\u00f3n al cliente a continuaci\u00f3n<\/a>.<\/p>\n<\/div>\t\t\t\t\t<\/div>\n\t\t\t\t\t\t\t\t\t<div class=\"co-columns--box\">\n\t\t\t\t\t\t\t<svg\n\t\tclass=\"co-columns--box_icon Document\"\n\t\tviewbox=\"0 0 69 69\"\n\t\twidth=\"69\"\n\t\theight=\"69\"\n\t>\n\t\t<title>Document<\/title>\n\t\t<path fill=\"#003B49\" d=\"M35.832 55.68a1.198 1.198 0 0 1-1.138-1.578l2.665-7.992c.058-.176.157-.338.29-.469l23.977-23.977a1.196 1.196 0 0 1 1.694 0l5.328 5.329a1.196 1.196 0 0 1 0 1.694L44.672 52.664c-.131.13-.293.232-.47.29l-7.992 2.664a1.171 1.171 0 0 1-.378.061Zm3.711-8.544-1.817 5.448 5.448-1.817 22.93-22.93-3.634-3.634-22.93 22.93.003.003Z\"\/><path fill=\"#EA7600\" d=\"M60.653 32.547c-.307 0-.613-.118-.847-.352l-1.695-1.694a1.196 1.196 0 0 1 0-1.695 1.196 1.196 0 0 1 1.695 0l1.694 1.695a1.196 1.196 0 0 1 0 1.694c-.234.234-.54.352-.847.352Z\"\/><path fill=\"#003B49\" d=\"M49.153 69H9.19a1.197 1.197 0 0 1-1.199-1.199V9.191c0-.663.536-1.199 1.2-1.199h39.96c.664 0 1.2.536 1.2 1.2V27.84c0 .663-.536 1.199-1.2 1.199a1.197 1.197 0 0 1-1.198-1.2V10.39H10.39v56.212h37.564V54.481a1.198 1.198 0 1 1 2.397 0V67.8c0 .663-.535 1.199-1.198 1.199Z\"\/><path fill=\"#003B49\" d=\"M3.863 61.008H1.199A1.197 1.197 0 0 1 0 59.808V1.199C0 .536.535 0 1.199 0H41.16c.664 0 1.2.535 1.2 1.199v2.664c0 .663-.536 1.199-1.2 1.199a1.197 1.197 0 0 1-1.199-1.2V2.399H2.398V58.61h1.465a1.198 1.198 0 1 1-.001 2.398Z\"\/><path fill=\"#EA7600\" d=\"M27.84 18.382H17.183a1.197 1.197 0 0 1-1.198-1.199c0-.663.535-1.198 1.198-1.198H27.84a1.197 1.197 0 1 1 0 2.398Zm0 26.641H17.183a1.197 1.197 0 0 1-1.198-1.199c0-.663.535-1.198 1.198-1.198H27.84a1.197 1.197 0 1 1 0 2.398Zm13.32-18.648H17.183a1.197 1.197 0 0 1-1.198-1.2c0-.663.535-1.198 1.198-1.198H41.16a1.198 1.198 0 1 1 0 2.398Zm0 7.992H17.183a1.197 1.197 0 0 1-1.198-1.199c0-.663.535-1.199 1.198-1.199H41.16a1.198 1.198 0 1 1 0 2.398Zm-5.328 26.641c-4.22 0-5.6-1.149-6.295-2.478-.461.221-1.031.672-1.481 1.029-.944.745-1.836 1.449-2.88 1.449-1.695 0-1.737-1.974-1.783-3.885-.029-1.332-.093-4.108-.881-4.108-1.28 0-2.515 3.395-3.107 5.028-.695 1.912-1.079 2.965-2.222 2.965a1.197 1.197 0 0 1-1.198-1.2c0-.42.215-.79.543-1.004.16-.314.424-1.036.62-1.582 1.016-2.787 2.404-6.604 5.36-6.604.83 0 2.313.346 2.918 2.666.304 1.167.336 2.558.362 3.784.008.364.02.799.04 1.172.256-.184.533-.4.738-.565.997-.786 2.124-1.678 3.429-1.678 1.039 0 1.42.881 1.564 1.212.213.49.607 1.398 4.268 1.398a1.198 1.198 0 1 1-.001 2.398l.006.003Z\"\/>\t<\/svg>\n<h2 class=\"co-columns--box_headline\" >Env\u00edanos un correo <\/h2><div class=\"co-columns--box_desc text-component\"><p>Cooperativa de Cr\u00e9dito Federal de Tucoemas<br \/>\n<span class=\"bold\">Apartado postal 5011<\/span><br \/>\n<span class=\"bold\">Visalia, CA 93278-5011<\/span><\/p>\n<\/div>\t\t\t\t\t<\/div>\n\t\t\t\t\t\t\t<\/div>\n\t\t\t<\/div>\n\n\t<\/div>\n<\/div>\n\n\n<div class=\"co-flex_row co-flex_row__white co-flex_row__long-form-text\" id=\"direct\">\n\t<div class=\"co-flex_row--row co-row\">\n\t\t\t<div class=\"co-long_form\">\n\t\t\t\t<header class=\"co-intro_text has_intro\">\n\t\t\t<h2 class=\"co-intro_text--title\">Contacte directamente con un departamento <\/h2><div class=\"co-intro_text--intro text-component\"><p>\u00bfTiene alg\u00fan problema espec\u00edfico o necesita ayuda adicional de nuestro equipo de atenci\u00f3n al cliente? Estamos aqu\u00ed para ayudarle.<\/p>\n<\/div>\t\t<\/header>\n\t\t\t\t\t<div class=\"co-long_form--block prow items-start\">\n\t\t\t\t<div class=\"co-long_form--text pcol-md:7\">\n\t\t\t\t\t<h3 class=\"co-long_form--headline\" >Equipo de Cuentas Comerciales<\/h3><div class=\"co-long_form--content text-component\"><p>(559) 737-5945<\/p>\n<p>BusinessAccounts@tucoemas.org<\/p>\n<\/div>\t\t\t\t<\/div>\n\t\t\t\t\t\t\t\t\t<div class=\"co-long_form--media pcol-md:5\">\n\t\t\t\t\t\t\t\t\t\t\t<\/div>\n\t\t\t\t\t\t\t<\/div>\n\t\t\t\t\t\t<div class=\"co-long_form--block prow items-start\">\n\t\t\t\t<div class=\"co-long_form--text pcol-md:7\">\n\t\t\t\t\t<h3 class=\"co-long_form--headline\" >N\u00fameros de contacto de atenci\u00f3n al cliente<\/h3><div class=\"co-long_form--content text-component\"><ul>\n<li>Servicio de atenci\u00f3n al cliente de pago de facturas:<strong>\u00a0<a href=\"tel: (855) 326-5214\">(855) 326-5214<\/a><\/strong><\/li>\n<li>C\u00f3mo reportar tarjetas de d\u00e9bito o cr\u00e9dito perdidas o robadas:\u00a0<a href=\"tel: 18882973416\"><strong>1 (888) 297-3416<\/strong><\/a><\/li>\n<li>L\u00ednea de activaci\u00f3n de PIN\/Tarjeta\u00a0<a href=\"tel: 18002907893\"><strong>1 (800) 290-7893<\/strong><\/a><\/li>\n<li>Centro de Disputas de D\u00e9bito y Cr\u00e9dito, de lunes a viernes de 8:00 a. m. a 7:00 p. m., hora central:<strong>\u00a0<a href=\"tel: 8333900694\">(833) 390-0694<\/a>.<\/strong><\/li>\n<li>Para aclarar un caso que se gener\u00f3 con nuestro centro de fraude:\u00a0<a href=\"tel: 18002378990\"><strong>1 (800) 237-8990<\/strong><\/a><\/li>\n<\/ul>\n<\/div>\t\t\t\t<\/div>\n\t\t\t\t\t\t\t\t\t<div class=\"co-long_form--media pcol-md:5\">\n\t\t\t\t\t\t\t\t\t\t\t<\/div>\n\t\t\t\t\t\t\t<\/div>\n\t\t\t\t<\/div>\n\n\t<\/div>\n<\/div>\n\n\n<div class=\"co-flex_row co-flex_row__white co-flex_row__last co-flex_row__related-products\" id=\"risingtogether\">\n\t<div class=\"co-flex_row--row co-row\">\n\t\t\t<div class=\"co-rel_prods center-narrow\">\n\t\t\t\t<header class=\"co-intro_text has_intro\">\n\t\t\t<h2 class=\"co-intro_text--title\">Avanzando juntos<\/h2><div class=\"co-intro_text--intro text-component\"><p>Nuestra misi\u00f3n es crear seguridad financiera y brindar oportunidades reales para cada rinc\u00f3n de nuestra comunidad.<\/p>\n<\/div>\t\t<\/header>\n\t\t\t\t\t<div class=\"co-rel_prods--cols prow prow-md:2  justify-center\">\n\t\t\t\t\t\t\t\t\t<div class=\"co-rel_prods--col\">\n\t\t\t\t\t\t<h3 class=\"co-rel_prods--col_title\">Sobre Tucoemas<\/h3><div class=\"co-rel_prods--col_desc text-component\">Nuestra misi\u00f3n es crear seguridad financiera y brindar oportunidades reales para cada rinc\u00f3n de nuestra comunidad.<\/div><a class=\"co-rel_prods--col_cta\" href=\"https:\/\/www.tucoemas.org\/es\/rising-together\/about-tucoemas\/\" target=\"_top\" aria-label=\"Lea m\u00e1s sobre Acerca de Tucoemas\"><span>M\u00e1s informaci\u00f3n<\/span><\/a>\t\t\t\t\t<\/div>\n\t\t\t\t\t\t\t\t\t\t<div class=\"co-rel_prods--col\">\n\t\t\t\t\t\t<h3 class=\"co-rel_prods--col_title\">Carreras profesionales<\/h3><div class=\"co-rel_prods--col_desc text-component\">En Tucoemas Federal Credit Union, creemos en apoyar a nuestros miembros y vecinos del condado de Tulare, California. Estos son m\u00e1s que empleos; son oportunidades para ejemplificar el esp\u00edritu compartido de servicio en nuestras interacciones diarias. Buscamos personas cuya dedicaci\u00f3n coincida con la nuestra, para crecer personal y profesionalmente en un entorno solidario que valora a todos los trabajadores.<\/div><a class=\"co-rel_prods--col_cta\" href=\"https:\/\/www.tucoemas.org\/es\/rising-together\/careers\/\" target=\"_top\" aria-label=\"Leer m\u00e1s sobre Carreras\"><span>M\u00e1s informaci\u00f3n<\/span><\/a>\t\t\t\t\t<\/div>\n\t\t\t\t\t\t\t\t<\/div>\n\t\t\t<\/div>\n\n\t<\/div>\n<\/div>","protected":false},"excerpt":{"rendered":"","protected":false},"author":10,"featured_media":0,"parent":2450,"menu_order":0,"comment_status":"closed","ping_status":"closed","template":"","meta":{"_acf_changed":false,"_searchwp_excluded":"","footnotes":""},"class_list":["post-2451","page","type-page","status-publish","hentry"],"acf":[],"yoast_head":"<!-- This site is optimized with the Yoast SEO plugin v27.2 - https:\/\/yoast.com\/product\/yoast-seo-wordpress\/ -->\n<title>Contact Us - Tucoemas FCU<\/title>\n<meta name=\"robots\" content=\"index, follow, max-snippet:-1, max-image-preview:large, max-video-preview:-1\" \/>\n<link rel=\"canonical\" href=\"https:\/\/www.tucoemas.org\/es\/help\/contact-us\/\" \/>\n<meta property=\"og:locale\" content=\"es_ES\" \/>\n<meta property=\"og:type\" content=\"article\" \/>\n<meta property=\"og:title\" content=\"Contact Us - Tucoemas FCU\" \/>\n<meta property=\"og:url\" content=\"https:\/\/www.tucoemas.org\/es\/help\/contact-us\/\" \/>\n<meta property=\"og:site_name\" content=\"Tucoemas FCU\" \/>\n<meta property=\"article:modified_time\" content=\"2025-09-09T22:29:09+00:00\" \/>\n<meta name=\"twitter:card\" content=\"summary_large_image\" \/>\n<script type=\"application\/ld+json\" class=\"yoast-schema-graph\">{\"@context\":\"https:\/\/schema.org\",\"@graph\":[{\"@type\":\"WebPage\",\"@id\":\"https:\/\/www.tucoemas.org\/help\/contact-us\/\",\"url\":\"https:\/\/www.tucoemas.org\/help\/contact-us\/\",\"name\":\"Contact Us - Tucoemas FCU\",\"isPartOf\":{\"@id\":\"https:\/\/www.tucoemas.org\/#website\"},\"datePublished\":\"2024-05-28T21:52:36+00:00\",\"dateModified\":\"2025-09-09T22:29:09+00:00\",\"breadcrumb\":{\"@id\":\"https:\/\/www.tucoemas.org\/help\/contact-us\/#breadcrumb\"},\"inLanguage\":\"es-ES\",\"potentialAction\":[{\"@type\":\"ReadAction\",\"target\":[\"https:\/\/www.tucoemas.org\/help\/contact-us\/\"]}]},{\"@type\":\"BreadcrumbList\",\"@id\":\"https:\/\/www.tucoemas.org\/help\/contact-us\/#breadcrumb\",\"itemListElement\":[{\"@type\":\"ListItem\",\"position\":1,\"name\":\"Home\",\"item\":\"https:\/\/www.tucoemas.org\/\"},{\"@type\":\"ListItem\",\"position\":2,\"name\":\"Help\",\"item\":\"https:\/\/www.tucoemas.org\/help\/\"},{\"@type\":\"ListItem\",\"position\":3,\"name\":\"Contact Us\"}]},{\"@type\":\"WebSite\",\"@id\":\"https:\/\/www.tucoemas.org\/#website\",\"url\":\"https:\/\/www.tucoemas.org\/\",\"name\":\"Tucoemas FCU\",\"description\":\"A community on the rise.\",\"potentialAction\":[{\"@type\":\"SearchAction\",\"target\":{\"@type\":\"EntryPoint\",\"urlTemplate\":\"https:\/\/www.tucoemas.org\/?s={search_term_string}\"},\"query-input\":{\"@type\":\"PropertyValueSpecification\",\"valueRequired\":true,\"valueName\":\"search_term_string\"}}],\"inLanguage\":\"es-ES\"}]}<\/script>\n<!-- \/ Yoast SEO plugin. -->","yoast_head_json":{"title":"Contact Us - Tucoemas FCU","robots":{"index":"index","follow":"follow","max-snippet":"max-snippet:-1","max-image-preview":"max-image-preview:large","max-video-preview":"max-video-preview:-1"},"canonical":"https:\/\/www.tucoemas.org\/es\/help\/contact-us\/","og_locale":"es_ES","og_type":"article","og_title":"Contact Us - Tucoemas FCU","og_url":"https:\/\/www.tucoemas.org\/es\/help\/contact-us\/","og_site_name":"Tucoemas FCU","article_modified_time":"2025-09-09T22:29:09+00:00","twitter_card":"summary_large_image","schema":{"@context":"https:\/\/schema.org","@graph":[{"@type":"WebPage","@id":"https:\/\/www.tucoemas.org\/help\/contact-us\/","url":"https:\/\/www.tucoemas.org\/help\/contact-us\/","name":"Contact Us - Tucoemas FCU","isPartOf":{"@id":"https:\/\/www.tucoemas.org\/#website"},"datePublished":"2024-05-28T21:52:36+00:00","dateModified":"2025-09-09T22:29:09+00:00","breadcrumb":{"@id":"https:\/\/www.tucoemas.org\/help\/contact-us\/#breadcrumb"},"inLanguage":"es-ES","potentialAction":[{"@type":"ReadAction","target":["https:\/\/www.tucoemas.org\/help\/contact-us\/"]}]},{"@type":"BreadcrumbList","@id":"https:\/\/www.tucoemas.org\/help\/contact-us\/#breadcrumb","itemListElement":[{"@type":"ListItem","position":1,"name":"Home","item":"https:\/\/www.tucoemas.org\/"},{"@type":"ListItem","position":2,"name":"Help","item":"https:\/\/www.tucoemas.org\/help\/"},{"@type":"ListItem","position":3,"name":"Contact Us"}]},{"@type":"WebSite","@id":"https:\/\/www.tucoemas.org\/#website","url":"https:\/\/www.tucoemas.org\/","name":"Uni\u00f3n Cooperativa de Cr\u00e9dito Tucoemas","description":"Una comunidad en ascenso.","potentialAction":[{"@type":"SearchAction","target":{"@type":"EntryPoint","urlTemplate":"https:\/\/www.tucoemas.org\/?s={search_term_string}"},"query-input":{"@type":"PropertyValueSpecification","valueRequired":true,"valueName":"search_term_string"}}],"inLanguage":"es-ES"}]}},"_links":{"self":[{"href":"https:\/\/www.tucoemas.org\/es\/wp-json\/wp\/v2\/pages\/2451","targetHints":{"allow":["GET"]}}],"collection":[{"href":"https:\/\/www.tucoemas.org\/es\/wp-json\/wp\/v2\/pages"}],"about":[{"href":"https:\/\/www.tucoemas.org\/es\/wp-json\/wp\/v2\/types\/page"}],"author":[{"embeddable":true,"href":"https:\/\/www.tucoemas.org\/es\/wp-json\/wp\/v2\/users\/10"}],"replies":[{"embeddable":true,"href":"https:\/\/www.tucoemas.org\/es\/wp-json\/wp\/v2\/comments?post=2451"}],"version-history":[{"count":68,"href":"https:\/\/www.tucoemas.org\/es\/wp-json\/wp\/v2\/pages\/2451\/revisions"}],"predecessor-version":[{"id":6325,"href":"https:\/\/www.tucoemas.org\/es\/wp-json\/wp\/v2\/pages\/2451\/revisions\/6325"}],"up":[{"embeddable":true,"href":"https:\/\/www.tucoemas.org\/es\/wp-json\/wp\/v2\/pages\/2450"}],"wp:attachment":[{"href":"https:\/\/www.tucoemas.org\/es\/wp-json\/wp\/v2\/media?parent=2451"}],"curies":[{"name":"wp","href":"https:\/\/api.w.org\/{rel}","templated":true}]}}