{"id":2452,"date":"2024-05-28T14:52:36","date_gmt":"2024-05-28T21:52:36","guid":{"rendered":"https:\/\/www.tucoemas.org\/locations-atms\/"},"modified":"2026-04-22T15:39:23","modified_gmt":"2026-04-22T22:39:23","slug":"locations-atms","status":"publish","type":"page","link":"https:\/\/www.tucoemas.org\/es\/locations-atms\/","title":{"rendered":"Ubicaciones y Cajeros Autom\u00e1ticos (ATMs)"},"content":{"rendered":"<div class=\"co-flex_row co-flex_row__page-hero\" >\n\t<div class=\"co-flex_row--row co-row\">\n\t\t\t<header class=\"co-page_hero  co-page_hero__no_image\" aria-label=\"Encabezado: Ubicaciones y cajeros autom\u00e1ticos\">\n\t\t<div class=\"co-page_hero--inner\">\n\t\t\t<div class=\"prow gap:0 flex-center\">\n\t\t\t\t\t\t\t\t<div class=\"co-page_hero--text pcol-lg:7\">\n\t\t\t\t\t\t\t\t\t\t<h1 class=\"co-page_hero--title\">\n\t\t\t\t\t\tUbicaciones y Cajeros Autom\u00e1ticos (ATMs)\t\t\t\t\t<\/h1>\n\t\t\t\t\t<p class=\"co-page_hero--tagline\">\u00a1Encu\u00e9ntranos cerca de ti!<\/p>\t\t\t\t\t\t<div class=\"co-page_hero--buttons\">\n\t\t\t\t\t\t\t<a class=\"co-page_hero--button\" href=\"https:\/\/www.tucoemas.org\/es\/help\/contact-us\/\"  ><span>CONT\u00c1CTENOS<\/span><\/a>\t\t\t\t\t\t<\/div>\n\t\t\t\t\t\t\t\t\t\t<\/div>\n\t\t\t<\/div>\n\t\t<\/div>\n\t<\/header>\n\n\t<\/div>\n<\/div>\n\n\n<div class=\"co-flex_row co-flex_row__white co-flex_row__columns\" >\n\t<div class=\"co-flex_row--row co-row\">\n\t\t\t<div class=\"co-columns\">\n\t\t\t\t<header class=\"co-intro_text has_intro\">\n\t\t\t<h2 class=\"co-intro_text--title\">Nuestras sucursales<\/h2><div class=\"co-intro_text--intro text-component\"><p>en Visalia, Tulare y Porterville<\/p>\n<\/div>\t\t<\/header>\n\t\t\t\t\t<div class=\"co-columns--row prow prow-md:2 prow-lg:5 co-columns--row__images justify-center\">\n\t\t\t\t\t\t\t\t\t<div class=\"co-columns--box\">\n\t\t\t\t\t\t<h3 class=\"co-columns--box_headline\" >Akers <br \/> Rama<\/h3><div class=\"co-columns--box_desc text-component\"><p>614 S. Akers St.<br \/>\nVisalia, CA 93277<\/p>\n<\/div><div class=\"co-columns--box_button\"><a class=\"co-columns--button co-button\" href=\"https:\/\/www.tucoemas.org\/es\/locations-atms\/south-akers-street\/\"  ><span>M\u00c1S INFORMACI\u00d3N<\/span><\/a><\/div>\t\t\t\t\t<\/div>\n\t\t\t\t\t\t\t\t\t<div class=\"co-columns--box\">\n\t\t\t\t\t\t<h3 class=\"co-columns--box_headline\" >Centro <br \/>Rama<\/h3><div class=\"co-columns--box_desc text-component\"><p>400 W. Center Ave.<br \/>\nVisalia, CA 93291<\/p>\n<\/div><div class=\"co-columns--box_button\"><a class=\"co-columns--button co-button\" href=\"https:\/\/www.tucoemas.org\/es\/locations-atms\/center-avenue\/\"  ><span>M\u00c1S INFORMACI\u00d3N<\/span><\/a><\/div>\t\t\t\t\t<\/div>\n\t\t\t\t\t\t\t\t\t<div class=\"co-columns--box\">\n\t\t\t\t\t\t<h3 class=\"co-columns--box_headline\" >Save Mart <br \/>Rama<\/h3><div class=\"co-columns--box_desc text-component\"><p>1591 E. Noble Ave.<br \/>\nVisalia, CA 93292<\/p>\n<\/div><div class=\"co-columns--box_button\"><a class=\"co-columns--button co-button\" href=\"https:\/\/www.tucoemas.org\/es\/locations-atms\/noble-avenue\/\"  ><span>M\u00c1S INFORMACI\u00d3N<\/span><\/a><\/div>\t\t\t\t\t<\/div>\n\t\t\t\t\t\t\t\t\t<div class=\"co-columns--box\">\n\t\t\t\t\t\t<h3 class=\"co-columns--box_headline\" >Tulare <br \/>Rama<\/h3><div class=\"co-columns--box_desc text-component\"><p>2083 E. Bardsley Ave.<br \/>\nTulare, CA 93274<\/p>\n<\/div><div class=\"co-columns--box_button\"><a class=\"co-columns--button co-button\" href=\"https:\/\/www.tucoemas.org\/es\/locations-atms\/tulare\/\"  ><span>M\u00c1S INFORMACI\u00d3N<\/span><\/a><\/div>\t\t\t\t\t<\/div>\n\t\t\t\t\t\t\t\t\t<div class=\"co-columns--box\">\n\t\t\t\t\t\t<h3 class=\"co-columns--box_headline\" >Porterville <br \/>Rama<\/h3><div class=\"co-columns--box_desc text-component\"><p>1389 W. Henderson Ave.<br \/>\nPorterville, CA 93257<\/p>\n<\/div><div class=\"co-columns--box_button\"><a class=\"co-columns--button co-button\" href=\"https:\/\/www.tucoemas.org\/es\/locations-atms\/porterville\/\"  ><span>M\u00c1S INFORMACI\u00d3N<\/span><\/a><\/div>\t\t\t\t\t<\/div>\n\t\t\t\t\t\t\t<\/div>\n\t\t\t<\/div>\n\n\t<\/div>\n<\/div>\n\n\n<div class=\"co-flex_row co-flex_row__white co-flex_row__accordions\" >\n\t<div class=\"co-flex_row--row co-row\">\n\t\t\t<section class=\"co-accords_section\" aria-label=\"Localizar un cajero autom\u00e1tico\">\n\t\t\t\t<header class=\"co-intro_text has_intro\">\n\t\t\t<h2 class=\"co-intro_text--title\">Localizar un cajero autom\u00e1tico<\/h2><div class=\"co-intro_text--intro text-component\"><p>Cuando necesite acceso conveniente a su dinero, visite cualquiera de nuestros cajeros autom\u00e1ticos ubicados en Visalia, Tulare y Porterville.<\/p>\n<\/div>\t\t<\/header>\n\t\t\t\t<div class=\"co-accordion\" data-animation=\"on\" data-multi-items=\"on\">\n\t\t\t\t\t\t\t<div class=\"co-accordion--item\">\n\t\t\t\t\t<button  class=\"co-accordion--header\t\t\t\t\t\t\tjs-accord_toggle\t\t\t\t\t\t\tclosed\">\n\t\t\t\t\t\tCajeros autom\u00e1ticos de Visalia\t\t\t\t\t\t<span class=\"co-accordion--icon no-js:is-hidden\"><\/span>\n\t\t\t\t\t<\/button>\n\t\t\t\t\t<div class=\"co-accordion--panel\t\t\t\t\t\tjs-accord_content\t\t\t\t\t\ttext-component\">\n\t\t\t\t\t\t<p><strong>Acceso a pie y en coche<\/strong><br \/>\n614 S. Akers St.<br \/>\nVisalia, CA 93277<\/p>\n<p><strong>Sin cita previa<\/strong><br \/>\n400 W. Center Ave.<br \/>\nVisalia, CA 93291<\/p>\n<p><strong>Servicio en el auto<\/strong><br \/>\n2300 W. Whitendale Ave.<br \/>\nVisalia, CA 93277<\/p>\n<p><strong>Sin cita previa<\/strong><br \/>\nHospital del Delta de Kaweah<br \/>\n400 W. Mineral King Ave.<br \/>\nVisalia, CA 93277<\/p>\n<p><strong>Sin cita previa<\/strong><br \/>\nColegio de las Sequoias<br \/>\n915 S. Bulevar Mooney.<br \/>\nVisalia, CA 93277<\/p>\n<p><strong>Sin cita previa<\/strong><br \/>\nSave Mart<br \/>\n1591 E. Noble Ave.<br \/>\nVisalia, CA 93292<\/p>\n\t\t\t\t\t<\/div>\n\t\t\t\t<\/div>\n\t\t\t\t\t\t\t<div class=\"co-accordion--item\">\n\t\t\t\t\t<button  class=\"co-accordion--header\t\t\t\t\t\t\tjs-accord_toggle\t\t\t\t\t\t\tclosed\">\n\t\t\t\t\t\tCajeros autom\u00e1ticos de Tulare\t\t\t\t\t\t<span class=\"co-accordion--icon no-js:is-hidden\"><\/span>\n\t\t\t\t\t<\/button>\n\t\t\t\t\t<div class=\"co-accordion--panel\t\t\t\t\t\tjs-accord_content\t\t\t\t\t\ttext-component\">\n\t\t\t\t\t\t<p><strong>Sin cita previa<\/strong><br \/>\n2083 E Bardsley<br \/>\nTulare, CA 93274<\/p>\n\t\t\t\t\t<\/div>\n\t\t\t\t<\/div>\n\t\t\t\t\t\t\t<div class=\"co-accordion--item\">\n\t\t\t\t\t<button  class=\"co-accordion--header\t\t\t\t\t\t\tjs-accord_toggle\t\t\t\t\t\t\tclosed\">\n\t\t\t\t\t\tCajeros autom\u00e1ticos de Porterville\t\t\t\t\t\t<span class=\"co-accordion--icon no-js:is-hidden\"><\/span>\n\t\t\t\t\t<\/button>\n\t\t\t\t\t<div class=\"co-accordion--panel\t\t\t\t\t\tjs-accord_content\t\t\t\t\t\ttext-component\">\n\t\t\t\t\t\t<p><strong>Sin cita previa<\/strong><br \/>\n1389 W. Henderson<br \/>\nPorterville, CA 93257<\/p>\n\t\t\t\t\t<\/div>\n\t\t\t\t<\/div>\n\t\t\t\t\t<\/div>\n\t\t\t<\/section>\n\n\t<\/div>\n<\/div>\n\n\n<div class=\"co-flex_row co-flex_row__white co-flex_row__last co-flex_row__long-form-text\" >\n\t<div class=\"co-flex_row--row co-row\">\n\t\t\t<div class=\"co-long_form with-no-media\">\n\t\t\t\t<header class=\"co-intro_text has_intro\">\n\t\t\t<h2 class=\"co-intro_text--title\">Red CO-OP<\/h2><div class=\"co-intro_text--intro text-component\"><p>\u00a1Tucoemas tiene m\u00e1s cajeros autom\u00e1ticos sin recargos que algunos de los bancos m\u00e1s grandes!<\/p>\n<\/div>\t\t<\/header>\n\t\t\t\t\t<div class=\"co-long_form--block co-long_form--block__nomedia prow items-start  flex-center\">\n\t\t\t\t<div class=\"co-long_form--text pcol-md:8\">\n\t\t\t\t\t<div class=\"co-long_form--content text-component\"><p>Obt\u00e9n efectivo sin recargos en m\u00e1s cajeros autom\u00e1ticos que nunca. Nuestros miembros pueden acudir a cualquiera de los casi 30,000 cajeros autom\u00e1ticos con el logotipo de CO-OP. As\u00ed, ya sea que est\u00e9s en la ciudad o lejos de casa, siempre tendr\u00e1s tu dinero a mano.<\/p>\n<ul>\n<li>Nunca pague un recargo en un cajero autom\u00e1tico que tenga el logotipo de CO\u2011OP.<\/li>\n<li>Utilice cajeros autom\u00e1ticos sin recargos en lugares como 7-Eleven\u00ae y Costco\u00ae<\/li>\n<li>Realiza dep\u00f3sitos en casi 9.000 cajeros autom\u00e1ticos<\/li>\n<li>Localice un cajero autom\u00e1tico dondequiera que est\u00e9, a trav\u00e9s de cualquiera de nuestras sencillas herramientas de localizaci\u00f3n, incluido el tel\u00e9fono, la aplicaci\u00f3n m\u00f3vil, los mensajes de texto o Internet.<\/li>\n<\/ul>\n<h2>Localizar un cajero autom\u00e1tico<\/h2>\n<p><span class=\"bold\">Sitio web:<\/span> <a href=\"https:\/\/co-opcreditunions.org\/locator\/\">Localizador de cooperativas<\/a><\/p>\n<p><span class=\"bold\">Texto:<\/span> Env\u00eda un mensaje de texto con el c\u00f3digo postal correspondiente a <strong>91989\u00a0<\/strong>para encontrar un cajero autom\u00e1tico cercano<\/p>\n<p><span class=\"bold\">Llamar:<\/span> call 1-888-SITE-CO-OP (888-837-6500) to find a location by telephone<\/p>\n<p>&nbsp;<\/p>\n<\/div>\t\t\t\t<\/div>\n\t\t\t\t\t\t\t<\/div>\n\t\t\t\t<\/div>\n\n\t<\/div>\n<\/div>","protected":false},"excerpt":{"rendered":"","protected":false},"author":10,"featured_media":0,"parent":0,"menu_order":0,"comment_status":"closed","ping_status":"closed","template":"","meta":{"_acf_changed":false,"_searchwp_excluded":"","footnotes":""},"class_list":["post-2452","page","type-page","status-publish","hentry"],"acf":[],"yoast_head":"<!-- This site is optimized with the Yoast SEO plugin v27.2 - https:\/\/yoast.com\/product\/yoast-seo-wordpress\/ -->\n<title>Locations &amp; ATMs - Tucoemas FCU<\/title>\n<meta name=\"robots\" content=\"index, follow, max-snippet:-1, max-image-preview:large, max-video-preview:-1\" \/>\n<link rel=\"canonical\" href=\"https:\/\/www.tucoemas.org\/es\/locations-atms\/\" \/>\n<meta property=\"og:locale\" content=\"es_ES\" \/>\n<meta property=\"og:type\" content=\"article\" \/>\n<meta property=\"og:title\" content=\"Locations &amp; ATMs - Tucoemas FCU\" \/>\n<meta property=\"og:url\" content=\"https:\/\/www.tucoemas.org\/es\/locations-atms\/\" \/>\n<meta property=\"og:site_name\" content=\"Tucoemas FCU\" \/>\n<meta property=\"article:modified_time\" content=\"2026-04-22T22:39:23+00:00\" \/>\n<meta name=\"twitter:card\" content=\"summary_large_image\" \/>\n<script type=\"application\/ld+json\" class=\"yoast-schema-graph\">{\"@context\":\"https:\/\/schema.org\",\"@graph\":[{\"@type\":\"WebPage\",\"@id\":\"https:\/\/www.tucoemas.org\/locations-atms\/\",\"url\":\"https:\/\/www.tucoemas.org\/locations-atms\/\",\"name\":\"Locations & ATMs - Tucoemas FCU\",\"isPartOf\":{\"@id\":\"https:\/\/www.tucoemas.org\/#website\"},\"datePublished\":\"2024-05-28T21:52:36+00:00\",\"dateModified\":\"2026-04-22T22:39:23+00:00\",\"breadcrumb\":{\"@id\":\"https:\/\/www.tucoemas.org\/locations-atms\/#breadcrumb\"},\"inLanguage\":\"es-ES\",\"potentialAction\":[{\"@type\":\"ReadAction\",\"target\":[\"https:\/\/www.tucoemas.org\/locations-atms\/\"]}]},{\"@type\":\"BreadcrumbList\",\"@id\":\"https:\/\/www.tucoemas.org\/locations-atms\/#breadcrumb\",\"itemListElement\":[{\"@type\":\"ListItem\",\"position\":1,\"name\":\"Home\",\"item\":\"https:\/\/www.tucoemas.org\/\"},{\"@type\":\"ListItem\",\"position\":2,\"name\":\"Locations &#038; ATMs\"}]},{\"@type\":\"WebSite\",\"@id\":\"https:\/\/www.tucoemas.org\/#website\",\"url\":\"https:\/\/www.tucoemas.org\/\",\"name\":\"Tucoemas FCU\",\"description\":\"A community on the rise.\",\"potentialAction\":[{\"@type\":\"SearchAction\",\"target\":{\"@type\":\"EntryPoint\",\"urlTemplate\":\"https:\/\/www.tucoemas.org\/?s={search_term_string}\"},\"query-input\":{\"@type\":\"PropertyValueSpecification\",\"valueRequired\":true,\"valueName\":\"search_term_string\"}}],\"inLanguage\":\"es-ES\"}]}<\/script>\n<!-- \/ Yoast SEO plugin. -->","yoast_head_json":{"title":"Locations & ATMs - Tucoemas FCU","robots":{"index":"index","follow":"follow","max-snippet":"max-snippet:-1","max-image-preview":"max-image-preview:large","max-video-preview":"max-video-preview:-1"},"canonical":"https:\/\/www.tucoemas.org\/es\/locations-atms\/","og_locale":"es_ES","og_type":"article","og_title":"Locations & ATMs - Tucoemas FCU","og_url":"https:\/\/www.tucoemas.org\/es\/locations-atms\/","og_site_name":"Tucoemas FCU","article_modified_time":"2026-04-22T22:39:23+00:00","twitter_card":"summary_large_image","schema":{"@context":"https:\/\/schema.org","@graph":[{"@type":"WebPage","@id":"https:\/\/www.tucoemas.org\/locations-atms\/","url":"https:\/\/www.tucoemas.org\/locations-atms\/","name":"Locations & ATMs - Tucoemas FCU","isPartOf":{"@id":"https:\/\/www.tucoemas.org\/#website"},"datePublished":"2024-05-28T21:52:36+00:00","dateModified":"2026-04-22T22:39:23+00:00","breadcrumb":{"@id":"https:\/\/www.tucoemas.org\/locations-atms\/#breadcrumb"},"inLanguage":"es-ES","potentialAction":[{"@type":"ReadAction","target":["https:\/\/www.tucoemas.org\/locations-atms\/"]}]},{"@type":"BreadcrumbList","@id":"https:\/\/www.tucoemas.org\/locations-atms\/#breadcrumb","itemListElement":[{"@type":"ListItem","position":1,"name":"Home","item":"https:\/\/www.tucoemas.org\/"},{"@type":"ListItem","position":2,"name":"Locations &#038; ATMs"}]},{"@type":"WebSite","@id":"https:\/\/www.tucoemas.org\/#website","url":"https:\/\/www.tucoemas.org\/","name":"Uni\u00f3n Cooperativa de Cr\u00e9dito Tucoemas","description":"Una comunidad en ascenso.","potentialAction":[{"@type":"SearchAction","target":{"@type":"EntryPoint","urlTemplate":"https:\/\/www.tucoemas.org\/?s={search_term_string}"},"query-input":{"@type":"PropertyValueSpecification","valueRequired":true,"valueName":"search_term_string"}}],"inLanguage":"es-ES"}]}},"_links":{"self":[{"href":"https:\/\/www.tucoemas.org\/es\/wp-json\/wp\/v2\/pages\/2452","targetHints":{"allow":["GET"]}}],"collection":[{"href":"https:\/\/www.tucoemas.org\/es\/wp-json\/wp\/v2\/pages"}],"about":[{"href":"https:\/\/www.tucoemas.org\/es\/wp-json\/wp\/v2\/types\/page"}],"author":[{"embeddable":true,"href":"https:\/\/www.tucoemas.org\/es\/wp-json\/wp\/v2\/users\/10"}],"replies":[{"embeddable":true,"href":"https:\/\/www.tucoemas.org\/es\/wp-json\/wp\/v2\/comments?post=2452"}],"version-history":[{"count":18,"href":"https:\/\/www.tucoemas.org\/es\/wp-json\/wp\/v2\/pages\/2452\/revisions"}],"predecessor-version":[{"id":6591,"href":"https:\/\/www.tucoemas.org\/es\/wp-json\/wp\/v2\/pages\/2452\/revisions\/6591"}],"wp:attachment":[{"href":"https:\/\/www.tucoemas.org\/es\/wp-json\/wp\/v2\/media?parent=2452"}],"curies":[{"name":"wp","href":"https:\/\/api.w.org\/{rel}","templated":true}]}}