{"id":2453,"date":"2024-05-28T14:52:37","date_gmt":"2024-05-28T21:52:37","guid":{"rendered":"https:\/\/www.tucoemas.org\/locations-atms\/noble-avenue\/"},"modified":"2025-01-13T14:35:30","modified_gmt":"2025-01-13T22:35:30","slug":"noble-avenue","status":"publish","type":"page","link":"https:\/\/www.tucoemas.org\/es\/locations-atms\/noble-avenue\/","title":{"rendered":"Sucursal de Noble Avenue"},"content":{"rendered":"<div class=\"co-flex_row co-flex_row__page-hero\" >\n\t<div class=\"co-flex_row--row co-row\">\n\t\t\t<header class=\"co-page_hero  co-page_hero__has_image display-img-desktop\" aria-label=\"Encabezado: Sucursal Save Mart\">\n\t\t<div class=\"co-page_hero--inner\">\n\t\t\t<div class=\"prow gap:0\">\n\t\t\t\t\t\t\t\t\t<div class=\"co-page_hero--img_wrap pcol-lg:5\">\n\t\t\t\t\t\t<img loading=\"lazy\" decoding=\"async\" width=\"550\" height=\"550\" src=\"https:\/\/www.tucoemas.org\/files\/HERO-template-Save-Mart.jpg\" class=\"co-page_hero--img\" alt=\"HERO-template-Save-Mart\" srcset=\"https:\/\/www.tucoemas.org\/files\/HERO-template-Save-Mart.jpg 550w, https:\/\/www.tucoemas.org\/files\/HERO-template-Save-Mart-540x540.jpg 540w, https:\/\/www.tucoemas.org\/files\/HERO-template-Save-Mart-150x150.jpg 150w, https:\/\/www.tucoemas.org\/files\/HERO-template-Save-Mart-396x396.jpg 396w, https:\/\/www.tucoemas.org\/files\/HERO-template-Save-Mart-75x75.jpg 75w, https:\/\/www.tucoemas.org\/files\/HERO-template-Save-Mart-300x300.jpg 300w, https:\/\/www.tucoemas.org\/files\/HERO-template-Save-Mart-400x400.jpg 400w\" sizes=\"auto, (max-width: 550px) 100vw, 550px\" \/>\t\t\t\t\t<\/div>\n\t\t\t\t\t\t\t\t<div class=\"co-page_hero--text pcol-lg:7\">\n\t\t\t\t\t\t\t\t\t\t<h1 class=\"co-page_hero--title\">\n\t\t\t\t\t\tSucursal Save Mart\t\t\t\t\t<\/h1>\n\t\t\t\t\t<p class=\"co-page_hero--tagline\">1591 E. Noble Ave. Visalia, CA 93292 <\/p>\t\t\t\t\t\t<div class=\"co-page_hero--buttons\">\n\t\t\t\t\t\t\t<a class=\"co-page_hero--button\" href=\"https:\/\/www.tucoemas.org\/es\/speed-bump\/?url=https%3A%2F%2Fmaps.app.goo.gl%2FAvaxsV6FgTbF9xTN8&#038;prev=https%3A%2F%2Fwww.tucoemas.org%2Fes%2Flocations-atms%2Fnoble-avenue%2F\"  ><span>OBTENER DIRECCIONES<\/span><\/a>\t\t\t\t\t\t<\/div>\n\t\t\t\t\t\t\t\t\t\t<\/div>\n\t\t\t<\/div>\n\t\t<\/div>\n\t<\/header>\n\n\t<\/div>\n<\/div>\n\n\n<div class=\"co-flex_row co-flex_row__white co-flex_row__long-form-text\" id=\"3\">\n\t<div class=\"co-flex_row--row co-row\">\n\t\t\t<div class=\"co-long_form\">\n\t\t\t\t<header class=\"co-intro_text has_intro\">\n\t\t\t<h2 class=\"co-intro_text--title\">Nuestra sucursal en Noble Avenue en Save Mart<\/h2><div class=\"co-intro_text--intro text-component\"><p>En nuestra sucursal de Visalia dentro del Save Mart en E. Noble Ave., nos tomamos el tiempo para escuchar, responder sus preguntas y brindar un servicio atento para respaldar sus objetivos financieros.<\/p>\n<\/div>\t\t<\/header>\n\t\t\t\t\t<div class=\"co-long_form--block prow items-start\">\n\t\t\t\t<div class=\"co-long_form--text pcol-md:7\">\n\t\t\t\t\t<h3 class=\"co-long_form--headline\" >Horario de la sucursal<\/h3><div class=\"co-long_form--content text-component\"><p><span class=\"bold\">Lunes \u2013 Jueves<\/span> 9:00 a. m. a 5:00 p. m.<\/p>\n<p><span class=\"bold\">Viernes<\/span> 9:00 a. m. \u2013 6:00 p. m.<\/p>\n<p><span class=\"bold\">S\u00e1bado<\/span> 9:00 a. m. \u2013 2:00 p. m.<\/p>\n<p><span class=\"bold\">Domingo<\/span> Cerrado<\/p>\n<\/div>\t\t\t\t<\/div>\n\t\t\t\t\t\t\t\t\t<div class=\"co-long_form--media pcol-md:5\">\n\t\t\t\t\t\t\t\t\t\t\t<\/div>\n\t\t\t\t\t\t\t<\/div>\n\t\t\t\t<\/div>\n\n\t<\/div>\n<\/div>\n\n\n<div class=\"co-flex_row co-flex_row__white co-flex_row__long-form-text\" >\n\t<div class=\"co-flex_row--row co-row\">\n\t\t\t<div class=\"co-long_form\">\n\t\t\t\t<header class=\"co-intro_text has_intro\">\n\t\t\t<h2 class=\"co-intro_text--title\">Horario de vacaciones<\/h2><div class=\"co-intro_text--intro text-component\"><p style=\"text-align: left;\">En 2025, Tucoemas estar\u00e1 cerrado en conmemoraci\u00f3n de los siguientes d\u00edas festivos:<\/p>\n<\/div>\t\t<\/header>\n\t\t\t\t\t<div class=\"co-long_form--block prow items-start\">\n\t\t\t\t<div class=\"co-long_form--text pcol-md:7\">\n\t\t\t\t\t<div class=\"co-long_form--content text-component\"><p><span class=\"bold\"><strong>D\u00eda de A\u00f1o Nuevo<\/strong><\/span> \u2013 Mi\u00e9rcoles 1 de enero de 2025<\/p>\n<p><span class=\"bold\"><strong>D\u00eda de Martin Luther King Jr.<\/strong><\/span> \u2013 Lunes 20 de enero de 2025<\/p>\n<p><span class=\"bold\"><strong>D\u00eda de los Presidentes<\/strong><\/span> \u2013 Lunes 17 de febrero de 2025<\/p>\n<p><span class=\"bold\"><strong>D\u00eda de los Ca\u00eddos<\/strong><\/span> \u2013 Lunes 26 de mayo de 2025<\/p>\n<p><span class=\"bold\"><strong>D\u00eda de la Independencia Nacional del Juneteenth<\/strong><\/span> \u2013 Jueves 19 de junio de 2025<\/p>\n<p><span class=\"bold\"><strong>D\u00eda de la Independencia<\/strong><\/span> \u2013 Viernes 4 de julio de 2025<\/p>\n<p><span class=\"bold\"><strong>D\u00eda laboral<\/strong><\/span> \u2013 Lunes 1 de septiembre de 2025<\/p>\n<p><span class=\"bold\"><strong>D\u00eda de los Pueblos Ind\u00edgenas<\/strong><\/span>\u00a0\u2013 Lunes 13 de octubre de 2025<\/p>\n<p><span class=\"bold\"><strong>D\u00eda de los Veteranos<\/strong><\/span> \u2013 Martes 11 de noviembre de 2025<\/p>\n<p><span class=\"bold\"><strong>D\u00eda de Acci\u00f3n de Gracias<\/strong><\/span> \u2013 Jueves 27 de noviembre de 2025<\/p>\n<p><span class=\"bold\"><strong>Viernes de Acci\u00f3n de Gracias<\/strong><\/span> \u2013 Viernes 28 de noviembre de 2025<\/p>\n<p><span class=\"bold\"><strong>D\u00eda de Navidad<\/strong><\/span> \u2013 Jueves, 25 de diciembre de 2025<\/p>\n<\/div>\t\t\t\t<\/div>\n\t\t\t\t\t\t\t\t\t<div class=\"co-long_form--media pcol-md:5\">\n\t\t\t\t\t\t\t\t\t\t\t<\/div>\n\t\t\t\t\t\t\t<\/div>\n\t\t\t\t<\/div>\n\n\t<\/div>\n<\/div>\n\n\n<div class=\"co-flex_row co-flex_row__white co-flex_row__last co-flex_row__multi-path-cta\" id=\"5\">\n\t<div class=\"co-flex_row--row co-row\">\n\t\t\t<div class=\"co-mp_ctas\">\n\t\t\t\t<div class=\"co-mp_ctas--list prow justify-center\">\n\t\t\t\t\t\t\t\t\t\t\t<div class=\"co-mp_cta pcol-lg:4\">\n\t\t\t\t\t<div class=\"co-mp_cta--title\">\n\t\t\t\t\t\tLl\u00e1menos o env\u00edenos un correo electr\u00f3nico\t\t\t\t\t<\/div>\n\t\t\t\t\t<a class=\"co-mp_cta--link\" href=\"https:\/\/www.tucoemas.org\/es\/help\/contact-us\/\"  ><span>CONTACTAR<\/span><\/a>\t\t\t\t<\/div>\n\t\t\t\t\t\t\t\t\t\t\t<div class=\"co-mp_cta pcol-lg:4\">\n\t\t\t\t\t<div class=\"co-mp_cta--title\">\n\t\t\t\t\t\tH\u00e1gase miembro\t\t\t\t\t<\/div>\n\t\t\t\t\t<a class=\"co-mp_cta--link\" href=\"https:\/\/www.tucoemas.org\/es\/open-account\/\"  ><span>\u00daNASE<\/span><\/a>\t\t\t\t<\/div>\n\t\t\t\t\t\t\t\t\t\t\t<div class=\"co-mp_cta pcol-lg:4\">\n\t\t\t\t\t<div class=\"co-mp_cta--title\">\n\t\t\t\t\t\tInscr\u00edbase en la Banca en L\u00ednea\t\t\t\t\t<\/div>\n\t\t\t\t\t<a class=\"co-mp_cta--link\" href=\"https:\/\/my.tucoemas.org\/enroll\"  ><span>INSCR\u00cdBETE EN L\u00cdNEA<\/span><\/a>\t\t\t\t<\/div>\n\t\t\t\t\t<\/div>\n\t<\/div>\n\n\t<\/div>\n<\/div>","protected":false},"excerpt":{"rendered":"","protected":false},"author":10,"featured_media":0,"parent":2452,"menu_order":0,"comment_status":"closed","ping_status":"closed","template":"","meta":{"_acf_changed":false,"_searchwp_excluded":"","footnotes":""},"class_list":["post-2453","page","type-page","status-publish","hentry"],"acf":[],"yoast_head":"<!-- This site is optimized with the Yoast SEO plugin v27.2 - https:\/\/yoast.com\/product\/yoast-seo-wordpress\/ -->\n<title>Noble Avenue Branch - Tucoemas FCU<\/title>\n<meta name=\"robots\" content=\"index, follow, max-snippet:-1, max-image-preview:large, max-video-preview:-1\" \/>\n<link rel=\"canonical\" href=\"https:\/\/www.tucoemas.org\/es\/locations-atms\/noble-avenue\/\" \/>\n<meta property=\"og:locale\" content=\"es_ES\" \/>\n<meta property=\"og:type\" content=\"article\" \/>\n<meta property=\"og:title\" content=\"Noble Avenue Branch - Tucoemas FCU\" \/>\n<meta property=\"og:url\" content=\"https:\/\/www.tucoemas.org\/es\/locations-atms\/noble-avenue\/\" \/>\n<meta property=\"og:site_name\" content=\"Tucoemas FCU\" \/>\n<meta property=\"article:modified_time\" content=\"2025-01-13T22:35:30+00:00\" \/>\n<meta name=\"twitter:card\" content=\"summary_large_image\" \/>\n<script type=\"application\/ld+json\" class=\"yoast-schema-graph\">{\"@context\":\"https:\/\/schema.org\",\"@graph\":[{\"@type\":\"WebPage\",\"@id\":\"https:\/\/www.tucoemas.org\/locations-atms\/noble-avenue\/\",\"url\":\"https:\/\/www.tucoemas.org\/locations-atms\/noble-avenue\/\",\"name\":\"Noble Avenue Branch - Tucoemas FCU\",\"isPartOf\":{\"@id\":\"https:\/\/www.tucoemas.org\/#website\"},\"datePublished\":\"2024-05-28T21:52:37+00:00\",\"dateModified\":\"2025-01-13T22:35:30+00:00\",\"breadcrumb\":{\"@id\":\"https:\/\/www.tucoemas.org\/locations-atms\/noble-avenue\/#breadcrumb\"},\"inLanguage\":\"es-ES\",\"potentialAction\":[{\"@type\":\"ReadAction\",\"target\":[\"https:\/\/www.tucoemas.org\/locations-atms\/noble-avenue\/\"]}]},{\"@type\":\"BreadcrumbList\",\"@id\":\"https:\/\/www.tucoemas.org\/locations-atms\/noble-avenue\/#breadcrumb\",\"itemListElement\":[{\"@type\":\"ListItem\",\"position\":1,\"name\":\"Home\",\"item\":\"https:\/\/www.tucoemas.org\/\"},{\"@type\":\"ListItem\",\"position\":2,\"name\":\"Locations &#038; ATMs\",\"item\":\"https:\/\/www.tucoemas.org\/locations-atms\/\"},{\"@type\":\"ListItem\",\"position\":3,\"name\":\"Noble Avenue Branch\"}]},{\"@type\":\"WebSite\",\"@id\":\"https:\/\/www.tucoemas.org\/#website\",\"url\":\"https:\/\/www.tucoemas.org\/\",\"name\":\"Tucoemas FCU\",\"description\":\"A community on the rise.\",\"potentialAction\":[{\"@type\":\"SearchAction\",\"target\":{\"@type\":\"EntryPoint\",\"urlTemplate\":\"https:\/\/www.tucoemas.org\/?s={search_term_string}\"},\"query-input\":{\"@type\":\"PropertyValueSpecification\",\"valueRequired\":true,\"valueName\":\"search_term_string\"}}],\"inLanguage\":\"es-ES\"}]}<\/script>\n<!-- \/ Yoast SEO plugin. -->","yoast_head_json":{"title":"Sucursal de Noble Avenue - Tucoemas FCU","robots":{"index":"index","follow":"follow","max-snippet":"max-snippet:-1","max-image-preview":"max-image-preview:large","max-video-preview":"max-video-preview:-1"},"canonical":"https:\/\/www.tucoemas.org\/es\/locations-atms\/noble-avenue\/","og_locale":"es_ES","og_type":"article","og_title":"Noble Avenue Branch - Tucoemas FCU","og_url":"https:\/\/www.tucoemas.org\/es\/locations-atms\/noble-avenue\/","og_site_name":"Tucoemas FCU","article_modified_time":"2025-01-13T22:35:30+00:00","twitter_card":"summary_large_image","schema":{"@context":"https:\/\/schema.org","@graph":[{"@type":"WebPage","@id":"https:\/\/www.tucoemas.org\/locations-atms\/noble-avenue\/","url":"https:\/\/www.tucoemas.org\/locations-atms\/noble-avenue\/","name":"Sucursal de Noble Avenue - Tucoemas FCU","isPartOf":{"@id":"https:\/\/www.tucoemas.org\/#website"},"datePublished":"2024-05-28T21:52:37+00:00","dateModified":"2025-01-13T22:35:30+00:00","breadcrumb":{"@id":"https:\/\/www.tucoemas.org\/locations-atms\/noble-avenue\/#breadcrumb"},"inLanguage":"es-ES","potentialAction":[{"@type":"ReadAction","target":["https:\/\/www.tucoemas.org\/locations-atms\/noble-avenue\/"]}]},{"@type":"BreadcrumbList","@id":"https:\/\/www.tucoemas.org\/locations-atms\/noble-avenue\/#breadcrumb","itemListElement":[{"@type":"ListItem","position":1,"name":"Home","item":"https:\/\/www.tucoemas.org\/"},{"@type":"ListItem","position":2,"name":"Locations &#038; ATMs","item":"https:\/\/www.tucoemas.org\/locations-atms\/"},{"@type":"ListItem","position":3,"name":"Noble Avenue Branch"}]},{"@type":"WebSite","@id":"https:\/\/www.tucoemas.org\/#website","url":"https:\/\/www.tucoemas.org\/","name":"Uni\u00f3n Cooperativa de Cr\u00e9dito Tucoemas","description":"Una comunidad en ascenso.","potentialAction":[{"@type":"SearchAction","target":{"@type":"EntryPoint","urlTemplate":"https:\/\/www.tucoemas.org\/?s={search_term_string}"},"query-input":{"@type":"PropertyValueSpecification","valueRequired":true,"valueName":"search_term_string"}}],"inLanguage":"es-ES"}]}},"_links":{"self":[{"href":"https:\/\/www.tucoemas.org\/es\/wp-json\/wp\/v2\/pages\/2453","targetHints":{"allow":["GET"]}}],"collection":[{"href":"https:\/\/www.tucoemas.org\/es\/wp-json\/wp\/v2\/pages"}],"about":[{"href":"https:\/\/www.tucoemas.org\/es\/wp-json\/wp\/v2\/types\/page"}],"author":[{"embeddable":true,"href":"https:\/\/www.tucoemas.org\/es\/wp-json\/wp\/v2\/users\/10"}],"replies":[{"embeddable":true,"href":"https:\/\/www.tucoemas.org\/es\/wp-json\/wp\/v2\/comments?post=2453"}],"version-history":[{"count":21,"href":"https:\/\/www.tucoemas.org\/es\/wp-json\/wp\/v2\/pages\/2453\/revisions"}],"predecessor-version":[{"id":5314,"href":"https:\/\/www.tucoemas.org\/es\/wp-json\/wp\/v2\/pages\/2453\/revisions\/5314"}],"up":[{"embeddable":true,"href":"https:\/\/www.tucoemas.org\/es\/wp-json\/wp\/v2\/pages\/2452"}],"wp:attachment":[{"href":"https:\/\/www.tucoemas.org\/es\/wp-json\/wp\/v2\/media?parent=2453"}],"curies":[{"name":"wp","href":"https:\/\/api.w.org\/{rel}","templated":true}]}}