{"id":2461,"date":"2024-05-28T14:52:39","date_gmt":"2024-05-28T21:52:39","guid":{"rendered":"https:\/\/www.tucoemas.org\/checking-accounts\/"},"modified":"2026-02-09T10:24:55","modified_gmt":"2026-02-09T18:24:55","slug":"checking-accounts","status":"publish","type":"page","link":"https:\/\/www.tucoemas.org\/es\/bank\/checking-accounts\/","title":{"rendered":"Cuentas De Cheques"},"content":{"rendered":"<div class=\"co-flex_row co-flex_row__page-hero\" >\n\t<div class=\"co-flex_row--row co-row\">\n\t\t\t<header class=\"co-page_hero  co-page_hero__has_image display-img-desktop\" aria-label=\"Encabezado: Cuentas Corrientes\">\n\t\t<div class=\"co-page_hero--inner\">\n\t\t\t<div class=\"prow gap:0\">\n\t\t\t\t\t\t\t\t\t<div class=\"co-page_hero--img_wrap pcol-lg:5\">\n\t\t\t\t\t\t<img loading=\"lazy\" decoding=\"async\" width=\"840\" height=\"840\" src=\"https:\/\/www.tucoemas.org\/files\/Checking-2-HERO-840x840.jpg\" class=\"co-page_hero--img\" alt=\"Checking 2 HERO\" srcset=\"https:\/\/www.tucoemas.org\/files\/Checking-2-HERO-840x840.jpg 840w, https:\/\/www.tucoemas.org\/files\/Checking-2-HERO-540x540.jpg 540w, https:\/\/www.tucoemas.org\/files\/Checking-2-HERO-730x730.jpg 730w, https:\/\/www.tucoemas.org\/files\/Checking-2-HERO-150x150.jpg 150w, https:\/\/www.tucoemas.org\/files\/Checking-2-HERO-768x768.jpg 768w, https:\/\/www.tucoemas.org\/files\/Checking-2-HERO-1536x1536.jpg 1536w, https:\/\/www.tucoemas.org\/files\/Checking-2-HERO-2048x2048.jpg 2048w, https:\/\/www.tucoemas.org\/files\/Checking-2-HERO-12x12.jpg 12w, https:\/\/www.tucoemas.org\/files\/Checking-2-HERO-396x396.jpg 396w, https:\/\/www.tucoemas.org\/files\/Checking-2-HERO-75x75.jpg 75w\" sizes=\"auto, (max-width: 840px) 100vw, 840px\" \/>\t\t\t\t\t<\/div>\n\t\t\t\t\t\t\t\t<div class=\"co-page_hero--text pcol-lg:7\">\n\t\t\t\t\t\t\t\t\t\t<h1 class=\"co-page_hero--title\">\n\t\t\t\t\t\tCuentas De Cheques\t\t\t\t\t<\/h1>\n\t\t\t\t\t<p class=\"co-page_hero--tagline\">Cuentas de cheques asequibles adaptadas a sus necesidades.<\/p>\t\t\t\t\t\t<div class=\"co-page_hero--buttons\">\n\t\t\t\t\t\t\t<a class=\"co-page_hero--button\" href=\"https:\/\/www.tucoemas.org\/es\/open-account\/\"  ><span>ABRIR UNA CUENTA<\/span><\/a><a class=\"co-page_hero--link\" href=\"https:\/\/www.tucoemas.org\/es\/help\/contact-us\/\"  ><span>Cont\u00e1ctenos<\/span><\/a>\t\t\t\t\t\t<\/div>\n\t\t\t\t\t\t\t\t\t\t<\/div>\n\t\t\t<\/div>\n\t\t<\/div>\n\t<\/header>\n\n\t<\/div>\n<\/div>\n\n\n<div class=\"co-flex_row co-flex_row__white co-flex_row__page-intro\" >\n\t<div class=\"co-flex_row--row co-row\">\n\t\t\t<div class=\"co-page_intro\">\n\t\t<h2 class=\"co-page_intro--title\">Para cheques gratis. Para reembolsos en efectivo. Para siempre.<\/h2><div class=\"co-page_intro--desc text-component\"><p>Nuestras cuentas de cheque Rise y KASASA son cuentas de cheques seguras y protegidas dise\u00f1adas para mantener m\u00e1s dinero en su billetera.<\/p>\n<\/div>\t<\/div>\n\n\t<\/div>\n<\/div>\n\n\n<div class=\"co-flex_row co-flex_row__sticky-nav\" >\n\t<div class=\"co-flex_row--row co-row\">\n\t\t\t<div class=\"co-sticky_nav_wrap is-active\" id=\"js-sticky_nav_wrap\">\n\t\t<nav\n\t\t\tclass=\"co-sticky_nav\"\n\t\t\tid=\"js-sticky_nav\"\n\t\t\taria-label=\"Navegaci\u00f3n por ancla de p\u00e1gina\"\n\t\t>\n\t\t\t<div class=\"co-sticky_nav--mobile\">\n\t\t\t\t<button\n\t\t\t\t\tclass=\"co-sticky_nav--toggle closed\"\n\t\t\t\t\tid=\"js-sticky_nav_toggle\"\n\t\t\t\t\taria-label=\"Abrir y cerrar el men\u00fa de la p\u00e1gina\"\n\t\t\t\t>Men\u00fa de p\u00e1gina<\/button>\n\t\t\t<\/div>\n\t\t\t<div class=\"co-sticky_nav--row co-row closed\" id=\"js-sticky_nav_links\">\n\t\t\t\t\t\t\t\t\t<a href=\"#rise\" class=\"co-sticky_nav--link js-sticky_nav_item\" aria-label=\"Cuenta de cheques Rise\">\n\t\t\t\t\t\tCuenta de cheques Rise\t\t\t\t\t<\/a>\n\t\t\t\t\t\t\t\t\t<a href=\"#kasasa\" class=\"co-sticky_nav--link js-sticky_nav_item\" aria-label=\"Cuenta de cheques KASASA\">\n\t\t\t\t\t\tCuenta de cheques KASASA\t\t\t\t\t<\/a>\n\t\t\t\t\t\t\t\t\t<a href=\"#rates\" class=\"co-sticky_nav--link js-sticky_nav_item\" aria-label=\"Tasas\">\n\t\t\t\t\t\tTasas\t\t\t\t\t<\/a>\n\t\t\t\t\t\t\t\t\t<a href=\"#open\" class=\"co-sticky_nav--link js-sticky_nav_item\" aria-label=\"Abrir una cuenta\">\n\t\t\t\t\t\tAbrir una cuenta\t\t\t\t\t<\/a>\n\t\t\t\t\t\t\t<\/div>\n\t\t<\/nav>\n\t<\/div>\n\n\t<\/div>\n<\/div>\n\n\n<div class=\"co-flex_row co-flex_row__white co-flex_row__long-form-text\" id=\"rise\">\n\t<div class=\"co-flex_row--row co-row\">\n\t\t\t<div class=\"co-long_form\">\n\t\t\t\t<header class=\"co-intro_text\">\n\t\t\t<h2 class=\"co-intro_text--title\">Cuenta de cheques Rise<\/h2>\t\t<\/header>\n\t\t\t\t\t<div class=\"co-long_form--block prow items-start\">\n\t\t\t\t<div class=\"co-long_form--text pcol-md:7\">\n\t\t\t\t\t<div class=\"co-long_form--content text-component\"><ul>\n<li>Se requiere una cuenta de ahorros de acciones para abrir la cuenta de cheques Rise<\/li>\n<li>Dep\u00f3sito m\u00ednimo de apertura de $5.00<\/li>\n<li>No se requiere saldo m\u00ednimo para la cuenta de cheques Rise<\/li>\n<li>Dep\u00f3sito m\u00ednimo de apertura de $1.00<\/li>\n<li>5 cheques de caja gratuitos al mes<\/li>\n<li>Sin comisi\u00f3n por sobregiro ni por fondos insuficientes<\/li>\n<li>Acceso a m\u00e1s de 30,000 cajeros autom\u00e1ticos Co-Op en todo el pa\u00eds<\/li>\n<li>Transferencias gratuitas de fondos entre su cuenta de ahorros y su cuenta de ahorros de acciones<\/li>\n<li>Acceso a un asesor financiero certificado<\/li>\n<\/ul>\n<\/div><a class=\"co-long_form--button co-button\" href=\"https:\/\/www.tucoemas.org\/es\/help\/contact-us\/\"  ><span>abierto hoy<\/span><\/a>\t\t\t\t<\/div>\n\t\t\t\t\t\t\t\t\t<div class=\"co-long_form--media pcol-md:5\">\n\t\t\t\t\t\t<img loading=\"lazy\" decoding=\"async\" width=\"540\" height=\"540\" src=\"https:\/\/www.tucoemas.org\/files\/Checking-Long-format-540x540.jpg\" class=\"co-long_form--image\" alt=\"Checking Long-format\" srcset=\"https:\/\/www.tucoemas.org\/files\/Checking-Long-format-540x540.jpg 540w, https:\/\/www.tucoemas.org\/files\/Checking-Long-format-730x730.jpg 730w, https:\/\/www.tucoemas.org\/files\/Checking-Long-format-150x150.jpg 150w, https:\/\/www.tucoemas.org\/files\/Checking-Long-format-768x768.jpg 768w, https:\/\/www.tucoemas.org\/files\/Checking-Long-format-1536x1536.jpg 1536w, https:\/\/www.tucoemas.org\/files\/Checking-Long-format-12x12.jpg 12w, https:\/\/www.tucoemas.org\/files\/Checking-Long-format-396x396.jpg 396w, https:\/\/www.tucoemas.org\/files\/Checking-Long-format-840x840.jpg 840w, https:\/\/www.tucoemas.org\/files\/Checking-Long-format-75x75.jpg 75w, https:\/\/www.tucoemas.org\/files\/Checking-Long-format.jpg 1667w\" sizes=\"auto, (max-width: 540px) 100vw, 540px\" \/>\t\t\t\t\t<\/div>\n\t\t\t\t\t\t\t<\/div>\n\t\t\t\t<\/div>\n\n\t<\/div>\n<\/div>\n\n\n<div class=\"co-flex_row co-flex_row__white co-flex_row__long-form-text\" id=\"kasasa\">\n\t<div class=\"co-flex_row--row co-row\">\n\t\t\t<div class=\"co-long_form\">\n\t\t\t\t<header class=\"co-intro_text\">\n\t\t\t<h2 class=\"co-intro_text--title\">Cuenta de cheques KASASA Cash Back<\/h2>\t\t<\/header>\n\t\t\t\t\t<div class=\"co-long_form--block prow items-start\">\n\t\t\t\t<div class=\"co-long_form--text pcol-md:7\">\n\t\t\t\t\t<div class=\"co-long_form--content text-component\"><ul>\n<li>3% de devoluci\u00f3n de efectivo en sus compras diarias con tarjeta de d\u00e9bito*<\/li>\n<li>Sin cargo mensuales<\/li>\n<li>Reembolso de comisi\u00f3n por uso de cajeros autom\u00e1ticos (hasta $20 al mes*)<\/li>\n<li>Sin saldo m\u00ednimo para obtener recompensas<\/li>\n<li>Banca en l\u00ednea gratuita con servicio pago de facturas Bill Pay<\/li>\n<li>Aplicaci\u00f3n de banca m\u00f3vil gratuita que incluye dep\u00f3sito de cheques por m\u00f3vil<\/li>\n<li>Tarjeta de d\u00e9bito Visa gratuita<\/li>\n<\/ul>\n<\/div><a class=\"co-long_form--button co-button\" href=\"https:\/\/www.tucoemas.org\/es\/help\/contact-us\/\"  ><span>abierto hoy<\/span><\/a>\t\t\t\t<\/div>\n\t\t\t\t\t\t\t\t\t<div class=\"co-long_form--media pcol-md:5\">\n\t\t\t\t\t\t<img loading=\"lazy\" decoding=\"async\" width=\"540\" height=\"540\" src=\"https:\/\/www.tucoemas.org\/files\/Checking-2-Long-format-540x540.jpg\" class=\"co-long_form--image\" alt=\"Checking 2 Long-format\" srcset=\"https:\/\/www.tucoemas.org\/files\/Checking-2-Long-format-540x540.jpg 540w, https:\/\/www.tucoemas.org\/files\/Checking-2-Long-format-730x730.jpg 730w, https:\/\/www.tucoemas.org\/files\/Checking-2-Long-format-150x150.jpg 150w, https:\/\/www.tucoemas.org\/files\/Checking-2-Long-format-768x768.jpg 768w, https:\/\/www.tucoemas.org\/files\/Checking-2-Long-format-1536x1536.jpg 1536w, https:\/\/www.tucoemas.org\/files\/Checking-2-Long-format-12x12.jpg 12w, https:\/\/www.tucoemas.org\/files\/Checking-2-Long-format-396x396.jpg 396w, https:\/\/www.tucoemas.org\/files\/Checking-2-Long-format-840x840.jpg 840w, https:\/\/www.tucoemas.org\/files\/Checking-2-Long-format-75x75.jpg 75w, https:\/\/www.tucoemas.org\/files\/Checking-2-Long-format.jpg 1667w\" sizes=\"auto, (max-width: 540px) 100vw, 540px\" \/>\t\t\t\t\t<\/div>\n\t\t\t\t\t\t\t<\/div>\n\t\t\t\t<\/div>\n\n\t<\/div>\n<\/div>\n\n\n<div class=\"co-flex_row co-flex_row__white co-flex_row__accordions\" >\n\t<div class=\"co-flex_row--row co-row\">\n\t\t\t<section class=\"co-accords_section\" aria-label=\"Efectivo KASASA\">\n\t\t\t\t<header class=\"co-intro_text\">\n\t\t\t<h2 class=\"co-intro_text--title\">Efectivo KASASA<\/h2>\t\t<\/header>\n\t\t\t\t<div class=\"co-accordion\" data-animation=\"on\" data-multi-items=\"on\">\n\t\t\t\t\t\t\t<div class=\"co-accordion--item\">\n\t\t\t\t\t<button  class=\"co-accordion--header\t\t\t\t\t\t\tjs-accord_toggle\t\t\t\t\t\t\tclosed\">\n\t\t\t\t\t\tEfectivo KASASA\t\t\t\t\t\t<span class=\"co-accordion--icon no-js:is-hidden\"><\/span>\n\t\t\t\t\t<\/button>\n\t\t\t\t\t<div class=\"co-accordion--panel\t\t\t\t\t\tjs-accord_content\t\t\t\t\t\ttext-component\">\n\t\t\t\t\t\t<p><strong>Efectivo KASASA<\/strong><\/p>\n<ul>\n<li>1.00% APY* en saldos de hasta $5,000<\/li>\n<li>0,25% APY* sobre una parte del saldo superior a $5.000<\/li>\n<li>0,05% APY* si no se cumplen los requisitos<\/li>\n<li>Reembolso de comisiones de cajeros autom\u00e1ticos de hasta $20 por mes**<\/li>\n<\/ul>\n<p><strong>Ganar recompensas es f\u00e1cil.<\/strong><\/p>\n<p>Para ganar sus recompensas, realice las siguientes transacciones y actividades en su cuenta KASASA Cash durante cada mes:<\/p>\n<ul>\n<li>Tener al menos 12 compras con tarjeta de d\u00e9bito registradas<\/li>\n<li>Inicie sesi\u00f3n en la banca en l\u00ednea al menos una vez al mes<\/li>\n<li>Estar inscrito y aceptar recibir\u00a0<a title=\"Enlace interno a informaci\u00f3n sobre las declaraciones\" href=\"https:\/\/www.tucoemas.org\/files\/eStatement-Enrollment-Steps.pdf\">Extractos electr\u00f3nicos<\/a><\/li>\n<\/ul>\n<p>\u00a1Recuerda! Si no calificas para el mes, \u00a1no te preocupes! Tu cuenta sigue siendo gratuita y podr\u00e1s volver a ganar recompensas (y reembolsos de las comisiones de tu cajero autom\u00e1tico) el mes siguiente.<\/p>\n\t\t\t\t\t<\/div>\n\t\t\t\t<\/div>\n\t\t\t\t\t<\/div>\n\t\t\t<\/section>\n\n\t<\/div>\n<\/div>\n\n\n<div class=\"co-flex_row co-flex_row__white co-flex_row__single-path-cta\" >\n\t<div class=\"co-flex_row--row co-row\">\n\t\t\t<div class=\"co-sp_cta\">\n\t\t\t\t<header class=\"co-intro_text has_intro\">\n\t\t\t<h2 class=\"co-intro_text--title\">H\u00e1gase miembro<\/h2><div class=\"co-intro_text--intro text-component\"><p>Como copropietario de Tucoemas, nuestras ganancias le benefician directamente a trav\u00e9s de mejores tasas y comisiones m\u00e1s bajas.<\/p>\n<\/div>\t\t<\/header>\n\t\t<a class=\"co-sp_cta--button\" href=\"https:\/\/www.tucoemas.org\/es\/open-account\/\"  ><span>\u00daNASE<\/span><\/a><a class=\"co-sp_cta--link\" href=\"https:\/\/www.tucoemas.org\/es\/help\/contact-us\/\"  ><span>Cont\u00e1ctenos<\/span><\/a>\t<\/div>\n\n\t<\/div>\n<\/div>\n\n\n<div class=\"co-flex_row co-flex_row__white co-flex_row__related-products\" >\n\t<div class=\"co-flex_row--row co-row\">\n\t\t\t<div class=\"co-rel_prods center-narrow\">\n\t\t\t\t<header class=\"co-intro_text\">\n\t\t\t<h2 class=\"co-intro_text--title\">Explora otros productos y servicios<\/h2>\t\t<\/header>\n\t\t\t\t\t<div class=\"co-rel_prods--cols prow prow-md:2  justify-center\">\n\t\t\t\t\t\t\t\t\t<div class=\"co-rel_prods--col\">\n\t\t\t\t\t\t<h3 class=\"co-rel_prods--col_title\">Cuentas de ahorro<\/h3><div class=\"co-rel_prods--col_desc text-component\">Creemos en ayudar a nuestros vecinos miembros del condado de Tulare, California, con opciones de cuentas de ahorro y tasas de inter\u00e9s que trabajan duro para usted.\r\n\r\n&nbsp;<\/div><a class=\"co-rel_prods--col_cta\" href=\"https:\/\/www.tucoemas.org\/es\/bank\/savings-accounts\/\" target=\"_top\" aria-label=\"Lea m\u00e1s sobre las Cuentas de Ahorro\"><span>M\u00e1s informaci\u00f3n<\/span><\/a>\t\t\t\t\t<\/div>\n\t\t\t\t\t\t\t\t\t\t<div class=\"co-rel_prods--col\">\n\t\t\t\t\t\t<h3 class=\"co-rel_prods--col_title\">Certificados de acciones e IRAs<\/h3><div class=\"co-rel_prods--col_desc text-component\">Haga crecer sus ahorros de forma segura con nuestros Certificados de Dep\u00f3sito y Cuentas IRA, dise\u00f1ados para un crecimiento financiero constante y fiable.<\/div><a class=\"co-rel_prods--col_cta\" href=\"https:\/\/www.tucoemas.org\/es\/bank\/cds-iras\/\" target=\"_top\" aria-label=\"Lea m\u00e1s sobre certificados de acciones y cuentas IRA\"><span>M\u00e1s informaci\u00f3n<\/span><\/a>\t\t\t\t\t<\/div>\n\t\t\t\t\t\t\t\t<\/div>\n\t\t\t<\/div>\n\n\t<\/div>\n<\/div>\n\n\n<div class=\"co-flex_row co-flex_row__back-to-top\" >\n\t<div class=\"co-flex_row--row co-row\">\n\t\t<div class=\"co-back_top\">\n\t<a class=\"co-back_top--link\" href=\"#\" aria-label=\"\">\n\t\tVolver arriba\t\t<svg class=\"co-back_top--link_icon\" viewbox=\"0 0 26 20\" role=\"img\" aria-label=\"Volver arriba\">\n\t\t\t<use xlink:href=\"https:\/\/www.tucoemas.org\/wp-content\/themes\/tucoemas-theme\/images\/sprite-icons.svg#back-top\" \/>\n\t\t<\/svg>\n\t<\/a>\n<\/div>\n\t<\/div>\n<\/div>\n\n\n<div class=\"co-flex_row co-flex_row__white co-flex_row__last co-flex_row__disclosures\" >\n\t<div class=\"co-flex_row--row co-row\">\n\t\t\t<div class=\"co-disclosures\">\n\t\t<h2 class=\"co-disclosures--title\">Divulgaciones<\/h2>\n\t\t<dl class=\"co-disclosures--list\">\n\t\t\t\t\t\t\t<div class=\"co-disclosure\">\n\t\t\t\t\t<dd class=\"co-disclosure--desc\">\n\t\t\t\t\t\t\t\t\t\t\t\t<div class=\"text-component\"><p><em>*Rendimiento porcentual anual. Aplican aprobaci\u00f3n de cuenta, condiciones, requisitos, plazos, inscripciones y otros requerimientos. Los requisitos y recompensas pueden variar seg\u00fan la cuenta. Abrir o cerrar esta cuenta no requiere cargos por servicio o comisiones mensuales recurrentes. Para cuentas de cheques Kasasa Cash Back, cuando se cumplan los requisitos de la cuenta durante un mes, recibir\u00e1 un reembolso del 3.00% (un m\u00e1ximo de $7.50) sobre un total de hasta $250.00 en compras con tarjeta de d\u00e9bito que se procesen y liquiden en la cuenta durante ese mes. Para cuentas de cheques Kasasa Cash, cuando se cumplan los requisitos de la cuenta durante un mes, los saldos de hasta $5,000 reciben un rendimiento porcentual anual (APY*) del 1.00%; y los saldos superiores a $5,000.00 ganan una tasa de inter\u00e9s del 0.25% sobre la parte del saldo que supere los $5,000, lo que resulta en un rango de APY del 1.00% al 0.29%, dependiendo del saldo de la cuenta. Cuando no se cumplen los requisitos de la cuenta Kasasa Cash, todos los saldos en una cuenta Kasasa Cash ganan un APY* del 0.05%.<\/em><\/p>\n<\/div>\t\t\t\t\t<\/dd>\n\t\t\t\t<\/div>\n\t\t\t\t\t\t\t<div class=\"co-disclosure\">\n\t\t\t\t\t<dd class=\"co-disclosure--desc\">\n\t\t\t\t\t\t\t\t\t\t\t\t<div class=\"text-component\"><p>**<a href=\"https:\/\/www.tucoemas.org\/files\/SCHEDULE-OF-FEES-2025.pdf\">TABLA DE COMISIONES<\/a><\/p>\n<\/div>\t\t\t\t\t<\/dd>\n\t\t\t\t<\/div>\n\t\t\t\t\t<\/dl>\n\t<\/div>\n\n\t<\/div>\n<\/div>","protected":false},"excerpt":{"rendered":"","protected":false},"author":10,"featured_media":0,"parent":2460,"menu_order":0,"comment_status":"closed","ping_status":"closed","template":"","meta":{"_acf_changed":false,"_searchwp_excluded":"","footnotes":""},"class_list":["post-2461","page","type-page","status-publish","hentry"],"acf":[],"yoast_head":"<!-- This site is optimized with the Yoast SEO plugin v27.2 - https:\/\/yoast.com\/product\/yoast-seo-wordpress\/ -->\n<title>Checking Accounts - Tucoemas FCU<\/title>\n<meta name=\"robots\" content=\"index, follow, max-snippet:-1, max-image-preview:large, max-video-preview:-1\" \/>\n<link rel=\"canonical\" href=\"https:\/\/www.tucoemas.org\/es\/bank\/checking-accounts\/\" \/>\n<meta property=\"og:locale\" content=\"es_ES\" \/>\n<meta property=\"og:type\" content=\"article\" \/>\n<meta property=\"og:title\" content=\"Checking Accounts - Tucoemas FCU\" \/>\n<meta property=\"og:url\" content=\"https:\/\/www.tucoemas.org\/es\/bank\/checking-accounts\/\" \/>\n<meta property=\"og:site_name\" content=\"Tucoemas FCU\" \/>\n<meta property=\"article:modified_time\" content=\"2026-02-09T18:24:55+00:00\" \/>\n<meta name=\"twitter:card\" content=\"summary_large_image\" \/>\n<script type=\"application\/ld+json\" class=\"yoast-schema-graph\">{\"@context\":\"https:\/\/schema.org\",\"@graph\":[{\"@type\":\"WebPage\",\"@id\":\"https:\/\/www.tucoemas.org\/bank\/checking-accounts\/\",\"url\":\"https:\/\/www.tucoemas.org\/bank\/checking-accounts\/\",\"name\":\"Checking Accounts - Tucoemas FCU\",\"isPartOf\":{\"@id\":\"https:\/\/www.tucoemas.org\/#website\"},\"datePublished\":\"2024-05-28T21:52:39+00:00\",\"dateModified\":\"2026-02-09T18:24:55+00:00\",\"breadcrumb\":{\"@id\":\"https:\/\/www.tucoemas.org\/bank\/checking-accounts\/#breadcrumb\"},\"inLanguage\":\"es-ES\",\"potentialAction\":[{\"@type\":\"ReadAction\",\"target\":[\"https:\/\/www.tucoemas.org\/bank\/checking-accounts\/\"]}]},{\"@type\":\"BreadcrumbList\",\"@id\":\"https:\/\/www.tucoemas.org\/bank\/checking-accounts\/#breadcrumb\",\"itemListElement\":[{\"@type\":\"ListItem\",\"position\":1,\"name\":\"Home\",\"item\":\"https:\/\/www.tucoemas.org\/\"},{\"@type\":\"ListItem\",\"position\":2,\"name\":\"Checking &#038; Savings\",\"item\":\"https:\/\/www.tucoemas.org\/bank\/\"},{\"@type\":\"ListItem\",\"position\":3,\"name\":\"Checking Accounts\"}]},{\"@type\":\"WebSite\",\"@id\":\"https:\/\/www.tucoemas.org\/#website\",\"url\":\"https:\/\/www.tucoemas.org\/\",\"name\":\"Tucoemas FCU\",\"description\":\"A community on the rise.\",\"potentialAction\":[{\"@type\":\"SearchAction\",\"target\":{\"@type\":\"EntryPoint\",\"urlTemplate\":\"https:\/\/www.tucoemas.org\/?s={search_term_string}\"},\"query-input\":{\"@type\":\"PropertyValueSpecification\",\"valueRequired\":true,\"valueName\":\"search_term_string\"}}],\"inLanguage\":\"es-ES\"}]}<\/script>\n<!-- \/ Yoast SEO plugin. -->","yoast_head_json":{"title":"Cuentas corrientes - Tucoemas FCU","robots":{"index":"index","follow":"follow","max-snippet":"max-snippet:-1","max-image-preview":"max-image-preview:large","max-video-preview":"max-video-preview:-1"},"canonical":"https:\/\/www.tucoemas.org\/es\/bank\/checking-accounts\/","og_locale":"es_ES","og_type":"article","og_title":"Checking Accounts - Tucoemas FCU","og_url":"https:\/\/www.tucoemas.org\/es\/bank\/checking-accounts\/","og_site_name":"Tucoemas FCU","article_modified_time":"2026-02-09T18:24:55+00:00","twitter_card":"summary_large_image","schema":{"@context":"https:\/\/schema.org","@graph":[{"@type":"WebPage","@id":"https:\/\/www.tucoemas.org\/bank\/checking-accounts\/","url":"https:\/\/www.tucoemas.org\/bank\/checking-accounts\/","name":"Cuentas corrientes - Tucoemas FCU","isPartOf":{"@id":"https:\/\/www.tucoemas.org\/#website"},"datePublished":"2024-05-28T21:52:39+00:00","dateModified":"2026-02-09T18:24:55+00:00","breadcrumb":{"@id":"https:\/\/www.tucoemas.org\/bank\/checking-accounts\/#breadcrumb"},"inLanguage":"es-ES","potentialAction":[{"@type":"ReadAction","target":["https:\/\/www.tucoemas.org\/bank\/checking-accounts\/"]}]},{"@type":"BreadcrumbList","@id":"https:\/\/www.tucoemas.org\/bank\/checking-accounts\/#breadcrumb","itemListElement":[{"@type":"ListItem","position":1,"name":"Home","item":"https:\/\/www.tucoemas.org\/"},{"@type":"ListItem","position":2,"name":"Checking &#038; Savings","item":"https:\/\/www.tucoemas.org\/bank\/"},{"@type":"ListItem","position":3,"name":"Checking Accounts"}]},{"@type":"WebSite","@id":"https:\/\/www.tucoemas.org\/#website","url":"https:\/\/www.tucoemas.org\/","name":"Uni\u00f3n Cooperativa de Cr\u00e9dito Tucoemas","description":"Una comunidad en ascenso.","potentialAction":[{"@type":"SearchAction","target":{"@type":"EntryPoint","urlTemplate":"https:\/\/www.tucoemas.org\/?s={search_term_string}"},"query-input":{"@type":"PropertyValueSpecification","valueRequired":true,"valueName":"search_term_string"}}],"inLanguage":"es-ES"}]}},"_links":{"self":[{"href":"https:\/\/www.tucoemas.org\/es\/wp-json\/wp\/v2\/pages\/2461","targetHints":{"allow":["GET"]}}],"collection":[{"href":"https:\/\/www.tucoemas.org\/es\/wp-json\/wp\/v2\/pages"}],"about":[{"href":"https:\/\/www.tucoemas.org\/es\/wp-json\/wp\/v2\/types\/page"}],"author":[{"embeddable":true,"href":"https:\/\/www.tucoemas.org\/es\/wp-json\/wp\/v2\/users\/10"}],"replies":[{"embeddable":true,"href":"https:\/\/www.tucoemas.org\/es\/wp-json\/wp\/v2\/comments?post=2461"}],"version-history":[{"count":147,"href":"https:\/\/www.tucoemas.org\/es\/wp-json\/wp\/v2\/pages\/2461\/revisions"}],"predecessor-version":[{"id":6544,"href":"https:\/\/www.tucoemas.org\/es\/wp-json\/wp\/v2\/pages\/2461\/revisions\/6544"}],"up":[{"embeddable":true,"href":"https:\/\/www.tucoemas.org\/es\/wp-json\/wp\/v2\/pages\/2460"}],"wp:attachment":[{"href":"https:\/\/www.tucoemas.org\/es\/wp-json\/wp\/v2\/media?parent=2461"}],"curies":[{"name":"wp","href":"https:\/\/api.w.org\/{rel}","templated":true}]}}