{"id":2467,"date":"2024-05-28T14:52:40","date_gmt":"2024-05-28T21:52:40","guid":{"rendered":"https:\/\/www.tucoemas.org\/online-mobile-banking\/"},"modified":"2025-10-29T12:34:13","modified_gmt":"2025-10-29T19:34:13","slug":"online-mobile-banking","status":"publish","type":"page","link":"https:\/\/www.tucoemas.org\/es\/online-mobile-banking\/","title":{"rendered":"Banca en l\u00ednea y m\u00f3vil"},"content":{"rendered":"<div class=\"co-flex_row co-flex_row__page-hero\" >\n\t<div class=\"co-flex_row--row co-row\">\n\t\t\t<header class=\"co-page_hero  co-page_hero__has_image display-img-desktop\" aria-label=\"Encabezado: Banca en l\u00ednea y m\u00f3vil\">\n\t\t<div class=\"co-page_hero--inner\">\n\t\t\t<div class=\"prow gap:0\">\n\t\t\t\t\t\t\t\t\t<div class=\"co-page_hero--img_wrap pcol-lg:5\">\n\t\t\t\t\t\t<img loading=\"lazy\" decoding=\"async\" width=\"550\" height=\"550\" src=\"https:\/\/www.tucoemas.org\/files\/HERO-template-Member.jpg\" class=\"co-page_hero--img\" alt=\"HERO-template-Member\" srcset=\"https:\/\/www.tucoemas.org\/files\/HERO-template-Member.jpg 550w, https:\/\/www.tucoemas.org\/files\/HERO-template-Member-540x540.jpg 540w, https:\/\/www.tucoemas.org\/files\/HERO-template-Member-150x150.jpg 150w, https:\/\/www.tucoemas.org\/files\/HERO-template-Member-396x396.jpg 396w, https:\/\/www.tucoemas.org\/files\/HERO-template-Member-75x75.jpg 75w, https:\/\/www.tucoemas.org\/files\/HERO-template-Member-300x300.jpg 300w, https:\/\/www.tucoemas.org\/files\/HERO-template-Member-400x400.jpg 400w\" sizes=\"auto, (max-width: 550px) 100vw, 550px\" \/>\t\t\t\t\t<\/div>\n\t\t\t\t\t\t\t\t<div class=\"co-page_hero--text pcol-lg:7\">\n\t\t\t\t\t\t\t\t\t\t<h1 class=\"co-page_hero--title\">\n\t\t\t\t\t\tBanca en l\u00ednea y m\u00f3vil\t\t\t\t\t<\/h1>\n\t\t\t\t\t<p class=\"co-page_hero--tagline\">Banca al alcance de su mano, en cualquier lugar y en cualquier momento.<\/p>\t\t\t\t\t\t<div class=\"co-page_hero--buttons\">\n\t\t\t\t\t\t\t<a class=\"co-page_hero--button\" href=\"https:\/\/my.tucoemas.org\/enroll\"  ><span>INSCR\u00cdBASE<\/span><\/a><a class=\"co-page_hero--link\" href=\"https:\/\/my.tucoemas.org\/login\"  ><span>\u00bfYa est\u00e1 inscrito? Ingrese aqu\u00ed.<\/span><\/a>\t\t\t\t\t\t<\/div>\n\t\t\t\t\t\t\t\t\t\t<\/div>\n\t\t\t<\/div>\n\t\t<\/div>\n\t<\/header>\n\n\t<\/div>\n<\/div>\n\n\n<div class=\"co-flex_row co-flex_row__white co-flex_row__page-intro\" >\n\t<div class=\"co-flex_row--row co-row\">\n\t\t\t<div class=\"co-page_intro\">\n\t\t<h2 class=\"co-page_intro--title\">Acceso seguro a sus cuentas en cualquier momento y lugar.<\/h2><div class=\"co-page_intro--desc text-component\"><p>Disfrute de la comodidad de nuestros servicios de banca en l\u00ednea y m\u00f3vil.<\/p>\n<p>&nbsp;<\/p>\n<\/div>\t<\/div>\n\n\t<\/div>\n<\/div>\n\n\n<div class=\"co-flex_row co-flex_row__sticky-nav\" >\n\t<div class=\"co-flex_row--row co-row\">\n\t\t\t<div class=\"co-sticky_nav_wrap is-active\" id=\"js-sticky_nav_wrap\">\n\t\t<nav\n\t\t\tclass=\"co-sticky_nav\"\n\t\t\tid=\"js-sticky_nav\"\n\t\t\taria-label=\"Navegaci\u00f3n por ancla de p\u00e1gina\"\n\t\t>\n\t\t\t<div class=\"co-sticky_nav--mobile\">\n\t\t\t\t<button\n\t\t\t\t\tclass=\"co-sticky_nav--toggle closed\"\n\t\t\t\t\tid=\"js-sticky_nav_toggle\"\n\t\t\t\t\taria-label=\"Abrir y cerrar el men\u00fa de la p\u00e1gina\"\n\t\t\t\t>Men\u00fa de p\u00e1gina<\/button>\n\t\t\t<\/div>\n\t\t\t<div class=\"co-sticky_nav--row co-row closed\" id=\"js-sticky_nav_links\">\n\t\t\t\t\t\t\t\t\t<a href=\"#bankonline\" class=\"co-sticky_nav--link js-sticky_nav_item\" aria-label=\"Banco en l\u00ednea\">\n\t\t\t\t\t\tBanco en l\u00ednea\t\t\t\t\t<\/a>\n\t\t\t\t\t\t\t\t\t<a href=\"#mobile\" class=\"co-sticky_nav--link js-sticky_nav_item\" aria-label=\"Aplicaci\u00f3n m\u00f3vil\">\n\t\t\t\t\t\tAplicaci\u00f3n m\u00f3vil\t\t\t\t\t<\/a>\n\t\t\t\t\t\t\t\t\t<a href=\"#perks\" class=\"co-sticky_nav--link js-sticky_nav_item\" aria-label=\"Otros beneficios\">\n\t\t\t\t\t\tOtros beneficios\t\t\t\t\t<\/a>\n\t\t\t\t\t\t\t\t\t<a href=\"#join\" class=\"co-sticky_nav--link js-sticky_nav_item\" aria-label=\"\u00danase\">\n\t\t\t\t\t\t\u00danase\t\t\t\t\t<\/a>\n\t\t\t\t\t\t\t<\/div>\n\t\t<\/nav>\n\t<\/div>\n\n\t<\/div>\n<\/div>\n\n\n<div class=\"co-flex_row co-flex_row__white co-flex_row__long-form-text\" id=\"bankonline\">\n\t<div class=\"co-flex_row--row co-row\">\n\t\t\t<div class=\"co-long_form\">\n\t\t\t\t<header class=\"co-intro_text has_intro\">\n\t\t\t<h2 class=\"co-intro_text--title\">Banca en l\u00ednea, en cualquier momento<\/h2><div class=\"co-intro_text--intro text-component\"><p>Segura y f\u00e1cil de usar, la banca en l\u00ednea se convertir\u00e1 r\u00e1pidamente en parte de tu rutina diaria.<\/p>\n<\/div>\t\t<\/header>\n\t\t\t\t\t<div class=\"co-long_form--block prow items-start\">\n\t\t\t\t<div class=\"co-long_form--text pcol-md:7\">\n\t\t\t\t\t<div class=\"co-long_form--content text-component\"><ul>\n<li>Consulte los saldos de sus cuentas y monitoree la actividad<\/li>\n<li>Transfiera fondos entre sus cuentas, amigos, familiares y otras instituciones financieras<\/li>\n<li>Usa el servicio de pago de facturas Bill Pay para administrar sus facturas mensuales y programar pagos futuros<\/li>\n<li>Realiza pagos de pr\u00e9stamos<\/li>\n<li>Descarga la informaci\u00f3n de su cuenta a un software de gesti\u00f3n financiera personal<\/li>\n<\/ul>\n<p>Una vez inscrito, podr\u00e1 aprovechar la comodidad adicional de la banca m\u00f3vil, que le permite realizar estas mismas tareas desde su dispositivo m\u00f3vil.<\/p>\n<\/div><a class=\"co-long_form--button co-button\" href=\"https:\/\/my.tucoemas.org\/enroll\"  ><span>INSCR\u00cdBETE AHORA<\/span><\/a>\t\t\t\t<\/div>\n\t\t\t\t\t\t\t\t\t<div class=\"co-long_form--media pcol-md:5\">\n\t\t\t\t\t\t<img loading=\"lazy\" decoding=\"async\" width=\"400\" height=\"400\" src=\"https:\/\/www.tucoemas.org\/files\/Long-format-Business.jpg\" class=\"co-long_form--image\" alt=\"Long-format-Business\" srcset=\"https:\/\/www.tucoemas.org\/files\/Long-format-Business.jpg 400w, https:\/\/www.tucoemas.org\/files\/Long-format-Business-150x150.jpg 150w, https:\/\/www.tucoemas.org\/files\/Long-format-Business-396x396.jpg 396w, https:\/\/www.tucoemas.org\/files\/Long-format-Business-75x75.jpg 75w, https:\/\/www.tucoemas.org\/files\/Long-format-Business-300x300.jpg 300w\" sizes=\"auto, (max-width: 400px) 100vw, 400px\" \/>\t\t\t\t\t<\/div>\n\t\t\t\t\t\t\t<\/div>\n\t\t\t\t<\/div>\n\n\t<\/div>\n<\/div>\n\n\n<div class=\"co-flex_row co-flex_row__white co-flex_row__accordions\" id=\"mobile\">\n\t<div class=\"co-flex_row--row co-row\">\n\t\t\t<section class=\"co-accords_section\" aria-label=\"Aplicaci\u00f3n m\u00f3vil de Tucoemas\">\n\t\t\t\t<header class=\"co-intro_text has_intro\">\n\t\t\t<h2 class=\"co-intro_text--title\">Aplicaci\u00f3n m\u00f3vil de Tucoemas<\/h2><div class=\"co-intro_text--intro text-component\"><p>Estamos con usted en cualquier momento y lugar.<\/p>\n<\/div>\t\t<\/header>\n\t\t\t\t<div class=\"co-accordion\" data-animation=\"on\" data-multi-items=\"on\">\n\t\t\t\t\t\t\t<div class=\"co-accordion--item\">\n\t\t\t\t\t<button  class=\"co-accordion--header\t\t\t\t\t\t\tjs-accord_toggle\t\t\t\t\t\t\tclosed\">\n\t\t\t\t\t\tAplicaci\u00f3n m\u00f3vil\t\t\t\t\t\t<span class=\"co-accordion--icon no-js:is-hidden\"><\/span>\n\t\t\t\t\t<\/button>\n\t\t\t\t\t<div class=\"co-accordion--panel\t\t\t\t\t\tjs-accord_content\t\t\t\t\t\ttext-component\">\n\t\t\t\t\t\t<p>Mobiliti hace que tu smartphone sea m\u00e1s inteligente y potente. Puedes gestionar tus finanzas cuando te convenga.<\/p>\n<ul>\n<li style=\"list-style-type: none;\">\n<ul>\n<li style=\"text-align: left;\">Pague sus facturas y programe pagos futuros<\/li>\n<li style=\"text-align: left;\">Transfiere dinero entre tus cuentas<\/li>\n<li style=\"text-align: left;\">Realizar dep\u00f3sitos de cheques m\u00f3viles\n<ul>\n<li>Recuerde endosar el reverso del cheque con &#039;\u2018<strong>Solo para dep\u00f3sito m\u00f3vil de TFCU<\/strong>\u2018&#039;\u2018<\/li>\n<li>L\u00edmite de $5,000 por d\u00eda<\/li>\n<\/ul>\n<\/li>\n<\/ul>\n<\/li>\n<li style=\"text-align: left;\">Ver saldos de cuentas<\/li>\n<li style=\"text-align: left;\">Ver transacciones de la cuenta<\/li>\n<\/ul>\n<p>&nbsp;<\/p>\n<p><a href=\"https:\/\/play.google.com\/store\/apps\/details?id=org.tucoemas.grip&amp;pli=1\">Descargar para Android<\/a><\/p>\n<a href=\"https:\/\/apps.apple.com\/us\/app\/tucoemas\/id6470538991\" class=\"co-button\"><span>Descargar para iPhone<\/span><\/a>\n<p>&nbsp;<\/p>\n<p>Escanear para descargar<\/p>\n<p>Para Android<\/p>\n<p><img loading=\"lazy\" decoding=\"async\" class=\"alignnone  wp-image-6445\" src=\"https:\/\/www.tucoemas.org\/files\/Tucoemas_App_Android-540x540.jpg\" alt=\"Tucoemas_App_Android\" width=\"220\" height=\"220\" srcset=\"https:\/\/www.tucoemas.org\/files\/Tucoemas_App_Android-540x540.jpg 540w, https:\/\/www.tucoemas.org\/files\/Tucoemas_App_Android-730x730.jpg 730w, https:\/\/www.tucoemas.org\/files\/Tucoemas_App_Android-150x150.jpg 150w, https:\/\/www.tucoemas.org\/files\/Tucoemas_App_Android-768x768.jpg 768w, https:\/\/www.tucoemas.org\/files\/Tucoemas_App_Android-1536x1536.jpg 1536w, https:\/\/www.tucoemas.org\/files\/Tucoemas_App_Android-2048x2048.jpg 2048w, https:\/\/www.tucoemas.org\/files\/Tucoemas_App_Android-396x396.jpg 396w, https:\/\/www.tucoemas.org\/files\/Tucoemas_App_Android-840x840.jpg 840w, https:\/\/www.tucoemas.org\/files\/Tucoemas_App_Android-75x75.jpg 75w\" sizes=\"auto, (max-width: 220px) 100vw, 220px\" \/><\/p>\n<p>Para iPhone<\/p>\n<p><img loading=\"lazy\" decoding=\"async\" class=\"alignnone size-full wp-image-4531\" src=\"https:\/\/www.tucoemas.org\/files\/QR-Code-Temp-Apple-1.jpg\" alt=\"QR-Code-Temp-Apple\" width=\"200\" height=\"200\" srcset=\"https:\/\/www.tucoemas.org\/files\/QR-Code-Temp-Apple-1.jpg 200w, https:\/\/www.tucoemas.org\/files\/QR-Code-Temp-Apple-1-150x150.jpg 150w, https:\/\/www.tucoemas.org\/files\/QR-Code-Temp-Apple-1-75x75.jpg 75w\" sizes=\"auto, (max-width: 200px) 100vw, 200px\" \/><\/p>\n\t\t\t\t\t<\/div>\n\t\t\t\t<\/div>\n\t\t\t\t\t\t\t<div class=\"co-accordion--item\">\n\t\t\t\t\t<button  class=\"co-accordion--header\t\t\t\t\t\t\tjs-accord_toggle\t\t\t\t\t\t\tclosed\">\n\t\t\t\t\t\tBilletera m\u00f3vil\t\t\t\t\t\t<span class=\"co-accordion--icon no-js:is-hidden\"><\/span>\n\t\t\t\t\t<\/button>\n\t\t\t\t\t<div class=\"co-accordion--panel\t\t\t\t\t\tjs-accord_content\t\t\t\t\t\ttext-component\">\n\t\t\t\t\t\t<p>Somos compatibles con Apple y Google Pay para que puedas disfrutar de los beneficios y recompensas de tus tarjetas de cr\u00e9dito y d\u00e9bito VISA de Tucoemas usando apps de billetera digital. \u00a1Agrega los datos de tu tarjeta a tu dispositivo m\u00f3vil para comenzar!<\/p>\n\t\t\t\t\t<\/div>\n\t\t\t\t<\/div>\n\t\t\t\t\t\t\t<div class=\"co-accordion--item\">\n\t\t\t\t\t<button  class=\"co-accordion--header\t\t\t\t\t\t\tjs-accord_toggle\t\t\t\t\t\t\tclosed\">\n\t\t\t\t\t\tSeguridad m\u00f3vil\t\t\t\t\t\t<span class=\"co-accordion--icon no-js:is-hidden\"><\/span>\n\t\t\t\t\t<\/button>\n\t\t\t\t\t<div class=\"co-accordion--panel\t\t\t\t\t\tjs-accord_content\t\t\t\t\t\ttext-component\">\n\t\t\t\t\t\t<ul>\n<li style=\"text-align: left;\">Proteja su tel\u00e9fono con contrase\u00f1a y c\u00e1mbiela peri\u00f3dicamente.<\/li>\n<li style=\"text-align: left;\">Descargue aplicaciones s\u00f3lo de fuentes confiables.<\/li>\n<li style=\"text-align: left;\">Nunca guarde nombres de usuario y contrase\u00f1as en su tel\u00e9fono.<\/li>\n<li style=\"text-align: left;\">Notif\u00edquenos a nosotros y a su proveedor inmediatamente si pierde o le roban su tel\u00e9fono para que podamos desactivarlo.<\/li>\n<li style=\"text-align: left;\">Revise su cuenta peri\u00f3dicamente y notif\u00edquenos cualquier transacci\u00f3n no autorizada.<\/li>\n<li style=\"text-align: left;\">No responda a mensajes de texto que soliciten informaci\u00f3n personal, como n\u00fameros de Seguro Social, n\u00fameros de tarjetas de cr\u00e9dito\/d\u00e9bito\/ATM y n\u00fameros de cuenta.<\/li>\n<li style=\"text-align: left;\">No abra archivos adjuntos ni haga clic en enlaces en correos electr\u00f3nicos de una fuente desconocida.<\/li>\n<\/ul>\n\t\t\t\t\t<\/div>\n\t\t\t\t<\/div>\n\t\t\t\t\t<\/div>\n\t\t\t<\/section>\n\n\t<\/div>\n<\/div>\n\n\n<div class=\"co-flex_row co-flex_row__white co-flex_row__accordions\" id=\"perks\">\n\t<div class=\"co-flex_row--row co-row\">\n\t\t\t<section class=\"co-accords_section\" aria-label=\"Otros beneficios\">\n\t\t\t\t<header class=\"co-intro_text has_intro\">\n\t\t\t<h2 class=\"co-intro_text--title\">Otros beneficios<\/h2><div class=\"co-intro_text--intro text-component\"><p>Estamos con usted en cualquier momento y lugar.<\/p>\n<\/div>\t\t<\/header>\n\t\t\t\t<div class=\"co-accordion\" data-animation=\"on\" data-multi-items=\"on\">\n\t\t\t\t\t\t\t<div class=\"co-accordion--item\">\n\t\t\t\t\t<button  class=\"co-accordion--header\t\t\t\t\t\t\tjs-accord_toggle\t\t\t\t\t\t\tclosed\">\n\t\t\t\t\t\tEstados de cuenta electr\u00f3nicos (eStatements)\t\t\t\t\t\t<span class=\"co-accordion--icon no-js:is-hidden\"><\/span>\n\t\t\t\t\t<\/button>\n\t\t\t\t\t<div class=\"co-accordion--panel\t\t\t\t\t\tjs-accord_content\t\t\t\t\t\ttext-component\">\n\t\t\t\t\t\t<p>Olv\u00eddate del papel con los estados de cuenta electr\u00f3nicos de Tucoemas. No solo priorizamos la comodidad, sino que tambi\u00e9n adoptamos pr\u00e1cticas ecol\u00f3gicas para reducir el desperdicio de papel y promover la sostenibilidad.<\/p>\n<ul>\n<li>La informaci\u00f3n de su cuenta de cooperativa de cr\u00e9dito se entrega digitalmente a trav\u00e9s de la Banca en L\u00ednea.<\/li>\n<li>Reciba una notificaci\u00f3n por correo electr\u00f3nico cuando su estado de cuenta est\u00e9 listo para ser visto.<\/li>\n<li>Acceda a sus estados de cuenta de forma segura con sus credenciales de inicio de sesi\u00f3n.<\/li>\n<li>Guarde estados de cuenta anteriores e imprima copias impresas si es necesario.<\/li>\n<li>Tome una decisi\u00f3n responsable con el medio ambiente y pase a los estados de cuenta electr\u00f3nicos.<\/li>\n<li>Disfrute de acceso gratuito a Bill Pay para programar pagos, realizar un seguimiento de la actividad y consolidar la informaci\u00f3n de pago.<\/li>\n<\/ul>\n\t\t\t\t\t<\/div>\n\t\t\t\t<\/div>\n\t\t\t\t\t\t\t<div class=\"co-accordion--item\">\n\t\t\t\t\t<button  class=\"co-accordion--header\t\t\t\t\t\t\tjs-accord_toggle\t\t\t\t\t\t\tclosed\">\n\t\t\t\t\t\tZelle\t\t\t\t\t\t<span class=\"co-accordion--icon no-js:is-hidden\"><\/span>\n\t\t\t\t\t<\/button>\n\t\t\t\t\t<div class=\"co-accordion--panel\t\t\t\t\t\tjs-accord_content\t\t\t\t\t\ttext-component\">\n\t\t\t\t\t\t<p>Zelle es una forma r\u00e1pida, segura y sencilla de enviar dinero. <a href=\"https:\/\/cloud.paymentsemails.com\/ZelleOverview?jhID=52208\">Obtenga m\u00e1s informaci\u00f3n aqu\u00ed.<\/a><\/p>\n\t\t\t\t\t<\/div>\n\t\t\t\t<\/div>\n\t\t\t\t\t<\/div>\n\t\t\t<\/section>\n\n\t<\/div>\n<\/div>\n\n\n<div class=\"co-flex_row co-flex_row__white co-flex_row__single-path-cta\" id=\"join\">\n\t<div class=\"co-flex_row--row co-row\">\n\t\t\t<div class=\"co-sp_cta\">\n\t\t\t\t<header class=\"co-intro_text has_intro\">\n\t\t\t<h2 class=\"co-intro_text--title\">H\u00e1gase miembro<\/h2><div class=\"co-intro_text--intro text-component\"><p>Como copropietario de Tucoemas, nuestras ganancias le benefician directamente a trav\u00e9s de mejores tasas y comisiones m\u00e1s bajas.<\/p>\n<\/div>\t\t<\/header>\n\t\t<a class=\"co-sp_cta--button\" href=\"https:\/\/www.tucoemas.org\/es\/open-account\/\"  ><span>\u00daNASE<\/span><\/a><a class=\"co-sp_cta--link\" href=\"https:\/\/www.tucoemas.org\/es\/help\/contact-us\/\"  ><span>Cont\u00e1ctenos<\/span><\/a>\t<\/div>\n\n\t<\/div>\n<\/div>\n\n\n<div class=\"co-flex_row co-flex_row__white co-flex_row__related-products\" >\n\t<div class=\"co-flex_row--row co-row\">\n\t\t\t<div class=\"co-rel_prods center-narrow\">\n\t\t\t\t<header class=\"co-intro_text\">\n\t\t\t<h2 class=\"co-intro_text--title\">Explora otros productos o servicios relacionados<\/h2>\t\t<\/header>\n\t\t\t\t\t<div class=\"co-rel_prods--cols prow prow-md:2  justify-center\">\n\t\t\t\t\t\t\t\t\t<div class=\"co-rel_prods--col\">\n\t\t\t\t\t\t<h3 class=\"co-rel_prods--col_title\">Servicios de cable<\/h3><div class=\"co-rel_prods--col_desc text-component\">Eficientes y seguros, nuestros servicios de transferencia bancaria en Tucoemas le permiten enviar y recibir fondos a nivel mundial con confianza.<\/div><a class=\"co-rel_prods--col_cta\" href=\"https:\/\/www.tucoemas.org\/es\/bank\/member-services\/wire-transfers\/\" target=\"_top\" aria-label=\"Lea m\u00e1s sobre los servicios de cable\"><span>M\u00e1s informaci\u00f3n<\/span><\/a>\t\t\t\t\t<\/div>\n\t\t\t\t\t\t\t\t\t\t<div class=\"co-rel_prods--col\">\n\t\t\t\t\t\t<h3 class=\"co-rel_prods--col_title\">Servicios para miembros<\/h3><div class=\"co-rel_prods--col_desc text-component\">Ya sea que abra una cuenta o administre su pr\u00e9stamo, nuestro equipo est\u00e1 aqu\u00ed para brindarle la ayuda y la orientaci\u00f3n que necesita.<\/div><a class=\"co-rel_prods--col_cta\" href=\"https:\/\/www.tucoemas.org\/es\/bank\/member-services\/\" target=\"_top\" aria-label=\"Lea m\u00e1s sobre Servicios para Miembros\"><span>M\u00e1s informaci\u00f3n<\/span><\/a>\t\t\t\t\t<\/div>\n\t\t\t\t\t\t\t\t<\/div>\n\t\t\t<\/div>\n\n\t<\/div>\n<\/div>\n\n\n<div class=\"co-flex_row co-flex_row__white co-flex_row__multi-path-cta\" >\n\t<div class=\"co-flex_row--row co-row\">\n\t\t\t<div class=\"co-mp_ctas\">\n\t\t\t\t<header class=\"co-intro_text has_intro\">\n\t\t\t<h2 class=\"co-intro_text--title\">Comience a usar la Banca en L\u00ednea y M\u00f3vil<\/h2><div class=\"co-intro_text--intro text-component\"><p>Inscr\u00edbete hoy o descarga la aplicaci\u00f3n para iOS o Android.<\/p>\n<\/div>\t\t<\/header>\n\t\t\t\t<div class=\"co-mp_ctas--list prow justify-center\">\n\t\t\t\t\t\t\t\t\t\t\t<div class=\"co-mp_cta pcol-lg:4\">\n\t\t\t\t\t<div class=\"co-mp_cta--title\">\n\t\t\t\t\t\tInscr\u00edbase en la Banca en L\u00ednea\t\t\t\t\t<\/div>\n\t\t\t\t\t<a class=\"co-mp_cta--link\" href=\"https:\/\/my.tucoemas.org\/enroll\"  ><span>INSCR\u00cdBETE EN L\u00cdNEA<\/span><\/a>\t\t\t\t<\/div>\n\t\t\t\t\t\t\t\t\t\t\t<div class=\"co-mp_cta pcol-lg:4\">\n\t\t\t\t\t<div class=\"co-mp_cta--title\">\n\t\t\t\t\t\tDescargue nuestra Aplicaci\u00f3n M\u00f3vil\t\t\t\t\t<\/div>\n\t\t\t\t\t\t\t\t\t\t\t<div class=\"co-mp_cta--content text-component\">\n\t\t\t\t\t\t\t<a href=\"https:\/\/play.google.com\/store\/apps\/details?id=org.tucoemas.grip&#038;pli=1\" class=\"co-button\"><span>Descargar para Android<\/span><\/a>\n<a href=\"https:\/\/apps.apple.com\/us\/app\/tucoemas\/id6470538991\" class=\"co-button\"><span>Descargar para iPhone<\/span><\/a>\n\t\t\t\t\t\t<\/div>\n\t\t\t\t\t\t\t\t\t<\/div>\n\t\t\t\t\t<\/div>\n\t<\/div>\n\n\t<\/div>\n<\/div>\n\n\n<div class=\"co-flex_row co-flex_row__last co-flex_row__back-to-top\" >\n\t<div class=\"co-flex_row--row co-row\">\n\t\t<div class=\"co-back_top\">\n\t<a class=\"co-back_top--link\" href=\"#\" aria-label=\"\">\n\t\tVolver arriba\t\t<svg class=\"co-back_top--link_icon\" viewbox=\"0 0 26 20\" role=\"img\" aria-label=\"Volver arriba\">\n\t\t\t<use xlink:href=\"https:\/\/www.tucoemas.org\/wp-content\/themes\/tucoemas-theme\/images\/sprite-icons.svg#back-top\" \/>\n\t\t<\/svg>\n\t<\/a>\n<\/div>\n\t<\/div>\n<\/div>","protected":false},"excerpt":{"rendered":"","protected":false},"author":10,"featured_media":0,"parent":0,"menu_order":0,"comment_status":"closed","ping_status":"closed","template":"","meta":{"_acf_changed":false,"_searchwp_excluded":"","footnotes":""},"class_list":["post-2467","page","type-page","status-publish","hentry"],"acf":[],"yoast_head":"<!-- This site is optimized with the Yoast SEO plugin v27.2 - https:\/\/yoast.com\/product\/yoast-seo-wordpress\/ -->\n<title>Online &amp; Mobile Banking - Tucoemas FCU<\/title>\n<meta name=\"robots\" content=\"index, follow, max-snippet:-1, max-image-preview:large, max-video-preview:-1\" \/>\n<link rel=\"canonical\" href=\"https:\/\/www.tucoemas.org\/es\/online-mobile-banking\/\" \/>\n<meta property=\"og:locale\" content=\"es_ES\" \/>\n<meta property=\"og:type\" content=\"article\" \/>\n<meta property=\"og:title\" content=\"Online &amp; Mobile Banking - Tucoemas FCU\" \/>\n<meta property=\"og:url\" content=\"https:\/\/www.tucoemas.org\/es\/online-mobile-banking\/\" \/>\n<meta property=\"og:site_name\" content=\"Tucoemas FCU\" \/>\n<meta property=\"article:modified_time\" content=\"2025-10-29T19:34:13+00:00\" \/>\n<meta name=\"twitter:card\" content=\"summary_large_image\" \/>\n<script type=\"application\/ld+json\" class=\"yoast-schema-graph\">{\"@context\":\"https:\/\/schema.org\",\"@graph\":[{\"@type\":\"WebPage\",\"@id\":\"https:\/\/www.tucoemas.org\/online-mobile-banking\/\",\"url\":\"https:\/\/www.tucoemas.org\/online-mobile-banking\/\",\"name\":\"Online & Mobile Banking - Tucoemas FCU\",\"isPartOf\":{\"@id\":\"https:\/\/www.tucoemas.org\/#website\"},\"datePublished\":\"2024-05-28T21:52:40+00:00\",\"dateModified\":\"2025-10-29T19:34:13+00:00\",\"breadcrumb\":{\"@id\":\"https:\/\/www.tucoemas.org\/online-mobile-banking\/#breadcrumb\"},\"inLanguage\":\"es-ES\",\"potentialAction\":[{\"@type\":\"ReadAction\",\"target\":[\"https:\/\/www.tucoemas.org\/online-mobile-banking\/\"]}]},{\"@type\":\"BreadcrumbList\",\"@id\":\"https:\/\/www.tucoemas.org\/online-mobile-banking\/#breadcrumb\",\"itemListElement\":[{\"@type\":\"ListItem\",\"position\":1,\"name\":\"Home\",\"item\":\"https:\/\/www.tucoemas.org\/\"},{\"@type\":\"ListItem\",\"position\":2,\"name\":\"Online &#038; Mobile Banking\"}]},{\"@type\":\"WebSite\",\"@id\":\"https:\/\/www.tucoemas.org\/#website\",\"url\":\"https:\/\/www.tucoemas.org\/\",\"name\":\"Tucoemas FCU\",\"description\":\"A community on the rise.\",\"potentialAction\":[{\"@type\":\"SearchAction\",\"target\":{\"@type\":\"EntryPoint\",\"urlTemplate\":\"https:\/\/www.tucoemas.org\/?s={search_term_string}\"},\"query-input\":{\"@type\":\"PropertyValueSpecification\",\"valueRequired\":true,\"valueName\":\"search_term_string\"}}],\"inLanguage\":\"es-ES\"}]}<\/script>\n<!-- \/ Yoast SEO plugin. -->","yoast_head_json":{"title":"Banca en l\u00ednea y m\u00f3vil - Tucoemas FCU","robots":{"index":"index","follow":"follow","max-snippet":"max-snippet:-1","max-image-preview":"max-image-preview:large","max-video-preview":"max-video-preview:-1"},"canonical":"https:\/\/www.tucoemas.org\/es\/online-mobile-banking\/","og_locale":"es_ES","og_type":"article","og_title":"Online & Mobile Banking - Tucoemas FCU","og_url":"https:\/\/www.tucoemas.org\/es\/online-mobile-banking\/","og_site_name":"Tucoemas FCU","article_modified_time":"2025-10-29T19:34:13+00:00","twitter_card":"summary_large_image","schema":{"@context":"https:\/\/schema.org","@graph":[{"@type":"WebPage","@id":"https:\/\/www.tucoemas.org\/online-mobile-banking\/","url":"https:\/\/www.tucoemas.org\/online-mobile-banking\/","name":"Banca en l\u00ednea y m\u00f3vil - Tucoemas FCU","isPartOf":{"@id":"https:\/\/www.tucoemas.org\/#website"},"datePublished":"2024-05-28T21:52:40+00:00","dateModified":"2025-10-29T19:34:13+00:00","breadcrumb":{"@id":"https:\/\/www.tucoemas.org\/online-mobile-banking\/#breadcrumb"},"inLanguage":"es-ES","potentialAction":[{"@type":"ReadAction","target":["https:\/\/www.tucoemas.org\/online-mobile-banking\/"]}]},{"@type":"BreadcrumbList","@id":"https:\/\/www.tucoemas.org\/online-mobile-banking\/#breadcrumb","itemListElement":[{"@type":"ListItem","position":1,"name":"Home","item":"https:\/\/www.tucoemas.org\/"},{"@type":"ListItem","position":2,"name":"Online &#038; Mobile Banking"}]},{"@type":"WebSite","@id":"https:\/\/www.tucoemas.org\/#website","url":"https:\/\/www.tucoemas.org\/","name":"Uni\u00f3n Cooperativa de Cr\u00e9dito Tucoemas","description":"Una comunidad en ascenso.","potentialAction":[{"@type":"SearchAction","target":{"@type":"EntryPoint","urlTemplate":"https:\/\/www.tucoemas.org\/?s={search_term_string}"},"query-input":{"@type":"PropertyValueSpecification","valueRequired":true,"valueName":"search_term_string"}}],"inLanguage":"es-ES"}]}},"_links":{"self":[{"href":"https:\/\/www.tucoemas.org\/es\/wp-json\/wp\/v2\/pages\/2467","targetHints":{"allow":["GET"]}}],"collection":[{"href":"https:\/\/www.tucoemas.org\/es\/wp-json\/wp\/v2\/pages"}],"about":[{"href":"https:\/\/www.tucoemas.org\/es\/wp-json\/wp\/v2\/types\/page"}],"author":[{"embeddable":true,"href":"https:\/\/www.tucoemas.org\/es\/wp-json\/wp\/v2\/users\/10"}],"replies":[{"embeddable":true,"href":"https:\/\/www.tucoemas.org\/es\/wp-json\/wp\/v2\/comments?post=2467"}],"version-history":[{"count":96,"href":"https:\/\/www.tucoemas.org\/es\/wp-json\/wp\/v2\/pages\/2467\/revisions"}],"predecessor-version":[{"id":6447,"href":"https:\/\/www.tucoemas.org\/es\/wp-json\/wp\/v2\/pages\/2467\/revisions\/6447"}],"wp:attachment":[{"href":"https:\/\/www.tucoemas.org\/es\/wp-json\/wp\/v2\/media?parent=2467"}],"curies":[{"name":"wp","href":"https:\/\/api.w.org\/{rel}","templated":true}]}}