{"id":2468,"date":"2024-05-28T14:52:40","date_gmt":"2024-05-28T21:52:40","guid":{"rendered":"https:\/\/www.tucoemas.org\/member-perks\/"},"modified":"2025-06-18T16:22:57","modified_gmt":"2025-06-18T23:22:57","slug":"member-perks","status":"publish","type":"page","link":"https:\/\/www.tucoemas.org\/es\/member-perks\/","title":{"rendered":"Beneficios para miembros"},"content":{"rendered":"<div class=\"co-flex_row co-flex_row__page-hero\" >\n\t<div class=\"co-flex_row--row co-row\">\n\t\t\t<header class=\"co-page_hero  co-page_hero__has_image display-img-desktop\" aria-label=\"Encabezado: Beneficios para miembros\">\n\t\t<div class=\"co-page_hero--inner\">\n\t\t\t<div class=\"prow gap:0\">\n\t\t\t\t\t\t\t\t\t<div class=\"co-page_hero--img_wrap pcol-lg:5\">\n\t\t\t\t\t\t<img loading=\"lazy\" decoding=\"async\" width=\"550\" height=\"550\" src=\"https:\/\/www.tucoemas.org\/files\/HERO-template-Member.jpg\" class=\"co-page_hero--img\" alt=\"HERO-template-Member\" srcset=\"https:\/\/www.tucoemas.org\/files\/HERO-template-Member.jpg 550w, https:\/\/www.tucoemas.org\/files\/HERO-template-Member-540x540.jpg 540w, https:\/\/www.tucoemas.org\/files\/HERO-template-Member-150x150.jpg 150w, https:\/\/www.tucoemas.org\/files\/HERO-template-Member-396x396.jpg 396w, https:\/\/www.tucoemas.org\/files\/HERO-template-Member-75x75.jpg 75w, https:\/\/www.tucoemas.org\/files\/HERO-template-Member-300x300.jpg 300w, https:\/\/www.tucoemas.org\/files\/HERO-template-Member-400x400.jpg 400w\" sizes=\"auto, (max-width: 550px) 100vw, 550px\" \/>\t\t\t\t\t<\/div>\n\t\t\t\t\t\t\t\t<div class=\"co-page_hero--text pcol-lg:7\">\n\t\t\t\t\t\t\t\t\t\t<h1 class=\"co-page_hero--title\">\n\t\t\t\t\t\tBeneficios para miembros\t\t\t\t\t<\/h1>\n\t\t\t\t\t<p class=\"co-page_hero--tagline\">Trabaje duro, viva intensamente.<\/p>\t\t\t\t\t\t<div class=\"co-page_hero--buttons\">\n\t\t\t\t\t\t\t<a class=\"co-page_hero--button\" href=\"https:\/\/www.tucoemas.org\/es\/help\/contact-us\/\"  ><span>\u00daNETE AHORA<\/span><\/a>\t\t\t\t\t\t<\/div>\n\t\t\t\t\t\t\t\t\t\t<\/div>\n\t\t\t<\/div>\n\t\t<\/div>\n\t<\/header>\n\n\t<\/div>\n<\/div>\n\n\n<div class=\"co-flex_row co-flex_row__white co-flex_row__page-intro\" >\n\t<div class=\"co-flex_row--row co-row\">\n\t\t\t<div class=\"co-page_intro\">\n\t\t<h2 class=\"co-page_intro--title\">Descubra los beneficios de ser miembro de Tucoemas.<\/h2>\t<\/div>\n\n\t<\/div>\n<\/div>\n\n\n<div class=\"co-flex_row co-flex_row__white co-flex_row__long-form-text\" >\n\t<div class=\"co-flex_row--row co-row\">\n\t\t\t<div class=\"co-long_form\">\n\t\t\t\t\t<div class=\"co-long_form--block prow items-start\">\n\t\t\t\t<div class=\"co-long_form--text pcol-md:7\">\n\t\t\t\t\t<h2 class=\"co-long_form--headline\" >Protecci\u00f3n financiera<\/h2><div class=\"co-long_form--content text-component\"><p>Los miembros de Tucoemas disfrutan de monitoreo gratuito las 24 horas del d\u00eda, los 7 d\u00edas de la semana, de su cr\u00e9dito, identidad y finanzas con Carefull.<\/p>\n<p>\u00a1Obtenga m\u00e1s informaci\u00f3n y active su cuenta Carefull hoy mismo!<\/p>\n<\/div><a class=\"co-long_form--button co-button\" href=\"https:\/\/www.tucoemas.org\/es\/carefull\/\"  ><span>M\u00c1S INFORMACI\u00d3N<\/span><\/a>\t\t\t\t<\/div>\n\t\t\t\t\t\t\t\t\t<div class=\"co-long_form--media pcol-md:5\">\n\t\t\t\t\t\t<img loading=\"lazy\" decoding=\"async\" width=\"540\" height=\"360\" src=\"https:\/\/www.tucoemas.org\/files\/Image-with-Carefull-logo-540x360.jpg\" class=\"co-long_form--image\" alt=\"Image with Carefull logo\" srcset=\"https:\/\/www.tucoemas.org\/files\/Image-with-Carefull-logo-540x360.jpg 540w, https:\/\/www.tucoemas.org\/files\/Image-with-Carefull-logo-730x486.jpg 730w, https:\/\/www.tucoemas.org\/files\/Image-with-Carefull-logo-768x512.jpg 768w, https:\/\/www.tucoemas.org\/files\/Image-with-Carefull-logo-1536x1023.jpg 1536w, https:\/\/www.tucoemas.org\/files\/Image-with-Carefull-logo-2048x1365.jpg 2048w, https:\/\/www.tucoemas.org\/files\/Image-with-Carefull-logo-396x264.jpg 396w, https:\/\/www.tucoemas.org\/files\/Image-with-Carefull-logo-840x560.jpg 840w, https:\/\/www.tucoemas.org\/files\/Image-with-Carefull-logo-75x50.jpg 75w\" sizes=\"auto, (max-width: 540px) 100vw, 540px\" \/>\t\t\t\t\t<\/div>\n\t\t\t\t\t\t\t<\/div>\n\t\t\t\t<\/div>\n\n\t<\/div>\n<\/div>\n\n\n<div class=\"co-flex_row co-flex_row__white co-flex_row__long-form-text\" id=\"gcu\">\n\t<div class=\"co-flex_row--row co-row\">\n\t\t\t<div class=\"co-long_form\">\n\t\t\t\t\t<div class=\"co-long_form--block prow items-start\">\n\t\t\t\t<div class=\"co-long_form--text pcol-md:7\">\n\t\t\t\t\t<h2 class=\"co-long_form--headline\" >Grand Canyon University<\/h2><div class=\"co-long_form--content text-component\"><p>Como miembro de Tucoemas, puede explorar nuestra asociaci\u00f3n con la universidad Grand Canyon University (GCU) para crear un plan personalizado que le ayude a alcanzar sus metas profesionales.<\/p>\n<p>Desde una comunidad universitaria en constante crecimiento que cuenta con nuevas instalaciones hasta el liderazgo m\u00e1s experimentado en educaci\u00f3n en l\u00ednea, GCU ofrece una experiencia educativa \u00fanica que le permite aprovechar al m\u00e1ximo su programa acad\u00e9mico. Ya sea que curse una carrera de forma presencial o en l\u00ednea, tendr\u00e1 acceso a diversos recursos, el apoyo de profesores de tiempo completo y a una variedad de programas en \u00e1reas de gran demanda.<\/p>\n<p><a href=\"https:\/\/www.tucoemas.org\/files\/Grand-Canyon-University.pdf\">Grand Canyon University<\/a><\/p>\n<\/div>\t\t\t\t<\/div>\n\t\t\t\t\t\t\t\t\t<div class=\"co-long_form--media pcol-md:5\">\n\t\t\t\t\t\t<img loading=\"lazy\" decoding=\"async\" width=\"400\" height=\"400\" src=\"https:\/\/www.tucoemas.org\/files\/Long-format-GCU.jpg\" class=\"co-long_form--image\" alt=\"Long-format-GCU\" srcset=\"https:\/\/www.tucoemas.org\/files\/Long-format-GCU.jpg 400w, https:\/\/www.tucoemas.org\/files\/Long-format-GCU-150x150.jpg 150w, https:\/\/www.tucoemas.org\/files\/Long-format-GCU-396x396.jpg 396w, https:\/\/www.tucoemas.org\/files\/Long-format-GCU-75x75.jpg 75w, https:\/\/www.tucoemas.org\/files\/Long-format-GCU-300x300.jpg 300w\" sizes=\"auto, (max-width: 400px) 100vw, 400px\" \/>\t\t\t\t\t<\/div>\n\t\t\t\t\t\t\t<\/div>\n\t\t\t\t<\/div>\n\n\t<\/div>\n<\/div>\n\n\n<div class=\"co-flex_row co-flex_row__white co-flex_row__long-form-text\" >\n\t<div class=\"co-flex_row--row co-row\">\n\t\t\t<div class=\"co-long_form\">\n\t\t\t\t\t<div class=\"co-long_form--block prow items-start\">\n\t\t\t\t<div class=\"co-long_form--text pcol-md:7\">\n\t\t\t\t\t<h2 class=\"co-long_form--headline\" >Seguro para mascotas Spot<\/h2><div class=\"co-long_form--content text-component\"><p><strong>Los miembros de Tucoemas obtienen hasta un 20% de descuento*<\/strong><\/p>\n<p>\u201310% de descuento en todas las mascotas<\/p>\n<p>\u2013 10% de descuento adicional por cada mascota a\u00f1adida<\/p>\n<p>\u00a1Cobertura para perros y gatos sin l\u00edmite de edad m\u00e1xima!<\/p>\n<p><strong>Sin restricciones de red:\u00a0<\/strong>Visite cualquier veterinario, cl\u00ednica de emergencia o especialista con licencia en EE. UU.<\/p>\n<p>&nbsp;<\/p>\n<p><strong>F\u00e1cil de inscribirse<\/strong><\/p>\n<p>\u2022 Visita\u00a0<a href=\"https:\/\/spotpet.link\/tucoemascu\" target=\"_blank\" rel=\"noopener\"><strong>https:\/\/spotpet.link\/tucoemascu<\/strong><\/a> \u00a1Para m\u00e1s informaci\u00f3n y cotizaciones e inscribirte en un plan Spot!<\/p>\n<p>\u2022\tLlame al (800) 905-1595 e indique que es miembro de Tucoemas Federal Credit Union.<\/p>\n<p>\u2022\tDespu\u00e9s de inscribirse, se le enviar\u00e1 una copia de su p\u00f3liza y se le dar\u00e1 acceso al portal del asegurado, donde podr\u00e1 ver su p\u00f3liza, presentar reclamos e inscribirse para recibir pagos por dep\u00f3sito directo.<\/p>\n<\/div><a class=\"co-long_form--button co-button\" href=\"https:\/\/www.tucoemas.org\/es\/speed-bump\/?url=https%3A%2F%2Fspotpet.link%2Ftucoemascu&#038;prev=https%3A%2F%2Fwww.tucoemas.org%2Fes%2Fmember-perks%2F\"  ><span>M\u00c1S INFORMACI\u00d3N<\/span><\/a>\t\t\t\t<\/div>\n\t\t\t\t\t\t\t\t\t<div class=\"co-long_form--media pcol-md:5\">\n\t\t\t\t\t\t<img loading=\"lazy\" decoding=\"async\" width=\"400\" height=\"400\" src=\"https:\/\/www.tucoemas.org\/files\/Long-format-Auto-2.jpg\" class=\"co-long_form--image\" alt=\"Long-format-Auto-2\" srcset=\"https:\/\/www.tucoemas.org\/files\/Long-format-Auto-2.jpg 400w, https:\/\/www.tucoemas.org\/files\/Long-format-Auto-2-150x150.jpg 150w, https:\/\/www.tucoemas.org\/files\/Long-format-Auto-2-396x396.jpg 396w, https:\/\/www.tucoemas.org\/files\/Long-format-Auto-2-75x75.jpg 75w, https:\/\/www.tucoemas.org\/files\/Long-format-Auto-2-300x300.jpg 300w\" sizes=\"auto, (max-width: 400px) 100vw, 400px\" \/>\t\t\t\t\t<\/div>\n\t\t\t\t\t\t\t<\/div>\n\t\t\t\t\t\t<div class=\"co-long_form--block prow items-start\">\n\t\t\t\t<div class=\"co-long_form--text pcol-md:7\">\n\t\t\t\t\t<h2 class=\"co-long_form--headline\" >Boletos para Universal Studios Hollywood<\/h2><div class=\"co-long_form--content text-component\"><p><span class=\"bold\">La diversi\u00f3n para toda la familia viene con el ahorro de dinero en Universal Studios Hollywood, s\u00f3lo por ser miembro de Tucoemas. <\/span>Compre entradas con descuento para adultos y ni\u00f1os\u00a0<a title=\"Enlace externo en nueva ventana a la lista completa de descuentos\" href=\"https:\/\/ushtix.com\/TFCU\" target=\"_blank\" rel=\"noopener\">en l\u00ednea<\/a>\u00a0para disfrutar de la capital del entretenimiento de Los \u00c1ngeles.<\/p>\n<\/div><a class=\"co-long_form--button co-button\" href=\"https:\/\/www.tucoemas.org\/es\/speed-bump\/?url=https%3A%2F%2Fushtix.com%2FHome.aspx&#038;prev=https%3A%2F%2Fwww.tucoemas.org%2Fes%2Fmember-perks%2F\"  ><span>COMPRAR BOLETOS<\/span><\/a>\t\t\t\t<\/div>\n\t\t\t\t\t\t\t\t\t<div class=\"co-long_form--media pcol-md:5\">\n\t\t\t\t\t\t<img loading=\"lazy\" decoding=\"async\" width=\"540\" height=\"322\" src=\"https:\/\/www.tucoemas.org\/files\/Universal-LF-540x322.jpg\" class=\"co-long_form--image\" alt=\"Universal LF\" srcset=\"https:\/\/www.tucoemas.org\/files\/Universal-LF-540x322.jpg 540w, https:\/\/www.tucoemas.org\/files\/Universal-LF-730x436.jpg 730w, https:\/\/www.tucoemas.org\/files\/Universal-LF-768x458.jpg 768w, https:\/\/www.tucoemas.org\/files\/Universal-LF-1536x917.jpg 1536w, https:\/\/www.tucoemas.org\/files\/Universal-LF-396x236.jpg 396w, https:\/\/www.tucoemas.org\/files\/Universal-LF-840x501.jpg 840w, https:\/\/www.tucoemas.org\/files\/Universal-LF-75x45.jpg 75w, https:\/\/www.tucoemas.org\/files\/Universal-LF.jpg 1667w\" sizes=\"auto, (max-width: 540px) 100vw, 540px\" \/>\t\t\t\t\t<\/div>\n\t\t\t\t\t\t\t<\/div>\n\t\t\t\t\t\t<div class=\"co-long_form--block prow items-start\">\n\t\t\t\t<div class=\"co-long_form--text pcol-md:7\">\n\t\t\t\t\t<h2 class=\"co-long_form--headline\" >Comprar boletos con descuento<\/h2><a class=\"co-long_form--button co-button\" href=\"https:\/\/www.tucoemas.org\/es\/speed-bump\/?url=https%3A%2F%2Ftucoemasmembers.benefithub.com%2Fapp%2FCategory%2FTickets%2FAll%3Fpage%3D1&#038;prev=https%3A%2F%2Fwww.tucoemas.org%2Fes%2Fmember-perks%2F\"  ><span>COMPRAR CON DESCUENTOS<\/span><\/a>\t\t\t\t<\/div>\n\t\t\t\t\t\t\t\t\t<div class=\"co-long_form--media pcol-md:5\">\n\t\t\t\t\t\t<img loading=\"lazy\" decoding=\"async\" width=\"400\" height=\"400\" src=\"https:\/\/www.tucoemas.org\/files\/Long-format-Loans.jpg\" class=\"co-long_form--image\" alt=\"Long-format-Loans\" srcset=\"https:\/\/www.tucoemas.org\/files\/Long-format-Loans.jpg 400w, https:\/\/www.tucoemas.org\/files\/Long-format-Loans-150x150.jpg 150w, https:\/\/www.tucoemas.org\/files\/Long-format-Loans-396x396.jpg 396w, https:\/\/www.tucoemas.org\/files\/Long-format-Loans-75x75.jpg 75w, https:\/\/www.tucoemas.org\/files\/Long-format-Loans-300x300.jpg 300w\" sizes=\"auto, (max-width: 400px) 100vw, 400px\" \/>\t\t\t\t\t<\/div>\n\t\t\t\t\t\t\t<\/div>\n\t\t\t\t<\/div>\n\n\t<\/div>\n<\/div>\n\n\n<div class=\"co-flex_row co-flex_row__white co-flex_row__single-path-cta\" >\n\t<div class=\"co-flex_row--row co-row\">\n\t\t\t<div class=\"co-sp_cta\">\n\t\t\t\t<header class=\"co-intro_text has_intro\">\n\t\t\t<h2 class=\"co-intro_text--title\">H\u00e1gase miembro<\/h2><div class=\"co-intro_text--intro text-component\"><p>Como copropietario de Tucoemas, nuestras ganancias le benefician directamente a trav\u00e9s de mejores tasas y comisiones m\u00e1s bajas.<\/p>\n<\/div>\t\t<\/header>\n\t\t<a class=\"co-sp_cta--button\" href=\"https:\/\/www.tucoemas.org\/es\/open-account\/\"  ><span>\u00daNASE<\/span><\/a>\t<\/div>\n\n\t<\/div>\n<\/div>\n\n\n<div class=\"co-flex_row co-flex_row__white co-flex_row__last co-flex_row__multi-path-cta\" id=\"open\">\n\t<div class=\"co-flex_row--row co-row\">\n\t\t\t<div class=\"co-mp_ctas\">\n\t\t\t\t<header class=\"co-intro_text\">\n\t\t\t<h2 class=\"co-intro_text--title\">Cont\u00e1ctenos<\/h2>\t\t<\/header>\n\t\t\t\t<div class=\"co-mp_ctas--list prow justify-center\">\n\t\t\t\t\t\t\t\t\t\t\t<div class=\"co-mp_cta pcol-lg:4\">\n\t\t\t\t\t<div class=\"co-mp_cta--title\">\n\t\t\t\t\t\tVisita una sucursal\t\t\t\t\t<\/div>\n\t\t\t\t\t<a class=\"co-mp_cta--link\" href=\"https:\/\/www.tucoemas.org\/es\/locations-atms\/\"  ><span>ENCU\u00c9NTRENOS CERCA<\/span><\/a>\t\t\t\t<\/div>\n\t\t\t\t\t\t\t\t\t\t\t<div class=\"co-mp_cta pcol-lg:4\">\n\t\t\t\t\t<div class=\"co-mp_cta--title\">\n\t\t\t\t\t\tLl\u00e1menos o env\u00edenos un correo electr\u00f3nico\t\t\t\t\t<\/div>\n\t\t\t\t\t<a class=\"co-mp_cta--link\" href=\"https:\/\/www.tucoemas.org\/es\/help\/contact-us\/\"  ><span>CONT\u00c1CTENOS<\/span><\/a>\t\t\t\t<\/div>\n\t\t\t\t\t<\/div>\n\t<\/div>\n\n\t<\/div>\n<\/div>","protected":false},"excerpt":{"rendered":"","protected":false},"author":10,"featured_media":0,"parent":0,"menu_order":0,"comment_status":"closed","ping_status":"closed","template":"","meta":{"_acf_changed":false,"_searchwp_excluded":"","footnotes":""},"class_list":["post-2468","page","type-page","status-publish","hentry"],"acf":[],"yoast_head":"<!-- This site is optimized with the Yoast SEO plugin v27.2 - https:\/\/yoast.com\/product\/yoast-seo-wordpress\/ -->\n<title>Member Perks - Tucoemas FCU<\/title>\n<meta name=\"robots\" content=\"index, follow, max-snippet:-1, max-image-preview:large, max-video-preview:-1\" \/>\n<link rel=\"canonical\" href=\"https:\/\/www.tucoemas.org\/es\/member-perks\/\" \/>\n<meta property=\"og:locale\" content=\"es_ES\" \/>\n<meta property=\"og:type\" content=\"article\" \/>\n<meta property=\"og:title\" content=\"Member Perks - Tucoemas FCU\" \/>\n<meta property=\"og:url\" content=\"https:\/\/www.tucoemas.org\/es\/member-perks\/\" \/>\n<meta property=\"og:site_name\" content=\"Tucoemas FCU\" \/>\n<meta property=\"article:modified_time\" content=\"2025-06-18T23:22:57+00:00\" \/>\n<meta name=\"twitter:card\" content=\"summary_large_image\" \/>\n<script type=\"application\/ld+json\" class=\"yoast-schema-graph\">{\"@context\":\"https:\/\/schema.org\",\"@graph\":[{\"@type\":\"WebPage\",\"@id\":\"https:\/\/www.tucoemas.org\/member-perks\/\",\"url\":\"https:\/\/www.tucoemas.org\/member-perks\/\",\"name\":\"Member Perks - Tucoemas FCU\",\"isPartOf\":{\"@id\":\"https:\/\/www.tucoemas.org\/#website\"},\"datePublished\":\"2024-05-28T21:52:40+00:00\",\"dateModified\":\"2025-06-18T23:22:57+00:00\",\"breadcrumb\":{\"@id\":\"https:\/\/www.tucoemas.org\/member-perks\/#breadcrumb\"},\"inLanguage\":\"es-ES\",\"potentialAction\":[{\"@type\":\"ReadAction\",\"target\":[\"https:\/\/www.tucoemas.org\/member-perks\/\"]}]},{\"@type\":\"BreadcrumbList\",\"@id\":\"https:\/\/www.tucoemas.org\/member-perks\/#breadcrumb\",\"itemListElement\":[{\"@type\":\"ListItem\",\"position\":1,\"name\":\"Home\",\"item\":\"https:\/\/www.tucoemas.org\/\"},{\"@type\":\"ListItem\",\"position\":2,\"name\":\"Member Perks\"}]},{\"@type\":\"WebSite\",\"@id\":\"https:\/\/www.tucoemas.org\/#website\",\"url\":\"https:\/\/www.tucoemas.org\/\",\"name\":\"Tucoemas FCU\",\"description\":\"A community on the rise.\",\"potentialAction\":[{\"@type\":\"SearchAction\",\"target\":{\"@type\":\"EntryPoint\",\"urlTemplate\":\"https:\/\/www.tucoemas.org\/?s={search_term_string}\"},\"query-input\":{\"@type\":\"PropertyValueSpecification\",\"valueRequired\":true,\"valueName\":\"search_term_string\"}}],\"inLanguage\":\"es-ES\"}]}<\/script>\n<!-- \/ Yoast SEO plugin. -->","yoast_head_json":{"title":"Member Perks - Tucoemas FCU","robots":{"index":"index","follow":"follow","max-snippet":"max-snippet:-1","max-image-preview":"max-image-preview:large","max-video-preview":"max-video-preview:-1"},"canonical":"https:\/\/www.tucoemas.org\/es\/member-perks\/","og_locale":"es_ES","og_type":"article","og_title":"Member Perks - Tucoemas FCU","og_url":"https:\/\/www.tucoemas.org\/es\/member-perks\/","og_site_name":"Tucoemas FCU","article_modified_time":"2025-06-18T23:22:57+00:00","twitter_card":"summary_large_image","schema":{"@context":"https:\/\/schema.org","@graph":[{"@type":"WebPage","@id":"https:\/\/www.tucoemas.org\/member-perks\/","url":"https:\/\/www.tucoemas.org\/member-perks\/","name":"Member Perks - Tucoemas FCU","isPartOf":{"@id":"https:\/\/www.tucoemas.org\/#website"},"datePublished":"2024-05-28T21:52:40+00:00","dateModified":"2025-06-18T23:22:57+00:00","breadcrumb":{"@id":"https:\/\/www.tucoemas.org\/member-perks\/#breadcrumb"},"inLanguage":"es-ES","potentialAction":[{"@type":"ReadAction","target":["https:\/\/www.tucoemas.org\/member-perks\/"]}]},{"@type":"BreadcrumbList","@id":"https:\/\/www.tucoemas.org\/member-perks\/#breadcrumb","itemListElement":[{"@type":"ListItem","position":1,"name":"Home","item":"https:\/\/www.tucoemas.org\/"},{"@type":"ListItem","position":2,"name":"Member Perks"}]},{"@type":"WebSite","@id":"https:\/\/www.tucoemas.org\/#website","url":"https:\/\/www.tucoemas.org\/","name":"Uni\u00f3n Cooperativa de Cr\u00e9dito Tucoemas","description":"Una comunidad en ascenso.","potentialAction":[{"@type":"SearchAction","target":{"@type":"EntryPoint","urlTemplate":"https:\/\/www.tucoemas.org\/?s={search_term_string}"},"query-input":{"@type":"PropertyValueSpecification","valueRequired":true,"valueName":"search_term_string"}}],"inLanguage":"es-ES"}]}},"_links":{"self":[{"href":"https:\/\/www.tucoemas.org\/es\/wp-json\/wp\/v2\/pages\/2468","targetHints":{"allow":["GET"]}}],"collection":[{"href":"https:\/\/www.tucoemas.org\/es\/wp-json\/wp\/v2\/pages"}],"about":[{"href":"https:\/\/www.tucoemas.org\/es\/wp-json\/wp\/v2\/types\/page"}],"author":[{"embeddable":true,"href":"https:\/\/www.tucoemas.org\/es\/wp-json\/wp\/v2\/users\/10"}],"replies":[{"embeddable":true,"href":"https:\/\/www.tucoemas.org\/es\/wp-json\/wp\/v2\/comments?post=2468"}],"version-history":[{"count":40,"href":"https:\/\/www.tucoemas.org\/es\/wp-json\/wp\/v2\/pages\/2468\/revisions"}],"predecessor-version":[{"id":6235,"href":"https:\/\/www.tucoemas.org\/es\/wp-json\/wp\/v2\/pages\/2468\/revisions\/6235"}],"wp:attachment":[{"href":"https:\/\/www.tucoemas.org\/es\/wp-json\/wp\/v2\/media?parent=2468"}],"curies":[{"name":"wp","href":"https:\/\/api.w.org\/{rel}","templated":true}]}}