{"id":2469,"date":"2024-05-28T14:52:40","date_gmt":"2024-05-28T21:52:40","guid":{"rendered":"https:\/\/www.tucoemas.org\/member-services\/"},"modified":"2025-07-24T10:25:59","modified_gmt":"2025-07-24T17:25:59","slug":"member-services","status":"publish","type":"page","link":"https:\/\/www.tucoemas.org\/es\/bank\/member-services\/","title":{"rendered":"Servicios para miembros"},"content":{"rendered":"<div class=\"co-flex_row co-flex_row__page-hero\" >\n\t<div class=\"co-flex_row--row co-row\">\n\t\t\t<header class=\"co-page_hero  co-page_hero__has_image display-img-desktop\" aria-label=\"Encabezado: Servicios para miembros\">\n\t\t<div class=\"co-page_hero--inner\">\n\t\t\t<div class=\"prow gap:0\">\n\t\t\t\t\t\t\t\t\t<div class=\"co-page_hero--img_wrap pcol-lg:5\">\n\t\t\t\t\t\t<img loading=\"lazy\" decoding=\"async\" width=\"550\" height=\"550\" src=\"https:\/\/www.tucoemas.org\/files\/HERO-template-Friends.jpg\" class=\"co-page_hero--img\" alt=\"HERO-template-Friends\" srcset=\"https:\/\/www.tucoemas.org\/files\/HERO-template-Friends.jpg 550w, https:\/\/www.tucoemas.org\/files\/HERO-template-Friends-540x540.jpg 540w, https:\/\/www.tucoemas.org\/files\/HERO-template-Friends-150x150.jpg 150w, https:\/\/www.tucoemas.org\/files\/HERO-template-Friends-396x396.jpg 396w, https:\/\/www.tucoemas.org\/files\/HERO-template-Friends-75x75.jpg 75w, https:\/\/www.tucoemas.org\/files\/HERO-template-Friends-300x300.jpg 300w, https:\/\/www.tucoemas.org\/files\/HERO-template-Friends-400x400.jpg 400w\" sizes=\"auto, (max-width: 550px) 100vw, 550px\" \/>\t\t\t\t\t<\/div>\n\t\t\t\t\t\t\t\t<div class=\"co-page_hero--text pcol-lg:7\">\n\t\t\t\t\t\t\t\t\t\t<h1 class=\"co-page_hero--title\">\n\t\t\t\t\t\tServicios para miembros\t\t\t\t\t<\/h1>\n\t\t\t\t\t<p class=\"co-page_hero--tagline\">Estamos aqu\u00ed para usted.<\/p>\t\t\t\t\t\t<div class=\"co-page_hero--buttons\">\n\t\t\t\t\t\t\t<a class=\"co-page_hero--button\" href=\"https:\/\/www.tucoemas.org\/es\/open-account\/\"  ><span>ABRIR CUENTA<\/span><\/a><a class=\"co-page_hero--link\" href=\"https:\/\/www.tucoemas.org\/es\/help\/contact-us\/\"  ><span>Cont\u00e1ctenos<\/span><\/a>\t\t\t\t\t\t<\/div>\n\t\t\t\t\t\t\t\t\t\t<\/div>\n\t\t\t<\/div>\n\t\t<\/div>\n\t<\/header>\n\n\t<\/div>\n<\/div>\n\n\n<div class=\"co-flex_row co-flex_row__white co-flex_row__page-intro\" >\n\t<div class=\"co-flex_row--row co-row\">\n\t\t\t<div class=\"co-page_intro\">\n\t\t<h2 class=\"co-page_intro--title\">Apoyando su viaje<\/h2><div class=\"co-page_intro--desc text-component\"><p>Ya sea que abra una cuenta o administre su pr\u00e9stamo, nuestro equipo est\u00e1 aqu\u00ed para brindarle la ayuda y la orientaci\u00f3n que necesita.<\/p>\n<\/div>\t<\/div>\n\n\t<\/div>\n<\/div>\n\n\n<div class=\"co-flex_row co-flex_row__white co-flex_row__columns\" id=\"services\">\n\t<div class=\"co-flex_row--row co-row\">\n\t\t\t<div class=\"co-columns\">\n\t\t\t\t<header class=\"co-intro_text has_intro\">\n\t\t\t<h2 class=\"co-intro_text--title\">Servicios para miembros<\/h2><div class=\"co-intro_text--intro text-component\"><p>Ayud\u00e1ndole a administrar sus cuentas de forma r\u00e1pida y eficiente.<\/p>\n<\/div>\t\t<\/header>\n\t\t\t\t\t<div class=\"co-columns--row prow prow-md:2 prow-lg:5 justify-center\">\n\t\t\t\t\t\t\t\t\t<div class=\"co-columns--box\">\n\t\t\t\t\t\t<h3 class=\"co-columns--box_headline\" >Banca telef\u00f3nica (TellerPhone)<\/h3><div class=\"co-columns--box_desc text-component\"><p>Nuestro sistema de banca telef\u00f3nica automatizado y gratuito, conocido como TellerPhone, est\u00e1 disponible en ingl\u00e9s y espa\u00f1ol, las 24 horas del d\u00eda.<\/p>\n<\/div>\t\t\t\t\t<\/div>\n\t\t\t\t\t\t\t\t\t<div class=\"co-columns--box\">\n\t\t\t\t\t\t<h3 class=\"co-columns--box_headline\" >Servicios de cable<\/h3><div class=\"co-columns--box_desc text-component\"><p>Eficientes y seguros, nuestros servicios de transferencia bancaria en Tucoemas le permiten enviar y recibir fondos a nivel mundial con confianza.<\/p>\n<\/div>\t\t\t\t\t<\/div>\n\t\t\t\t\t\t\t\t\t<div class=\"co-columns--box\">\n\t\t\t\t\t\t<h3 class=\"co-columns--box_headline\" >Dep\u00f3sitos directos<\/h3><div class=\"co-columns--box_desc text-component\"><p>Ahorre tiempo y dinero depositando autom\u00e1ticamente su cheque de pago en su cuenta de Tucoemas, siempre que su empleador ofrezca el servicio.<\/p>\n<\/div>\t\t\t\t\t<\/div>\n\t\t\t\t\t\t\t\t\t<div class=\"co-columns--box\">\n\t\t\t\t\t\t<h3 class=\"co-columns--box_headline\" >Consultar pedidos<\/h3><div class=\"co-columns--box_desc text-component\"><p>Ahora puedes reordenar cheques r\u00e1pidamente en l\u00ednea a trav\u00e9s de nuestro proveedor,\u00a0<a title=\"Enlace externo al sitio web de Harland Clarke\" href=\"https:\/\/reorder.libertysite.com\/default.aspx\" target=\"_blank\" rel=\"noopener\" data-sf-ec-immutable=\"\">Harland Clarke<\/a>.<\/p>\n<\/div>\t\t\t\t\t<\/div>\n\t\t\t\t\t\t\t<\/div>\n\t\t\t<\/div>\n\n\t<\/div>\n<\/div>\n\n\n<div class=\"co-flex_row co-flex_row__white co-flex_row__accordions\" >\n\t<div class=\"co-flex_row--row co-row\">\n\t\t\t<section class=\"co-accords_section\" aria-label=\"\">\n\t\t\t\t<div class=\"co-accordion\" data-animation=\"on\" data-multi-items=\"on\">\n\t\t\t\t\t\t\t<div class=\"co-accordion--item\">\n\t\t\t\t\t<button  class=\"co-accordion--header\t\t\t\t\t\t\tjs-accord_toggle\t\t\t\t\t\t\tclosed\">\n\t\t\t\t\t\tBanca telef\u00f3nica (TellerPhone)\t\t\t\t\t\t<span class=\"co-accordion--icon no-js:is-hidden\"><\/span>\n\t\t\t\t\t<\/button>\n\t\t\t\t\t<div class=\"co-accordion--panel\t\t\t\t\t\tjs-accord_content\t\t\t\t\t\ttext-component\">\n\t\t\t\t\t\t<p><a href=\"tel: 18884279395\">1(888) 427-9395<\/a> o <a href=\"tel: 5597328892\">(559) 732-8892<\/a>, optar: 0<\/p>\n<ul>\n<li style=\"text-align: left;\">Consulta tu saldo<\/li>\n<li style=\"text-align: left;\">Acceder al historial de la cuenta<\/li>\n<li style=\"text-align: left;\">Transferir fondos<\/li>\n<li style=\"text-align: left;\">Realizar un pr\u00e9stamo o pago con VISA\u00ae<\/li>\n<li style=\"text-align: left;\">Obtener la informaci\u00f3n fiscal del a\u00f1o anterior o del a\u00f1o actual<\/li>\n<li style=\"text-align: left;\">Solicitar una copia de un cheque<\/li>\n<li style=\"text-align: left;\">Solicitar una suspensi\u00f3n de pago<\/li>\n<li style=\"text-align: left;\">Solicitar un anticipo de pr\u00e9stamo (excluyendo VISA\u00ae)<\/li>\n<li style=\"text-align: left;\">Cambiar tu PIN de audio<\/li>\n<li style=\"text-align: left;\">Realizar c\u00e1lculos de pagos de pr\u00e9stamos y ahorros<\/li>\n<\/ul>\n\t\t\t\t\t<\/div>\n\t\t\t\t<\/div>\n\t\t\t\t\t\t\t<div class=\"co-accordion--item\">\n\t\t\t\t\t<button  class=\"co-accordion--header\t\t\t\t\t\t\tjs-accord_toggle\t\t\t\t\t\t\tclosed\">\n\t\t\t\t\t\tServicios de cable\t\t\t\t\t\t<span class=\"co-accordion--icon no-js:is-hidden\"><\/span>\n\t\t\t\t\t<\/button>\n\t\t\t\t\t<div class=\"co-accordion--panel\t\t\t\t\t\tjs-accord_content\t\t\t\t\t\ttext-component\">\n\t\t\t\t\t\t<p><span class=\"bold underline\">Transferencias bancarias salientes<\/span><br \/>\nLas solicitudes de transferencia bancaria deben realizarse en persona.<\/p>\n<p><span class=\"bold\">Cables dom\u00e9sticos<\/span><\/p>\n<p>Si desea transferir dinero de Tucoemas FCU a otra instituci\u00f3n financiera en los Estados Unidos, proporcione lo siguiente:<br \/>\nMonto de la transferencia bancaria<\/p>\n<ul>\n<li>Nombre del banco o cooperativa de cr\u00e9dito que recibe la transferencia<\/li>\n<li>Direcci\u00f3n del banco o cooperativa de cr\u00e9dito que recibe la transferencia<\/li>\n<li>N\u00famero de ruta\/ABA del banco\/cooperativa de cr\u00e9dito que recibe la transferencia<\/li>\n<li>N\u00famero de cuenta en el banco\/cooperativa de cr\u00e9dito receptora<\/li>\n<li>Nombre y direcci\u00f3n f\u00edsica de la persona que recibir\u00e1 la transferencia (no se admiten apartados postales)<\/li>\n<li>N\u00famero de cuenta y ID de acci\u00f3n de Tucoemas FCU desde donde se transferir\u00e1 la transferencia<\/li>\n<li>Prop\u00f3sito del alambre<\/li>\n<li>Una tarifa de procesamiento de transferencia bancaria no reembolsable de $20.00 para transferencias nacionales o internacionales<\/li>\n<\/ul>\n<p><span class=\"bold\">TENGA EN CUENTA:<\/span> Es necesario utilizar estas instrucciones exactas para que su cable no sea rechazado.<br \/>\nGeneralmente, las transferencias deben enviarse antes de las 12:30 p. m. para que se reciban el mismo d\u00eda. Consulte con el<br \/>\ninstituci\u00f3n financiera para la hora l\u00edmite correcta.<\/p>\n<p><span class=\"bold\">Cables internacionales<\/span><br \/>\nSi el banco extranjero tiene un c\u00f3digo SWIFT*, podemos transferir fondos desde su cuenta directamente al banco.<br \/>\nBanco extranjero. Si el banco extranjero no tiene c\u00f3digo SWIFT, debemos tener la informaci\u00f3n<br \/>\npara que un banco corresponsal ubicado en EE.UU. procese la transferencia.<\/p>\n<p><span class=\"bold\">\u00bfQu\u00e9 es un c\u00f3digo SWIFT?<\/span><br \/>\nEl sistema SWIFT (Sociedad para las Telecomunicaciones Financieras Interbancarias Mundiales) es un<br \/>\nSistema de conmutaci\u00f3n de mensajes basado en computadora utilizado por la mayor\u00eda de los bancos internacionales para realizar<br \/>\nPagos internacionales. El c\u00f3digo SWIFT tiene 8 u 11 caracteres alfanum\u00e9ricos y es el<br \/>\nest\u00e1ndar internacional para la identificaci\u00f3n \u00fanica de una instituci\u00f3n financiera. El c\u00f3digo SWIFT tambi\u00e9n es<br \/>\nconocido como BIC (C\u00f3digo de Identificaci\u00f3n Bancaria).<\/p>\n<p><span class=\"bold\">TENGA EN CUENTA:<\/span> Se requiere verificaci\u00f3n de identidad y autenticaci\u00f3n adicionales para transferir fondos desde<br \/>\nSu cuenta. Es posible que se requiera informaci\u00f3n adicional al momento de solicitar la transferencia.<br \/>\nVisite cualquiera de nuestras cuatro sucursales para completar su transferencia bancaria o no dude en llamarnos.<br \/>\nal (559) 732-8892 con cualquier pregunta<\/p>\n<p>&nbsp;<\/p>\n<p><span class=\"bold underline\">Transferencias bancarias entrantes<\/span><\/p>\n<p><span class=\"bold\">Cables dom\u00e9sticos<\/span><\/p>\n<p>La transferencia bancaria es una opci\u00f3n bancaria que permite transferir fondos desde una instituci\u00f3n financiera a su cuenta.<br \/>\nCuenta de la FCU de Tucoemas. Las solicitudes de transferencias bancarias entrantes deben realizarse en la instituci\u00f3n financiera.<br \/>\nSe est\u00e1 enviando dinero desde.<\/p>\n<p>Para transferencias a Tucoemas FCU desde otra instituci\u00f3n financiera en los Estados Unidos, necesitar\u00e1 el<br \/>\nsiguiente:<\/p>\n<ul>\n<li>Monto de transferencia bancaria:<\/li>\n<li>Nombre de la cooperativa de cr\u00e9dito que recibe la transferencia: Catalyst Corporate FCU<\/li>\n<li>Direcci\u00f3n de la cooperativa de cr\u00e9dito que recibe la transferencia: 6801 Parkwood Blvd. Plano, TX 75024-7198<\/li>\n<li>N\u00famero de ruta\/ABA de la cooperativa de cr\u00e9dito que recibe la transferencia: 311990511<\/li>\n<li>Beneficiario FI: Cooperativa de Cr\u00e9dito Federal Tucoemas<\/li>\n<li>Direcci\u00f3n del beneficiario FI: 5222 W. Cypress Ave. Visalia, CA 93277<\/li>\n<li>Referencia: Nombre, N\u00famero de Socio y Tipo de Cuenta (Su informaci\u00f3n en Tucoemas)<\/li>\n<li>N\u00famero de cuenta: 321178420<\/li>\n<li>Nota: Hay una tarifa de procesamiento de transferencia bancaria entrante no reembolsable de $15.00 para transferencias nacionales o internacionales.<\/li>\n<\/ul>\n<p><span class=\"bold\">*Transferencias internacionales:<\/span><br \/>\nNo tenemos un c\u00f3digo SWIFT que permita enviar transferencias internacionales directamente desde un banco internacional.<br \/>\nBanco a Catalyst. El banco internacional remitente deber\u00e1 comunicarse con un banco corresponsal estadounidense.<br \/>\no a trav\u00e9s de un banco corresponsal extranjero que tenga una relaci\u00f3n bancaria con un corresponsal estadounidense<br \/>\nbanco.<\/p>\n<p>Contamos con un c\u00f3digo SWIFT\/BIC1 no activo que se puede entregar a una persona o instituci\u00f3n en<br \/>\notro pa\u00eds para su uso en la transferencia de fondos a los EE. UU. Para el banco internacional y los EE. UU.<br \/>\nbanco corresponsal, este c\u00f3digo identifica a Catalyst como una parte leg\u00edtima de la transferencia.<\/p>\n<p><span class=\"bold\">TENGA EN CUENTA:<\/span> que un BIC1 es un BIC &quot;inactivo&quot;, utilizado \u00fanicamente con fines de identificaci\u00f3n. Este BIC solo puede<br \/>\naparecer en el texto (bloque 4) de un mensaje FIN \u2013 campo de parte 57A o 58A, por ejemplo, para identificar su<br \/>\ninstituci\u00f3n como beneficiaria de un pago. Si aparece un BIC \u201cinactivo\u201d en el encabezado de un FIN<br \/>\nmensaje, el mensaje ser\u00e1 rechazado por FIN.<\/p>\n\t\t\t\t\t<\/div>\n\t\t\t\t<\/div>\n\t\t\t\t\t\t\t<div class=\"co-accordion--item\">\n\t\t\t\t\t<button  class=\"co-accordion--header\t\t\t\t\t\t\tjs-accord_toggle\t\t\t\t\t\t\tclosed\">\n\t\t\t\t\t\tDep\u00f3sitos directos\t\t\t\t\t\t<span class=\"co-accordion--icon no-js:is-hidden\"><\/span>\n\t\t\t\t\t<\/button>\n\t\t\t\t\t<div class=\"co-accordion--panel\t\t\t\t\t\tjs-accord_content\t\t\t\t\t\ttext-component\">\n\t\t\t\t\t\t<p>Es r\u00e1pido y m\u00e1s seguro que llevar un cheque en papel. Tambi\u00e9n puede usar el dep\u00f3sito directo para el Seguro Social y otros tipos de beneficios gubernamentales o pagos de pensiones.<\/p>\n<p>N\u00famero de ruta de Tucoemas Federal Credit Union:<br \/>\n<strong>321178420<\/strong><\/p>\n\t\t\t\t\t<\/div>\n\t\t\t\t<\/div>\n\t\t\t\t\t\t\t<div class=\"co-accordion--item\">\n\t\t\t\t\t<button  class=\"co-accordion--header\t\t\t\t\t\t\tjs-accord_toggle\t\t\t\t\t\t\tclosed\">\n\t\t\t\t\t\tConsultar pedidos\t\t\t\t\t\t<span class=\"co-accordion--icon no-js:is-hidden\"><\/span>\n\t\t\t\t\t<\/button>\n\t\t\t\t\t<div class=\"co-accordion--panel\t\t\t\t\t\tjs-accord_content\t\t\t\t\t\ttext-component\">\n\t\t\t\t\t\t<p>Elija entre varios estilos para adaptarse a sus necesidades. <a href=\"https:\/\/www.ordermychecks.com\/login_a.jsp\">Ordene cheques ahora<\/a>.<\/p>\n\t\t\t\t\t<\/div>\n\t\t\t\t<\/div>\n\t\t\t\t\t<\/div>\n\t\t\t<\/section>\n\n\t<\/div>\n<\/div>\n\n\n<div class=\"co-flex_row co-flex_row__white co-flex_row__single-path-cta\" id=\"join\">\n\t<div class=\"co-flex_row--row co-row\">\n\t\t\t<div class=\"co-sp_cta\">\n\t\t\t\t<header class=\"co-intro_text has_intro\">\n\t\t\t<h2 class=\"co-intro_text--title\">H\u00e1gase miembro<\/h2><div class=\"co-intro_text--intro text-component\"><p>Como copropietario de Tucoemas, nuestras ganancias le benefician directamente a trav\u00e9s de mejores tasas y comisiones m\u00e1s bajas.<\/p>\n<\/div>\t\t<\/header>\n\t\t<a class=\"co-sp_cta--button\" href=\"https:\/\/www.tucoemas.org\/es\/open-account\/\"  ><span>\u00daNASE<\/span><\/a>\t<\/div>\n\n\t<\/div>\n<\/div>\n\n\n<div class=\"co-flex_row co-flex_row__white co-flex_row__multi-path-cta\" id=\"contact\">\n\t<div class=\"co-flex_row--row co-row\">\n\t\t\t<div class=\"co-mp_ctas\">\n\t\t\t\t<header class=\"co-intro_text\">\n\t\t\t<h2 class=\"co-intro_text--title\">Cont\u00e1ctenos<\/h2>\t\t<\/header>\n\t\t\t\t<div class=\"co-mp_ctas--list prow justify-center\">\n\t\t\t\t\t\t\t\t\t\t\t<div class=\"co-mp_cta pcol-lg:4\">\n\t\t\t\t\t<div class=\"co-mp_cta--title\">\n\t\t\t\t\t\tVisita una sucursal\t\t\t\t\t<\/div>\n\t\t\t\t\t<a class=\"co-mp_cta--link\" href=\"https:\/\/www.tucoemas.org\/es\/locations-atms\/\"  ><span>ENCU\u00c9NTRENOS CERCA<\/span><\/a>\t\t\t\t<\/div>\n\t\t\t\t\t\t\t\t\t\t\t<div class=\"co-mp_cta pcol-lg:4\">\n\t\t\t\t\t<div class=\"co-mp_cta--title\">\n\t\t\t\t\t\tLl\u00e1menos o env\u00edenos un correo electr\u00f3nico\t\t\t\t\t<\/div>\n\t\t\t\t\t<a class=\"co-mp_cta--link\" href=\"https:\/\/www.tucoemas.org\/es\/help\/contact-us\/\"  ><span>CONTACTAR<\/span><\/a>\t\t\t\t<\/div>\n\t\t\t\t\t<\/div>\n\t<\/div>\n\n\t<\/div>\n<\/div>\n\n\n<div class=\"co-flex_row co-flex_row__white co-flex_row__related-products\" id=\"more\">\n\t<div class=\"co-flex_row--row co-row\">\n\t\t\t<div class=\"co-rel_prods center-narrow\">\n\t\t\t\t<header class=\"co-intro_text has_intro\">\n\t\t\t<h2 class=\"co-intro_text--title\">Tambi\u00e9n te podr\u00eda interesar\u2026<\/h2><div class=\"co-intro_text--intro text-component\"><p>Nuestra misi\u00f3n es crear seguridad financiera y brindar oportunidades reales a cada miembro de nuestra comunidad. Conozca algunos de nuestros otros servicios.<\/p>\n<\/div>\t\t<\/header>\n\t\t\t\t\t<div class=\"co-rel_prods--cols prow prow-md:2  justify-center\">\n\t\t\t\t\t\t\t\t\t<div class=\"co-rel_prods--col\">\n\t\t\t\t\t\t<h3 class=\"co-rel_prods--col_title\">Protecci\u00f3n de pago de cortes\u00eda<\/h3><div class=\"co-rel_prods--col_desc text-component\">Dise\u00f1ado para cubrir sobregiros inesperados y ayudarte a evitar cargos costosos. Descubre c\u00f3mo esta funci\u00f3n puede brindarte mayor seguridad financiera y tranquilidad.\r\n\r\n&nbsp;<\/div><a class=\"co-rel_prods--col_cta\" href=\"https:\/\/www.tucoemas.org\/es\/bank\/member-services\/courtesy-pay-protection\/\" target=\"_top\" aria-label=\"Lea m\u00e1s sobre la protecci\u00f3n de pago de cortes\u00eda\"><span>M\u00e1s informaci\u00f3n<\/span><\/a>\t\t\t\t\t<\/div>\n\t\t\t\t\t\t\t\t\t\t<div class=\"co-rel_prods--col\">\n\t\t\t\t\t\t<h3 class=\"co-rel_prods--col_title\">Servicios de cable<\/h3><div class=\"co-rel_prods--col_desc text-component\">Eficientes y seguros, nuestros servicios de transferencia bancaria en Tucoemas le permiten enviar y recibir fondos a nivel mundial con confianza.<\/div><a class=\"co-rel_prods--col_cta\" href=\"https:\/\/www.tucoemas.org\/es\/bank\/member-services\/wire-transfers\/\" target=\"_top\" aria-label=\"Lea m\u00e1s sobre los servicios de cable\"><span>M\u00e1s informaci\u00f3n<\/span><\/a>\t\t\t\t\t<\/div>\n\t\t\t\t\t\t\t\t<\/div>\n\t\t\t<\/div>\n\n\t<\/div>\n<\/div>\n\n\n<div class=\"co-flex_row co-flex_row__last co-flex_row__back-to-top\" >\n\t<div class=\"co-flex_row--row co-row\">\n\t\t<div class=\"co-back_top\">\n\t<a class=\"co-back_top--link\" href=\"#\" aria-label=\"\">\n\t\tVolver arriba\t\t<svg class=\"co-back_top--link_icon\" viewbox=\"0 0 26 20\" role=\"img\" aria-label=\"Volver arriba\">\n\t\t\t<use xlink:href=\"https:\/\/www.tucoemas.org\/wp-content\/themes\/tucoemas-theme\/images\/sprite-icons.svg#back-top\" \/>\n\t\t<\/svg>\n\t<\/a>\n<\/div>\n\t<\/div>\n<\/div>","protected":false},"excerpt":{"rendered":"","protected":false},"author":10,"featured_media":0,"parent":2460,"menu_order":0,"comment_status":"closed","ping_status":"closed","template":"","meta":{"_acf_changed":false,"_searchwp_excluded":"","footnotes":""},"class_list":["post-2469","page","type-page","status-publish","hentry"],"acf":[],"yoast_head":"<!-- This site is optimized with the Yoast SEO plugin v27.2 - https:\/\/yoast.com\/product\/yoast-seo-wordpress\/ -->\n<title>Member Services - Tucoemas FCU<\/title>\n<meta name=\"robots\" content=\"index, follow, max-snippet:-1, max-image-preview:large, max-video-preview:-1\" \/>\n<link rel=\"canonical\" href=\"https:\/\/www.tucoemas.org\/es\/bank\/member-services\/\" \/>\n<meta property=\"og:locale\" content=\"es_ES\" \/>\n<meta property=\"og:type\" content=\"article\" \/>\n<meta property=\"og:title\" content=\"Member Services - Tucoemas FCU\" \/>\n<meta property=\"og:url\" content=\"https:\/\/www.tucoemas.org\/es\/bank\/member-services\/\" \/>\n<meta property=\"og:site_name\" content=\"Tucoemas FCU\" \/>\n<meta property=\"article:modified_time\" content=\"2025-07-24T17:25:59+00:00\" \/>\n<meta name=\"twitter:card\" content=\"summary_large_image\" \/>\n<script type=\"application\/ld+json\" class=\"yoast-schema-graph\">{\"@context\":\"https:\/\/schema.org\",\"@graph\":[{\"@type\":\"WebPage\",\"@id\":\"https:\/\/www.tucoemas.org\/bank\/member-services\/\",\"url\":\"https:\/\/www.tucoemas.org\/bank\/member-services\/\",\"name\":\"Member Services - Tucoemas FCU\",\"isPartOf\":{\"@id\":\"https:\/\/www.tucoemas.org\/#website\"},\"datePublished\":\"2024-05-28T21:52:40+00:00\",\"dateModified\":\"2025-07-24T17:25:59+00:00\",\"breadcrumb\":{\"@id\":\"https:\/\/www.tucoemas.org\/bank\/member-services\/#breadcrumb\"},\"inLanguage\":\"es-ES\",\"potentialAction\":[{\"@type\":\"ReadAction\",\"target\":[\"https:\/\/www.tucoemas.org\/bank\/member-services\/\"]}]},{\"@type\":\"BreadcrumbList\",\"@id\":\"https:\/\/www.tucoemas.org\/bank\/member-services\/#breadcrumb\",\"itemListElement\":[{\"@type\":\"ListItem\",\"position\":1,\"name\":\"Home\",\"item\":\"https:\/\/www.tucoemas.org\/\"},{\"@type\":\"ListItem\",\"position\":2,\"name\":\"Checking &#038; Savings\",\"item\":\"https:\/\/www.tucoemas.org\/bank\/\"},{\"@type\":\"ListItem\",\"position\":3,\"name\":\"Member Services\"}]},{\"@type\":\"WebSite\",\"@id\":\"https:\/\/www.tucoemas.org\/#website\",\"url\":\"https:\/\/www.tucoemas.org\/\",\"name\":\"Tucoemas FCU\",\"description\":\"A community on the rise.\",\"potentialAction\":[{\"@type\":\"SearchAction\",\"target\":{\"@type\":\"EntryPoint\",\"urlTemplate\":\"https:\/\/www.tucoemas.org\/?s={search_term_string}\"},\"query-input\":{\"@type\":\"PropertyValueSpecification\",\"valueRequired\":true,\"valueName\":\"search_term_string\"}}],\"inLanguage\":\"es-ES\"}]}<\/script>\n<!-- \/ Yoast SEO plugin. -->","yoast_head_json":{"title":"Servicios para miembros - Tucoemas FCU","robots":{"index":"index","follow":"follow","max-snippet":"max-snippet:-1","max-image-preview":"max-image-preview:large","max-video-preview":"max-video-preview:-1"},"canonical":"https:\/\/www.tucoemas.org\/es\/bank\/member-services\/","og_locale":"es_ES","og_type":"article","og_title":"Member Services - Tucoemas FCU","og_url":"https:\/\/www.tucoemas.org\/es\/bank\/member-services\/","og_site_name":"Tucoemas FCU","article_modified_time":"2025-07-24T17:25:59+00:00","twitter_card":"summary_large_image","schema":{"@context":"https:\/\/schema.org","@graph":[{"@type":"WebPage","@id":"https:\/\/www.tucoemas.org\/bank\/member-services\/","url":"https:\/\/www.tucoemas.org\/bank\/member-services\/","name":"Servicios para miembros - Tucoemas FCU","isPartOf":{"@id":"https:\/\/www.tucoemas.org\/#website"},"datePublished":"2024-05-28T21:52:40+00:00","dateModified":"2025-07-24T17:25:59+00:00","breadcrumb":{"@id":"https:\/\/www.tucoemas.org\/bank\/member-services\/#breadcrumb"},"inLanguage":"es-ES","potentialAction":[{"@type":"ReadAction","target":["https:\/\/www.tucoemas.org\/bank\/member-services\/"]}]},{"@type":"BreadcrumbList","@id":"https:\/\/www.tucoemas.org\/bank\/member-services\/#breadcrumb","itemListElement":[{"@type":"ListItem","position":1,"name":"Home","item":"https:\/\/www.tucoemas.org\/"},{"@type":"ListItem","position":2,"name":"Checking &#038; Savings","item":"https:\/\/www.tucoemas.org\/bank\/"},{"@type":"ListItem","position":3,"name":"Member Services"}]},{"@type":"WebSite","@id":"https:\/\/www.tucoemas.org\/#website","url":"https:\/\/www.tucoemas.org\/","name":"Uni\u00f3n Cooperativa de Cr\u00e9dito Tucoemas","description":"Una comunidad en ascenso.","potentialAction":[{"@type":"SearchAction","target":{"@type":"EntryPoint","urlTemplate":"https:\/\/www.tucoemas.org\/?s={search_term_string}"},"query-input":{"@type":"PropertyValueSpecification","valueRequired":true,"valueName":"search_term_string"}}],"inLanguage":"es-ES"}]}},"_links":{"self":[{"href":"https:\/\/www.tucoemas.org\/es\/wp-json\/wp\/v2\/pages\/2469","targetHints":{"allow":["GET"]}}],"collection":[{"href":"https:\/\/www.tucoemas.org\/es\/wp-json\/wp\/v2\/pages"}],"about":[{"href":"https:\/\/www.tucoemas.org\/es\/wp-json\/wp\/v2\/types\/page"}],"author":[{"embeddable":true,"href":"https:\/\/www.tucoemas.org\/es\/wp-json\/wp\/v2\/users\/10"}],"replies":[{"embeddable":true,"href":"https:\/\/www.tucoemas.org\/es\/wp-json\/wp\/v2\/comments?post=2469"}],"version-history":[{"count":55,"href":"https:\/\/www.tucoemas.org\/es\/wp-json\/wp\/v2\/pages\/2469\/revisions"}],"predecessor-version":[{"id":6270,"href":"https:\/\/www.tucoemas.org\/es\/wp-json\/wp\/v2\/pages\/2469\/revisions\/6270"}],"up":[{"embeddable":true,"href":"https:\/\/www.tucoemas.org\/es\/wp-json\/wp\/v2\/pages\/2460"}],"wp:attachment":[{"href":"https:\/\/www.tucoemas.org\/es\/wp-json\/wp\/v2\/media?parent=2469"}],"curies":[{"name":"wp","href":"https:\/\/api.w.org\/{rel}","templated":true}]}}