{"id":2472,"date":"2024-05-28T14:52:41","date_gmt":"2024-05-28T21:52:41","guid":{"rendered":"https:\/\/www.tucoemas.org\/member-services\/financial-education\/"},"modified":"2026-01-02T15:43:07","modified_gmt":"2026-01-02T23:43:07","slug":"financial-education","status":"publish","type":"page","link":"https:\/\/www.tucoemas.org\/es\/bank\/member-services\/financial-education\/","title":{"rendered":"Educaci\u00f3n Financiera"},"content":{"rendered":"<div class=\"co-flex_row co-flex_row__page-hero\" >\n\t<div class=\"co-flex_row--row co-row\">\n\t\t\t<header class=\"co-page_hero  co-page_hero__has_image display-img-desktop\" aria-label=\"Encabezado: Educaci\u00f3n financiera\">\n\t\t<div class=\"co-page_hero--inner\">\n\t\t\t<div class=\"prow gap:0\">\n\t\t\t\t\t\t\t\t\t<div class=\"co-page_hero--img_wrap pcol-lg:5\">\n\t\t\t\t\t\t<img loading=\"lazy\" decoding=\"async\" width=\"550\" height=\"550\" src=\"https:\/\/www.tucoemas.org\/files\/HERO-template-Pathways.jpg\" class=\"co-page_hero--img\" alt=\"HERO-template-Pathways\" srcset=\"https:\/\/www.tucoemas.org\/files\/HERO-template-Pathways.jpg 550w, https:\/\/www.tucoemas.org\/files\/HERO-template-Pathways-540x540.jpg 540w, https:\/\/www.tucoemas.org\/files\/HERO-template-Pathways-150x150.jpg 150w, https:\/\/www.tucoemas.org\/files\/HERO-template-Pathways-396x396.jpg 396w, https:\/\/www.tucoemas.org\/files\/HERO-template-Pathways-75x75.jpg 75w, https:\/\/www.tucoemas.org\/files\/HERO-template-Pathways-300x300.jpg 300w, https:\/\/www.tucoemas.org\/files\/HERO-template-Pathways-400x400.jpg 400w\" sizes=\"auto, (max-width: 550px) 100vw, 550px\" \/>\t\t\t\t\t<\/div>\n\t\t\t\t\t\t\t\t<div class=\"co-page_hero--text pcol-lg:7\">\n\t\t\t\t\t\t\t\t\t\t<h1 class=\"co-page_hero--title\">\n\t\t\t\t\t\tEducaci\u00f3n Financiera\t\t\t\t\t<\/h1>\n\t\t\t\t\t<p class=\"co-page_hero--tagline\">Fortaleciendo su futuro financiero juntos.<\/p>\t\t\t\t\t\t<div class=\"co-page_hero--buttons\">\n\t\t\t\t\t\t\t<a class=\"co-page_hero--button\" href=\"https:\/\/www.tucoemas.org\/es\/speed-bump\/?url=https%3A%2F%2Fwww.tfaforms.com%2F4822436%3Ftfa_2%3DTucoemas&#038;prev=https%3A%2F%2Fwww.tucoemas.org%2Fes%2Fbank%2Fmember-services%2Ffinancial-education%2F\"  ><span>\u00daNETE AL PROGRAMA<\/span><\/a><a class=\"co-page_hero--link\" href=\"https:\/\/www.tucoemas.org\/es\/help\/contact-us\/\"  ><span>Cont\u00e1ctenos<\/span><\/a>\t\t\t\t\t\t<\/div>\n\t\t\t\t\t\t\t\t\t\t<\/div>\n\t\t\t<\/div>\n\t\t<\/div>\n\t<\/header>\n\n\t<\/div>\n<\/div>\n\n\n<div class=\"co-flex_row co-flex_row__white co-flex_row__page-intro\" >\n\t<div class=\"co-flex_row--row co-row\">\n\t\t\t<div class=\"co-page_intro\">\n\t\t<h2 class=\"co-page_intro--title\">Explora algunos de nuestros incre\u00edbles programas de educaci\u00f3n financiera a continuaci\u00f3n.<\/h2><div class=\"co-page_intro--desc text-component\"><p>La educaci\u00f3n financiera le permite construir una base s\u00f3lida para administrar sus deudas, invertir sabiamente y planificar su jubilaci\u00f3n.<\/p>\n<\/div>\t<\/div>\n\n\t<\/div>\n<\/div>\n\n\n<div class=\"co-flex_row co-flex_row__sticky-nav\" >\n\t<div class=\"co-flex_row--row co-row\">\n\t\t\t<div class=\"co-sticky_nav_wrap is-active\" id=\"js-sticky_nav_wrap\">\n\t\t<nav\n\t\t\tclass=\"co-sticky_nav\"\n\t\t\tid=\"js-sticky_nav\"\n\t\t\taria-label=\"Navegaci\u00f3n por ancla de p\u00e1gina\"\n\t\t>\n\t\t\t<div class=\"co-sticky_nav--mobile\">\n\t\t\t\t<button\n\t\t\t\t\tclass=\"co-sticky_nav--toggle closed\"\n\t\t\t\t\tid=\"js-sticky_nav_toggle\"\n\t\t\t\t\taria-label=\"Abrir y cerrar el men\u00fa de la p\u00e1gina\"\n\t\t\t\t>Men\u00fa de p\u00e1gina<\/button>\n\t\t\t<\/div>\n\t\t\t<div class=\"co-sticky_nav--row co-row closed\" id=\"js-sticky_nav_links\">\n\t\t\t\t\t\t\t\t\t<a href=\"#pathways\" class=\"co-sticky_nav--link js-sticky_nav_item\" aria-label=\"Enlace 1\">\n\t\t\t\t\t\tPrograma Pathways\t\t\t\t\t<\/a>\n\t\t\t\t\t\t\t\t\t<a href=\"#balance\" class=\"co-sticky_nav--link js-sticky_nav_item\" aria-label=\"Enlace 2\">\n\t\t\t\t\t\tBalance\t\t\t\t\t<\/a>\n\t\t\t\t\t\t\t\t\t<a href=\"#gcu\" class=\"co-sticky_nav--link js-sticky_nav_item\" aria-label=\"Enlace 3\">\n\t\t\t\t\t\tColega\t\t\t\t\t<\/a>\n\t\t\t\t\t\t\t\t\t<a href=\"#join\" class=\"co-sticky_nav--link js-sticky_nav_item\" aria-label=\"Enlace 4\">\n\t\t\t\t\t\t\u00danase a nosotros\t\t\t\t\t<\/a>\n\t\t\t\t\t\t\t<\/div>\n\t\t<\/nav>\n\t<\/div>\n\n\t<\/div>\n<\/div>\n\n\n<div class=\"co-flex_row co-flex_row__white co-flex_row__long-form-text\" id=\"pathways\">\n\t<div class=\"co-flex_row--row co-row\">\n\t\t\t<div class=\"co-long_form\">\n\t\t\t\t<header class=\"co-intro_text has_intro\">\n\t\t\t<h2 class=\"co-intro_text--title\">Caminos hacia un futuro m\u00e1s brillante<\/h2><div class=\"co-intro_text--intro text-component\"><p>\u00a1Te conectaremos con uno de nuestros asesores financieros certificados gratis! Nuestros asesores certificados te ayudar\u00e1n a reducir tus deudas, reducir tus pagos, aumentar tus ahorros y crear un plan financiero personalizado.<\/p>\n<p>Incluso te ayudaremos a empezar a ahorrar con $400* gratis si te quedas con nosotros al menos 4 meses. Es una inversi\u00f3n bastante cara, pero te la mereces.<\/p>\n<\/div>\t\t<\/header>\n\t\t\t\t\t<div class=\"co-long_form--block prow items-start\">\n\t\t\t\t<div class=\"co-long_form--text pcol-md:7\">\n\t\t\t\t\t<div class=\"co-long_form--content text-component\"><p>Para aprovechar nuestro excelente programa, siga los pasos a continuaci\u00f3n.<\/p>\n<ul>\n<li>Complete el formulario de inscripci\u00f3n remota en\u00a0<strong><a href=\"https:\/\/www.tfaforms.com\/4822436?tfa_2=Tucoemas\" target=\"_blank\" rel=\"noopener\">www.tfaforms.com\/4765279<\/a><\/strong><\/li>\n<li>Programe una reuni\u00f3n telef\u00f3nica o en persona con uno de nuestros Coaches Financieros Personales.<\/li>\n<li>Abra una cuenta corriente Kasasa gratuita y acepte 3 objetivos financieros b\u00e1sicos: reducir la deuda, reducir los pagos y aumentar los ahorros.<\/li>\n<li>Depositaremos $400 en su cuenta corriente gratuita Kasasa si permanece con nosotros durante al menos 4 meses.<\/li>\n<\/ul>\n<p><span class=\"bold\"><strong>Si tiene alguna pregunta, comun\u00edquese con nuestro equipo de v\u00edas de acceso a:<\/strong><\/span><\/p>\n<p>559-667-9245 o pathways@tucoemas.org<\/p>\n<\/div><a class=\"co-long_form--button co-button\" href=\"https:\/\/www.tucoemas.org\/es\/speed-bump\/?url=https%3A%2F%2Fwww.tfaforms.com%2F4822436%3Ftfa_2%3DTucoemas&#038;prev=https%3A%2F%2Fwww.tucoemas.org%2Fes%2Fbank%2Fmember-services%2Ffinancial-education%2F\"  ><span>INSCR\u00cdBASE<\/span><\/a>\t\t\t\t<\/div>\n\t\t\t\t\t\t\t\t\t<div class=\"co-long_form--media pcol-md:5\">\n\t\t\t\t\t\t<img loading=\"lazy\" decoding=\"async\" width=\"400\" height=\"400\" src=\"https:\/\/www.tucoemas.org\/files\/Long-format-Pathways.jpg\" class=\"co-long_form--image\" alt=\"Long-format-Pathways\" srcset=\"https:\/\/www.tucoemas.org\/files\/Long-format-Pathways.jpg 400w, https:\/\/www.tucoemas.org\/files\/Long-format-Pathways-150x150.jpg 150w, https:\/\/www.tucoemas.org\/files\/Long-format-Pathways-396x396.jpg 396w, https:\/\/www.tucoemas.org\/files\/Long-format-Pathways-75x75.jpg 75w, https:\/\/www.tucoemas.org\/files\/Long-format-Pathways-300x300.jpg 300w\" sizes=\"auto, (max-width: 400px) 100vw, 400px\" \/>\t\t\t\t\t<\/div>\n\t\t\t\t\t\t\t<\/div>\n\t\t\t\t<\/div>\n\n\t<\/div>\n<\/div>\n\n\n<div class=\"co-flex_row co-flex_row__white co-flex_row__long-form-text\" id=\"balance\">\n\t<div class=\"co-flex_row--row co-row\">\n\t\t\t<div class=\"co-long_form\">\n\t\t\t\t<header class=\"co-intro_text has_intro\">\n\t\t\t<h2 class=\"co-intro_text--title\">Balance<\/h2><div class=\"co-intro_text--intro text-component\"><p>La vida presenta importantes preguntas financieras, y no siempre es f\u00e1cil responderlas solo. Ah\u00ed es donde entra en juego la Educaci\u00f3n Financiera BALANCE.<\/p>\n<\/div>\t\t<\/header>\n\t\t\t\t\t<div class=\"co-long_form--block prow items-start\">\n\t\t\t\t<div class=\"co-long_form--text pcol-md:7\">\n\t\t\t\t\t<div class=\"co-long_form--content text-component\"><p>Nuestra alianza con BALANCE le brinda acceso al equipo de asesores financieros de la compa\u00f1\u00eda con sede en San Francisco, quienes le brindan informaci\u00f3n y asistencia objetivas y gratuitas. Ya sea que desee salir de deudas, consultar sobre hipotecas o jubilaci\u00f3n, o descubrir c\u00f3mo ahorrar m\u00e1s para la universidad, BALANCE puede guiarlo por el buen camino.<\/p>\n<p>&nbsp;<\/p>\n<h3>Enfocados en su bienestar financiero<\/h3>\n<p>BALANCE ofrece mucho m\u00e1s que solo asesoramiento. Si tiene problemas con sus deudas, por ejemplo, puede ayudarle a crear un plan de pago y a negociar con sus acreedores para reducir los pagos, los intereses y las comisiones. Adem\u00e1s, al ser miembro de la Cooperativa de Cr\u00e9dito Federal Tucoemas, no tendr\u00e1 que pagar la comisi\u00f3n administrativa $20.<\/p>\n<p>BALANCE puede ayudarte de muchas maneras, as\u00ed que no te quedes solo con tus finanzas. Simplemente llama gratis al (888) 456-2227 para hablar con un asesor de lunes a jueves de 5:00 a. m. a 8:00 p. m. (hora del Pac\u00edfico), los viernes de 5:00 a. m. a 5:00 p. m. y los s\u00e1bados de 8:00 a. m. a 5:00 p. m.<\/p>\n<\/div><a class=\"co-long_form--button co-button\" href=\"https:\/\/www.tucoemas.org\/es\/speed-bump\/?url=https%3A%2F%2Ftucoemas.balancepro.org%2F&#038;prev=https%3A%2F%2Fwww.tucoemas.org%2Fes%2Fbank%2Fmember-services%2Ffinancial-education%2F\"  ><span>M\u00c1S INFORMACI\u00d3N<\/span><\/a>\t\t\t\t<\/div>\n\t\t\t\t\t\t\t\t\t<div class=\"co-long_form--media pcol-md:5\">\n\t\t\t\t\t\t<img loading=\"lazy\" decoding=\"async\" width=\"400\" height=\"400\" src=\"https:\/\/www.tucoemas.org\/files\/Long-format-Friends.jpg\" class=\"co-long_form--image\" alt=\"Long-format-Friends\" srcset=\"https:\/\/www.tucoemas.org\/files\/Long-format-Friends.jpg 400w, https:\/\/www.tucoemas.org\/files\/Long-format-Friends-150x150.jpg 150w, https:\/\/www.tucoemas.org\/files\/Long-format-Friends-396x396.jpg 396w, https:\/\/www.tucoemas.org\/files\/Long-format-Friends-75x75.jpg 75w, https:\/\/www.tucoemas.org\/files\/Long-format-Friends-300x300.jpg 300w\" sizes=\"auto, (max-width: 400px) 100vw, 400px\" \/>\t\t\t\t\t<\/div>\n\t\t\t\t\t\t\t<\/div>\n\t\t\t\t<\/div>\n\n\t<\/div>\n<\/div>\n\n\n<div class=\"co-flex_row co-flex_row__white co-flex_row__multi-path-cta\" id=\"join\">\n\t<div class=\"co-flex_row--row co-row\">\n\t\t\t<div class=\"co-mp_ctas\">\n\t\t\t\t<header class=\"co-intro_text has_intro\">\n\t\t\t<h2 class=\"co-intro_text--title\">\u00danase a nosotros<\/h2><div class=\"co-intro_text--intro text-component\"><p>Valoramos su persona y todo lo que hace.<\/p>\n<\/div>\t\t<\/header>\n\t\t\t\t<div class=\"co-mp_ctas--list prow justify-center\">\n\t\t\t\t\t\t\t\t\t\t\t<div class=\"co-mp_cta pcol-lg:4\">\n\t\t\t\t\t<div class=\"co-mp_cta--title\">\n\t\t\t\t\t\tVisita una sucursal\t\t\t\t\t<\/div>\n\t\t\t\t\t<a class=\"co-mp_cta--link\" href=\"https:\/\/www.tucoemas.org\/es\/locations-atms\/\"  ><span>ENCU\u00c9NTRENOS CERCA<\/span><\/a>\t\t\t\t<\/div>\n\t\t\t\t\t\t\t\t\t\t\t<div class=\"co-mp_cta pcol-lg:4\">\n\t\t\t\t\t<div class=\"co-mp_cta--title\">\n\t\t\t\t\t\tH\u00e1gase miembro\t\t\t\t\t<\/div>\n\t\t\t\t\t<a class=\"co-mp_cta--link\" href=\"https:\/\/www.tucoemas.org\/es\/open-account\/\"  ><span>\u00daNASE<\/span><\/a>\t\t\t\t<\/div>\n\t\t\t\t\t\t\t\t\t\t\t<div class=\"co-mp_cta pcol-lg:4\">\n\t\t\t\t\t<div class=\"co-mp_cta--title\">\n\t\t\t\t\t\tLl\u00e1menos o env\u00edenos un correo electr\u00f3nico\t\t\t\t\t<\/div>\n\t\t\t\t\t<a class=\"co-mp_cta--link\" href=\"https:\/\/www.tucoemas.org\/es\/help\/contact-us\/\"  ><span>CONTACTAR<\/span><\/a>\t\t\t\t<\/div>\n\t\t\t\t\t<\/div>\n\t<\/div>\n\n\t<\/div>\n<\/div>\n\n\n<div class=\"co-flex_row co-flex_row__white co-flex_row__related-products\" >\n\t<div class=\"co-flex_row--row co-row\">\n\t\t\t<div class=\"co-rel_prods center-narrow\">\n\t\t\t\t<header class=\"co-intro_text has_intro\">\n\t\t\t<h2 class=\"co-intro_text--title\">Avanzando juntos<\/h2><div class=\"co-intro_text--intro text-component\"><p>Nuestra misi\u00f3n es crear seguridad financiera y brindar oportunidades reales para cada rinc\u00f3n de nuestra comunidad.<\/p>\n<\/div>\t\t<\/header>\n\t\t\t\t\t<div class=\"co-rel_prods--cols prow prow-md:2  justify-center\">\n\t\t\t\t\t\t\t\t\t<div class=\"co-rel_prods--col\">\n\t\t\t\t\t\t<h3 class=\"co-rel_prods--col_title\">Sobre Tucoemas<\/h3><a class=\"co-rel_prods--col_cta\" href=\"https:\/\/www.tucoemas.org\/es\/rising-together\/about-tucoemas\/\"  ><span>M\u00c1S INFORMACI\u00d3N<\/span><\/a>\t\t\t\t\t<\/div>\n\t\t\t\t\t\t\t\t\t\t<div class=\"co-rel_prods--col\">\n\t\t\t\t\t\t<h3 class=\"co-rel_prods--col_title\">Empoderando a nuestra comunidad<\/h3><a class=\"co-rel_prods--col_cta\" href=\"https:\/\/www.tucoemas.org\/es\/rising-together\/empowering-community\/\"  ><span>M\u00c1S INFORMACI\u00d3N<\/span><\/a>\t\t\t\t\t<\/div>\n\t\t\t\t\t\t\t\t<\/div>\n\t\t\t<\/div>\n\n\t<\/div>\n<\/div>\n\n\n<div class=\"co-flex_row co-flex_row__back-to-top\" >\n\t<div class=\"co-flex_row--row co-row\">\n\t\t<div class=\"co-back_top\">\n\t<a class=\"co-back_top--link\" href=\"#\" aria-label=\"\">\n\t\tVolver arriba\t\t<svg class=\"co-back_top--link_icon\" viewbox=\"0 0 26 20\" role=\"img\" aria-label=\"Volver arriba\">\n\t\t\t<use xlink:href=\"https:\/\/www.tucoemas.org\/wp-content\/themes\/tucoemas-theme\/images\/sprite-icons.svg#back-top\" \/>\n\t\t<\/svg>\n\t<\/a>\n<\/div>\n\t<\/div>\n<\/div>\n\n\n<div class=\"co-flex_row co-flex_row__white co-flex_row__last co-flex_row__disclosures\" >\n\t<div class=\"co-flex_row--row co-row\">\n\t\t\t<div class=\"co-disclosures\">\n\t\t<h2 class=\"co-disclosures--title\">Divulgaciones<\/h2>\n\t\t<dl class=\"co-disclosures--list\">\n\t\t\t\t\t\t\t<div class=\"co-disclosure\">\n\t\t\t\t\t<dd class=\"co-disclosure--desc\">\n\t\t\t\t\t\t\t\t\t\t\t\t<div class=\"text-component\"><p data-start=\"185\" data-end=\"396\">*Los participantes deben ser miembros de Tucoemas para unirse al Programa de Asesor\u00eda Financiera &quot;Caminos hacia un Futuro Mejor&quot;. Se ofrece un incentivo de $400 a quienes se inscriban, completen todas las sesiones obligatorias, abran una Cuenta Corriente Kasasa\u00ae gratuita antes de su primera sesi\u00f3n y participen activamente durante al menos cuatro meses (l\u00edmite de una por participante). Los incentivos se obtienen al cumplir los objetivos del programa, requieren cuentas al corriente y se pagar\u00e1n despu\u00e9s de 90 d\u00edas para las cuentas nuevas. El asesoramiento es solo educativo, y la elegibilidad de todas las cuentas e incentivos est\u00e1 sujeta a los requisitos de membres\u00eda y verificaci\u00f3n de identidad. El programa y el incentivo pueden cambiar o finalizar en cualquier momento.<\/p>\n<\/div>\t\t\t\t\t<\/dd>\n\t\t\t\t<\/div>\n\t\t\t\t\t<\/dl>\n\t<\/div>\n\n\t<\/div>\n<\/div>","protected":false},"excerpt":{"rendered":"","protected":false},"author":10,"featured_media":0,"parent":2469,"menu_order":0,"comment_status":"closed","ping_status":"closed","template":"","meta":{"_acf_changed":false,"_searchwp_excluded":"","footnotes":""},"class_list":["post-2472","page","type-page","status-publish","hentry"],"acf":[],"yoast_head":"<!-- This site is optimized with the Yoast SEO plugin v27.2 - https:\/\/yoast.com\/product\/yoast-seo-wordpress\/ -->\n<title>Financial Education - Tucoemas FCU<\/title>\n<meta name=\"robots\" content=\"index, follow, max-snippet:-1, max-image-preview:large, max-video-preview:-1\" \/>\n<link rel=\"canonical\" href=\"https:\/\/www.tucoemas.org\/es\/bank\/member-services\/financial-education\/\" \/>\n<meta property=\"og:locale\" content=\"es_ES\" \/>\n<meta property=\"og:type\" content=\"article\" \/>\n<meta property=\"og:title\" content=\"Financial Education - Tucoemas FCU\" \/>\n<meta property=\"og:url\" content=\"https:\/\/www.tucoemas.org\/es\/bank\/member-services\/financial-education\/\" \/>\n<meta property=\"og:site_name\" content=\"Tucoemas FCU\" \/>\n<meta property=\"article:modified_time\" content=\"2026-01-02T23:43:07+00:00\" \/>\n<meta name=\"twitter:card\" content=\"summary_large_image\" \/>\n<script type=\"application\/ld+json\" class=\"yoast-schema-graph\">{\"@context\":\"https:\/\/schema.org\",\"@graph\":[{\"@type\":\"WebPage\",\"@id\":\"https:\/\/www.tucoemas.org\/bank\/member-services\/financial-education\/\",\"url\":\"https:\/\/www.tucoemas.org\/bank\/member-services\/financial-education\/\",\"name\":\"Financial Education - Tucoemas FCU\",\"isPartOf\":{\"@id\":\"https:\/\/www.tucoemas.org\/#website\"},\"datePublished\":\"2024-05-28T21:52:41+00:00\",\"dateModified\":\"2026-01-02T23:43:07+00:00\",\"breadcrumb\":{\"@id\":\"https:\/\/www.tucoemas.org\/bank\/member-services\/financial-education\/#breadcrumb\"},\"inLanguage\":\"es-ES\",\"potentialAction\":[{\"@type\":\"ReadAction\",\"target\":[\"https:\/\/www.tucoemas.org\/bank\/member-services\/financial-education\/\"]}]},{\"@type\":\"BreadcrumbList\",\"@id\":\"https:\/\/www.tucoemas.org\/bank\/member-services\/financial-education\/#breadcrumb\",\"itemListElement\":[{\"@type\":\"ListItem\",\"position\":1,\"name\":\"Home\",\"item\":\"https:\/\/www.tucoemas.org\/\"},{\"@type\":\"ListItem\",\"position\":2,\"name\":\"Checking &#038; Savings\",\"item\":\"https:\/\/www.tucoemas.org\/bank\/\"},{\"@type\":\"ListItem\",\"position\":3,\"name\":\"Member Services\",\"item\":\"https:\/\/www.tucoemas.org\/bank\/member-services\/\"},{\"@type\":\"ListItem\",\"position\":4,\"name\":\"Financial Education\"}]},{\"@type\":\"WebSite\",\"@id\":\"https:\/\/www.tucoemas.org\/#website\",\"url\":\"https:\/\/www.tucoemas.org\/\",\"name\":\"Tucoemas FCU\",\"description\":\"A community on the rise.\",\"potentialAction\":[{\"@type\":\"SearchAction\",\"target\":{\"@type\":\"EntryPoint\",\"urlTemplate\":\"https:\/\/www.tucoemas.org\/?s={search_term_string}\"},\"query-input\":{\"@type\":\"PropertyValueSpecification\",\"valueRequired\":true,\"valueName\":\"search_term_string\"}}],\"inLanguage\":\"es-ES\"}]}<\/script>\n<!-- \/ Yoast SEO plugin. -->","yoast_head_json":{"title":"Financial Education - Tucoemas FCU","robots":{"index":"index","follow":"follow","max-snippet":"max-snippet:-1","max-image-preview":"max-image-preview:large","max-video-preview":"max-video-preview:-1"},"canonical":"https:\/\/www.tucoemas.org\/es\/bank\/member-services\/financial-education\/","og_locale":"es_ES","og_type":"article","og_title":"Financial Education - Tucoemas FCU","og_url":"https:\/\/www.tucoemas.org\/es\/bank\/member-services\/financial-education\/","og_site_name":"Tucoemas FCU","article_modified_time":"2026-01-02T23:43:07+00:00","twitter_card":"summary_large_image","schema":{"@context":"https:\/\/schema.org","@graph":[{"@type":"WebPage","@id":"https:\/\/www.tucoemas.org\/bank\/member-services\/financial-education\/","url":"https:\/\/www.tucoemas.org\/bank\/member-services\/financial-education\/","name":"Financial Education - Tucoemas FCU","isPartOf":{"@id":"https:\/\/www.tucoemas.org\/#website"},"datePublished":"2024-05-28T21:52:41+00:00","dateModified":"2026-01-02T23:43:07+00:00","breadcrumb":{"@id":"https:\/\/www.tucoemas.org\/bank\/member-services\/financial-education\/#breadcrumb"},"inLanguage":"es-ES","potentialAction":[{"@type":"ReadAction","target":["https:\/\/www.tucoemas.org\/bank\/member-services\/financial-education\/"]}]},{"@type":"BreadcrumbList","@id":"https:\/\/www.tucoemas.org\/bank\/member-services\/financial-education\/#breadcrumb","itemListElement":[{"@type":"ListItem","position":1,"name":"Home","item":"https:\/\/www.tucoemas.org\/"},{"@type":"ListItem","position":2,"name":"Checking &#038; Savings","item":"https:\/\/www.tucoemas.org\/bank\/"},{"@type":"ListItem","position":3,"name":"Member Services","item":"https:\/\/www.tucoemas.org\/bank\/member-services\/"},{"@type":"ListItem","position":4,"name":"Financial Education"}]},{"@type":"WebSite","@id":"https:\/\/www.tucoemas.org\/#website","url":"https:\/\/www.tucoemas.org\/","name":"Uni\u00f3n Cooperativa de Cr\u00e9dito Tucoemas","description":"Una comunidad en ascenso.","potentialAction":[{"@type":"SearchAction","target":{"@type":"EntryPoint","urlTemplate":"https:\/\/www.tucoemas.org\/?s={search_term_string}"},"query-input":{"@type":"PropertyValueSpecification","valueRequired":true,"valueName":"search_term_string"}}],"inLanguage":"es-ES"}]}},"_links":{"self":[{"href":"https:\/\/www.tucoemas.org\/es\/wp-json\/wp\/v2\/pages\/2472","targetHints":{"allow":["GET"]}}],"collection":[{"href":"https:\/\/www.tucoemas.org\/es\/wp-json\/wp\/v2\/pages"}],"about":[{"href":"https:\/\/www.tucoemas.org\/es\/wp-json\/wp\/v2\/types\/page"}],"author":[{"embeddable":true,"href":"https:\/\/www.tucoemas.org\/es\/wp-json\/wp\/v2\/users\/10"}],"replies":[{"embeddable":true,"href":"https:\/\/www.tucoemas.org\/es\/wp-json\/wp\/v2\/comments?post=2472"}],"version-history":[{"count":67,"href":"https:\/\/www.tucoemas.org\/es\/wp-json\/wp\/v2\/pages\/2472\/revisions"}],"predecessor-version":[{"id":6493,"href":"https:\/\/www.tucoemas.org\/es\/wp-json\/wp\/v2\/pages\/2472\/revisions\/6493"}],"up":[{"embeddable":true,"href":"https:\/\/www.tucoemas.org\/es\/wp-json\/wp\/v2\/pages\/2469"}],"wp:attachment":[{"href":"https:\/\/www.tucoemas.org\/es\/wp-json\/wp\/v2\/media?parent=2472"}],"curies":[{"name":"wp","href":"https:\/\/api.w.org\/{rel}","templated":true}]}}