{"id":2476,"date":"2024-05-28T14:52:42","date_gmt":"2024-05-28T21:52:42","guid":{"rendered":"https:\/\/www.tucoemas.org\/auto-loans\/find-a-car\/"},"modified":"2024-12-12T11:40:50","modified_gmt":"2024-12-12T19:40:50","slug":"find-a-car","status":"publish","type":"page","link":"https:\/\/www.tucoemas.org\/es\/borrow\/auto-loans\/find-a-car\/","title":{"rendered":"Encuentra un coche"},"content":{"rendered":"<div class=\"co-flex_row co-flex_row__page-hero\" >\n\t<div class=\"co-flex_row--row co-row\">\n\t\t\t<header class=\"co-page_hero  co-page_hero__has_image display-img-desktop\" aria-label=\"Encabezado: Encuentra un coche\">\n\t\t<div class=\"co-page_hero--inner\">\n\t\t\t<div class=\"prow gap:0\">\n\t\t\t\t\t\t\t\t\t<div class=\"co-page_hero--img_wrap pcol-lg:5\">\n\t\t\t\t\t\t<img loading=\"lazy\" decoding=\"async\" width=\"550\" height=\"550\" src=\"https:\/\/www.tucoemas.org\/files\/HERO-template-Auto-3.jpg\" class=\"co-page_hero--img\" alt=\"HERO-template-Auto-3\" srcset=\"https:\/\/www.tucoemas.org\/files\/HERO-template-Auto-3.jpg 550w, https:\/\/www.tucoemas.org\/files\/HERO-template-Auto-3-540x540.jpg 540w, https:\/\/www.tucoemas.org\/files\/HERO-template-Auto-3-150x150.jpg 150w, https:\/\/www.tucoemas.org\/files\/HERO-template-Auto-3-396x396.jpg 396w, https:\/\/www.tucoemas.org\/files\/HERO-template-Auto-3-75x75.jpg 75w, https:\/\/www.tucoemas.org\/files\/HERO-template-Auto-3-300x300.jpg 300w, https:\/\/www.tucoemas.org\/files\/HERO-template-Auto-3-400x400.jpg 400w\" sizes=\"auto, (max-width: 550px) 100vw, 550px\" \/>\t\t\t\t\t<\/div>\n\t\t\t\t\t\t\t\t<div class=\"co-page_hero--text pcol-lg:7\">\n\t\t\t\t\t\t\t\t\t\t<h1 class=\"co-page_hero--title\">\n\t\t\t\t\t\tEncuentra un coche\t\t\t\t\t<\/h1>\n\t\t\t\t\t<p class=\"co-page_hero--tagline\">Disfruta cada parte del proceso.<\/p>\t\t\t\t\t\t<div class=\"co-page_hero--buttons\">\n\t\t\t\t\t\t\t<a class=\"co-page_hero--button\" href=\"https:\/\/www.tucoemas.org\/es\/help\/contact-us\/\"  ><span>CONT\u00c1CTENOS<\/span><\/a>\t\t\t\t\t\t<\/div>\n\t\t\t\t\t\t\t\t\t\t<\/div>\n\t\t\t<\/div>\n\t\t<\/div>\n\t<\/header>\n\n\t<\/div>\n<\/div>\n\n\n<div class=\"co-flex_row co-flex_row__white co-flex_row__page-intro\" >\n\t<div class=\"co-flex_row--row co-row\">\n\t\t\t<div class=\"co-page_intro\">\n\t\t<h2 class=\"co-page_intro--title\">Investigar veh\u00edculos no tiene por qu\u00e9 ser estresante.<\/h2><div class=\"co-page_intro--desc text-component\"><p>Tucoemas Credit Union se asocia con Credit Union Direct Lending (CUDL) para facilitar este proceso, permiti\u00e9ndole investigar y comprar.\u00a0<a class=\"no-bump\" title=\"Enlace externo al sitio web de autosmart\" href=\"http:\/\/tucoemas.cudlautosmart.com\/\" target=\"_blank\" rel=\"noopener\" data-sf-ec-immutable=\"\">a trav\u00e9s de un sitio web<\/a>.<\/p>\n<\/div>\t<\/div>\n\n\t<\/div>\n<\/div>\n\n\n<div class=\"co-flex_row co-flex_row__sticky-nav\" >\n\t<div class=\"co-flex_row--row co-row\">\n\t\t\t<div class=\"co-sticky_nav_wrap is-active\" id=\"js-sticky_nav_wrap\">\n\t\t<nav\n\t\t\tclass=\"co-sticky_nav\"\n\t\t\tid=\"js-sticky_nav\"\n\t\t\taria-label=\"Navegaci\u00f3n por ancla de p\u00e1gina\"\n\t\t>\n\t\t\t<div class=\"co-sticky_nav--mobile\">\n\t\t\t\t<button\n\t\t\t\t\tclass=\"co-sticky_nav--toggle closed\"\n\t\t\t\t\tid=\"js-sticky_nav_toggle\"\n\t\t\t\t\taria-label=\"Abrir y cerrar el men\u00fa de la p\u00e1gina\"\n\t\t\t\t>Men\u00fa de p\u00e1gina<\/button>\n\t\t\t<\/div>\n\t\t\t<div class=\"co-sticky_nav--row co-row closed\" id=\"js-sticky_nav_links\">\n\t\t\t\t\t\t\t\t\t<a href=\"#direct\" class=\"co-sticky_nav--link js-sticky_nav_item\" aria-label=\"Enlace 1\">\n\t\t\t\t\t\tPr\u00e9stamos directos de CU\t\t\t\t\t<\/a>\n\t\t\t\t\t\t\t\t\t<a href=\"#join\" class=\"co-sticky_nav--link js-sticky_nav_item\" aria-label=\"Enlace 2\">\n\t\t\t\t\t\t\u00danase\t\t\t\t\t<\/a>\n\t\t\t\t\t\t\t\t\t<a href=\"#other\" class=\"co-sticky_nav--link js-sticky_nav_item\" aria-label=\"Enlace 3\">\n\t\t\t\t\t\tOtros productos\t\t\t\t\t<\/a>\n\t\t\t\t\t\t\t<\/div>\n\t\t<\/nav>\n\t<\/div>\n\n\t<\/div>\n<\/div>\n\n\n<div class=\"co-flex_row co-flex_row__white co-flex_row__long-form-text\" id=\"direct\">\n\t<div class=\"co-flex_row--row co-row\">\n\t\t\t<div class=\"co-long_form\">\n\t\t\t\t<header class=\"co-intro_text\">\n\t\t\t<h2 class=\"co-intro_text--title\">Pr\u00e9stamos directos de cooperativas de cr\u00e9dito (CUDL)<\/h2>\t\t<\/header>\n\t\t\t\t\t<div class=\"co-long_form--block prow items-start\">\n\t\t\t\t<div class=\"co-long_form--text pcol-md:7\">\n\t\t\t\t\t<div class=\"co-long_form--content text-component\"><p style=\"text-align: left;\">Encontrar\u00e1 muchos consejos \u00fatiles sobre la compra de un veh\u00edculo nuevo o usado, la importancia de los informes crediticios y muchos otros temas relevantes. Adem\u00e1s, tendr\u00e1 acceso a gu\u00edas y servicios para compradores que le permitir\u00e1n conocer el precio justo del veh\u00edculo que desea. Todo esto est\u00e1 dise\u00f1ado para brindarle mayor confianza y capacidad de negociaci\u00f3n durante su proceso.<\/p>\n<\/div>\t\t\t\t<\/div>\n\t\t\t\t\t\t\t\t\t<div class=\"co-long_form--media pcol-md:5\">\n\t\t\t\t\t\t<div class=\"co-youtube_wrap loading js-youtube_wrap\"><iframe loading=\"lazy\" title=\"Tucoemas AutoSmart\" width=\"1024\" height=\"576\" src=\"\" data-src=\"https:\/\/www.youtube.com\/embed\/I582XYTUaf8?feature=oembed\" frameborder=\"0\" allow=\"accelerometer; autoplay; clipboard-write; encrypted-media; gyroscope; picture-in-picture; web-share\" referrerpolicy=\"strict-origin-when-cross-origin\" allowfullscreen><\/iframe><\/div><div class=\"co-long_form--media_caption\">\u00bfBusca un auto? Encontrar el veh\u00edculo perfecto nunca ha sido tan f\u00e1cil como con nuestro sitio web de compras de autos para miembros. Ya sea que busque un veh\u00edculo nuevo o usado, importado o nacional, podemos ayudarle a encontrar el auto adecuado al precio justo. Busque por marca, modelo, tipo o consulte los veh\u00edculos disponibles en su concesionario local. Obtenga detalles del veh\u00edculo, calcule su pago mensual y solicite f\u00e1cilmente financiamiento de una cooperativa de cr\u00e9dito, todo en un solo lugar. Cuando encuentre el veh\u00edculo perfecto, comun\u00edquese con el concesionario para obtener m\u00e1s informaci\u00f3n. \u00bfBusca un veh\u00edculo nuevo? Investigue las caracter\u00edsticas clave, el precio de venta sugerido por el fabricante, las especificaciones del veh\u00edculo, la informaci\u00f3n de seguridad, fotos y m\u00e1s. Tambi\u00e9n puede armar su propio veh\u00edculo con las opciones que le interesan. Ofrecemos herramientas para ayudarle a tomar una decisi\u00f3n informada r\u00e1pidamente, calcular su pago mensual, estimar el valor de su veh\u00edculo usado u obtener un informe del historial del veh\u00edculo. Pruebe nuestro sitio web con herramientas de compra avanzadas, una gran selecci\u00f3n y excelentes opciones de pr\u00e9stamo que le ayudar\u00e1n a encontrar financiaci\u00f3n para su pr\u00f3ximo veh\u00edculo.<\/div>\t\t\t\t\t<\/div>\n\t\t\t\t\t\t\t<\/div>\n\t\t\t\t<\/div>\n\n\t<\/div>\n<\/div>\n\n\n<div class=\"co-flex_row co-flex_row__white co-flex_row__embed-video\" >\n\t<div class=\"co-flex_row--row co-row\">\n\t\t\t<div class=\"co-video\">\n\t\t\t\t<header class=\"co-intro_text has_intro\">\n\t\t\t<h2 class=\"co-intro_text--title\">T\u00edtulo de la secci\u00f3n<\/h2><div class=\"co-intro_text--intro text-component\"><p>Introducci\u00f3n a la secci\u00f3n Lorem ipsum dolor sit amet, consectetur adipiscing elit, sed do eiusmod tempor incididunt ut labore et dolore magna aliqua.<\/p>\n<\/div>\t\t<\/header>\n\t\t<div class=\"co-video--vid_wrap\"><div class=\"co-youtube_wrap loading js-youtube_wrap\"><iframe loading=\"lazy\" title=\"Tucoemas AutoSmart\" width=\"1024\" height=\"576\" src=\"\" data-src=\"https:\/\/www.youtube.com\/embed\/I582XYTUaf8?feature=oembed\" frameborder=\"0\" allow=\"accelerometer; autoplay; clipboard-write; encrypted-media; gyroscope; picture-in-picture; web-share\" referrerpolicy=\"strict-origin-when-cross-origin\" allowfullscreen><\/iframe><\/div><\/div><div class=\"co-video--caption\"><p>\u00bfBusca un auto? Encontrar el veh\u00edculo perfecto nunca ha sido tan f\u00e1cil como con nuestro sitio web de compras de autos para miembros. Ya sea que busque un veh\u00edculo nuevo o usado, importado o nacional, podemos ayudarle a encontrar el auto adecuado al precio justo. Busque por marca, modelo, tipo o consulte los veh\u00edculos disponibles en su concesionario local. Obtenga detalles del veh\u00edculo, calcule su pago mensual y solicite f\u00e1cilmente financiamiento de una cooperativa de cr\u00e9dito, todo en un solo lugar. Cuando encuentre el veh\u00edculo perfecto, comun\u00edquese con el concesionario para obtener m\u00e1s informaci\u00f3n. \u00bfBusca un veh\u00edculo nuevo? Investigue las caracter\u00edsticas clave, el precio de venta sugerido por el fabricante, las especificaciones del veh\u00edculo, la informaci\u00f3n de seguridad, fotos y m\u00e1s. Tambi\u00e9n puede armar su propio veh\u00edculo con las opciones que le interesan. Ofrecemos herramientas para ayudarle a tomar una decisi\u00f3n informada r\u00e1pidamente, calcular su pago mensual, estimar el valor de su veh\u00edculo usado u obtener un informe del historial del veh\u00edculo. Pruebe nuestro sitio web con herramientas de compra avanzadas, una gran selecci\u00f3n y excelentes opciones de pr\u00e9stamo que le ayudar\u00e1n a encontrar financiaci\u00f3n para su pr\u00f3ximo veh\u00edculo.<\/p>\n<\/div>\t<\/div>\n\n\t<\/div>\n<\/div>\n\n\n<div class=\"co-flex_row co-flex_row__white co-flex_row__multi-path-cta\" id=\"join\">\n\t<div class=\"co-flex_row--row co-row\">\n\t\t\t<div class=\"co-mp_ctas\">\n\t\t\t\t<header class=\"co-intro_text has_intro\">\n\t\t\t<h2 class=\"co-intro_text--title\">\u00danete a Tucoemas<\/h2><div class=\"co-intro_text--intro text-component\"><p>Valoramos su persona y todo lo que hace.<\/p>\n<\/div>\t\t<\/header>\n\t\t\t\t<div class=\"co-mp_ctas--list prow justify-center\">\n\t\t\t\t\t\t\t\t\t\t\t<div class=\"co-mp_cta pcol-lg:4\">\n\t\t\t\t\t<div class=\"co-mp_cta--title\">\n\t\t\t\t\t\tVisita una sucursal\t\t\t\t\t<\/div>\n\t\t\t\t\t<a class=\"co-mp_cta--link\" href=\"https:\/\/www.tucoemas.org\/es\/locations-atms\/\"  ><span>ENCU\u00c9NTRENOS CERCA<\/span><\/a>\t\t\t\t<\/div>\n\t\t\t\t\t\t\t\t\t\t\t<div class=\"co-mp_cta pcol-lg:4\">\n\t\t\t\t\t<div class=\"co-mp_cta--title\">\n\t\t\t\t\t\tH\u00e1gase miembro\t\t\t\t\t<\/div>\n\t\t\t\t\t<a class=\"co-mp_cta--link\" href=\"https:\/\/www.tucoemas.org\/es\/open-account\/\"  ><span>\u00daNASE<\/span><\/a>\t\t\t\t<\/div>\n\t\t\t\t\t\t\t\t\t\t\t<div class=\"co-mp_cta pcol-lg:4\">\n\t\t\t\t\t<div class=\"co-mp_cta--title\">\n\t\t\t\t\t\tLl\u00e1menos o env\u00edenos un correo electr\u00f3nico\t\t\t\t\t<\/div>\n\t\t\t\t\t<a class=\"co-mp_cta--link\" href=\"https:\/\/www.tucoemas.org\/es\/help\/contact-us\/\"  ><span>CONT\u00c1CTENOS<\/span><\/a>\t\t\t\t<\/div>\n\t\t\t\t\t<\/div>\n\t<\/div>\n\n\t<\/div>\n<\/div>\n\n\n<div class=\"co-flex_row co-flex_row__white co-flex_row__related-products\" id=\"other\">\n\t<div class=\"co-flex_row--row co-row\">\n\t\t\t<div class=\"co-rel_prods center-narrow\">\n\t\t\t\t<header class=\"co-intro_text\">\n\t\t\t<h2 class=\"co-intro_text--title\">Explora otros productos y servicios<\/h2>\t\t<\/header>\n\t\t\t\t\t<div class=\"co-rel_prods--cols prow prow-md:2  justify-center\">\n\t\t\t\t\t\t\t\t\t<div class=\"co-rel_prods--col\">\n\t\t\t\t\t\t<h3 class=\"co-rel_prods--col_title\">Pr\u00e9stamos para autos nuevos y usados<\/h3><div class=\"co-rel_prods--col_desc text-component\">Ya sea que se dirija al Parque Nacional de las Secuoyas para pasar el fin de semana o que haga su trayecto diario al trabajo, Tucoemas es su socio local para ayudarle a llegar a donde necesita ir.<\/div><a class=\"co-rel_prods--col_cta\" href=\"https:\/\/www.tucoemas.org\/es\/borrow\/auto-loans\/new-used\/\" target=\"_top\" aria-label=\"Lea m\u00e1s sobre pr\u00e9stamos para autom\u00f3viles nuevos y usados\"><span>M\u00e1s informaci\u00f3n<\/span><\/a>\t\t\t\t\t<\/div>\n\t\t\t\t\t\t\t\t\t\t<div class=\"co-rel_prods--col\">\n\t\t\t\t\t\t<h3 class=\"co-rel_prods--col_title\">Seguro de auto<\/h3><div class=\"co-rel_prods--col_desc text-component\">Disfrute de la tranquilidad que le ofrecen los planes de seguro de auto adaptados a su necesidades.<\/div><a class=\"co-rel_prods--col_cta\" href=\"https:\/\/www.tucoemas.org\/es\/borrow\/auto-loans\/insurance\/\" target=\"_top\" aria-label=\"Lea m\u00e1s sobre el seguro de autom\u00f3vil\"><span>M\u00e1s informaci\u00f3n<\/span><\/a>\t\t\t\t\t<\/div>\n\t\t\t\t\t\t\t\t<\/div>\n\t\t\t<\/div>\n\n\t<\/div>\n<\/div>\n\n\n<div class=\"co-flex_row co-flex_row__last co-flex_row__back-to-top\" >\n\t<div class=\"co-flex_row--row co-row\">\n\t\t<div class=\"co-back_top\">\n\t<a class=\"co-back_top--link\" href=\"#\" aria-label=\"\">\n\t\tVolver arriba\t\t<svg class=\"co-back_top--link_icon\" viewbox=\"0 0 26 20\" role=\"img\" aria-label=\"Volver arriba\">\n\t\t\t<use xlink:href=\"https:\/\/www.tucoemas.org\/wp-content\/themes\/tucoemas-theme\/images\/sprite-icons.svg#back-top\" \/>\n\t\t<\/svg>\n\t<\/a>\n<\/div>\n\t<\/div>\n<\/div>","protected":false},"excerpt":{"rendered":"","protected":false},"author":10,"featured_media":0,"parent":2475,"menu_order":0,"comment_status":"closed","ping_status":"closed","template":"","meta":{"_acf_changed":false,"_searchwp_excluded":"","footnotes":""},"class_list":["post-2476","page","type-page","status-publish","hentry"],"acf":[],"yoast_head":"<!-- This site is optimized with the Yoast SEO plugin v27.2 - https:\/\/yoast.com\/product\/yoast-seo-wordpress\/ -->\n<title>Find a Car - Tucoemas FCU<\/title>\n<meta name=\"robots\" content=\"index, follow, max-snippet:-1, max-image-preview:large, max-video-preview:-1\" \/>\n<link rel=\"canonical\" href=\"https:\/\/www.tucoemas.org\/es\/borrow\/auto-loans\/find-a-car\/\" \/>\n<meta property=\"og:locale\" content=\"es_ES\" \/>\n<meta property=\"og:type\" content=\"article\" \/>\n<meta property=\"og:title\" content=\"Find a Car - Tucoemas FCU\" \/>\n<meta property=\"og:url\" content=\"https:\/\/www.tucoemas.org\/es\/borrow\/auto-loans\/find-a-car\/\" \/>\n<meta property=\"og:site_name\" content=\"Tucoemas FCU\" \/>\n<meta property=\"article:modified_time\" content=\"2024-12-12T19:40:50+00:00\" \/>\n<meta name=\"twitter:card\" content=\"summary_large_image\" \/>\n<script type=\"application\/ld+json\" class=\"yoast-schema-graph\">{\"@context\":\"https:\/\/schema.org\",\"@graph\":[{\"@type\":\"WebPage\",\"@id\":\"https:\/\/www.tucoemas.org\/borrow\/auto-loans\/find-a-car\/\",\"url\":\"https:\/\/www.tucoemas.org\/borrow\/auto-loans\/find-a-car\/\",\"name\":\"Find a Car - Tucoemas FCU\",\"isPartOf\":{\"@id\":\"https:\/\/www.tucoemas.org\/#website\"},\"datePublished\":\"2024-05-28T21:52:42+00:00\",\"dateModified\":\"2024-12-12T19:40:50+00:00\",\"breadcrumb\":{\"@id\":\"https:\/\/www.tucoemas.org\/borrow\/auto-loans\/find-a-car\/#breadcrumb\"},\"inLanguage\":\"es-ES\",\"potentialAction\":[{\"@type\":\"ReadAction\",\"target\":[\"https:\/\/www.tucoemas.org\/borrow\/auto-loans\/find-a-car\/\"]}]},{\"@type\":\"BreadcrumbList\",\"@id\":\"https:\/\/www.tucoemas.org\/borrow\/auto-loans\/find-a-car\/#breadcrumb\",\"itemListElement\":[{\"@type\":\"ListItem\",\"position\":1,\"name\":\"Home\",\"item\":\"https:\/\/www.tucoemas.org\/\"},{\"@type\":\"ListItem\",\"position\":2,\"name\":\"Loans &#038; Credit Cards\",\"item\":\"https:\/\/www.tucoemas.org\/borrow\/\"},{\"@type\":\"ListItem\",\"position\":3,\"name\":\"Auto Loans\",\"item\":\"https:\/\/www.tucoemas.org\/borrow\/auto-loans\/\"},{\"@type\":\"ListItem\",\"position\":4,\"name\":\"Find a Car\"}]},{\"@type\":\"WebSite\",\"@id\":\"https:\/\/www.tucoemas.org\/#website\",\"url\":\"https:\/\/www.tucoemas.org\/\",\"name\":\"Tucoemas FCU\",\"description\":\"A community on the rise.\",\"potentialAction\":[{\"@type\":\"SearchAction\",\"target\":{\"@type\":\"EntryPoint\",\"urlTemplate\":\"https:\/\/www.tucoemas.org\/?s={search_term_string}\"},\"query-input\":{\"@type\":\"PropertyValueSpecification\",\"valueRequired\":true,\"valueName\":\"search_term_string\"}}],\"inLanguage\":\"es-ES\"}]}<\/script>\n<!-- \/ Yoast SEO plugin. -->","yoast_head_json":{"title":"Encuentra un coche - Tucoemas FCU","robots":{"index":"index","follow":"follow","max-snippet":"max-snippet:-1","max-image-preview":"max-image-preview:large","max-video-preview":"max-video-preview:-1"},"canonical":"https:\/\/www.tucoemas.org\/es\/borrow\/auto-loans\/find-a-car\/","og_locale":"es_ES","og_type":"article","og_title":"Find a Car - Tucoemas FCU","og_url":"https:\/\/www.tucoemas.org\/es\/borrow\/auto-loans\/find-a-car\/","og_site_name":"Tucoemas FCU","article_modified_time":"2024-12-12T19:40:50+00:00","twitter_card":"summary_large_image","schema":{"@context":"https:\/\/schema.org","@graph":[{"@type":"WebPage","@id":"https:\/\/www.tucoemas.org\/borrow\/auto-loans\/find-a-car\/","url":"https:\/\/www.tucoemas.org\/borrow\/auto-loans\/find-a-car\/","name":"Encuentra un coche - Tucoemas FCU","isPartOf":{"@id":"https:\/\/www.tucoemas.org\/#website"},"datePublished":"2024-05-28T21:52:42+00:00","dateModified":"2024-12-12T19:40:50+00:00","breadcrumb":{"@id":"https:\/\/www.tucoemas.org\/borrow\/auto-loans\/find-a-car\/#breadcrumb"},"inLanguage":"es-ES","potentialAction":[{"@type":"ReadAction","target":["https:\/\/www.tucoemas.org\/borrow\/auto-loans\/find-a-car\/"]}]},{"@type":"BreadcrumbList","@id":"https:\/\/www.tucoemas.org\/borrow\/auto-loans\/find-a-car\/#breadcrumb","itemListElement":[{"@type":"ListItem","position":1,"name":"Home","item":"https:\/\/www.tucoemas.org\/"},{"@type":"ListItem","position":2,"name":"Loans &#038; Credit Cards","item":"https:\/\/www.tucoemas.org\/borrow\/"},{"@type":"ListItem","position":3,"name":"Auto Loans","item":"https:\/\/www.tucoemas.org\/borrow\/auto-loans\/"},{"@type":"ListItem","position":4,"name":"Find a Car"}]},{"@type":"WebSite","@id":"https:\/\/www.tucoemas.org\/#website","url":"https:\/\/www.tucoemas.org\/","name":"Uni\u00f3n Cooperativa de Cr\u00e9dito Tucoemas","description":"Una comunidad en ascenso.","potentialAction":[{"@type":"SearchAction","target":{"@type":"EntryPoint","urlTemplate":"https:\/\/www.tucoemas.org\/?s={search_term_string}"},"query-input":{"@type":"PropertyValueSpecification","valueRequired":true,"valueName":"search_term_string"}}],"inLanguage":"es-ES"}]}},"_links":{"self":[{"href":"https:\/\/www.tucoemas.org\/es\/wp-json\/wp\/v2\/pages\/2476","targetHints":{"allow":["GET"]}}],"collection":[{"href":"https:\/\/www.tucoemas.org\/es\/wp-json\/wp\/v2\/pages"}],"about":[{"href":"https:\/\/www.tucoemas.org\/es\/wp-json\/wp\/v2\/types\/page"}],"author":[{"embeddable":true,"href":"https:\/\/www.tucoemas.org\/es\/wp-json\/wp\/v2\/users\/10"}],"replies":[{"embeddable":true,"href":"https:\/\/www.tucoemas.org\/es\/wp-json\/wp\/v2\/comments?post=2476"}],"version-history":[{"count":14,"href":"https:\/\/www.tucoemas.org\/es\/wp-json\/wp\/v2\/pages\/2476\/revisions"}],"predecessor-version":[{"id":4947,"href":"https:\/\/www.tucoemas.org\/es\/wp-json\/wp\/v2\/pages\/2476\/revisions\/4947"}],"up":[{"embeddable":true,"href":"https:\/\/www.tucoemas.org\/es\/wp-json\/wp\/v2\/pages\/2475"}],"wp:attachment":[{"href":"https:\/\/www.tucoemas.org\/es\/wp-json\/wp\/v2\/media?parent=2476"}],"curies":[{"name":"wp","href":"https:\/\/api.w.org\/{rel}","templated":true}]}}