{"id":2479,"date":"2024-05-28T14:52:42","date_gmt":"2024-05-28T21:52:42","guid":{"rendered":"https:\/\/www.tucoemas.org\/auto-loans\/insurance\/"},"modified":"2025-02-05T13:57:33","modified_gmt":"2025-02-05T21:57:33","slug":"insurance","status":"publish","type":"page","link":"https:\/\/www.tucoemas.org\/es\/borrow\/auto-loans\/insurance\/","title":{"rendered":"Seguro de auto"},"content":{"rendered":"<div class=\"co-flex_row co-flex_row__page-hero\" >\n\t<div class=\"co-flex_row--row co-row\">\n\t\t\t<header class=\"co-page_hero  co-page_hero__has_image display-img-desktop\" aria-label=\"Encabezado: Seguro de auto\">\n\t\t<div class=\"co-page_hero--inner\">\n\t\t\t<div class=\"prow gap:0\">\n\t\t\t\t\t\t\t\t\t<div class=\"co-page_hero--img_wrap pcol-lg:5\">\n\t\t\t\t\t\t<img loading=\"lazy\" decoding=\"async\" width=\"550\" height=\"550\" src=\"https:\/\/www.tucoemas.org\/files\/HERO-template-Auto-2.jpg\" class=\"co-page_hero--img\" alt=\"HERO-template-Auto-2\" srcset=\"https:\/\/www.tucoemas.org\/files\/HERO-template-Auto-2.jpg 550w, https:\/\/www.tucoemas.org\/files\/HERO-template-Auto-2-540x540.jpg 540w, https:\/\/www.tucoemas.org\/files\/HERO-template-Auto-2-150x150.jpg 150w, https:\/\/www.tucoemas.org\/files\/HERO-template-Auto-2-396x396.jpg 396w, https:\/\/www.tucoemas.org\/files\/HERO-template-Auto-2-75x75.jpg 75w, https:\/\/www.tucoemas.org\/files\/HERO-template-Auto-2-300x300.jpg 300w, https:\/\/www.tucoemas.org\/files\/HERO-template-Auto-2-400x400.jpg 400w\" sizes=\"auto, (max-width: 550px) 100vw, 550px\" \/>\t\t\t\t\t<\/div>\n\t\t\t\t\t\t\t\t<div class=\"co-page_hero--text pcol-lg:7\">\n\t\t\t\t\t\t\t\t\t\t<h1 class=\"co-page_hero--title\">\n\t\t\t\t\t\tSeguro de auto\t\t\t\t\t<\/h1>\n\t\t\t\t\t<p class=\"co-page_hero--tagline\">Conduzca con confianza.<\/p>\t\t\t\t\t\t<div class=\"co-page_hero--buttons\">\n\t\t\t\t\t\t\t<a class=\"co-page_hero--button\" href=\"https:\/\/www.tucoemas.org\/es\/help\/contact-us\/\"  ><span>M\u00c1S INFORMACI\u00d3N<\/span><\/a>\t\t\t\t\t\t<\/div>\n\t\t\t\t\t\t\t\t\t\t<\/div>\n\t\t\t<\/div>\n\t\t<\/div>\n\t<\/header>\n\n\t<\/div>\n<\/div>\n\n\n<div class=\"co-flex_row co-flex_row__white co-flex_row__page-intro\" >\n\t<div class=\"co-flex_row--row co-row\">\n\t\t\t<div class=\"co-page_intro\">\n\t\t<h2 class=\"co-page_intro--title\">El seguro de auto, es imprescindible.<\/h2><div class=\"co-page_intro--desc text-component\"><p>Disfrute de la tranquilidad que le ofrecen los planes de seguro de auto adaptados a su necesidades.<\/p>\n<\/div>\t<\/div>\n\n\t<\/div>\n<\/div>\n\n\n<div class=\"co-flex_row co-flex_row__sticky-nav\" >\n\t<div class=\"co-flex_row--row co-row\">\n\t\t\t<div class=\"co-sticky_nav_wrap is-active\" id=\"js-sticky_nav_wrap\">\n\t\t<nav\n\t\t\tclass=\"co-sticky_nav\"\n\t\t\tid=\"js-sticky_nav\"\n\t\t\taria-label=\"Navegaci\u00f3n por ancla de p\u00e1gina\"\n\t\t>\n\t\t\t<div class=\"co-sticky_nav--mobile\">\n\t\t\t\t<button\n\t\t\t\t\tclass=\"co-sticky_nav--toggle closed\"\n\t\t\t\t\tid=\"js-sticky_nav_toggle\"\n\t\t\t\t\taria-label=\"Abrir y cerrar el men\u00fa de la p\u00e1gina\"\n\t\t\t\t>Men\u00fa de p\u00e1gina<\/button>\n\t\t\t<\/div>\n\t\t\t<div class=\"co-sticky_nav--row co-row closed\" id=\"js-sticky_nav_links\">\n\t\t\t\t\t\t\t\t\t<a href=\"#insurance\" class=\"co-sticky_nav--link js-sticky_nav_item\" aria-label=\"Enlace 1\">\n\t\t\t\t\t\tSeguro\t\t\t\t\t<\/a>\n\t\t\t\t\t\t\t\t\t<a href=\"#protection\" class=\"co-sticky_nav--link js-sticky_nav_item\" aria-label=\"Enlace 2\">\n\t\t\t\t\t\tProtecci\u00f3n\t\t\t\t\t<\/a>\n\t\t\t\t\t\t\t\t\t<a href=\"#join\" class=\"co-sticky_nav--link js-sticky_nav_item\" aria-label=\"Enlace 3\">\n\t\t\t\t\t\t\u00danase\t\t\t\t\t<\/a>\n\t\t\t\t\t\t\t<\/div>\n\t\t<\/nav>\n\t<\/div>\n\n\t<\/div>\n<\/div>\n\n\n<div class=\"co-flex_row co-flex_row__white co-flex_row__long-form-text\" id=\"insurance\">\n\t<div class=\"co-flex_row--row co-row\">\n\t\t\t<div class=\"co-long_form\">\n\t\t\t\t<header class=\"co-intro_text has_intro\">\n\t\t\t<h2 class=\"co-intro_text--title\">Programa de seguros de auto y hogar TruStage\u2122<\/h2><div class=\"co-intro_text--intro text-component\"><p>Considere cu\u00e1nto tiempo pasan usted y su familia en su veh\u00edculo y aseg\u00farese de estar protegido con una p\u00f3liza asequible y de alta calidad.<\/p>\n<\/div>\t\t<\/header>\n\t\t\t\t\t<div class=\"co-long_form--block prow items-start\">\n\t\t\t\t<div class=\"co-long_form--text pcol-md:7\">\n\t\t\t\t\t<div class=\"co-long_form--content text-component\"><p><strong>Programa de seguros de autom\u00f3vil y hogar TruStage\u2122<\/strong><\/p>\n<p><strong>Tucoemas podr\u00eda ayudarle a ahorrar en su seguro de auto<\/strong><\/p>\n<p>Si no ha solicitado una cotizaci\u00f3n recientemente, su membres\u00eda en la cooperativa de cr\u00e9dito podr\u00eda ayudarle a ahorrar a trav\u00e9s del programa de seguros de auto y vivienda TruStage\u2122.<\/p>\n<p>El programa de seguros de auto y vivienda TruStage\u2122 combina opciones para ayudarle a ahorrar con beneficios populares y convenientes para los miembros:<\/p>\n<ul>\n<li>Trabaje con profesionales de seguros con licencia en su estado.<\/li>\n<li>Obtenga tarifas competitivas, un excelente servicio y diversas opciones de seguro de veh\u00edculos a trav\u00e9s de proveedores nacionales<\/li>\n<li>Servicio personalizado con horario ampliado.<\/li>\n<\/ul>\n<p><a href=\"https:\/\/www.trustage.com\/autohome\" data-sf-ec-immutable=\"\"><strong>Obtenga una cotizaci\u00f3n gratis hoy.<\/strong><\/a>\u00a0No espere m\u00e1s para descubrir cu\u00e1nto podr\u00eda ahorrar.<\/p>\n<p>Los productos de seguros de auto y vivienda son emitidos por compa\u00f1\u00edas de seguros l\u00edderes. El seguro ofrecido no es un dep\u00f3sito, y no est\u00e1 asegurado federalmente, vendido o garantizado por ninguna instituci\u00f3n financiera. Los productos y sus caracter\u00edsticas pueden variar y no estar disponibles en todos los estados. \u00a9 TruStage<\/p>\n<p>AUT-2948958.4-0924-1026<\/p>\n<\/div><a class=\"co-long_form--button co-button\" href=\"https:\/\/www.tucoemas.org\/es\/speed-bump\/?url=http%3A%2F%2Fwww.trustage.com%2Fautohome&#038;prev=https%3A%2F%2Fwww.tucoemas.org%2Fes%2Fborrow%2Fauto-loans%2Finsurance%2F\"  ><span>SOLICITE UNA COTIZACI\u00d3N<\/span><\/a>\t\t\t\t<\/div>\n\t\t\t\t\t\t\t\t\t<div class=\"co-long_form--media pcol-md:5\">\n\t\t\t\t\t\t<img loading=\"lazy\" decoding=\"async\" width=\"400\" height=\"400\" src=\"https:\/\/www.tucoemas.org\/files\/Long-format-Auto-1.jpg\" class=\"co-long_form--image\" alt=\"Long-format-Auto-1\" srcset=\"https:\/\/www.tucoemas.org\/files\/Long-format-Auto-1.jpg 400w, https:\/\/www.tucoemas.org\/files\/Long-format-Auto-1-150x150.jpg 150w, https:\/\/www.tucoemas.org\/files\/Long-format-Auto-1-396x396.jpg 396w, https:\/\/www.tucoemas.org\/files\/Long-format-Auto-1-75x75.jpg 75w, https:\/\/www.tucoemas.org\/files\/Long-format-Auto-1-300x300.jpg 300w\" sizes=\"auto, (max-width: 400px) 100vw, 400px\" \/>\t\t\t\t\t<\/div>\n\t\t\t\t\t\t\t<\/div>\n\t\t\t\t<\/div>\n\n\t<\/div>\n<\/div>\n\n\n<div class=\"co-flex_row co-flex_row__white co-flex_row__accordions\" id=\"protection\">\n\t<div class=\"co-flex_row--row co-row\">\n\t\t\t<section class=\"co-accords_section\" aria-label=\"Otra protecci\u00f3n\">\n\t\t\t\t<header class=\"co-intro_text\">\n\t\t\t<h2 class=\"co-intro_text--title\">Otra protecci\u00f3n<\/h2>\t\t<\/header>\n\t\t\t\t<div class=\"co-accordion\" data-animation=\"on\" data-multi-items=\"on\">\n\t\t\t\t\t\t\t<div class=\"co-accordion--item\">\n\t\t\t\t\t<button  class=\"co-accordion--header\t\t\t\t\t\t\tjs-accord_toggle\t\t\t\t\t\t\tclosed\">\n\t\t\t\t\t\tProtecci\u00f3n contra aver\u00edas mec\u00e1nicas\t\t\t\t\t\t<span class=\"co-accordion--icon no-js:is-hidden\"><\/span>\n\t\t\t\t\t<\/button>\n\t\t\t\t\t<div class=\"co-accordion--panel\t\t\t\t\t\tjs-accord_content\t\t\t\t\t\ttext-component\">\n\t\t\t\t\t\t<div class=\"panel panel-default\">\n<div id=\"collapsee251654c-df12-6e0d-8ca7-ff0000304011\" class=\"panel-collapse collapse in\" role=\"tabpanel\" aria-labelledby=\"headinge251654c-df12-6e0d-8ca7-ff0000304011\" aria-expanded=\"true\">\n<div class=\"panel-body\" tabindex=\"0\">\n<p>Aseg\u00farese de viajar con tranquilidad despu\u00e9s del vencimiento de la garant\u00eda del fabricante de su veh\u00edculo. Con una p\u00f3liza MBP, proteger\u00e1 la inversi\u00f3n realizada en su veh\u00edculo y reducir\u00e1 la posibilidad de gastos mayores al necesitar reparaciones.<\/p>\n<ul>\n<li>Protecci\u00f3n a nivel nacional<\/li>\n<li>Asistencia en carretera las 24 horas durante la vigencia de su cobertura<\/li>\n<li>Asistencia para veh\u00edculos de alquiler<\/li>\n<li>La cobertura se transfiere si vende su veh\u00edculo durante el plazo<\/li>\n<\/ul>\n<p><strong>\u00bfQu\u00e9 es la protecci\u00f3n mec\u00e1nica de mercurio (MMP)?<\/strong><\/p>\n<p>Si bien es similar a una garant\u00eda extendida del fabricante, puede estar disponible para m\u00e1s veh\u00edculos y ofrecer cobertura adicional para m\u00e1s sistemas. Este tipo de protecci\u00f3n puede adquirirse adem\u00e1s de la garant\u00eda extendida del fabricante o en lugar de esta, si el veh\u00edculo no est\u00e1 cubierto.<\/p>\n<p>Mercury Mechanical Protection ofrece 3 niveles de cobertura con opciones de deducible:<\/p>\n<ul type=\"disc\">\n<li>\u00daltimo<\/li>\n<li>De lujo<\/li>\n<li>Seleccionar<\/li>\n<\/ul>\n<p>Los beneficios adicionales incluyen:<\/p>\n<ul type=\"disc\">\n<li>Protecci\u00f3n de neum\u00e1ticos<\/li>\n<li>Reemplazo del llavero<\/li>\n<li>Reembolso por p\u00e9rdida total<\/li>\n<li>Bater\u00eda de propulsi\u00f3n h\u00edbrida\/el\u00e9ctrica<\/li>\n<li>Asistencia en carretera de emergencia 24\/7<\/li>\n<li>Reembolso deducible autom\u00e1tico<\/li>\n<li>Interrupciones de viaje<\/li>\n<\/ul>\n<p><strong>**Consulte la p\u00f3liza para obtener una lista completa de coberturas y\u00a0<\/strong><strong>exclusiones<\/strong><\/p>\n<p><a class=\"btn btn-default\" title=\"Enlace en nueva ventana a Mercury Mechanical Protection\" href=\"https:\/\/imcovered.com\/quotingapp\/SiteViewer.aspx?ObjectType=Site&amp;ObjectId=156\" target=\"_blank\" rel=\"noopener\" data-sf-ec-immutable=\"\">OBTENGA UNA COTIZACI\u00d3N GRATUITA<\/a><\/p>\n<\/div>\n<\/div>\n<\/div>\n<div class=\"panel panel-default\">\n<div id=\"headinge3ab654c-df12-6e0d-8ca7-ff0000304011\" class=\"panel-heading\" role=\"tab\">\n<div class=\"panel-title\"><\/div>\n<\/div>\n<\/div>\n\t\t\t\t\t<\/div>\n\t\t\t\t<\/div>\n\t\t\t\t\t\t\t<div class=\"co-accordion--item\">\n\t\t\t\t\t<button  class=\"co-accordion--header\t\t\t\t\t\t\tjs-accord_toggle\t\t\t\t\t\t\tclosed\">\n\t\t\t\t\t\tGAP \u2013 Protecci\u00f3n Automotriz Garantizada\t\t\t\t\t\t<span class=\"co-accordion--icon no-js:is-hidden\"><\/span>\n\t\t\t\t\t<\/button>\n\t\t\t\t\t<div class=\"co-accordion--panel\t\t\t\t\t\tjs-accord_content\t\t\t\t\t\ttext-component\">\n\t\t\t\t\t\t<p><strong>\u00bfQu\u00e9 es GAP y qu\u00e9 cubre?<\/strong><br \/>\nGAP ayuda a cubrir la diferencia entre el valor real en efectivo del veh\u00edculo (liquidaci\u00f3n de la compa\u00f1\u00eda de seguros primaria) y el saldo pendiente del pr\u00e9stamo en el momento de la p\u00e9rdida.<\/p>\n<p><strong>Caracter\u00edsticas adicionales:<\/strong><\/p>\n<ul>\n<li>Reciba una deducci\u00f3n de $1,000 para su pr\u00f3ximo pr\u00e9stamo de autom\u00f3vil financiado con nosotros.<\/li>\n<\/ul>\n<p>Para obtener m\u00e1s informaci\u00f3n, visite o comun\u00edquese con nuestro departamento de pr\u00e9stamos al (559) 732-8892 op. 5<\/p>\n\t\t\t\t\t<\/div>\n\t\t\t\t<\/div>\n\t\t\t\t\t<\/div>\n\t\t<div class=\"co-accordion--cta\"><p>\u00bfNo encuentras lo que buscas? <a href=\"https:\/\/www.tucoemas.org\/es\/help\/contact-us\/\">Cont\u00e1ctanos.<\/a><\/p>\n<\/div>\t<\/section>\n\n\t<\/div>\n<\/div>\n\n\n<div class=\"co-flex_row co-flex_row__white co-flex_row__multi-path-cta\" id=\"join\">\n\t<div class=\"co-flex_row--row co-row\">\n\t\t\t<div class=\"co-mp_ctas\">\n\t\t\t\t<header class=\"co-intro_text has_intro\">\n\t\t\t<h2 class=\"co-intro_text--title\">\u00danete a Tucoemas<\/h2><div class=\"co-intro_text--intro text-component\"><p>Valoramos su persona y todo lo que hace.<\/p>\n<\/div>\t\t<\/header>\n\t\t\t\t<div class=\"co-mp_ctas--list prow justify-center\">\n\t\t\t\t\t\t\t\t\t\t\t<div class=\"co-mp_cta pcol-lg:4\">\n\t\t\t\t\t<div class=\"co-mp_cta--title\">\n\t\t\t\t\t\tVisita una sucursal\t\t\t\t\t<\/div>\n\t\t\t\t\t<a class=\"co-mp_cta--link\" href=\"https:\/\/www.tucoemas.org\/es\/locations-atms\/\"  ><span>ENCU\u00c9NTRENOS CERCA<\/span><\/a>\t\t\t\t<\/div>\n\t\t\t\t\t\t\t\t\t\t\t<div class=\"co-mp_cta pcol-lg:4\">\n\t\t\t\t\t<div class=\"co-mp_cta--title\">\n\t\t\t\t\t\tH\u00e1gase miembro\t\t\t\t\t<\/div>\n\t\t\t\t\t<a class=\"co-mp_cta--link\" href=\"https:\/\/www.tucoemas.org\/es\/open-account\/\"  ><span>\u00daNASE<\/span><\/a>\t\t\t\t<\/div>\n\t\t\t\t\t\t\t\t\t\t\t<div class=\"co-mp_cta pcol-lg:4\">\n\t\t\t\t\t<div class=\"co-mp_cta--title\">\n\t\t\t\t\t\tLl\u00e1menos o env\u00edenos un correo electr\u00f3nico\t\t\t\t\t<\/div>\n\t\t\t\t\t<a class=\"co-mp_cta--link\" href=\"https:\/\/www.tucoemas.org\/es\/help\/contact-us\/\"  ><span>CONT\u00c1CTENOS<\/span><\/a>\t\t\t\t<\/div>\n\t\t\t\t\t<\/div>\n\t<\/div>\n\n\t<\/div>\n<\/div>\n\n\n<div class=\"co-flex_row co-flex_row__white co-flex_row__related-products\" >\n\t<div class=\"co-flex_row--row co-row\">\n\t\t\t<div class=\"co-rel_prods center-narrow\">\n\t\t\t\t<header class=\"co-intro_text\">\n\t\t\t<h2 class=\"co-intro_text--title\">Explora otros productos y servicios<\/h2>\t\t<\/header>\n\t\t\t\t\t<div class=\"co-rel_prods--cols prow prow-md:2  justify-center\">\n\t\t\t\t\t\t\t\t\t<div class=\"co-rel_prods--col\">\n\t\t\t\t\t\t<h3 class=\"co-rel_prods--col_title\">Pr\u00e9stamos para veh\u00edculos recreativos, motocicletas y botes<\/h3><div class=\"co-rel_prods--col_desc text-component\">Nuestros pr\u00e9stamos para veh\u00edculos recreativos, motocicletas y embarcaciones est\u00e1n dise\u00f1ados para satisfacer sus necesidades.<\/div><a class=\"co-rel_prods--col_cta\" href=\"https:\/\/www.tucoemas.org\/es\/borrow\/auto-loans\/rv-motorcycle-boat\/\" target=\"_top\" aria-label=\"Lea m\u00e1s sobre pr\u00e9stamos para veh\u00edculos recreativos, motocicletas y embarcaciones.\"><span>M\u00e1s informaci\u00f3n<\/span><\/a>\t\t\t\t\t<\/div>\n\t\t\t\t\t\t\t\t\t\t<div class=\"co-rel_prods--col\">\n\t\t\t\t\t\t<h3 class=\"co-rel_prods--col_title\">Pr\u00e9stamos para autos nuevos y usados<\/h3><div class=\"co-rel_prods--col_desc text-component\">Ya sea que se dirija al Parque Nacional de las Secuoyas para pasar el fin de semana o que haga su trayecto diario al trabajo, Tucoemas es su socio local para ayudarle a llegar a donde necesita ir.<\/div><a class=\"co-rel_prods--col_cta\" href=\"https:\/\/www.tucoemas.org\/es\/borrow\/auto-loans\/new-used\/\" target=\"_top\" aria-label=\"Lea m\u00e1s sobre pr\u00e9stamos para autom\u00f3viles nuevos y usados\"><span>M\u00e1s informaci\u00f3n<\/span><\/a>\t\t\t\t\t<\/div>\n\t\t\t\t\t\t\t\t<\/div>\n\t\t\t<\/div>\n\n\t<\/div>\n<\/div>\n\n\n<div class=\"co-flex_row co-flex_row__last co-flex_row__back-to-top\" >\n\t<div class=\"co-flex_row--row co-row\">\n\t\t<div class=\"co-back_top\">\n\t<a class=\"co-back_top--link\" href=\"#\" aria-label=\"\">\n\t\tVolver arriba\t\t<svg class=\"co-back_top--link_icon\" viewbox=\"0 0 26 20\" role=\"img\" aria-label=\"Volver arriba\">\n\t\t\t<use xlink:href=\"https:\/\/www.tucoemas.org\/wp-content\/themes\/tucoemas-theme\/images\/sprite-icons.svg#back-top\" \/>\n\t\t<\/svg>\n\t<\/a>\n<\/div>\n\t<\/div>\n<\/div>","protected":false},"excerpt":{"rendered":"","protected":false},"author":10,"featured_media":0,"parent":2475,"menu_order":0,"comment_status":"closed","ping_status":"closed","template":"","meta":{"_acf_changed":false,"_searchwp_excluded":"","footnotes":""},"class_list":["post-2479","page","type-page","status-publish","hentry"],"acf":[],"yoast_head":"<!-- This site is optimized with the Yoast SEO plugin v27.2 - https:\/\/yoast.com\/product\/yoast-seo-wordpress\/ -->\n<title>Auto Insurance - Tucoemas FCU<\/title>\n<meta name=\"robots\" content=\"index, follow, max-snippet:-1, max-image-preview:large, max-video-preview:-1\" \/>\n<link rel=\"canonical\" href=\"https:\/\/www.tucoemas.org\/es\/borrow\/auto-loans\/insurance\/\" \/>\n<meta property=\"og:locale\" content=\"es_ES\" \/>\n<meta property=\"og:type\" content=\"article\" \/>\n<meta property=\"og:title\" content=\"Auto Insurance - Tucoemas FCU\" \/>\n<meta property=\"og:url\" content=\"https:\/\/www.tucoemas.org\/es\/borrow\/auto-loans\/insurance\/\" \/>\n<meta property=\"og:site_name\" content=\"Tucoemas FCU\" \/>\n<meta property=\"article:modified_time\" content=\"2025-02-05T21:57:33+00:00\" \/>\n<meta name=\"twitter:card\" content=\"summary_large_image\" \/>\n<script type=\"application\/ld+json\" class=\"yoast-schema-graph\">{\"@context\":\"https:\/\/schema.org\",\"@graph\":[{\"@type\":\"WebPage\",\"@id\":\"https:\/\/www.tucoemas.org\/borrow\/auto-loans\/insurance\/\",\"url\":\"https:\/\/www.tucoemas.org\/borrow\/auto-loans\/insurance\/\",\"name\":\"Auto Insurance - Tucoemas FCU\",\"isPartOf\":{\"@id\":\"https:\/\/www.tucoemas.org\/#website\"},\"datePublished\":\"2024-05-28T21:52:42+00:00\",\"dateModified\":\"2025-02-05T21:57:33+00:00\",\"breadcrumb\":{\"@id\":\"https:\/\/www.tucoemas.org\/borrow\/auto-loans\/insurance\/#breadcrumb\"},\"inLanguage\":\"es-ES\",\"potentialAction\":[{\"@type\":\"ReadAction\",\"target\":[\"https:\/\/www.tucoemas.org\/borrow\/auto-loans\/insurance\/\"]}]},{\"@type\":\"BreadcrumbList\",\"@id\":\"https:\/\/www.tucoemas.org\/borrow\/auto-loans\/insurance\/#breadcrumb\",\"itemListElement\":[{\"@type\":\"ListItem\",\"position\":1,\"name\":\"Home\",\"item\":\"https:\/\/www.tucoemas.org\/\"},{\"@type\":\"ListItem\",\"position\":2,\"name\":\"Loans &#038; Credit Cards\",\"item\":\"https:\/\/www.tucoemas.org\/borrow\/\"},{\"@type\":\"ListItem\",\"position\":3,\"name\":\"Auto Loans\",\"item\":\"https:\/\/www.tucoemas.org\/borrow\/auto-loans\/\"},{\"@type\":\"ListItem\",\"position\":4,\"name\":\"Auto Insurance\"}]},{\"@type\":\"WebSite\",\"@id\":\"https:\/\/www.tucoemas.org\/#website\",\"url\":\"https:\/\/www.tucoemas.org\/\",\"name\":\"Tucoemas FCU\",\"description\":\"A community on the rise.\",\"potentialAction\":[{\"@type\":\"SearchAction\",\"target\":{\"@type\":\"EntryPoint\",\"urlTemplate\":\"https:\/\/www.tucoemas.org\/?s={search_term_string}\"},\"query-input\":{\"@type\":\"PropertyValueSpecification\",\"valueRequired\":true,\"valueName\":\"search_term_string\"}}],\"inLanguage\":\"es-ES\"}]}<\/script>\n<!-- \/ Yoast SEO plugin. -->","yoast_head_json":{"title":"Seguro de auto - Tucoemas FCU","robots":{"index":"index","follow":"follow","max-snippet":"max-snippet:-1","max-image-preview":"max-image-preview:large","max-video-preview":"max-video-preview:-1"},"canonical":"https:\/\/www.tucoemas.org\/es\/borrow\/auto-loans\/insurance\/","og_locale":"es_ES","og_type":"article","og_title":"Auto Insurance - Tucoemas FCU","og_url":"https:\/\/www.tucoemas.org\/es\/borrow\/auto-loans\/insurance\/","og_site_name":"Tucoemas FCU","article_modified_time":"2025-02-05T21:57:33+00:00","twitter_card":"summary_large_image","schema":{"@context":"https:\/\/schema.org","@graph":[{"@type":"WebPage","@id":"https:\/\/www.tucoemas.org\/borrow\/auto-loans\/insurance\/","url":"https:\/\/www.tucoemas.org\/borrow\/auto-loans\/insurance\/","name":"Seguro de auto - Tucoemas FCU","isPartOf":{"@id":"https:\/\/www.tucoemas.org\/#website"},"datePublished":"2024-05-28T21:52:42+00:00","dateModified":"2025-02-05T21:57:33+00:00","breadcrumb":{"@id":"https:\/\/www.tucoemas.org\/borrow\/auto-loans\/insurance\/#breadcrumb"},"inLanguage":"es-ES","potentialAction":[{"@type":"ReadAction","target":["https:\/\/www.tucoemas.org\/borrow\/auto-loans\/insurance\/"]}]},{"@type":"BreadcrumbList","@id":"https:\/\/www.tucoemas.org\/borrow\/auto-loans\/insurance\/#breadcrumb","itemListElement":[{"@type":"ListItem","position":1,"name":"Home","item":"https:\/\/www.tucoemas.org\/"},{"@type":"ListItem","position":2,"name":"Loans &#038; Credit Cards","item":"https:\/\/www.tucoemas.org\/borrow\/"},{"@type":"ListItem","position":3,"name":"Auto Loans","item":"https:\/\/www.tucoemas.org\/borrow\/auto-loans\/"},{"@type":"ListItem","position":4,"name":"Auto Insurance"}]},{"@type":"WebSite","@id":"https:\/\/www.tucoemas.org\/#website","url":"https:\/\/www.tucoemas.org\/","name":"Uni\u00f3n Cooperativa de Cr\u00e9dito Tucoemas","description":"Una comunidad en ascenso.","potentialAction":[{"@type":"SearchAction","target":{"@type":"EntryPoint","urlTemplate":"https:\/\/www.tucoemas.org\/?s={search_term_string}"},"query-input":{"@type":"PropertyValueSpecification","valueRequired":true,"valueName":"search_term_string"}}],"inLanguage":"es-ES"}]}},"_links":{"self":[{"href":"https:\/\/www.tucoemas.org\/es\/wp-json\/wp\/v2\/pages\/2479","targetHints":{"allow":["GET"]}}],"collection":[{"href":"https:\/\/www.tucoemas.org\/es\/wp-json\/wp\/v2\/pages"}],"about":[{"href":"https:\/\/www.tucoemas.org\/es\/wp-json\/wp\/v2\/types\/page"}],"author":[{"embeddable":true,"href":"https:\/\/www.tucoemas.org\/es\/wp-json\/wp\/v2\/users\/10"}],"replies":[{"embeddable":true,"href":"https:\/\/www.tucoemas.org\/es\/wp-json\/wp\/v2\/comments?post=2479"}],"version-history":[{"count":31,"href":"https:\/\/www.tucoemas.org\/es\/wp-json\/wp\/v2\/pages\/2479\/revisions"}],"predecessor-version":[{"id":5511,"href":"https:\/\/www.tucoemas.org\/es\/wp-json\/wp\/v2\/pages\/2479\/revisions\/5511"}],"up":[{"embeddable":true,"href":"https:\/\/www.tucoemas.org\/es\/wp-json\/wp\/v2\/pages\/2475"}],"wp:attachment":[{"href":"https:\/\/www.tucoemas.org\/es\/wp-json\/wp\/v2\/media?parent=2479"}],"curies":[{"name":"wp","href":"https:\/\/api.w.org\/{rel}","templated":true}]}}