{"id":2484,"date":"2024-05-28T14:52:44","date_gmt":"2024-05-28T21:52:44","guid":{"rendered":"https:\/\/www.tucoemas.org\/make-payment\/"},"modified":"2025-02-20T09:13:26","modified_gmt":"2025-02-20T17:13:26","slug":"make-payment","status":"publish","type":"page","link":"https:\/\/www.tucoemas.org\/es\/borrow\/make-payment\/","title":{"rendered":"Realizar un pago"},"content":{"rendered":"<div class=\"co-flex_row co-flex_row__page-hero\" >\n\t<div class=\"co-flex_row--row co-row\">\n\t\t\t<header class=\"co-page_hero  co-page_hero__has_image display-img-desktop\" aria-label=\"Encabezado: Pago de pr\u00e9stamos en l\u00ednea\">\n\t\t<div class=\"co-page_hero--inner\">\n\t\t\t<div class=\"prow gap:0\">\n\t\t\t\t\t\t\t\t\t<div class=\"co-page_hero--img_wrap pcol-lg:5\">\n\t\t\t\t\t\t<img loading=\"lazy\" decoding=\"async\" width=\"550\" height=\"550\" src=\"https:\/\/www.tucoemas.org\/files\/HERO-Online-Payment.jpg\" class=\"co-page_hero--img\" alt=\"HERO-Online-Payment\" srcset=\"https:\/\/www.tucoemas.org\/files\/HERO-Online-Payment.jpg 550w, https:\/\/www.tucoemas.org\/files\/HERO-Online-Payment-540x540.jpg 540w, https:\/\/www.tucoemas.org\/files\/HERO-Online-Payment-150x150.jpg 150w, https:\/\/www.tucoemas.org\/files\/HERO-Online-Payment-396x396.jpg 396w, https:\/\/www.tucoemas.org\/files\/HERO-Online-Payment-75x75.jpg 75w, https:\/\/www.tucoemas.org\/files\/HERO-Online-Payment-300x300.jpg 300w, https:\/\/www.tucoemas.org\/files\/HERO-Online-Payment-400x400.jpg 400w\" sizes=\"auto, (max-width: 550px) 100vw, 550px\" \/>\t\t\t\t\t<\/div>\n\t\t\t\t\t\t\t\t<div class=\"co-page_hero--text pcol-lg:7\">\n\t\t\t\t\t\t\t\t\t\t<h1 class=\"co-page_hero--title\">\n\t\t\t\t\t\tPago de pr\u00e9stamos en l\u00ednea\t\t\t\t\t<\/h1>\n\t\t\t\t\t<p class=\"co-page_hero--tagline\">Realice un pago en cualquier momento y en cualquier lugar.<\/p>\t\t\t\t\t\t<div class=\"co-page_hero--buttons\">\n\t\t\t\t\t\t\t<a class=\"co-page_hero--button\" href=\"https:\/\/www.tucoemas.org\/es\/speed-bump\/?url=https%3A%2F%2Fswivelpay.com%2Flogin%3FinstitutionId%3Df1912e9b-e7e0-4d28-b154-070d1c45b969&#038;prev=https%3A%2F%2Fwww.tucoemas.org%2Fes%2Fborrow%2Fmake-payment%2F\"  ><span>HACER UN PAGO<\/span><\/a><a class=\"co-page_hero--link\" href=\"https:\/\/www.tucoemas.org\/es\/help\/contact-us\/\"  ><span>Cont\u00e1ctenos<\/span><\/a>\t\t\t\t\t\t<\/div>\n\t\t\t\t\t\t\t\t\t\t<\/div>\n\t\t\t<\/div>\n\t\t<\/div>\n\t<\/header>\n\n\t<\/div>\n<\/div>\n\n\n<div class=\"co-flex_row co-flex_row__sticky-nav\" >\n\t<div class=\"co-flex_row--row co-row\">\n\t\t\t<div class=\"co-sticky_nav_wrap is-active\" id=\"js-sticky_nav_wrap\">\n\t\t<nav\n\t\t\tclass=\"co-sticky_nav\"\n\t\t\tid=\"js-sticky_nav\"\n\t\t\taria-label=\"Navegaci\u00f3n por ancla de p\u00e1gina\"\n\t\t>\n\t\t\t<div class=\"co-sticky_nav--mobile\">\n\t\t\t\t<button\n\t\t\t\t\tclass=\"co-sticky_nav--toggle closed\"\n\t\t\t\t\tid=\"js-sticky_nav_toggle\"\n\t\t\t\t\taria-label=\"Abrir y cerrar el men\u00fa de la p\u00e1gina\"\n\t\t\t\t>Men\u00fa de p\u00e1gina<\/button>\n\t\t\t<\/div>\n\t\t\t<div class=\"co-sticky_nav--row co-row closed\" id=\"js-sticky_nav_links\">\n\t\t\t\t\t\t\t\t\t<a href=\"#payments\" class=\"co-sticky_nav--link js-sticky_nav_item\" >\n\t\t\t\t\t\tPagos\t\t\t\t\t<\/a>\n\t\t\t\t\t\t\t\t\t<a href=\"#loans\" class=\"co-sticky_nav--link js-sticky_nav_item\" >\n\t\t\t\t\t\tPr\u00e9stamos\t\t\t\t\t<\/a>\n\t\t\t\t\t\t\t\t\t<a href=\"#join\" class=\"co-sticky_nav--link js-sticky_nav_item\" >\n\t\t\t\t\t\t\u00danase\t\t\t\t\t<\/a>\n\t\t\t\t\t\t\t<\/div>\n\t\t<\/nav>\n\t<\/div>\n\n\t<\/div>\n<\/div>\n\n\n<div class=\"co-flex_row co-flex_row__white co-flex_row__long-form-text\" id=\"payments\">\n\t<div class=\"co-flex_row--row co-row\">\n\t\t\t<div class=\"co-long_form\">\n\t\t\t\t<header class=\"co-intro_text\">\n\t\t\t<h2 class=\"co-intro_text--title\">Pagos de pr\u00e9stamos en l\u00ednea<\/h2>\t\t<\/header>\n\t\t\t\t\t<div class=\"co-long_form--block prow items-start\">\n\t\t\t\t<div class=\"co-long_form--text pcol-md:7\">\n\t\t\t\t\t<div class=\"co-long_form--content text-component\"><p>Para realizar pagos desde su cuenta de Tucoemas, inicie sesi\u00f3n en su cuenta bancaria personal en l\u00ednea.<\/p>\n<\/div><a class=\"co-long_form--button co-button\" href=\"https:\/\/my.tucoemas.org\/login\"  ><span>ACCESO<\/span><\/a>\t\t\t\t<\/div>\n\t\t\t\t\t\t\t\t\t<div class=\"co-long_form--media pcol-md:5\">\n\t\t\t\t\t\t<img loading=\"lazy\" decoding=\"async\" width=\"400\" height=\"400\" src=\"https:\/\/www.tucoemas.org\/files\/Long-format-Member-1.jpg\" class=\"co-long_form--image\" alt=\"Long-format-Member\" srcset=\"https:\/\/www.tucoemas.org\/files\/Long-format-Member-1.jpg 400w, https:\/\/www.tucoemas.org\/files\/Long-format-Member-1-150x150.jpg 150w, https:\/\/www.tucoemas.org\/files\/Long-format-Member-1-396x396.jpg 396w, https:\/\/www.tucoemas.org\/files\/Long-format-Member-1-75x75.jpg 75w, https:\/\/www.tucoemas.org\/files\/Long-format-Member-1-300x300.jpg 300w\" sizes=\"auto, (max-width: 400px) 100vw, 400px\" \/>\t\t\t\t\t<\/div>\n\t\t\t\t\t\t\t<\/div>\n\t\t\t\t<\/div>\n\n\t<\/div>\n<\/div>\n\n\n<div class=\"co-flex_row co-flex_row__white co-flex_row__accordions\" id=\"loans\">\n\t<div class=\"co-flex_row--row co-row\">\n\t\t\t<section class=\"co-accords_section\" aria-label=\"Pagos de pr\u00e9stamos de cuentas externas\">\n\t\t\t\t<header class=\"co-intro_text\">\n\t\t\t<h2 class=\"co-intro_text--title\">Pagos de pr\u00e9stamos de cuentas externas<\/h2>\t\t<\/header>\n\t\t\t\t<div class=\"co-accordion\" data-animation=\"on\" data-multi-items=\"on\">\n\t\t\t\t\t\t\t<div class=\"co-accordion--item\">\n\t\t\t\t\t<button  class=\"co-accordion--header\t\t\t\t\t\t\tjs-accord_toggle\t\t\t\t\t\t\tclosed\">\n\t\t\t\t\t\tPortal web\t\t\t\t\t\t<span class=\"co-accordion--icon no-js:is-hidden\"><\/span>\n\t\t\t\t\t<\/button>\n\t\t\t\t\t<div class=\"co-accordion--panel\t\t\t\t\t\tjs-accord_content\t\t\t\t\t\ttext-component\">\n\t\t\t\t\t\t<p>Tarifa de conveniencia $2.00 para pagos \u00fanicos \u2013 GRATIS para pagos recurrentes. <a href=\"https:\/\/swivelpay.com\/login?institutionId=f1912e9b-e7e0-4d28-b154-070d1c45b969\">Configure el pago aqu\u00ed.<\/a><\/p>\n\t\t\t\t\t<\/div>\n\t\t\t\t<\/div>\n\t\t\t\t\t\t\t<div class=\"co-accordion--item\">\n\t\t\t\t\t<button  class=\"co-accordion--header\t\t\t\t\t\t\tjs-accord_toggle\t\t\t\t\t\t\tclosed\">\n\t\t\t\t\t\tPagar por tel\u00e9fono\t\t\t\t\t\t<span class=\"co-accordion--icon no-js:is-hidden\"><\/span>\n\t\t\t\t\t<\/button>\n\t\t\t\t\t<div class=\"co-accordion--panel\t\t\t\t\t\tjs-accord_content\t\t\t\t\t\ttext-component\">\n\t\t\t\t\t\t<p>Tarifa de conveniencia $2.00:\u00a0<strong>1-866-581-8010<\/strong><\/p>\n\t\t\t\t\t<\/div>\n\t\t\t\t<\/div>\n\t\t\t\t\t\t\t<div class=\"co-accordion--item\">\n\t\t\t\t\t<button  class=\"co-accordion--header\t\t\t\t\t\t\tjs-accord_toggle\t\t\t\t\t\t\tclosed\">\n\t\t\t\t\t\tPague por tel\u00e9fono con un representante de miembros\t\t\t\t\t\t<span class=\"co-accordion--icon no-js:is-hidden\"><\/span>\n\t\t\t\t\t<\/button>\n\t\t\t\t\t<div class=\"co-accordion--panel\t\t\t\t\t\tjs-accord_content\t\t\t\t\t\ttext-component\">\n\t\t\t\t\t\t<p>Tarifa de conveniencia $5:<strong>\u00a0(559) 732-8892<\/strong><\/p>\n\t\t\t\t\t<\/div>\n\t\t\t\t<\/div>\n\t\t\t\t\t<\/div>\n\t\t<div class=\"co-accordion--cta\"><p>Si tienes alguna pregunta, por favor <a href=\"https:\/\/www.tucoemas.org\/es\/help\/contact-us\/\">Cont\u00e1ctanos.<\/a><\/p>\n<\/div>\t<\/section>\n\n\t<\/div>\n<\/div>\n\n\n<div class=\"co-flex_row co-flex_row__white co-flex_row__single-path-cta\" >\n\t<div class=\"co-flex_row--row co-row\">\n\t\t\t<div class=\"co-sp_cta\">\n\t\t\t\t<header class=\"co-intro_text has_intro\">\n\t\t\t<h2 class=\"co-intro_text--title\">H\u00e1gase miembro<\/h2><div class=\"co-intro_text--intro text-component\"><p>Como copropietario de Tucoemas, nuestras ganancias le benefician directamente a trav\u00e9s de mejores tasas y comisiones m\u00e1s bajas.<\/p>\n<\/div>\t\t<\/header>\n\t\t<a class=\"co-sp_cta--button\" href=\"https:\/\/www.tucoemas.org\/es\/open-account\/\"  ><span>\u00daNASE<\/span><\/a><a class=\"co-sp_cta--link\" href=\"https:\/\/www.tucoemas.org\/es\/help\/contact-us\/\"  ><span>Cont\u00e1ctenos<\/span><\/a>\t<\/div>\n\n\t<\/div>\n<\/div>\n\n\n<div class=\"co-flex_row co-flex_row__white co-flex_row__related-products\" id=\"loans\">\n\t<div class=\"co-flex_row--row co-row\">\n\t\t\t<div class=\"co-rel_prods center-narrow\">\n\t\t\t\t<header class=\"co-intro_text has_intro\">\n\t\t\t<h2 class=\"co-intro_text--title\">\u00bfNecesitas un pr\u00e9stamo?<\/h2><div class=\"co-intro_text--intro text-component\"><p>Nuestros pr\u00e9stamos son tan buenos que pensar\u00e1s: &quot;\u00a1Guau, Tucoemas realmente me entiende!&quot;\u201c<\/p>\n<\/div>\t\t<\/header>\n\t\t\t\t\t<div class=\"co-rel_prods--cols prow prow-md:2  justify-center\">\n\t\t\t\t\t\t\t\t\t<div class=\"co-rel_prods--col\">\n\t\t\t\t\t\t<h3 class=\"co-rel_prods--col_title\">Pr\u00e9stamos para autos nuevos y usados<\/h3><div class=\"co-rel_prods--col_desc text-component\">Ya sea que se dirija al Parque Nacional de las Secuoyas para pasar el fin de semana o que haga su trayecto diario al trabajo, Tucoemas es su socio local para ayudarle a llegar a donde necesita ir.<\/div><a class=\"co-rel_prods--col_cta\" href=\"https:\/\/www.tucoemas.org\/es\/borrow\/auto-loans\/new-used\/\" target=\"_top\" aria-label=\"Lea m\u00e1s sobre pr\u00e9stamos para autom\u00f3viles nuevos y usados\"><span>M\u00e1s informaci\u00f3n<\/span><\/a>\t\t\t\t\t<\/div>\n\t\t\t\t\t\t\t\t\t\t<div class=\"co-rel_prods--col\">\n\t\t\t\t\t\t<h3 class=\"co-rel_prods--col_title\">Pr\u00e9stamos personales<\/h3><div class=\"co-rel_prods--col_desc text-component\">Ya sea que desee consolidar deudas, realizar una compra importante o cubrir un gasto inesperado, nuestros pr\u00e9stamos personales ofrecen tasas bajas y t\u00e9rminos flexibles para ayudarle a alcanzar tus objetivos financieros.<\/div><a class=\"co-rel_prods--col_cta\" href=\"https:\/\/www.tucoemas.org\/es\/borrow\/personal-loans\/\" target=\"_top\" aria-label=\"Lea m\u00e1s sobre pr\u00e9stamos personales\"><span>M\u00e1s informaci\u00f3n<\/span><\/a>\t\t\t\t\t<\/div>\n\t\t\t\t\t\t\t\t<\/div>\n\t\t\t<\/div>\n\n\t<\/div>\n<\/div>\n\n\n<div class=\"co-flex_row co-flex_row__last co-flex_row__back-to-top\" >\n\t<div class=\"co-flex_row--row co-row\">\n\t\t<div class=\"co-back_top\">\n\t<a class=\"co-back_top--link\" href=\"#\" aria-label=\"\">\n\t\tVolver arriba\t\t<svg class=\"co-back_top--link_icon\" viewbox=\"0 0 26 20\" role=\"img\" aria-label=\"Volver arriba\">\n\t\t\t<use xlink:href=\"https:\/\/www.tucoemas.org\/wp-content\/themes\/tucoemas-theme\/images\/sprite-icons.svg#back-top\" \/>\n\t\t<\/svg>\n\t<\/a>\n<\/div>\n\t<\/div>\n<\/div>","protected":false},"excerpt":{"rendered":"","protected":false},"author":10,"featured_media":0,"parent":2473,"menu_order":0,"comment_status":"closed","ping_status":"closed","template":"","meta":{"_acf_changed":false,"_searchwp_excluded":"","footnotes":""},"class_list":["post-2484","page","type-page","status-publish","hentry"],"acf":[],"yoast_head":"<!-- This site is optimized with the Yoast SEO plugin v27.2 - https:\/\/yoast.com\/product\/yoast-seo-wordpress\/ -->\n<title>Make a Payment - Tucoemas FCU<\/title>\n<meta name=\"robots\" content=\"index, follow, max-snippet:-1, max-image-preview:large, max-video-preview:-1\" \/>\n<link rel=\"canonical\" href=\"https:\/\/www.tucoemas.org\/es\/borrow\/make-payment\/\" \/>\n<meta property=\"og:locale\" content=\"es_ES\" \/>\n<meta property=\"og:type\" content=\"article\" \/>\n<meta property=\"og:title\" content=\"Make a Payment - Tucoemas FCU\" \/>\n<meta property=\"og:url\" content=\"https:\/\/www.tucoemas.org\/es\/borrow\/make-payment\/\" \/>\n<meta property=\"og:site_name\" content=\"Tucoemas FCU\" \/>\n<meta property=\"article:modified_time\" content=\"2025-02-20T17:13:26+00:00\" \/>\n<meta name=\"twitter:card\" content=\"summary_large_image\" \/>\n<script type=\"application\/ld+json\" class=\"yoast-schema-graph\">{\"@context\":\"https:\/\/schema.org\",\"@graph\":[{\"@type\":\"WebPage\",\"@id\":\"https:\/\/www.tucoemas.org\/borrow\/make-payment\/\",\"url\":\"https:\/\/www.tucoemas.org\/borrow\/make-payment\/\",\"name\":\"Make a Payment - Tucoemas FCU\",\"isPartOf\":{\"@id\":\"https:\/\/www.tucoemas.org\/#website\"},\"datePublished\":\"2024-05-28T21:52:44+00:00\",\"dateModified\":\"2025-02-20T17:13:26+00:00\",\"breadcrumb\":{\"@id\":\"https:\/\/www.tucoemas.org\/borrow\/make-payment\/#breadcrumb\"},\"inLanguage\":\"es-ES\",\"potentialAction\":[{\"@type\":\"ReadAction\",\"target\":[\"https:\/\/www.tucoemas.org\/borrow\/make-payment\/\"]}]},{\"@type\":\"BreadcrumbList\",\"@id\":\"https:\/\/www.tucoemas.org\/borrow\/make-payment\/#breadcrumb\",\"itemListElement\":[{\"@type\":\"ListItem\",\"position\":1,\"name\":\"Home\",\"item\":\"https:\/\/www.tucoemas.org\/\"},{\"@type\":\"ListItem\",\"position\":2,\"name\":\"Loans &#038; Credit Cards\",\"item\":\"https:\/\/www.tucoemas.org\/borrow\/\"},{\"@type\":\"ListItem\",\"position\":3,\"name\":\"Make a Payment\"}]},{\"@type\":\"WebSite\",\"@id\":\"https:\/\/www.tucoemas.org\/#website\",\"url\":\"https:\/\/www.tucoemas.org\/\",\"name\":\"Tucoemas FCU\",\"description\":\"A community on the rise.\",\"potentialAction\":[{\"@type\":\"SearchAction\",\"target\":{\"@type\":\"EntryPoint\",\"urlTemplate\":\"https:\/\/www.tucoemas.org\/?s={search_term_string}\"},\"query-input\":{\"@type\":\"PropertyValueSpecification\",\"valueRequired\":true,\"valueName\":\"search_term_string\"}}],\"inLanguage\":\"es-ES\"}]}<\/script>\n<!-- \/ Yoast SEO plugin. -->","yoast_head_json":{"title":"Make a Payment - Tucoemas FCU","robots":{"index":"index","follow":"follow","max-snippet":"max-snippet:-1","max-image-preview":"max-image-preview:large","max-video-preview":"max-video-preview:-1"},"canonical":"https:\/\/www.tucoemas.org\/es\/borrow\/make-payment\/","og_locale":"es_ES","og_type":"article","og_title":"Make a Payment - Tucoemas FCU","og_url":"https:\/\/www.tucoemas.org\/es\/borrow\/make-payment\/","og_site_name":"Tucoemas FCU","article_modified_time":"2025-02-20T17:13:26+00:00","twitter_card":"summary_large_image","schema":{"@context":"https:\/\/schema.org","@graph":[{"@type":"WebPage","@id":"https:\/\/www.tucoemas.org\/borrow\/make-payment\/","url":"https:\/\/www.tucoemas.org\/borrow\/make-payment\/","name":"Make a Payment - Tucoemas FCU","isPartOf":{"@id":"https:\/\/www.tucoemas.org\/#website"},"datePublished":"2024-05-28T21:52:44+00:00","dateModified":"2025-02-20T17:13:26+00:00","breadcrumb":{"@id":"https:\/\/www.tucoemas.org\/borrow\/make-payment\/#breadcrumb"},"inLanguage":"es-ES","potentialAction":[{"@type":"ReadAction","target":["https:\/\/www.tucoemas.org\/borrow\/make-payment\/"]}]},{"@type":"BreadcrumbList","@id":"https:\/\/www.tucoemas.org\/borrow\/make-payment\/#breadcrumb","itemListElement":[{"@type":"ListItem","position":1,"name":"Home","item":"https:\/\/www.tucoemas.org\/"},{"@type":"ListItem","position":2,"name":"Loans &#038; Credit Cards","item":"https:\/\/www.tucoemas.org\/borrow\/"},{"@type":"ListItem","position":3,"name":"Make a Payment"}]},{"@type":"WebSite","@id":"https:\/\/www.tucoemas.org\/#website","url":"https:\/\/www.tucoemas.org\/","name":"Uni\u00f3n Cooperativa de Cr\u00e9dito Tucoemas","description":"Una comunidad en ascenso.","potentialAction":[{"@type":"SearchAction","target":{"@type":"EntryPoint","urlTemplate":"https:\/\/www.tucoemas.org\/?s={search_term_string}"},"query-input":{"@type":"PropertyValueSpecification","valueRequired":true,"valueName":"search_term_string"}}],"inLanguage":"es-ES"}]}},"_links":{"self":[{"href":"https:\/\/www.tucoemas.org\/es\/wp-json\/wp\/v2\/pages\/2484","targetHints":{"allow":["GET"]}}],"collection":[{"href":"https:\/\/www.tucoemas.org\/es\/wp-json\/wp\/v2\/pages"}],"about":[{"href":"https:\/\/www.tucoemas.org\/es\/wp-json\/wp\/v2\/types\/page"}],"author":[{"embeddable":true,"href":"https:\/\/www.tucoemas.org\/es\/wp-json\/wp\/v2\/users\/10"}],"replies":[{"embeddable":true,"href":"https:\/\/www.tucoemas.org\/es\/wp-json\/wp\/v2\/comments?post=2484"}],"version-history":[{"count":27,"href":"https:\/\/www.tucoemas.org\/es\/wp-json\/wp\/v2\/pages\/2484\/revisions"}],"predecessor-version":[{"id":5968,"href":"https:\/\/www.tucoemas.org\/es\/wp-json\/wp\/v2\/pages\/2484\/revisions\/5968"}],"up":[{"embeddable":true,"href":"https:\/\/www.tucoemas.org\/es\/wp-json\/wp\/v2\/pages\/2473"}],"wp:attachment":[{"href":"https:\/\/www.tucoemas.org\/es\/wp-json\/wp\/v2\/media?parent=2484"}],"curies":[{"name":"wp","href":"https:\/\/api.w.org\/{rel}","templated":true}]}}