{"id":2485,"date":"2024-05-28T14:52:44","date_gmt":"2024-05-28T21:52:44","guid":{"rendered":"https:\/\/www.tucoemas.org\/skip-a-pay\/"},"modified":"2025-02-10T13:54:07","modified_gmt":"2025-02-10T21:54:07","slug":"skip-a-pay","status":"publish","type":"page","link":"https:\/\/www.tucoemas.org\/es\/borrow\/skip-a-pay\/","title":{"rendered":"Saltar un pago"},"content":{"rendered":"<div class=\"co-flex_row co-flex_row__page-hero\" >\n\t<div class=\"co-flex_row--row co-row\">\n\t\t\t<header class=\"co-page_hero  co-page_hero__has_image display-img-desktop\" aria-label=\"Encabezado: Saltar un pago\">\n\t\t<div class=\"co-page_hero--inner\">\n\t\t\t<div class=\"prow gap:0\">\n\t\t\t\t\t\t\t\t\t<div class=\"co-page_hero--img_wrap pcol-lg:5\">\n\t\t\t\t\t\t<img loading=\"lazy\" decoding=\"async\" width=\"550\" height=\"550\" src=\"https:\/\/www.tucoemas.org\/files\/HERO.jpg\" class=\"co-page_hero--img\" alt=\"HERO\" srcset=\"https:\/\/www.tucoemas.org\/files\/HERO.jpg 550w, https:\/\/www.tucoemas.org\/files\/HERO-540x540.jpg 540w, https:\/\/www.tucoemas.org\/files\/HERO-150x150.jpg 150w, https:\/\/www.tucoemas.org\/files\/HERO-396x396.jpg 396w, https:\/\/www.tucoemas.org\/files\/HERO-75x75.jpg 75w, https:\/\/www.tucoemas.org\/files\/HERO-300x300.jpg 300w, https:\/\/www.tucoemas.org\/files\/HERO-400x400.jpg 400w\" sizes=\"auto, (max-width: 550px) 100vw, 550px\" \/>\t\t\t\t\t<\/div>\n\t\t\t\t\t\t\t\t<div class=\"co-page_hero--text pcol-lg:7\">\n\t\t\t\t\t\t\t\t\t\t<h1 class=\"co-page_hero--title\">\n\t\t\t\t\t\tSaltar un pago\t\t\t\t\t<\/h1>\n\t\t\t\t\t<p class=\"co-page_hero--tagline\">Te mereces un descanso.<\/p>\t\t\t\t\t\t<div class=\"co-page_hero--buttons\">\n\t\t\t\t\t\t\t<a class=\"co-page_hero--button\" href=\"https:\/\/www.tucoemas.org\/es\/help\/contact-us\/\"  ><span>CONT\u00c1CTENOS<\/span><\/a>\t\t\t\t\t\t<\/div>\n\t\t\t\t\t\t\t\t\t\t<\/div>\n\t\t\t<\/div>\n\t\t<\/div>\n\t<\/header>\n\n\t<\/div>\n<\/div>\n\n\n<div class=\"co-flex_row co-flex_row__white co-flex_row__page-intro\" >\n\t<div class=\"co-flex_row--row co-row\">\n\t\t\t<div class=\"co-page_intro\">\n\t\t<h2 class=\"co-page_intro--title\">Con el programa Skip-A-Pay de Tucoemas, puede omitir los pagos del pr\u00e9stamo de Tucoemas en cualquier lugar y en cualquier momento*.<\/h2>\t<\/div>\n\n\t<\/div>\n<\/div>\n\n\n<div class=\"co-flex_row co-flex_row__white co-flex_row__long-form-text\" id=\"skip\">\n\t<div class=\"co-flex_row--row co-row\">\n\t\t\t<div class=\"co-long_form\">\n\t\t\t\t<header class=\"co-intro_text\">\n\t\t\t<h2 class=\"co-intro_text--title\">Omitir un pago de pr\u00e9stamo<\/h2>\t\t<\/header>\n\t\t\t\t\t<div class=\"co-long_form--block prow items-start\">\n\t\t\t\t<div class=\"co-long_form--text pcol-md:7\">\n\t\t\t\t\t<div class=\"co-long_form--content text-component\"><p><strong>Tipos de pr\u00e9stamos elegibles:<\/strong><\/p>\n<ul>\n<li>Pr\u00e9stamos para autom\u00f3viles nuevos o usados<\/li>\n<li>Pr\u00e9stamos para recreaci\u00f3n<\/li>\n<li>Pr\u00e9stamos para motocicletas, veh\u00edculos todo terreno y embarcaciones personales<\/li>\n<li>Pr\u00e9stamos personales<\/li>\n<li>Todos los dem\u00e1s pr\u00e9stamos garantizados<\/li>\n<\/ul>\n<p><strong>\u00bfC\u00f3mo saltar?<\/strong><\/p>\n<ul>\n<li>Inicie sesi\u00f3n en su plataforma de banca en l\u00ednea\n<ul>\n<li>En el men\u00fa desplegable del lado izquierdo, haga clic en \u201cPagos\u201d<\/li>\n<li>Haga clic en \u201cOmitir un pago\u201d<\/li>\n<li>Seleccione un pr\u00e9stamo elegible<\/li>\n<\/ul>\n<\/li>\n<li>\u00a1Pasa por una sucursal!<\/li>\n<li>Llame a nuestro equipo de pr\u00e9stamos al (559) 732-8892<\/li>\n<\/ul>\n<\/div><a class=\"co-long_form--button co-button\" href=\"https:\/\/www.tucoemas.org\/es\/help\/contact-us\/\"  ><span>CONT\u00c1CTENOS<\/span><\/a>\t\t\t\t<\/div>\n\t\t\t\t\t\t\t\t\t<div class=\"co-long_form--media pcol-md:5\">\n\t\t\t\t\t\t<img loading=\"lazy\" decoding=\"async\" width=\"400\" height=\"400\" src=\"https:\/\/www.tucoemas.org\/files\/Long-format-Pathways.jpg\" class=\"co-long_form--image\" alt=\"Long-format-Pathways\" srcset=\"https:\/\/www.tucoemas.org\/files\/Long-format-Pathways.jpg 400w, https:\/\/www.tucoemas.org\/files\/Long-format-Pathways-150x150.jpg 150w, https:\/\/www.tucoemas.org\/files\/Long-format-Pathways-396x396.jpg 396w, https:\/\/www.tucoemas.org\/files\/Long-format-Pathways-75x75.jpg 75w, https:\/\/www.tucoemas.org\/files\/Long-format-Pathways-300x300.jpg 300w\" sizes=\"auto, (max-width: 400px) 100vw, 400px\" \/>\t\t\t\t\t<\/div>\n\t\t\t\t\t\t\t<\/div>\n\t\t\t\t<\/div>\n\n\t<\/div>\n<\/div>\n\n\n<div class=\"co-flex_row co-flex_row__white co-flex_row__single-path-cta\" >\n\t<div class=\"co-flex_row--row co-row\">\n\t\t\t<div class=\"co-sp_cta\">\n\t\t\t\t<header class=\"co-intro_text has_intro\">\n\t\t\t<h2 class=\"co-intro_text--title\">H\u00e1gase miembro<\/h2><div class=\"co-intro_text--intro text-component\"><p>Como copropietario de Tucoemas, nuestras ganancias le benefician directamente a trav\u00e9s de mejores tasas y comisiones m\u00e1s bajas.<\/p>\n<\/div>\t\t<\/header>\n\t\t<a class=\"co-sp_cta--button\" href=\"https:\/\/www.tucoemas.org\/es\/open-account\/\"  ><span>\u00daNASE<\/span><\/a><a class=\"co-sp_cta--link\" href=\"https:\/\/www.tucoemas.org\/es\/help\/contact-us\/\"  ><span>Cont\u00e1ctenos<\/span><\/a>\t<\/div>\n\n\t<\/div>\n<\/div>\n\n\n<div class=\"co-flex_row co-flex_row__white co-flex_row__related-products\" id=\"loans\">\n\t<div class=\"co-flex_row--row co-row\">\n\t\t\t<div class=\"co-rel_prods center-narrow\">\n\t\t\t\t<header class=\"co-intro_text has_intro\">\n\t\t\t<h2 class=\"co-intro_text--title\">\u00bfNecesitas un pr\u00e9stamo?<\/h2><div class=\"co-intro_text--intro text-component\"><p>Nuestros pr\u00e9stamos son tan buenos que pensar\u00e1s: &quot;\u00a1Guau, Tucoemas realmente me entiende!&quot;\u201c<\/p>\n<\/div>\t\t<\/header>\n\t\t\t\t\t<div class=\"co-rel_prods--cols prow prow-md:2  justify-center\">\n\t\t\t\t\t\t\t\t\t<div class=\"co-rel_prods--col\">\n\t\t\t\t\t\t<h3 class=\"co-rel_prods--col_title\">Pr\u00e9stamos para autos nuevos y usados<\/h3><div class=\"co-rel_prods--col_desc text-component\">Ya sea que se dirija al Parque Nacional de las Secuoyas para pasar el fin de semana o que haga su trayecto diario al trabajo, Tucoemas es su socio local para ayudarle a llegar a donde necesita ir.<\/div><a class=\"co-rel_prods--col_cta\" href=\"https:\/\/www.tucoemas.org\/es\/borrow\/auto-loans\/new-used\/\" target=\"_top\" aria-label=\"Lea m\u00e1s sobre pr\u00e9stamos para autom\u00f3viles nuevos y usados\"><span>M\u00e1s informaci\u00f3n<\/span><\/a>\t\t\t\t\t<\/div>\n\t\t\t\t\t\t\t\t\t\t<div class=\"co-rel_prods--col\">\n\t\t\t\t\t\t<h3 class=\"co-rel_prods--col_title\">Pr\u00e9stamos personales<\/h3><div class=\"co-rel_prods--col_desc text-component\">Ya sea que desee consolidar deudas, realizar una compra importante o cubrir un gasto inesperado, nuestros pr\u00e9stamos personales ofrecen tasas bajas y t\u00e9rminos flexibles para ayudarle a alcanzar tus objetivos financieros.<\/div><a class=\"co-rel_prods--col_cta\" href=\"https:\/\/www.tucoemas.org\/es\/borrow\/personal-loans\/\" target=\"_top\" aria-label=\"Lea m\u00e1s sobre pr\u00e9stamos personales\"><span>M\u00e1s informaci\u00f3n<\/span><\/a>\t\t\t\t\t<\/div>\n\t\t\t\t\t\t\t\t<\/div>\n\t\t\t<\/div>\n\n\t<\/div>\n<\/div>\n\n\n<div class=\"co-flex_row co-flex_row__white co-flex_row__last co-flex_row__disclosures\" >\n\t<div class=\"co-flex_row--row co-row\">\n\t\t\t<div class=\"co-disclosures\">\n\t\t<h2 class=\"co-disclosures--title\">Divulgaciones<\/h2>\n\t\t<dl class=\"co-disclosures--list\">\n\t\t\t\t\t\t\t<div class=\"co-disclosure\">\n\t\t\t\t\t<dd class=\"co-disclosure--desc\">\n\t\t\t\t\t\t\t\t\t\t\t\t<div class=\"text-component\"><p>*Los siguientes tipos de pr\u00e9stamos son elegibles para Omitir un Pago: Recreaci\u00f3n, Auto, Motocicleta, Firma y todos los dem\u00e1s con garant\u00eda. Hipotecas, Pr\u00e9stamos con Garant\u00eda Hipotecaria, Tarjetas de Cr\u00e9dito y L\u00edneas de Cr\u00e9dito no califican. Debe cumplir con los siguientes criterios para ser elegible para Omitir un Pago: Todas las cuentas de la cooperativa de cr\u00e9dito deben estar al d\u00eda y al corriente; el\/los pr\u00e9stamo(s) a omitir debe(n) tener al menos seis meses de vigencia; Omitir un Pago no puede usarse durante meses consecutivos y est\u00e1 limitado a uno por a\u00f1o calendario, con un m\u00e1ximo de seis durante la vigencia del\/de los pr\u00e9stamo(s). Tucoemas Federal Credit Union se reserva el derecho de rechazar cualquier solicitud de Omitir un Pago debido a un bajo rendimiento de pagos o cualquier otra circunstancia que consideremos perjudicial relacionada con su cuenta. Si tiene cobertura de GAP o de garant\u00eda, es posible que las extensiones para omitir un pago no est\u00e9n cubiertas. Consulte su cobertura de GAP o de garant\u00eda para obtener m\u00e1s informaci\u00f3n.<\/p>\n<p>Usted es responsable de suspender los pagos que genere (pagos que configure con un servicio de pago de facturas, pagos iniciados en otra instituci\u00f3n financiera, etc.) durante el mes en que active el programa &quot;Omitir un Pago&quot;. Cualquier transferencia autom\u00e1tica generada en Tucoemas se suspender\u00e1 durante el mes en que se active el programa &quot;Omitir un Pago&quot;. Si realiza su pago mediante deducci\u00f3n de n\u00f3mina, los fondos permanecer\u00e1n en su cuenta o, una vez recibidos, se depositar\u00e1n en su cuenta de ahorros.<\/p>\n<\/div>\t\t\t\t\t<\/dd>\n\t\t\t\t<\/div>\n\t\t\t\t\t<\/dl>\n\t<\/div>\n\n\t<\/div>\n<\/div>","protected":false},"excerpt":{"rendered":"","protected":false},"author":10,"featured_media":0,"parent":2473,"menu_order":0,"comment_status":"closed","ping_status":"closed","template":"","meta":{"_acf_changed":false,"_searchwp_excluded":"","footnotes":""},"class_list":["post-2485","page","type-page","status-publish","hentry"],"acf":[],"yoast_head":"<!-- This site is optimized with the Yoast SEO plugin v27.2 - https:\/\/yoast.com\/product\/yoast-seo-wordpress\/ -->\n<title>Skip-a-Pay - Tucoemas FCU<\/title>\n<meta name=\"robots\" content=\"index, follow, max-snippet:-1, max-image-preview:large, max-video-preview:-1\" \/>\n<link rel=\"canonical\" href=\"https:\/\/www.tucoemas.org\/es\/borrow\/skip-a-pay\/\" \/>\n<meta property=\"og:locale\" content=\"es_ES\" \/>\n<meta property=\"og:type\" content=\"article\" \/>\n<meta property=\"og:title\" content=\"Skip-a-Pay - Tucoemas FCU\" \/>\n<meta property=\"og:url\" content=\"https:\/\/www.tucoemas.org\/es\/borrow\/skip-a-pay\/\" \/>\n<meta property=\"og:site_name\" content=\"Tucoemas FCU\" \/>\n<meta property=\"article:modified_time\" content=\"2025-02-10T21:54:07+00:00\" \/>\n<meta name=\"twitter:card\" content=\"summary_large_image\" \/>\n<script type=\"application\/ld+json\" class=\"yoast-schema-graph\">{\"@context\":\"https:\/\/schema.org\",\"@graph\":[{\"@type\":\"WebPage\",\"@id\":\"https:\/\/www.tucoemas.org\/borrow\/skip-a-pay\/\",\"url\":\"https:\/\/www.tucoemas.org\/borrow\/skip-a-pay\/\",\"name\":\"Skip-a-Pay - Tucoemas FCU\",\"isPartOf\":{\"@id\":\"https:\/\/www.tucoemas.org\/#website\"},\"datePublished\":\"2024-05-28T21:52:44+00:00\",\"dateModified\":\"2025-02-10T21:54:07+00:00\",\"breadcrumb\":{\"@id\":\"https:\/\/www.tucoemas.org\/borrow\/skip-a-pay\/#breadcrumb\"},\"inLanguage\":\"es-ES\",\"potentialAction\":[{\"@type\":\"ReadAction\",\"target\":[\"https:\/\/www.tucoemas.org\/borrow\/skip-a-pay\/\"]}]},{\"@type\":\"BreadcrumbList\",\"@id\":\"https:\/\/www.tucoemas.org\/borrow\/skip-a-pay\/#breadcrumb\",\"itemListElement\":[{\"@type\":\"ListItem\",\"position\":1,\"name\":\"Home\",\"item\":\"https:\/\/www.tucoemas.org\/\"},{\"@type\":\"ListItem\",\"position\":2,\"name\":\"Loans &#038; Credit Cards\",\"item\":\"https:\/\/www.tucoemas.org\/borrow\/\"},{\"@type\":\"ListItem\",\"position\":3,\"name\":\"Skip-a-Pay\"}]},{\"@type\":\"WebSite\",\"@id\":\"https:\/\/www.tucoemas.org\/#website\",\"url\":\"https:\/\/www.tucoemas.org\/\",\"name\":\"Tucoemas FCU\",\"description\":\"A community on the rise.\",\"potentialAction\":[{\"@type\":\"SearchAction\",\"target\":{\"@type\":\"EntryPoint\",\"urlTemplate\":\"https:\/\/www.tucoemas.org\/?s={search_term_string}\"},\"query-input\":{\"@type\":\"PropertyValueSpecification\",\"valueRequired\":true,\"valueName\":\"search_term_string\"}}],\"inLanguage\":\"es-ES\"}]}<\/script>\n<!-- \/ Yoast SEO plugin. -->","yoast_head_json":{"title":"Skip-a-Pay - Tucoemas FCU","robots":{"index":"index","follow":"follow","max-snippet":"max-snippet:-1","max-image-preview":"max-image-preview:large","max-video-preview":"max-video-preview:-1"},"canonical":"https:\/\/www.tucoemas.org\/es\/borrow\/skip-a-pay\/","og_locale":"es_ES","og_type":"article","og_title":"Skip-a-Pay - Tucoemas FCU","og_url":"https:\/\/www.tucoemas.org\/es\/borrow\/skip-a-pay\/","og_site_name":"Tucoemas FCU","article_modified_time":"2025-02-10T21:54:07+00:00","twitter_card":"summary_large_image","schema":{"@context":"https:\/\/schema.org","@graph":[{"@type":"WebPage","@id":"https:\/\/www.tucoemas.org\/borrow\/skip-a-pay\/","url":"https:\/\/www.tucoemas.org\/borrow\/skip-a-pay\/","name":"Skip-a-Pay - Tucoemas FCU","isPartOf":{"@id":"https:\/\/www.tucoemas.org\/#website"},"datePublished":"2024-05-28T21:52:44+00:00","dateModified":"2025-02-10T21:54:07+00:00","breadcrumb":{"@id":"https:\/\/www.tucoemas.org\/borrow\/skip-a-pay\/#breadcrumb"},"inLanguage":"es-ES","potentialAction":[{"@type":"ReadAction","target":["https:\/\/www.tucoemas.org\/borrow\/skip-a-pay\/"]}]},{"@type":"BreadcrumbList","@id":"https:\/\/www.tucoemas.org\/borrow\/skip-a-pay\/#breadcrumb","itemListElement":[{"@type":"ListItem","position":1,"name":"Home","item":"https:\/\/www.tucoemas.org\/"},{"@type":"ListItem","position":2,"name":"Loans &#038; Credit Cards","item":"https:\/\/www.tucoemas.org\/borrow\/"},{"@type":"ListItem","position":3,"name":"Skip-a-Pay"}]},{"@type":"WebSite","@id":"https:\/\/www.tucoemas.org\/#website","url":"https:\/\/www.tucoemas.org\/","name":"Uni\u00f3n Cooperativa de Cr\u00e9dito Tucoemas","description":"Una comunidad en ascenso.","potentialAction":[{"@type":"SearchAction","target":{"@type":"EntryPoint","urlTemplate":"https:\/\/www.tucoemas.org\/?s={search_term_string}"},"query-input":{"@type":"PropertyValueSpecification","valueRequired":true,"valueName":"search_term_string"}}],"inLanguage":"es-ES"}]}},"_links":{"self":[{"href":"https:\/\/www.tucoemas.org\/es\/wp-json\/wp\/v2\/pages\/2485","targetHints":{"allow":["GET"]}}],"collection":[{"href":"https:\/\/www.tucoemas.org\/es\/wp-json\/wp\/v2\/pages"}],"about":[{"href":"https:\/\/www.tucoemas.org\/es\/wp-json\/wp\/v2\/types\/page"}],"author":[{"embeddable":true,"href":"https:\/\/www.tucoemas.org\/es\/wp-json\/wp\/v2\/users\/10"}],"replies":[{"embeddable":true,"href":"https:\/\/www.tucoemas.org\/es\/wp-json\/wp\/v2\/comments?post=2485"}],"version-history":[{"count":18,"href":"https:\/\/www.tucoemas.org\/es\/wp-json\/wp\/v2\/pages\/2485\/revisions"}],"predecessor-version":[{"id":5664,"href":"https:\/\/www.tucoemas.org\/es\/wp-json\/wp\/v2\/pages\/2485\/revisions\/5664"}],"up":[{"embeddable":true,"href":"https:\/\/www.tucoemas.org\/es\/wp-json\/wp\/v2\/pages\/2473"}],"wp:attachment":[{"href":"https:\/\/www.tucoemas.org\/es\/wp-json\/wp\/v2\/media?parent=2485"}],"curies":[{"name":"wp","href":"https:\/\/api.w.org\/{rel}","templated":true}]}}