{"id":2487,"date":"2024-05-28T14:52:45","date_gmt":"2024-05-28T21:52:45","guid":{"rendered":"https:\/\/www.tucoemas.org\/business\/loans\/"},"modified":"2025-09-09T15:15:28","modified_gmt":"2025-09-09T22:15:28","slug":"loans","status":"publish","type":"page","link":"https:\/\/www.tucoemas.org\/es\/business\/loans\/","title":{"rendered":"Pr\u00e9stamos para empresas"},"content":{"rendered":"<div class=\"co-flex_row co-flex_row__page-hero\" >\n\t<div class=\"co-flex_row--row co-row\">\n\t\t\t<header class=\"co-page_hero  co-page_hero__has_image display-img-desktop\" aria-label=\"Encabezado: Pr\u00e9stamos comerciales\">\n\t\t<div class=\"co-page_hero--inner\">\n\t\t\t<div class=\"prow gap:0\">\n\t\t\t\t\t\t\t\t\t<div class=\"co-page_hero--img_wrap pcol-lg:5\">\n\t\t\t\t\t\t<img loading=\"lazy\" decoding=\"async\" width=\"550\" height=\"550\" src=\"https:\/\/www.tucoemas.org\/files\/HERO-Business-Loans.jpg\" class=\"co-page_hero--img\" alt=\"HERO-Business-Loans\" srcset=\"https:\/\/www.tucoemas.org\/files\/HERO-Business-Loans.jpg 550w, https:\/\/www.tucoemas.org\/files\/HERO-Business-Loans-540x540.jpg 540w, https:\/\/www.tucoemas.org\/files\/HERO-Business-Loans-150x150.jpg 150w, https:\/\/www.tucoemas.org\/files\/HERO-Business-Loans-396x396.jpg 396w, https:\/\/www.tucoemas.org\/files\/HERO-Business-Loans-75x75.jpg 75w, https:\/\/www.tucoemas.org\/files\/HERO-Business-Loans-300x300.jpg 300w, https:\/\/www.tucoemas.org\/files\/HERO-Business-Loans-400x400.jpg 400w\" sizes=\"auto, (max-width: 550px) 100vw, 550px\" \/>\t\t\t\t\t<\/div>\n\t\t\t\t\t\t\t\t<div class=\"co-page_hero--text pcol-lg:7\">\n\t\t\t\t\t\t\t\t\t\t<h1 class=\"co-page_hero--title\">\n\t\t\t\t\t\tPr\u00e9stamos para empresas\t\t\t\t\t<\/h1>\n\t\t\t\t\t<p class=\"co-page_hero--tagline\">Ayudando a las peque\u00f1as empresas a lograr grandes impactos.<\/p>\t\t\t\t<\/div>\n\t\t\t<\/div>\n\t\t<\/div>\n\t<\/header>\n\n\t<\/div>\n<\/div>\n\n\n<div class=\"co-flex_row co-flex_row__white co-flex_row__page-intro\" >\n\t<div class=\"co-flex_row--row co-row\">\n\t\t\t<div class=\"co-page_intro\">\n\t\t<h2 class=\"co-page_intro--title\">Tucoemas est\u00e1 a su disposici\u00f3n y a la de su negocio.<\/h2><div class=\"co-page_intro--desc text-component\"><p>Desde l\u00edneas de cr\u00e9dito hasta pr\u00e9stamos para equipos y todo lo dem\u00e1s.<\/p>\n<\/div>\t<\/div>\n\n\t<\/div>\n<\/div>\n\n\n<div class=\"co-flex_row co-flex_row__white co-flex_row__long-form-text\" id=\"credit\">\n\t<div class=\"co-flex_row--row co-row\">\n\t\t\t<div class=\"co-long_form\">\n\t\t\t\t<header class=\"co-intro_text has_intro\">\n\t\t\t<h2 class=\"co-intro_text--title\">Pr\u00e9stamos para empresas<\/h2><div class=\"co-intro_text--intro text-component\"><p>PR\u00d3XIMAMENTE<\/p>\n<\/div>\t\t<\/header>\n\t\t\t\t\t<div class=\"co-long_form--block prow items-start\">\n\t\t\t\t<div class=\"co-long_form--text pcol-md:7\">\n\t\t\t\t\t<div class=\"co-long_form--content text-component\"><ul>\n<li>Pr\u00e9stamos para autos comerciales<\/li>\n<li>Pr\u00e9stamos comercial a plazo (garantizado)<\/li>\n<li>L\u00ednea de cr\u00e9dito comercial<\/li>\n<li>Certificado de accione para empresas<\/li>\n<li>Pr\u00e9stamo SDLP para empresas<\/li>\n<li>Pr\u00e9stamo comercial a plazo (sin garant\u00eda)<\/li>\n<\/ul>\n<\/div>\t\t\t\t<\/div>\n\t\t\t\t\t\t\t\t\t<div class=\"co-long_form--media pcol-md:5\">\n\t\t\t\t\t\t<img loading=\"lazy\" decoding=\"async\" width=\"400\" height=\"400\" src=\"https:\/\/www.tucoemas.org\/files\/Long-format-Business-1.jpg\" class=\"co-long_form--image\" alt=\"Long-format-Business\" srcset=\"https:\/\/www.tucoemas.org\/files\/Long-format-Business-1.jpg 400w, https:\/\/www.tucoemas.org\/files\/Long-format-Business-1-150x150.jpg 150w, https:\/\/www.tucoemas.org\/files\/Long-format-Business-1-396x396.jpg 396w, https:\/\/www.tucoemas.org\/files\/Long-format-Business-1-75x75.jpg 75w, https:\/\/www.tucoemas.org\/files\/Long-format-Business-1-300x300.jpg 300w\" sizes=\"auto, (max-width: 400px) 100vw, 400px\" \/>\t\t\t\t\t<\/div>\n\t\t\t\t\t\t\t<\/div>\n\t\t\t\t<\/div>\n\n\t<\/div>\n<\/div>\n\n\n<div class=\"co-flex_row co-flex_row__white co-flex_row__long-form-text\" id=\"protection\">\n\t<div class=\"co-flex_row--row co-row\">\n\t\t\t<div class=\"co-long_form\">\n\t\t\t\t\t<div class=\"co-long_form--block prow items-start\">\n\t\t\t\t<div class=\"co-long_form--text pcol-md:7\">\n\t\t\t\t\t<h2 class=\"co-long_form--headline\" >Protecci\u00f3n contra sobregiros de cuentas de cheques<\/h2><div class=\"co-long_form--content text-component\"><p>Proteja la cuenta de cheques de su empresa contra sobregiros y devoluciones de pagos con nuestra protecci\u00f3n contra sobregiros.<\/p>\n<p>Esta cobertura le permite evitar cheques devueltos, otras devoluciones de pagos o cargos por sobregiro si su cuenta de cheques no tiene saldo disponible. Cualquier cantidad que exceda su saldo actual se convierte autom\u00e1ticamente en un pr\u00e9stamo (hasta un l\u00edmite preaprobado). Es una forma r\u00e1pida y conveniente de gestionar su flujo de caja. L\u00edmites de cr\u00e9dito de hasta $10,000.<\/p>\n<\/div>\t\t\t\t<\/div>\n\t\t\t\t\t\t\t\t\t<div class=\"co-long_form--media pcol-md:5\">\n\t\t\t\t\t\t<img loading=\"lazy\" decoding=\"async\" width=\"400\" height=\"400\" src=\"https:\/\/www.tucoemas.org\/files\/Long-format-Branch.jpg\" class=\"co-long_form--image\" alt=\"Long-format-Branch\" srcset=\"https:\/\/www.tucoemas.org\/files\/Long-format-Branch.jpg 400w, https:\/\/www.tucoemas.org\/files\/Long-format-Branch-150x150.jpg 150w, https:\/\/www.tucoemas.org\/files\/Long-format-Branch-396x396.jpg 396w, https:\/\/www.tucoemas.org\/files\/Long-format-Branch-75x75.jpg 75w, https:\/\/www.tucoemas.org\/files\/Long-format-Branch-300x300.jpg 300w\" sizes=\"auto, (max-width: 400px) 100vw, 400px\" \/>\t\t\t\t\t<\/div>\n\t\t\t\t\t\t\t<\/div>\n\t\t\t\t<\/div>\n\n\t<\/div>\n<\/div>\n\n\n<div class=\"co-flex_row co-flex_row__white co-flex_row__long-form-text\" >\n\t<div class=\"co-flex_row--row co-row\">\n\t\t\t<div class=\"co-long_form with-no-media\">\n\t\t\t\t<header class=\"co-intro_text has_intro\">\n\t\t\t<h2 class=\"co-intro_text--title\">\u00bfDesea abrir una cuenta comercial?<\/h2><div class=\"co-intro_text--intro text-component\"><p>Para abrir cuentas comerciales u obtener m\u00e1s informaci\u00f3n sobre c\u00f3mo Tucoemas puede servirle, ll\u00e1menos al 559.737.5945 o env\u00edenos un correo electr\u00f3nico a <a href=\"mailto:BusinessAccounts@tucoemas.org\">BusinessAccounts@tucoemas.org<\/a><\/p>\n<\/div>\t\t<\/header>\n\t\t\t\t\t<div class=\"co-long_form--block co-long_form--block__nomedia prow items-start  flex-center\">\n\t\t\t\t<div class=\"co-long_form--text pcol-md:8\">\n\t\t\t\t\t\t\t\t\t<\/div>\n\t\t\t\t\t\t\t<\/div>\n\t\t\t\t<\/div>\n\n\t<\/div>\n<\/div>\n\n\n<div class=\"co-flex_row co-flex_row__white co-flex_row__related-products\" id=\"loans\">\n\t<div class=\"co-flex_row--row co-row\">\n\t\t\t<div class=\"co-rel_prods center-narrow\">\n\t\t\t\t<header class=\"co-intro_text\">\n\t\t\t<h2 class=\"co-intro_text--title\">Productos relacionados<\/h2>\t\t<\/header>\n\t\t\t\t\t<div class=\"co-rel_prods--cols prow prow-md:2  justify-center\">\n\t\t\t\t\t\t\t\t\t<div class=\"co-rel_prods--col\">\n\t\t\t\t\t\t<h3 class=\"co-rel_prods--col_title\">Dep\u00f3sitos comerciales<\/h3><div class=\"co-rel_prods--col_desc text-component\">Dise\u00f1ados para ofrecer comodidad, asequibilidad y servicio personalizado.<\/div><a class=\"co-rel_prods--col_cta\" href=\"https:\/\/www.tucoemas.org\/es\/business\/deposits\/\" target=\"_top\" aria-label=\"Lea m\u00e1s sobre los dep\u00f3sitos comerciales\"><span>M\u00c1S INFORMACI\u00d3N<\/span><\/a>\t\t\t\t\t<\/div>\n\t\t\t\t\t\t\t\t\t\t<div class=\"co-rel_prods--col\">\n\t\t\t\t\t\t<h3 class=\"co-rel_prods--col_title\">Recursos para empresas<\/h3><div class=\"co-rel_prods--col_desc text-component\">Con soluciones financieras personalizadas, nuestra cooperativa de cr\u00e9dito ofrece un conjunto de recursos para ayudarle a alcanzar el crecimiento y el \u00e9xito en cada etapa.<\/div><a class=\"co-rel_prods--col_cta\" href=\"https:\/\/www.tucoemas.org\/es\/business\/resources\/\" target=\"_top\" aria-label=\"Lea m\u00e1s sobre Recursos empresariales\"><span>M\u00c1S INFORMACI\u00d3N<\/span><\/a>\t\t\t\t\t<\/div>\n\t\t\t\t\t\t\t\t<\/div>\n\t\t\t<\/div>\n\n\t<\/div>\n<\/div>\n\n\n<div class=\"co-flex_row co-flex_row__last co-flex_row__back-to-top\" >\n\t<div class=\"co-flex_row--row co-row\">\n\t\t<div class=\"co-back_top\">\n\t<a class=\"co-back_top--link\" href=\"#\" aria-label=\"\">\n\t\tVolver arriba\t\t<svg class=\"co-back_top--link_icon\" viewbox=\"0 0 26 20\" role=\"img\" aria-label=\"Volver arriba\">\n\t\t\t<use xlink:href=\"https:\/\/www.tucoemas.org\/wp-content\/themes\/tucoemas-theme\/images\/sprite-icons.svg#back-top\" \/>\n\t\t<\/svg>\n\t<\/a>\n<\/div>\n\t<\/div>\n<\/div>","protected":false},"excerpt":{"rendered":"","protected":false},"author":10,"featured_media":0,"parent":2486,"menu_order":0,"comment_status":"closed","ping_status":"closed","template":"","meta":{"_acf_changed":false,"_searchwp_excluded":"","footnotes":""},"class_list":["post-2487","page","type-page","status-publish","hentry"],"acf":[],"yoast_head":"<!-- This site is optimized with the Yoast SEO plugin v27.2 - https:\/\/yoast.com\/product\/yoast-seo-wordpress\/ -->\n<title>Business Loans - Tucoemas FCU<\/title>\n<meta name=\"robots\" content=\"index, follow, max-snippet:-1, max-image-preview:large, max-video-preview:-1\" \/>\n<link rel=\"canonical\" href=\"https:\/\/www.tucoemas.org\/es\/business\/loans\/\" \/>\n<meta property=\"og:locale\" content=\"es_ES\" \/>\n<meta property=\"og:type\" content=\"article\" \/>\n<meta property=\"og:title\" content=\"Business Loans - Tucoemas FCU\" \/>\n<meta property=\"og:url\" content=\"https:\/\/www.tucoemas.org\/es\/business\/loans\/\" \/>\n<meta property=\"og:site_name\" content=\"Tucoemas FCU\" \/>\n<meta property=\"article:modified_time\" content=\"2025-09-09T22:15:28+00:00\" \/>\n<meta name=\"twitter:card\" content=\"summary_large_image\" \/>\n<script type=\"application\/ld+json\" class=\"yoast-schema-graph\">{\"@context\":\"https:\/\/schema.org\",\"@graph\":[{\"@type\":\"WebPage\",\"@id\":\"https:\/\/www.tucoemas.org\/business\/loans\/\",\"url\":\"https:\/\/www.tucoemas.org\/business\/loans\/\",\"name\":\"Business Loans - Tucoemas FCU\",\"isPartOf\":{\"@id\":\"https:\/\/www.tucoemas.org\/#website\"},\"datePublished\":\"2024-05-28T21:52:45+00:00\",\"dateModified\":\"2025-09-09T22:15:28+00:00\",\"breadcrumb\":{\"@id\":\"https:\/\/www.tucoemas.org\/business\/loans\/#breadcrumb\"},\"inLanguage\":\"es-ES\",\"potentialAction\":[{\"@type\":\"ReadAction\",\"target\":[\"https:\/\/www.tucoemas.org\/business\/loans\/\"]}]},{\"@type\":\"BreadcrumbList\",\"@id\":\"https:\/\/www.tucoemas.org\/business\/loans\/#breadcrumb\",\"itemListElement\":[{\"@type\":\"ListItem\",\"position\":1,\"name\":\"Home\",\"item\":\"https:\/\/www.tucoemas.org\/\"},{\"@type\":\"ListItem\",\"position\":2,\"name\":\"Business\",\"item\":\"https:\/\/www.tucoemas.org\/business\/\"},{\"@type\":\"ListItem\",\"position\":3,\"name\":\"Business Loans\"}]},{\"@type\":\"WebSite\",\"@id\":\"https:\/\/www.tucoemas.org\/#website\",\"url\":\"https:\/\/www.tucoemas.org\/\",\"name\":\"Tucoemas FCU\",\"description\":\"A community on the rise.\",\"potentialAction\":[{\"@type\":\"SearchAction\",\"target\":{\"@type\":\"EntryPoint\",\"urlTemplate\":\"https:\/\/www.tucoemas.org\/?s={search_term_string}\"},\"query-input\":{\"@type\":\"PropertyValueSpecification\",\"valueRequired\":true,\"valueName\":\"search_term_string\"}}],\"inLanguage\":\"es-ES\"}]}<\/script>\n<!-- \/ Yoast SEO plugin. -->","yoast_head_json":{"title":"Business Loans - Tucoemas FCU","robots":{"index":"index","follow":"follow","max-snippet":"max-snippet:-1","max-image-preview":"max-image-preview:large","max-video-preview":"max-video-preview:-1"},"canonical":"https:\/\/www.tucoemas.org\/es\/business\/loans\/","og_locale":"es_ES","og_type":"article","og_title":"Business Loans - Tucoemas FCU","og_url":"https:\/\/www.tucoemas.org\/es\/business\/loans\/","og_site_name":"Tucoemas FCU","article_modified_time":"2025-09-09T22:15:28+00:00","twitter_card":"summary_large_image","schema":{"@context":"https:\/\/schema.org","@graph":[{"@type":"WebPage","@id":"https:\/\/www.tucoemas.org\/business\/loans\/","url":"https:\/\/www.tucoemas.org\/business\/loans\/","name":"Business Loans - Tucoemas FCU","isPartOf":{"@id":"https:\/\/www.tucoemas.org\/#website"},"datePublished":"2024-05-28T21:52:45+00:00","dateModified":"2025-09-09T22:15:28+00:00","breadcrumb":{"@id":"https:\/\/www.tucoemas.org\/business\/loans\/#breadcrumb"},"inLanguage":"es-ES","potentialAction":[{"@type":"ReadAction","target":["https:\/\/www.tucoemas.org\/business\/loans\/"]}]},{"@type":"BreadcrumbList","@id":"https:\/\/www.tucoemas.org\/business\/loans\/#breadcrumb","itemListElement":[{"@type":"ListItem","position":1,"name":"Home","item":"https:\/\/www.tucoemas.org\/"},{"@type":"ListItem","position":2,"name":"Business","item":"https:\/\/www.tucoemas.org\/business\/"},{"@type":"ListItem","position":3,"name":"Business Loans"}]},{"@type":"WebSite","@id":"https:\/\/www.tucoemas.org\/#website","url":"https:\/\/www.tucoemas.org\/","name":"Uni\u00f3n Cooperativa de Cr\u00e9dito Tucoemas","description":"Una comunidad en ascenso.","potentialAction":[{"@type":"SearchAction","target":{"@type":"EntryPoint","urlTemplate":"https:\/\/www.tucoemas.org\/?s={search_term_string}"},"query-input":{"@type":"PropertyValueSpecification","valueRequired":true,"valueName":"search_term_string"}}],"inLanguage":"es-ES"}]}},"_links":{"self":[{"href":"https:\/\/www.tucoemas.org\/es\/wp-json\/wp\/v2\/pages\/2487","targetHints":{"allow":["GET"]}}],"collection":[{"href":"https:\/\/www.tucoemas.org\/es\/wp-json\/wp\/v2\/pages"}],"about":[{"href":"https:\/\/www.tucoemas.org\/es\/wp-json\/wp\/v2\/types\/page"}],"author":[{"embeddable":true,"href":"https:\/\/www.tucoemas.org\/es\/wp-json\/wp\/v2\/users\/10"}],"replies":[{"embeddable":true,"href":"https:\/\/www.tucoemas.org\/es\/wp-json\/wp\/v2\/comments?post=2487"}],"version-history":[{"count":46,"href":"https:\/\/www.tucoemas.org\/es\/wp-json\/wp\/v2\/pages\/2487\/revisions"}],"predecessor-version":[{"id":6321,"href":"https:\/\/www.tucoemas.org\/es\/wp-json\/wp\/v2\/pages\/2487\/revisions\/6321"}],"up":[{"embeddable":true,"href":"https:\/\/www.tucoemas.org\/es\/wp-json\/wp\/v2\/pages\/2486"}],"wp:attachment":[{"href":"https:\/\/www.tucoemas.org\/es\/wp-json\/wp\/v2\/media?parent=2487"}],"curies":[{"name":"wp","href":"https:\/\/api.w.org\/{rel}","templated":true}]}}