{"id":2488,"date":"2024-05-28T14:52:45","date_gmt":"2024-05-28T21:52:45","guid":{"rendered":"https:\/\/www.tucoemas.org\/business\/deposits\/"},"modified":"2025-09-09T15:14:02","modified_gmt":"2025-09-09T22:14:02","slug":"deposits","status":"publish","type":"page","link":"https:\/\/www.tucoemas.org\/es\/business\/deposits\/","title":{"rendered":"Dep\u00f3sitos comerciales"},"content":{"rendered":"<div class=\"co-flex_row co-flex_row__page-hero\" >\n\t<div class=\"co-flex_row--row co-row\">\n\t\t\t<header class=\"co-page_hero  co-page_hero__has_image display-img-desktop\" aria-label=\"Encabezado: Cuenta corriente comercial\">\n\t\t<div class=\"co-page_hero--inner\">\n\t\t\t<div class=\"prow gap:0\">\n\t\t\t\t\t\t\t\t\t<div class=\"co-page_hero--img_wrap pcol-lg:5\">\n\t\t\t\t\t\t<img loading=\"lazy\" decoding=\"async\" width=\"550\" height=\"550\" src=\"https:\/\/www.tucoemas.org\/files\/HERO-template-Business-1.jpg\" class=\"co-page_hero--img\" alt=\"HERO-template-Business\" srcset=\"https:\/\/www.tucoemas.org\/files\/HERO-template-Business-1.jpg 550w, https:\/\/www.tucoemas.org\/files\/HERO-template-Business-1-540x540.jpg 540w, https:\/\/www.tucoemas.org\/files\/HERO-template-Business-1-150x150.jpg 150w, https:\/\/www.tucoemas.org\/files\/HERO-template-Business-1-396x396.jpg 396w, https:\/\/www.tucoemas.org\/files\/HERO-template-Business-1-75x75.jpg 75w, https:\/\/www.tucoemas.org\/files\/HERO-template-Business-1-300x300.jpg 300w, https:\/\/www.tucoemas.org\/files\/HERO-template-Business-1-400x400.jpg 400w\" sizes=\"auto, (max-width: 550px) 100vw, 550px\" \/>\t\t\t\t\t<\/div>\n\t\t\t\t\t\t\t\t<div class=\"co-page_hero--text pcol-lg:7\">\n\t\t\t\t\t\t\t\t\t\t<h1 class=\"co-page_hero--title\">\n\t\t\t\t\t\tCuenta corriente comercial\t\t\t\t\t<\/h1>\n\t\t\t\t\t<p class=\"co-page_hero--tagline\">Banca, pensando en su negocio.<\/p>\t\t\t\t\t\t<div class=\"co-page_hero--buttons\">\n\t\t\t\t\t\t\t<a class=\"co-page_hero--button\" href=\"https:\/\/www.tucoemas.org\/es\/locations-atms\/center-avenue\/\"  ><span>VIS\u00cdTANOS<\/span><\/a>\t\t\t\t\t\t<\/div>\n\t\t\t\t\t\t\t\t\t\t<\/div>\n\t\t\t<\/div>\n\t\t<\/div>\n\t<\/header>\n\n\t<\/div>\n<\/div>\n\n\n<div class=\"co-flex_row co-flex_row__white co-flex_row__page-intro\" >\n\t<div class=\"co-flex_row--row co-row\">\n\t\t\t<div class=\"co-page_intro\">\n\t\t<h2 class=\"co-page_intro--title\">Simplifique la banca de su negocio con las cuentas corrientes personalizadas de Tucoemas.<\/h2><div class=\"co-page_intro--desc text-component\"><p>Dise\u00f1ado para ofrecer conveniencia, asequibilidad y servicio personalizado.<\/p>\n<\/div>\t<\/div>\n\n\t<\/div>\n<\/div>\n\n\n<div class=\"co-flex_row co-flex_row__sticky-nav\" >\n\t<div class=\"co-flex_row--row co-row\">\n\t\t\t<div class=\"co-sticky_nav_wrap is-active\" id=\"js-sticky_nav_wrap\">\n\t\t<nav\n\t\t\tclass=\"co-sticky_nav\"\n\t\t\tid=\"js-sticky_nav\"\n\t\t\taria-label=\"Navegaci\u00f3n por ancla de p\u00e1gina\"\n\t\t>\n\t\t\t<div class=\"co-sticky_nav--mobile\">\n\t\t\t\t<button\n\t\t\t\t\tclass=\"co-sticky_nav--toggle closed\"\n\t\t\t\t\tid=\"js-sticky_nav_toggle\"\n\t\t\t\t\taria-label=\"Abrir y cerrar el men\u00fa de la p\u00e1gina\"\n\t\t\t\t>Men\u00fa de p\u00e1gina<\/button>\n\t\t\t<\/div>\n\t\t\t<div class=\"co-sticky_nav--row co-row closed\" id=\"js-sticky_nav_links\">\n\t\t\t\t\t\t\t\t\t<a href=\"#checking\" class=\"co-sticky_nav--link js-sticky_nav_item\" aria-label=\"Enlace 1\">\n\t\t\t\t\t\tDe cheques\t\t\t\t\t<\/a>\n\t\t\t\t\t\t\t\t\t<a href=\"#nonprofit\" class=\"co-sticky_nav--link js-sticky_nav_item\" aria-label=\"Enlace 2\">\n\t\t\t\t\t\tNo lucrativo\t\t\t\t\t<\/a>\n\t\t\t\t\t\t\t\t\t<a href=\"#visit\" class=\"co-sticky_nav--link js-sticky_nav_item\" aria-label=\"Enlace 3\">\n\t\t\t\t\t\tVisita\t\t\t\t\t<\/a>\n\t\t\t\t\t\t\t<\/div>\n\t\t<\/nav>\n\t<\/div>\n\n\t<\/div>\n<\/div>\n\n\n<div class=\"co-flex_row co-flex_row__white co-flex_row__long-form-text\" id=\"checking\">\n\t<div class=\"co-flex_row--row co-row\">\n\t\t\t<div class=\"co-long_form\">\n\t\t\t\t\t<div class=\"co-long_form--block prow items-start\">\n\t\t\t\t<div class=\"co-long_form--text pcol-md:7\">\n\t\t\t\t\t<h2 class=\"co-long_form--headline\" >Beneficios de la cuenta corriente<\/h2><div class=\"co-long_form--content text-component\"><ul>\n<li>Escriba hasta 300 cheques por mes sin cargo adicional ($.20 por art\u00edculo a partir de entonces).<\/li>\n<li>Deposite hasta $12,000 en efectivo por mes sin cargo ($5.00 por transacci\u00f3n en efectivo a partir de $5000 a partir de entonces)<\/li>\n<li>Ordene hasta $15,000 en efectivo por mes sin cargo adicional<\/li>\n<li>Tarjeta de d\u00e9bito con un l\u00edmite de retiro diario de $1000<\/li>\n<\/ul>\n<\/div>\t\t\t\t<\/div>\n\t\t\t\t\t\t\t\t\t<div class=\"co-long_form--media pcol-md:5\">\n\t\t\t\t\t\t<img loading=\"lazy\" decoding=\"async\" width=\"400\" height=\"400\" src=\"https:\/\/www.tucoemas.org\/files\/Long-format-Tap.jpg\" class=\"co-long_form--image\" alt=\"Long-format-Tap\" srcset=\"https:\/\/www.tucoemas.org\/files\/Long-format-Tap.jpg 400w, https:\/\/www.tucoemas.org\/files\/Long-format-Tap-150x150.jpg 150w, https:\/\/www.tucoemas.org\/files\/Long-format-Tap-396x396.jpg 396w, https:\/\/www.tucoemas.org\/files\/Long-format-Tap-75x75.jpg 75w, https:\/\/www.tucoemas.org\/files\/Long-format-Tap-300x300.jpg 300w\" sizes=\"auto, (max-width: 400px) 100vw, 400px\" \/>\t\t\t\t\t<\/div>\n\t\t\t\t\t\t\t<\/div>\n\t\t\t\t<\/div>\n\n\t<\/div>\n<\/div>\n\n\n<div class=\"co-flex_row co-flex_row__white co-flex_row__long-form-text\" id=\"nonprofit\">\n\t<div class=\"co-flex_row--row co-row\">\n\t\t\t<div class=\"co-long_form\">\n\t\t\t\t\t<div class=\"co-long_form--block prow items-start\">\n\t\t\t\t<div class=\"co-long_form--text pcol-md:7\">\n\t\t\t\t\t<h2 class=\"co-long_form--headline\" >Cuenta corriente sin fines de lucro<\/h2><div class=\"co-long_form--content text-component\"><ul>\n<li>La tarifa mensual se exime cuando el saldo diario promedio es de $2500 o mayor.<\/li>\n<li>Tarjeta de d\u00e9bito con un l\u00edmite de retiro diario de $1000<\/li>\n<\/ul>\n<\/div>\t\t\t\t<\/div>\n\t\t\t\t\t\t\t\t\t<div class=\"co-long_form--media pcol-md:5\">\n\t\t\t\t\t\t\t\t\t\t\t<\/div>\n\t\t\t\t\t\t\t<\/div>\n\t\t\t\t<\/div>\n\n\t<\/div>\n<\/div>\n\n\n<div class=\"co-flex_row co-flex_row__white co-flex_row__long-form-text\" >\n\t<div class=\"co-flex_row--row co-row\">\n\t\t\t<div class=\"co-long_form with-no-media\">\n\t\t\t\t<header class=\"co-intro_text has_intro\">\n\t\t\t<h2 class=\"co-intro_text--title\">\u00bfQuieres abrir una cuenta comercial?<\/h2><div class=\"co-intro_text--intro text-component\"><p>Para abrir cuentas comerciales o conocer m\u00e1s sobre c\u00f3mo Tucoemas puede ayudarlo, ll\u00e1menos al 559.737.5945 o env\u00edenos un correo electr\u00f3nico a <a href=\"mailto:BusinessAccounts@tucoemas.org\">BusinessAccounts@tucoemas.org<\/a><\/p>\n<\/div>\t\t<\/header>\n\t\t\t\t\t<div class=\"co-long_form--block co-long_form--block__nomedia prow items-start  flex-center\">\n\t\t\t\t<div class=\"co-long_form--text pcol-md:8\">\n\t\t\t\t\t\t\t\t\t<\/div>\n\t\t\t\t\t\t\t<\/div>\n\t\t\t\t<\/div>\n\n\t<\/div>\n<\/div>\n\n\n<div class=\"co-flex_row co-flex_row__white co-flex_row__related-products\" id=\"loans\">\n\t<div class=\"co-flex_row--row co-row\">\n\t\t\t<div class=\"co-rel_prods center-narrow\">\n\t\t\t\t<header class=\"co-intro_text\">\n\t\t\t<h2 class=\"co-intro_text--title\">\u00bfNecesitas algo m\u00e1s?<\/h2>\t\t<\/header>\n\t\t\t\t\t<div class=\"co-rel_prods--cols prow prow-md:2  justify-center\">\n\t\t\t\t\t\t\t\t\t<div class=\"co-rel_prods--col\">\n\t\t\t\t\t\t<h3 class=\"co-rel_prods--col_title\">Pr\u00e9stamos comerciales<\/h3><div class=\"co-rel_prods--col_desc text-component\">Desde l\u00edneas de cr\u00e9dito hasta pr\u00e9stamos para equipos y todo lo dem\u00e1s.<\/div><a class=\"co-rel_prods--col_cta\" href=\"https:\/\/www.tucoemas.org\/es\/business\/loans\/\" target=\"_top\" aria-label=\"Lea m\u00e1s sobre pr\u00e9stamos comerciales\"><span>M\u00c1S INFORMACI\u00d3N<\/span><\/a>\t\t\t\t\t<\/div>\n\t\t\t\t\t\t\t\t\t\t<div class=\"co-rel_prods--col\">\n\t\t\t\t\t\t<h3 class=\"co-rel_prods--col_title\">Recursos empresariales<\/h3><div class=\"co-rel_prods--col_desc text-component\">Con soluciones financieras personalizadas, nuestra cooperativa de cr\u00e9dito ofrece un conjunto de recursos para ayudarlo a lograr el crecimiento y el \u00e9xito en cada etapa.<\/div><a class=\"co-rel_prods--col_cta\" href=\"https:\/\/www.tucoemas.org\/es\/business\/resources\/\" target=\"_top\" aria-label=\"Lea m\u00e1s sobre Recursos empresariales\"><span>M\u00c1S INFORMACI\u00d3N<\/span><\/a>\t\t\t\t\t<\/div>\n\t\t\t\t\t\t\t\t<\/div>\n\t\t\t<\/div>\n\n\t<\/div>\n<\/div>\n\n\n<div class=\"co-flex_row co-flex_row__last co-flex_row__back-to-top\" >\n\t<div class=\"co-flex_row--row co-row\">\n\t\t<div class=\"co-back_top\">\n\t<a class=\"co-back_top--link\" href=\"#\" aria-label=\"\">\n\t\tVolver arriba\t\t<svg class=\"co-back_top--link_icon\" viewbox=\"0 0 26 20\" role=\"img\" aria-label=\"Volver arriba\">\n\t\t\t<use xlink:href=\"https:\/\/www.tucoemas.org\/wp-content\/themes\/tucoemas-theme\/images\/sprite-icons.svg#back-top\" \/>\n\t\t<\/svg>\n\t<\/a>\n<\/div>\n\t<\/div>\n<\/div>","protected":false},"excerpt":{"rendered":"","protected":false},"author":10,"featured_media":0,"parent":2486,"menu_order":0,"comment_status":"closed","ping_status":"closed","template":"","meta":{"_acf_changed":false,"_searchwp_excluded":"","footnotes":""},"class_list":["post-2488","page","type-page","status-publish","hentry"],"acf":[],"yoast_head":"<!-- This site is optimized with the Yoast SEO plugin v27.2 - https:\/\/yoast.com\/product\/yoast-seo-wordpress\/ -->\n<title>Business Deposits - Tucoemas FCU<\/title>\n<meta name=\"robots\" content=\"index, follow, max-snippet:-1, max-image-preview:large, max-video-preview:-1\" \/>\n<link rel=\"canonical\" href=\"https:\/\/www.tucoemas.org\/es\/business\/deposits\/\" \/>\n<meta property=\"og:locale\" content=\"es_ES\" \/>\n<meta property=\"og:type\" content=\"article\" \/>\n<meta property=\"og:title\" content=\"Business Deposits - Tucoemas FCU\" \/>\n<meta property=\"og:url\" content=\"https:\/\/www.tucoemas.org\/es\/business\/deposits\/\" \/>\n<meta property=\"og:site_name\" content=\"Tucoemas FCU\" \/>\n<meta property=\"article:modified_time\" content=\"2025-09-09T22:14:02+00:00\" \/>\n<meta name=\"twitter:card\" content=\"summary_large_image\" \/>\n<script type=\"application\/ld+json\" class=\"yoast-schema-graph\">{\"@context\":\"https:\/\/schema.org\",\"@graph\":[{\"@type\":\"WebPage\",\"@id\":\"https:\/\/www.tucoemas.org\/business\/deposits\/\",\"url\":\"https:\/\/www.tucoemas.org\/business\/deposits\/\",\"name\":\"Business Deposits - Tucoemas FCU\",\"isPartOf\":{\"@id\":\"https:\/\/www.tucoemas.org\/#website\"},\"datePublished\":\"2024-05-28T21:52:45+00:00\",\"dateModified\":\"2025-09-09T22:14:02+00:00\",\"breadcrumb\":{\"@id\":\"https:\/\/www.tucoemas.org\/business\/deposits\/#breadcrumb\"},\"inLanguage\":\"es-ES\",\"potentialAction\":[{\"@type\":\"ReadAction\",\"target\":[\"https:\/\/www.tucoemas.org\/business\/deposits\/\"]}]},{\"@type\":\"BreadcrumbList\",\"@id\":\"https:\/\/www.tucoemas.org\/business\/deposits\/#breadcrumb\",\"itemListElement\":[{\"@type\":\"ListItem\",\"position\":1,\"name\":\"Home\",\"item\":\"https:\/\/www.tucoemas.org\/\"},{\"@type\":\"ListItem\",\"position\":2,\"name\":\"Business\",\"item\":\"https:\/\/www.tucoemas.org\/business\/\"},{\"@type\":\"ListItem\",\"position\":3,\"name\":\"Business Deposits\"}]},{\"@type\":\"WebSite\",\"@id\":\"https:\/\/www.tucoemas.org\/#website\",\"url\":\"https:\/\/www.tucoemas.org\/\",\"name\":\"Tucoemas FCU\",\"description\":\"A community on the rise.\",\"potentialAction\":[{\"@type\":\"SearchAction\",\"target\":{\"@type\":\"EntryPoint\",\"urlTemplate\":\"https:\/\/www.tucoemas.org\/?s={search_term_string}\"},\"query-input\":{\"@type\":\"PropertyValueSpecification\",\"valueRequired\":true,\"valueName\":\"search_term_string\"}}],\"inLanguage\":\"es-ES\"}]}<\/script>\n<!-- \/ Yoast SEO plugin. -->","yoast_head_json":{"title":"Dep\u00f3sitos comerciales - Tucoemas FCU","robots":{"index":"index","follow":"follow","max-snippet":"max-snippet:-1","max-image-preview":"max-image-preview:large","max-video-preview":"max-video-preview:-1"},"canonical":"https:\/\/www.tucoemas.org\/es\/business\/deposits\/","og_locale":"es_ES","og_type":"article","og_title":"Business Deposits - Tucoemas FCU","og_url":"https:\/\/www.tucoemas.org\/es\/business\/deposits\/","og_site_name":"Tucoemas FCU","article_modified_time":"2025-09-09T22:14:02+00:00","twitter_card":"summary_large_image","schema":{"@context":"https:\/\/schema.org","@graph":[{"@type":"WebPage","@id":"https:\/\/www.tucoemas.org\/business\/deposits\/","url":"https:\/\/www.tucoemas.org\/business\/deposits\/","name":"Dep\u00f3sitos comerciales - Tucoemas FCU","isPartOf":{"@id":"https:\/\/www.tucoemas.org\/#website"},"datePublished":"2024-05-28T21:52:45+00:00","dateModified":"2025-09-09T22:14:02+00:00","breadcrumb":{"@id":"https:\/\/www.tucoemas.org\/business\/deposits\/#breadcrumb"},"inLanguage":"es-ES","potentialAction":[{"@type":"ReadAction","target":["https:\/\/www.tucoemas.org\/business\/deposits\/"]}]},{"@type":"BreadcrumbList","@id":"https:\/\/www.tucoemas.org\/business\/deposits\/#breadcrumb","itemListElement":[{"@type":"ListItem","position":1,"name":"Home","item":"https:\/\/www.tucoemas.org\/"},{"@type":"ListItem","position":2,"name":"Business","item":"https:\/\/www.tucoemas.org\/business\/"},{"@type":"ListItem","position":3,"name":"Business Deposits"}]},{"@type":"WebSite","@id":"https:\/\/www.tucoemas.org\/#website","url":"https:\/\/www.tucoemas.org\/","name":"Uni\u00f3n Cooperativa de Cr\u00e9dito Tucoemas","description":"Una comunidad en ascenso.","potentialAction":[{"@type":"SearchAction","target":{"@type":"EntryPoint","urlTemplate":"https:\/\/www.tucoemas.org\/?s={search_term_string}"},"query-input":{"@type":"PropertyValueSpecification","valueRequired":true,"valueName":"search_term_string"}}],"inLanguage":"es-ES"}]}},"_links":{"self":[{"href":"https:\/\/www.tucoemas.org\/es\/wp-json\/wp\/v2\/pages\/2488","targetHints":{"allow":["GET"]}}],"collection":[{"href":"https:\/\/www.tucoemas.org\/es\/wp-json\/wp\/v2\/pages"}],"about":[{"href":"https:\/\/www.tucoemas.org\/es\/wp-json\/wp\/v2\/types\/page"}],"author":[{"embeddable":true,"href":"https:\/\/www.tucoemas.org\/es\/wp-json\/wp\/v2\/users\/10"}],"replies":[{"embeddable":true,"href":"https:\/\/www.tucoemas.org\/es\/wp-json\/wp\/v2\/comments?post=2488"}],"version-history":[{"count":38,"href":"https:\/\/www.tucoemas.org\/es\/wp-json\/wp\/v2\/pages\/2488\/revisions"}],"predecessor-version":[{"id":6319,"href":"https:\/\/www.tucoemas.org\/es\/wp-json\/wp\/v2\/pages\/2488\/revisions\/6319"}],"up":[{"embeddable":true,"href":"https:\/\/www.tucoemas.org\/es\/wp-json\/wp\/v2\/pages\/2486"}],"wp:attachment":[{"href":"https:\/\/www.tucoemas.org\/es\/wp-json\/wp\/v2\/media?parent=2488"}],"curies":[{"name":"wp","href":"https:\/\/api.w.org\/{rel}","templated":true}]}}