{"id":2491,"date":"2024-05-28T14:52:46","date_gmt":"2024-05-28T21:52:46","guid":{"rendered":"https:\/\/www.tucoemas.org\/auto-loans\/insurance\/home-insurance\/"},"modified":"2024-12-19T11:22:03","modified_gmt":"2024-12-19T19:22:03","slug":"home-insurance","status":"publish","type":"page","link":"https:\/\/www.tucoemas.org\/es\/protect\/home-insurance\/","title":{"rendered":"Seguro de hogar"},"content":{"rendered":"<div class=\"co-flex_row co-flex_row__page-hero\" >\n\t<div class=\"co-flex_row--row co-row\">\n\t\t\t<header class=\"co-page_hero  co-page_hero__has_image display-img-desktop\" aria-label=\"Encabezado: Seguro de Hogar\">\n\t\t<div class=\"co-page_hero--inner\">\n\t\t\t<div class=\"prow gap:0\">\n\t\t\t\t\t\t\t\t\t<div class=\"co-page_hero--img_wrap pcol-lg:5\">\n\t\t\t\t\t\t<img loading=\"lazy\" decoding=\"async\" width=\"550\" height=\"550\" src=\"https:\/\/www.tucoemas.org\/files\/HERO-template-Home.jpg\" class=\"co-page_hero--img\" alt=\"HERO-template-Home\" srcset=\"https:\/\/www.tucoemas.org\/files\/HERO-template-Home.jpg 550w, https:\/\/www.tucoemas.org\/files\/HERO-template-Home-540x540.jpg 540w, https:\/\/www.tucoemas.org\/files\/HERO-template-Home-150x150.jpg 150w, https:\/\/www.tucoemas.org\/files\/HERO-template-Home-396x396.jpg 396w, https:\/\/www.tucoemas.org\/files\/HERO-template-Home-75x75.jpg 75w, https:\/\/www.tucoemas.org\/files\/HERO-template-Home-300x300.jpg 300w, https:\/\/www.tucoemas.org\/files\/HERO-template-Home-400x400.jpg 400w\" sizes=\"auto, (max-width: 550px) 100vw, 550px\" \/>\t\t\t\t\t<\/div>\n\t\t\t\t\t\t\t\t<div class=\"co-page_hero--text pcol-lg:7\">\n\t\t\t\t\t\t\t\t\t\t<h1 class=\"co-page_hero--title\">\n\t\t\t\t\t\tSeguro de hogar\t\t\t\t\t<\/h1>\n\t\t\t\t\t<p class=\"co-page_hero--tagline\">Proteja uno de sus activos m\u00e1s valiosos.<\/p>\t\t\t\t\t\t<div class=\"co-page_hero--buttons\">\n\t\t\t\t\t\t\t<a class=\"co-page_hero--button\" href=\"https:\/\/www.tucoemas.org\/es\/speed-bump\/?url=https%3A%2F%2Flnkmgr.trustage.com%2F2b5072bf-aa4a-2d16-323a-ecb1af1c662a&#038;prev=https%3A%2F%2Fwww.tucoemas.org%2Fes%2Fprotect%2Fhome-insurance%2F\"  ><span>SOLICITE UNA COTIZACI\u00d3N<\/span><\/a>\t\t\t\t\t\t<\/div>\n\t\t\t\t\t\t\t\t\t\t<\/div>\n\t\t\t<\/div>\n\t\t<\/div>\n\t<\/header>\n\n\t<\/div>\n<\/div>\n\n\n<div class=\"co-flex_row co-flex_row__white co-flex_row__long-form-text\" id=\"3\">\n\t<div class=\"co-flex_row--row co-row\">\n\t\t\t<div class=\"co-long_form\">\n\t\t\t\t<header class=\"co-intro_text has_intro\">\n\t\t\t<h2 class=\"co-intro_text--title\">Programa de seguros de auto y hogar TruStage\u2122<\/h2><div class=\"co-intro_text--intro text-component\"><p>Su hogar es probablemente su bien m\u00e1s preciado. Prot\u00e9jalo como corresponde con el Programa de Seguro de Auto y Hogar TruStage\u2122, que ofrece protecci\u00f3n asequible y de alta calidad.<\/p>\n<\/div>\t\t<\/header>\n\t\t\t\t\t<div class=\"co-long_form--block prow items-start\">\n\t\t\t\t<div class=\"co-long_form--text pcol-md:7\">\n\t\t\t\t\t<h3 class=\"co-long_form--headline\" >Disfrute de tarifas con descuento combinadas con la comodidad en l\u00ednea y un servicio de reclamos las 24 horas, los 7 d\u00edas de la semana.<\/h3><div class=\"co-long_form--content text-component\"><p>Consigue tu\u00a0<a title=\"Enlace en nueva ventana al sitio web de Trustage\" href=\"https:\/\/lnkmgr.trustage.com\/2b5072bf-aa4a-2d16-323a-ecb1af1c662a\" target=\"_blank\" rel=\"noopener\">cotizaci\u00f3n gratuita<\/a>\u00a0Hoy o llame al (855) 483-2149.<\/p>\n<p><em>El programa de seguro de autom\u00f3vil y hogar TruStage\u2122 es ofrecido por TruStage<\/em>\u2122 Insurance Agency, LLC, emitido por las principales compa\u00f1\u00edas de seguros. Los descuentos no est\u00e1n disponibles en todos los estados y var\u00edan seg\u00fan el estado. El seguro ofrecido no constituye un dep\u00f3sito ni est\u00e1 asegurado a nivel federal. Esta cobertura no la vende ni la garantiza su cooperativa de cr\u00e9dito.<\/p>\n<p><em>MAH-1112-7C9E<\/em><\/p>\n<\/div>\t\t\t\t<\/div>\n\t\t\t\t\t\t\t\t\t<div class=\"co-long_form--media pcol-md:5\">\n\t\t\t\t\t\t<img loading=\"lazy\" decoding=\"async\" width=\"400\" height=\"400\" src=\"https:\/\/www.tucoemas.org\/files\/Long-format-HELOC.jpg\" class=\"co-long_form--image\" alt=\"Long-format-HELOC\" srcset=\"https:\/\/www.tucoemas.org\/files\/Long-format-HELOC.jpg 400w, https:\/\/www.tucoemas.org\/files\/Long-format-HELOC-150x150.jpg 150w, https:\/\/www.tucoemas.org\/files\/Long-format-HELOC-396x396.jpg 396w, https:\/\/www.tucoemas.org\/files\/Long-format-HELOC-75x75.jpg 75w, https:\/\/www.tucoemas.org\/files\/Long-format-HELOC-300x300.jpg 300w\" sizes=\"auto, (max-width: 400px) 100vw, 400px\" \/>\t\t\t\t\t<\/div>\n\t\t\t\t\t\t\t<\/div>\n\t\t\t\t<\/div>\n\n\t<\/div>\n<\/div>\n\n\n<div class=\"co-flex_row co-flex_row__white co-flex_row__related-products\" >\n\t<div class=\"co-flex_row--row co-row\">\n\t\t\t<div class=\"co-rel_prods center-narrow\">\n\t\t\t\t<header class=\"co-intro_text\">\n\t\t\t<h2 class=\"co-intro_text--title\">M\u00e1s seguros<\/h2>\t\t<\/header>\n\t\t\t\t\t<div class=\"co-rel_prods--cols prow prow-md:2  justify-center\">\n\t\t\t\t\t\t\t\t\t<div class=\"co-rel_prods--col\">\n\t\t\t\t\t\t<h3 class=\"co-rel_prods--col_title\">Seguro de vida<\/h3><div class=\"co-rel_prods--col_desc text-component\"><p>Protege a los que m\u00e1s importan.<\/p>\n<\/div><a class=\"co-rel_prods--col_cta\" href=\"https:\/\/www.tucoemas.org\/es\/protect\/life-insurance\/\" target=\"_top\" aria-label=\"Lea m\u00e1s sobre seguros de vida\"><span>M\u00c1S INFORMACI\u00d3N<\/span><\/a>\t\t\t\t\t<\/div>\n\t\t\t\t\t\t\t\t\t\t<div class=\"co-rel_prods--col\">\n\t\t\t\t\t\t<h3 class=\"co-rel_prods--col_title\">Seguro de auto<\/h3><div class=\"co-rel_prods--col_desc text-component\">Disfrute de la tranquilidad que le ofrecen los planes de seguro de auto adaptados a su necesidades.<\/div><a class=\"co-rel_prods--col_cta\" href=\"https:\/\/www.tucoemas.org\/es\/borrow\/auto-loans\/insurance\/\" target=\"_top\" aria-label=\"Lea m\u00e1s sobre el seguro de autom\u00f3vil\"><span>M\u00c1S INFORMACI\u00d3N<\/span><\/a>\t\t\t\t\t<\/div>\n\t\t\t\t\t\t\t\t<\/div>\n\t\t\t<\/div>\n\n\t<\/div>\n<\/div>\n\n\n<div class=\"co-flex_row co-flex_row__white co-flex_row__last co-flex_row__multi-path-cta\" id=\"join\">\n\t<div class=\"co-flex_row--row co-row\">\n\t\t\t<div class=\"co-mp_ctas\">\n\t\t\t\t<header class=\"co-intro_text has_intro\">\n\t\t\t<h2 class=\"co-intro_text--title\">\u00danete a Tucoemas<\/h2><div class=\"co-intro_text--intro text-component\"><p>Valoramos su persona y todo lo que hace.<\/p>\n<\/div>\t\t<\/header>\n\t\t\t\t<div class=\"co-mp_ctas--list prow justify-center\">\n\t\t\t\t\t\t\t\t\t\t\t<div class=\"co-mp_cta pcol-lg:4\">\n\t\t\t\t\t<div class=\"co-mp_cta--title\">\n\t\t\t\t\t\tVisita una sucursal\t\t\t\t\t<\/div>\n\t\t\t\t\t<a class=\"co-mp_cta--link\" href=\"https:\/\/www.tucoemas.org\/es\/locations-atms\/\"  ><span>ENCU\u00c9NTRENOS CERCA<\/span><\/a>\t\t\t\t<\/div>\n\t\t\t\t\t\t\t\t\t\t\t<div class=\"co-mp_cta pcol-lg:4\">\n\t\t\t\t\t<div class=\"co-mp_cta--title\">\n\t\t\t\t\t\tH\u00e1gase miembro\t\t\t\t\t<\/div>\n\t\t\t\t\t<a class=\"co-mp_cta--link\" href=\"https:\/\/www.tucoemas.org\/es\/open-account\/\"  ><span>\u00daNASE<\/span><\/a>\t\t\t\t<\/div>\n\t\t\t\t\t\t\t\t\t\t\t<div class=\"co-mp_cta pcol-lg:4\">\n\t\t\t\t\t<div class=\"co-mp_cta--title\">\n\t\t\t\t\t\tLl\u00e1menos o env\u00edenos un correo electr\u00f3nico\t\t\t\t\t<\/div>\n\t\t\t\t\t<a class=\"co-mp_cta--link\" href=\"https:\/\/www.tucoemas.org\/es\/help\/contact-us\/\"  ><span>CONTACTAR<\/span><\/a>\t\t\t\t<\/div>\n\t\t\t\t\t<\/div>\n\t<\/div>\n\n\t<\/div>\n<\/div>","protected":false},"excerpt":{"rendered":"","protected":false},"author":10,"featured_media":0,"parent":2490,"menu_order":0,"comment_status":"closed","ping_status":"closed","template":"","meta":{"_acf_changed":false,"_searchwp_excluded":"","footnotes":""},"class_list":["post-2491","page","type-page","status-publish","hentry"],"acf":[],"yoast_head":"<!-- This site is optimized with the Yoast SEO plugin v27.2 - https:\/\/yoast.com\/product\/yoast-seo-wordpress\/ -->\n<title>Home Insurance - Tucoemas FCU<\/title>\n<meta name=\"robots\" content=\"index, follow, max-snippet:-1, max-image-preview:large, max-video-preview:-1\" \/>\n<link rel=\"canonical\" href=\"https:\/\/www.tucoemas.org\/es\/protect\/home-insurance\/\" \/>\n<meta property=\"og:locale\" content=\"es_ES\" \/>\n<meta property=\"og:type\" content=\"article\" \/>\n<meta property=\"og:title\" content=\"Home Insurance - Tucoemas FCU\" \/>\n<meta property=\"og:url\" content=\"https:\/\/www.tucoemas.org\/es\/protect\/home-insurance\/\" \/>\n<meta property=\"og:site_name\" content=\"Tucoemas FCU\" \/>\n<meta property=\"article:modified_time\" content=\"2024-12-19T19:22:03+00:00\" \/>\n<meta name=\"twitter:card\" content=\"summary_large_image\" \/>\n<script type=\"application\/ld+json\" class=\"yoast-schema-graph\">{\"@context\":\"https:\/\/schema.org\",\"@graph\":[{\"@type\":\"WebPage\",\"@id\":\"https:\/\/www.tucoemas.org\/protect\/home-insurance\/\",\"url\":\"https:\/\/www.tucoemas.org\/protect\/home-insurance\/\",\"name\":\"Home Insurance - Tucoemas FCU\",\"isPartOf\":{\"@id\":\"https:\/\/www.tucoemas.org\/#website\"},\"datePublished\":\"2024-05-28T21:52:46+00:00\",\"dateModified\":\"2024-12-19T19:22:03+00:00\",\"breadcrumb\":{\"@id\":\"https:\/\/www.tucoemas.org\/protect\/home-insurance\/#breadcrumb\"},\"inLanguage\":\"es-ES\",\"potentialAction\":[{\"@type\":\"ReadAction\",\"target\":[\"https:\/\/www.tucoemas.org\/protect\/home-insurance\/\"]}]},{\"@type\":\"BreadcrumbList\",\"@id\":\"https:\/\/www.tucoemas.org\/protect\/home-insurance\/#breadcrumb\",\"itemListElement\":[{\"@type\":\"ListItem\",\"position\":1,\"name\":\"Home\",\"item\":\"https:\/\/www.tucoemas.org\/\"},{\"@type\":\"ListItem\",\"position\":2,\"name\":\"Insurance\",\"item\":\"https:\/\/www.tucoemas.org\/protect\/\"},{\"@type\":\"ListItem\",\"position\":3,\"name\":\"Home Insurance\"}]},{\"@type\":\"WebSite\",\"@id\":\"https:\/\/www.tucoemas.org\/#website\",\"url\":\"https:\/\/www.tucoemas.org\/\",\"name\":\"Tucoemas FCU\",\"description\":\"A community on the rise.\",\"potentialAction\":[{\"@type\":\"SearchAction\",\"target\":{\"@type\":\"EntryPoint\",\"urlTemplate\":\"https:\/\/www.tucoemas.org\/?s={search_term_string}\"},\"query-input\":{\"@type\":\"PropertyValueSpecification\",\"valueRequired\":true,\"valueName\":\"search_term_string\"}}],\"inLanguage\":\"es-ES\"}]}<\/script>\n<!-- \/ Yoast SEO plugin. -->","yoast_head_json":{"title":"Home Insurance - Tucoemas FCU","robots":{"index":"index","follow":"follow","max-snippet":"max-snippet:-1","max-image-preview":"max-image-preview:large","max-video-preview":"max-video-preview:-1"},"canonical":"https:\/\/www.tucoemas.org\/es\/protect\/home-insurance\/","og_locale":"es_ES","og_type":"article","og_title":"Home Insurance - Tucoemas FCU","og_url":"https:\/\/www.tucoemas.org\/es\/protect\/home-insurance\/","og_site_name":"Tucoemas FCU","article_modified_time":"2024-12-19T19:22:03+00:00","twitter_card":"summary_large_image","schema":{"@context":"https:\/\/schema.org","@graph":[{"@type":"WebPage","@id":"https:\/\/www.tucoemas.org\/protect\/home-insurance\/","url":"https:\/\/www.tucoemas.org\/protect\/home-insurance\/","name":"Home Insurance - Tucoemas FCU","isPartOf":{"@id":"https:\/\/www.tucoemas.org\/#website"},"datePublished":"2024-05-28T21:52:46+00:00","dateModified":"2024-12-19T19:22:03+00:00","breadcrumb":{"@id":"https:\/\/www.tucoemas.org\/protect\/home-insurance\/#breadcrumb"},"inLanguage":"es-ES","potentialAction":[{"@type":"ReadAction","target":["https:\/\/www.tucoemas.org\/protect\/home-insurance\/"]}]},{"@type":"BreadcrumbList","@id":"https:\/\/www.tucoemas.org\/protect\/home-insurance\/#breadcrumb","itemListElement":[{"@type":"ListItem","position":1,"name":"Home","item":"https:\/\/www.tucoemas.org\/"},{"@type":"ListItem","position":2,"name":"Insurance","item":"https:\/\/www.tucoemas.org\/protect\/"},{"@type":"ListItem","position":3,"name":"Home Insurance"}]},{"@type":"WebSite","@id":"https:\/\/www.tucoemas.org\/#website","url":"https:\/\/www.tucoemas.org\/","name":"Uni\u00f3n Cooperativa de Cr\u00e9dito Tucoemas","description":"Una comunidad en ascenso.","potentialAction":[{"@type":"SearchAction","target":{"@type":"EntryPoint","urlTemplate":"https:\/\/www.tucoemas.org\/?s={search_term_string}"},"query-input":{"@type":"PropertyValueSpecification","valueRequired":true,"valueName":"search_term_string"}}],"inLanguage":"es-ES"}]}},"_links":{"self":[{"href":"https:\/\/www.tucoemas.org\/es\/wp-json\/wp\/v2\/pages\/2491","targetHints":{"allow":["GET"]}}],"collection":[{"href":"https:\/\/www.tucoemas.org\/es\/wp-json\/wp\/v2\/pages"}],"about":[{"href":"https:\/\/www.tucoemas.org\/es\/wp-json\/wp\/v2\/types\/page"}],"author":[{"embeddable":true,"href":"https:\/\/www.tucoemas.org\/es\/wp-json\/wp\/v2\/users\/10"}],"replies":[{"embeddable":true,"href":"https:\/\/www.tucoemas.org\/es\/wp-json\/wp\/v2\/comments?post=2491"}],"version-history":[{"count":10,"href":"https:\/\/www.tucoemas.org\/es\/wp-json\/wp\/v2\/pages\/2491\/revisions"}],"predecessor-version":[{"id":5164,"href":"https:\/\/www.tucoemas.org\/es\/wp-json\/wp\/v2\/pages\/2491\/revisions\/5164"}],"up":[{"embeddable":true,"href":"https:\/\/www.tucoemas.org\/es\/wp-json\/wp\/v2\/pages\/2490"}],"wp:attachment":[{"href":"https:\/\/www.tucoemas.org\/es\/wp-json\/wp\/v2\/media?parent=2491"}],"curies":[{"name":"wp","href":"https:\/\/api.w.org\/{rel}","templated":true}]}}