{"id":2492,"date":"2024-05-28T14:52:46","date_gmt":"2024-05-28T21:52:46","guid":{"rendered":"https:\/\/www.tucoemas.org\/auto-loans\/insurance\/life-insurance\/"},"modified":"2025-02-20T11:39:41","modified_gmt":"2025-02-20T19:39:41","slug":"life-insurance","status":"publish","type":"page","link":"https:\/\/www.tucoemas.org\/es\/protect\/life-insurance\/","title":{"rendered":"Seguro de vida"},"content":{"rendered":"<div class=\"co-flex_row co-flex_row__page-hero\" >\n\t<div class=\"co-flex_row--row co-row\">\n\t\t\t<header class=\"co-page_hero  co-page_hero__has_image display-img-desktop\" aria-label=\"Encabezado: Seguro de vida\">\n\t\t<div class=\"co-page_hero--inner\">\n\t\t\t<div class=\"prow gap:0\">\n\t\t\t\t\t\t\t\t\t<div class=\"co-page_hero--img_wrap pcol-lg:5\">\n\t\t\t\t\t\t<img loading=\"lazy\" decoding=\"async\" width=\"550\" height=\"550\" src=\"https:\/\/www.tucoemas.org\/files\/HERO-template-Family.jpg\" class=\"co-page_hero--img\" alt=\"HERO-template-Family\" srcset=\"https:\/\/www.tucoemas.org\/files\/HERO-template-Family.jpg 550w, https:\/\/www.tucoemas.org\/files\/HERO-template-Family-540x540.jpg 540w, https:\/\/www.tucoemas.org\/files\/HERO-template-Family-150x150.jpg 150w, https:\/\/www.tucoemas.org\/files\/HERO-template-Family-396x396.jpg 396w, https:\/\/www.tucoemas.org\/files\/HERO-template-Family-75x75.jpg 75w, https:\/\/www.tucoemas.org\/files\/HERO-template-Family-300x300.jpg 300w, https:\/\/www.tucoemas.org\/files\/HERO-template-Family-400x400.jpg 400w\" sizes=\"auto, (max-width: 550px) 100vw, 550px\" \/>\t\t\t\t\t<\/div>\n\t\t\t\t\t\t\t\t<div class=\"co-page_hero--text pcol-lg:7\">\n\t\t\t\t\t\t\t\t\t\t<h1 class=\"co-page_hero--title\">\n\t\t\t\t\t\tSeguro de vida\t\t\t\t\t<\/h1>\n\t\t\t\t\t<p class=\"co-page_hero--tagline\">Protege a los que m\u00e1s importan.<\/p>\t\t\t\t\t\t<div class=\"co-page_hero--buttons\">\n\t\t\t\t\t\t\t<a class=\"co-page_hero--button\" href=\"https:\/\/www.tucoemas.org\/es\/help\/contact-us\/\"  ><span>CONT\u00c1CTENOS<\/span><\/a>\t\t\t\t\t\t<\/div>\n\t\t\t\t\t\t\t\t\t\t<\/div>\n\t\t\t<\/div>\n\t\t<\/div>\n\t<\/header>\n\n\t<\/div>\n<\/div>\n\n\n<div class=\"co-flex_row co-flex_row__white co-flex_row__page-intro\" >\n\t<div class=\"co-flex_row--row co-row\">\n\t\t\t<div class=\"co-page_intro\">\n\t\t<h2 class=\"co-page_intro--title\">Protecci\u00f3n financiera para lo inesperado: proteja a los que m\u00e1s le importan.<\/h2>\t<\/div>\n\n\t<\/div>\n<\/div>\n\n\n<div class=\"co-flex_row co-flex_row__sticky-nav\" >\n\t<div class=\"co-flex_row--row co-row\">\n\t\t\t<div class=\"co-sticky_nav_wrap is-active\" id=\"js-sticky_nav_wrap\">\n\t\t<nav\n\t\t\tclass=\"co-sticky_nav\"\n\t\t\tid=\"js-sticky_nav\"\n\t\t\taria-label=\"Navegaci\u00f3n por ancla de p\u00e1gina\"\n\t\t>\n\t\t\t<div class=\"co-sticky_nav--mobile\">\n\t\t\t\t<button\n\t\t\t\t\tclass=\"co-sticky_nav--toggle closed\"\n\t\t\t\t\tid=\"js-sticky_nav_toggle\"\n\t\t\t\t\taria-label=\"Abrir y cerrar el men\u00fa de la p\u00e1gina\"\n\t\t\t\t>Men\u00fa de p\u00e1gina<\/button>\n\t\t\t<\/div>\n\t\t\t<div class=\"co-sticky_nav--row co-row closed\" id=\"js-sticky_nav_links\">\n\t\t\t\t\t\t\t\t\t<a href=\"#life\" class=\"co-sticky_nav--link js-sticky_nav_item\" aria-label=\"Enlace 1\">\n\t\t\t\t\t\tSeguro de vida\t\t\t\t\t<\/a>\n\t\t\t\t\t\t\t\t\t<a href=\"#add\" class=\"co-sticky_nav--link js-sticky_nav_item\" aria-label=\"Enlace 2\">\n\t\t\t\t\t\tSeguro AD&amp;D\t\t\t\t\t<\/a>\n\t\t\t\t\t\t\t\t\t<a href=\"#more\" class=\"co-sticky_nav--link js-sticky_nav_item\" aria-label=\"Enlace 3\">\n\t\t\t\t\t\tSeguro adicional\t\t\t\t\t<\/a>\n\t\t\t\t\t\t\t\t\t<a href=\"#join\" class=\"co-sticky_nav--link js-sticky_nav_item\" >\n\t\t\t\t\t\t\u00danase\t\t\t\t\t<\/a>\n\t\t\t\t\t\t\t<\/div>\n\t\t<\/nav>\n\t<\/div>\n\n\t<\/div>\n<\/div>\n\n\n<div class=\"co-flex_row co-flex_row__white co-flex_row__long-form-text\" id=\"life\">\n\t<div class=\"co-flex_row--row co-row\">\n\t\t\t<div class=\"co-long_form\">\n\t\t\t\t<header class=\"co-intro_text has_intro\">\n\t\t\t<h2 class=\"co-intro_text--title\">Protecci\u00f3n LifePlus<\/h2><div class=\"co-intro_text--intro text-component\"><p>La protecci\u00f3n de deuda podr\u00eda ayudar a mejorar la situaci\u00f3n financiera de su familia ante una variedad de eventos de vida cubiertos:<\/p>\n<\/div>\t\t<\/header>\n\t\t\t\t\t<div class=\"co-long_form--block prow items-start\">\n\t\t\t\t<div class=\"co-long_form--text pcol-md:7\">\n\t\t\t\t\t<h3 class=\"co-long_form--headline\" >Seguro de vida TruStage\u2122<\/h3><div class=\"co-long_form--content text-component\"><p><img decoding=\"async\" title=\"Seguro de Vida Tru-Stage. Conozca m\u00e1s sobre esta importante cobertura o llame para m\u00e1s informaci\u00f3n.\" src=\"https:\/\/trustage.liveplatform.com\/CreditUnions\/TucoemasFederalCreditUnion\/Orders\/Order2025-02-20142953\/MintedAssets\/GEN-29471013LifeWebCopy-LongVersion\/display.gif\" alt=\"Tru-Stage Life Insurance. Learn more about this important coverage or call for more information.\" border=\"0\" \/><span style=\"font-size: 100%;\"><strong>Seguro de vida TruStage\u2122<\/strong><\/span><\/p>\n<div>\n<p>Ponemos a disposici\u00f3n de socios de cooperativas de cr\u00e9dito como usted las p\u00f3lizas de seguro de vida TruStage\u2122 para proteger a las personas que m\u00e1s le importan. Cualquier monto de la p\u00f3liza puede marcar la diferencia, ya que proporciona dinero que sus seres queridos pueden usar para pagar la hipoteca o el alquiler, las facturas diarias, los gastos m\u00e9dicos y funerarios, o lo que m\u00e1s necesiten.<\/p>\n<p>TruStage Life Insurance ofrece cobertura suscrita por CMFG Life Insurance Company, con tarifas dise\u00f1adas para ser simples y ajustarse a su presupuesto.<\/p>\n<p><a title=\"Seguro de Vida Tru-Stage. Conozca m\u00e1s sobre esta importante cobertura o llame para m\u00e1s informaci\u00f3n.\" href=\"https:\/\/trustage.liveplatform.com\/CreditUnions\/TucoemasFederalCreditUnion\/Orders\/Order2025-02-20142953\/MintedAssets\/GEN-29471013LifeWebCopy-LongVersion\/track.mhtml\">Inf\u00f3rmese sobre esta importante cobertura<\/a> o llame al 1-844-337-5831 para obtener m\u00e1s informaci\u00f3n.<\/p>\n<p>El Seguro de Vida TruStage\u2122 es emitido por CMFG Life Insurance Company, MEMBERS Life Insurance Company y otras aseguradoras l\u00edderes. El seguro ofrecido no constituye un dep\u00f3sito y no est\u00e1 asegurado, vendido ni garantizado a nivel federal por ninguna instituci\u00f3n financiera. El producto y sus caracter\u00edsticas pueden variar y no estar disponibles en todos los estados. Todas las garant\u00edas se basan en la capacidad de pago de la aseguradora. Sede corporativa: 5910 Mineral Point Road, Madison, WI 53705. \u00a9 TruStage<\/p>\n<p>GEN-2947101.3<\/p>\n<\/div>\n<\/div><a class=\"co-long_form--button co-button\" href=\"https:\/\/www.tucoemas.org\/es\/speed-bump\/?url=https%3A%2F%2Fwww.trustage.com%2Flife-insurance%2Fquote%3Fpr%3Dbestfit%26orgIdentifier%3D000000001492%26marketingCampaignCode%3DCBGL000021%26utm_source%3DTucoemas%2520Federal%2520Credit%2520Union%26utm_medium%3DCULK_Copy%26utm_campaign%3DCBGL000021%26utm_content%3DCB000633&#038;prev=https%3A%2F%2Fwww.tucoemas.org%2Fes%2Fprotect%2Flife-insurance%2F\"  ><span>M\u00c1S INFORMACI\u00d3N<\/span><\/a>\t\t\t\t<\/div>\n\t\t\t\t\t\t\t\t\t<div class=\"co-long_form--media pcol-md:5\">\n\t\t\t\t\t\t<img loading=\"lazy\" decoding=\"async\" width=\"400\" height=\"400\" src=\"https:\/\/www.tucoemas.org\/files\/Long-format-PTers.jpg\" class=\"co-long_form--image\" alt=\"Long-format-PTers\" srcset=\"https:\/\/www.tucoemas.org\/files\/Long-format-PTers.jpg 400w, https:\/\/www.tucoemas.org\/files\/Long-format-PTers-150x150.jpg 150w, https:\/\/www.tucoemas.org\/files\/Long-format-PTers-396x396.jpg 396w, https:\/\/www.tucoemas.org\/files\/Long-format-PTers-75x75.jpg 75w, https:\/\/www.tucoemas.org\/files\/Long-format-PTers-300x300.jpg 300w\" sizes=\"auto, (max-width: 400px) 100vw, 400px\" \/>\t\t\t\t\t<\/div>\n\t\t\t\t\t\t\t<\/div>\n\t\t\t\t<\/div>\n\n\t<\/div>\n<\/div>\n\n\n<div class=\"co-flex_row co-flex_row__white co-flex_row__long-form-text\" id=\"add\">\n\t<div class=\"co-flex_row--row co-row\">\n\t\t\t<div class=\"co-long_form\">\n\t\t\t\t<header class=\"co-intro_text has_intro\">\n\t\t\t<h2 class=\"co-intro_text--title\">Seguro AD&amp;D<\/h2><div class=\"co-intro_text--intro text-component\"><p>Con el Seguro de Muerte Accidental y Desmembramiento, usted puede estar tranquilo y apoyar a quienes ya no pueden trabajar.<\/p>\n<\/div>\t\t<\/header>\n\t\t\t\t\t<div class=\"co-long_form--block prow items-start\">\n\t\t\t\t<div class=\"co-long_form--text pcol-md:7\">\n\t\t\t\t\t<div class=\"co-long_form--content text-component\"><p>Como obsequio para usted, pagaremos $$2,000 de seguro AD&amp;D en su nombre y usted tiene la opci\u00f3n de agregar hasta $$300,000 de cobertura.<\/p>\n<ul>\n<li>Tarifas de grupo asequibles<\/li>\n<li>Cobertura familiar<\/li>\n<li>Activaci\u00f3n en l\u00ednea<\/li>\n<li>Sin examen m\u00e9dico, sin preguntas de salud.<\/li>\n<li>Aceptaci\u00f3n garantizada para miembros elegibles<\/li>\n<\/ul>\n<p>Puede llamar al administrador del plan de Selman &amp; Company al <span class=\"bold\">(877) 665-7563 <\/span>(De lunes a viernes de 9 a. m. a 7 p. m., hora del Este de EE. UU.)<\/p>\n<p><em>Suscrito por Minnesota Life, parte de Securian Financial Group.<\/em><\/p>\n<\/div>\t\t\t\t<\/div>\n\t\t\t\t\t\t\t\t\t<div class=\"co-long_form--media pcol-md:5\">\n\t\t\t\t\t\t<img loading=\"lazy\" decoding=\"async\" width=\"400\" height=\"400\" src=\"https:\/\/www.tucoemas.org\/files\/Long-format-Member-1.jpg\" class=\"co-long_form--image\" alt=\"Long-format-Member\" srcset=\"https:\/\/www.tucoemas.org\/files\/Long-format-Member-1.jpg 400w, https:\/\/www.tucoemas.org\/files\/Long-format-Member-1-150x150.jpg 150w, https:\/\/www.tucoemas.org\/files\/Long-format-Member-1-396x396.jpg 396w, https:\/\/www.tucoemas.org\/files\/Long-format-Member-1-75x75.jpg 75w, https:\/\/www.tucoemas.org\/files\/Long-format-Member-1-300x300.jpg 300w\" sizes=\"auto, (max-width: 400px) 100vw, 400px\" \/>\t\t\t\t\t<\/div>\n\t\t\t\t\t\t\t<\/div>\n\t\t\t\t\t\t<div class=\"co-long_form--block co-long_form--block__nomedia prow items-start  flex-center\">\n\t\t\t\t<div class=\"co-long_form--text pcol-md:8\">\n\t\t\t\t\t\t\t\t\t<\/div>\n\t\t\t\t\t\t\t<\/div>\n\t\t\t\t<\/div>\n\n\t<\/div>\n<\/div>\n\n\n<div class=\"co-flex_row co-flex_row__white co-flex_row__related-products\" id=\"more\">\n\t<div class=\"co-flex_row--row co-row\">\n\t\t\t<div class=\"co-rel_prods center-narrow\">\n\t\t\t\t<header class=\"co-intro_text\">\n\t\t\t<h2 class=\"co-intro_text--title\">M\u00e1s seguros<\/h2>\t\t<\/header>\n\t\t\t\t\t<div class=\"co-rel_prods--cols prow prow-md:2  justify-center\">\n\t\t\t\t\t\t\t\t\t<div class=\"co-rel_prods--col\">\n\t\t\t\t\t\t<h3 class=\"co-rel_prods--col_title\">Seguro de hogar<\/h3><div class=\"co-rel_prods--col_desc text-component\"><p>Proteja uno de sus activos m\u00e1s valiosos.<\/p>\n<\/div><a class=\"co-rel_prods--col_cta\" href=\"https:\/\/www.tucoemas.org\/es\/protect\/home-insurance\/\" target=\"_top\" aria-label=\"Leer m\u00e1s sobre Seguros de Hogar\"><span>M\u00c1S INFORMACI\u00d3N<\/span><\/a>\t\t\t\t\t<\/div>\n\t\t\t\t\t\t\t\t\t\t<div class=\"co-rel_prods--col\">\n\t\t\t\t\t\t<h3 class=\"co-rel_prods--col_title\">Seguro de auto<\/h3><div class=\"co-rel_prods--col_desc text-component\">Disfrute de la tranquilidad que le ofrecen los planes de seguro de auto adaptados a su necesidades.<\/div><a class=\"co-rel_prods--col_cta\" href=\"https:\/\/www.tucoemas.org\/es\/borrow\/auto-loans\/insurance\/\" target=\"_top\" aria-label=\"Lea m\u00e1s sobre el seguro de autom\u00f3vil\"><span>M\u00c1S INFORMACI\u00d3N<\/span><\/a>\t\t\t\t\t<\/div>\n\t\t\t\t\t\t\t\t<\/div>\n\t\t\t<\/div>\n\n\t<\/div>\n<\/div>\n\n\n<div class=\"co-flex_row co-flex_row__white co-flex_row__multi-path-cta\" id=\"join\">\n\t<div class=\"co-flex_row--row co-row\">\n\t\t\t<div class=\"co-mp_ctas\">\n\t\t\t\t<header class=\"co-intro_text has_intro\">\n\t\t\t<h2 class=\"co-intro_text--title\">\u00danete a Tucoemas<\/h2><div class=\"co-intro_text--intro text-component\"><p>Valoramos su persona y todo lo que hace.<\/p>\n<\/div>\t\t<\/header>\n\t\t\t\t<div class=\"co-mp_ctas--list prow justify-center\">\n\t\t\t\t\t\t\t\t\t\t\t<div class=\"co-mp_cta pcol-lg:4\">\n\t\t\t\t\t<div class=\"co-mp_cta--title\">\n\t\t\t\t\t\tVisita una sucursal\t\t\t\t\t<\/div>\n\t\t\t\t\t<a class=\"co-mp_cta--link\" href=\"https:\/\/www.tucoemas.org\/es\/locations-atms\/\"  ><span>ENCU\u00c9NTRENOS CERCA<\/span><\/a>\t\t\t\t<\/div>\n\t\t\t\t\t\t\t\t\t\t\t<div class=\"co-mp_cta pcol-lg:4\">\n\t\t\t\t\t<div class=\"co-mp_cta--title\">\n\t\t\t\t\t\tH\u00e1gase miembro\t\t\t\t\t<\/div>\n\t\t\t\t\t<a class=\"co-mp_cta--link\" href=\"https:\/\/www.tucoemas.org\/es\/open-account\/\"  ><span>\u00daNASE<\/span><\/a>\t\t\t\t<\/div>\n\t\t\t\t\t\t\t\t\t\t\t<div class=\"co-mp_cta pcol-lg:4\">\n\t\t\t\t\t<div class=\"co-mp_cta--title\">\n\t\t\t\t\t\tLl\u00e1menos o env\u00edenos un correo electr\u00f3nico\t\t\t\t\t<\/div>\n\t\t\t\t\t<a class=\"co-mp_cta--link\" href=\"https:\/\/www.tucoemas.org\/es\/help\/contact-us\/\"  ><span>CONT\u00c1CTENOS<\/span><\/a>\t\t\t\t<\/div>\n\t\t\t\t\t<\/div>\n\t<\/div>\n\n\t<\/div>\n<\/div>\n\n\n<div class=\"co-flex_row co-flex_row__last co-flex_row__back-to-top\" >\n\t<div class=\"co-flex_row--row co-row\">\n\t\t<div class=\"co-back_top\">\n\t<a class=\"co-back_top--link\" href=\"#\" aria-label=\"\">\n\t\tVolver arriba\t\t<svg class=\"co-back_top--link_icon\" viewbox=\"0 0 26 20\" role=\"img\" aria-label=\"Volver arriba\">\n\t\t\t<use xlink:href=\"https:\/\/www.tucoemas.org\/wp-content\/themes\/tucoemas-theme\/images\/sprite-icons.svg#back-top\" \/>\n\t\t<\/svg>\n\t<\/a>\n<\/div>\n\t<\/div>\n<\/div>","protected":false},"excerpt":{"rendered":"","protected":false},"author":10,"featured_media":0,"parent":2490,"menu_order":0,"comment_status":"closed","ping_status":"closed","template":"","meta":{"_acf_changed":false,"_searchwp_excluded":"","footnotes":""},"class_list":["post-2492","page","type-page","status-publish","hentry"],"acf":[],"yoast_head":"<!-- This site is optimized with the Yoast SEO plugin v27.2 - https:\/\/yoast.com\/product\/yoast-seo-wordpress\/ -->\n<title>Life Insurance - Tucoemas FCU<\/title>\n<meta name=\"robots\" content=\"index, follow, max-snippet:-1, max-image-preview:large, max-video-preview:-1\" \/>\n<link rel=\"canonical\" href=\"https:\/\/www.tucoemas.org\/es\/protect\/life-insurance\/\" \/>\n<meta property=\"og:locale\" content=\"es_ES\" \/>\n<meta property=\"og:type\" content=\"article\" \/>\n<meta property=\"og:title\" content=\"Life Insurance - Tucoemas FCU\" \/>\n<meta property=\"og:url\" content=\"https:\/\/www.tucoemas.org\/es\/protect\/life-insurance\/\" \/>\n<meta property=\"og:site_name\" content=\"Tucoemas FCU\" \/>\n<meta property=\"article:modified_time\" content=\"2025-02-20T19:39:41+00:00\" \/>\n<meta name=\"twitter:card\" content=\"summary_large_image\" \/>\n<script type=\"application\/ld+json\" class=\"yoast-schema-graph\">{\"@context\":\"https:\/\/schema.org\",\"@graph\":[{\"@type\":\"WebPage\",\"@id\":\"https:\/\/www.tucoemas.org\/protect\/life-insurance\/\",\"url\":\"https:\/\/www.tucoemas.org\/protect\/life-insurance\/\",\"name\":\"Life Insurance - Tucoemas FCU\",\"isPartOf\":{\"@id\":\"https:\/\/www.tucoemas.org\/#website\"},\"datePublished\":\"2024-05-28T21:52:46+00:00\",\"dateModified\":\"2025-02-20T19:39:41+00:00\",\"breadcrumb\":{\"@id\":\"https:\/\/www.tucoemas.org\/protect\/life-insurance\/#breadcrumb\"},\"inLanguage\":\"es-ES\",\"potentialAction\":[{\"@type\":\"ReadAction\",\"target\":[\"https:\/\/www.tucoemas.org\/protect\/life-insurance\/\"]}]},{\"@type\":\"BreadcrumbList\",\"@id\":\"https:\/\/www.tucoemas.org\/protect\/life-insurance\/#breadcrumb\",\"itemListElement\":[{\"@type\":\"ListItem\",\"position\":1,\"name\":\"Home\",\"item\":\"https:\/\/www.tucoemas.org\/\"},{\"@type\":\"ListItem\",\"position\":2,\"name\":\"Insurance\",\"item\":\"https:\/\/www.tucoemas.org\/protect\/\"},{\"@type\":\"ListItem\",\"position\":3,\"name\":\"Life Insurance\"}]},{\"@type\":\"WebSite\",\"@id\":\"https:\/\/www.tucoemas.org\/#website\",\"url\":\"https:\/\/www.tucoemas.org\/\",\"name\":\"Tucoemas FCU\",\"description\":\"A community on the rise.\",\"potentialAction\":[{\"@type\":\"SearchAction\",\"target\":{\"@type\":\"EntryPoint\",\"urlTemplate\":\"https:\/\/www.tucoemas.org\/?s={search_term_string}\"},\"query-input\":{\"@type\":\"PropertyValueSpecification\",\"valueRequired\":true,\"valueName\":\"search_term_string\"}}],\"inLanguage\":\"es-ES\"}]}<\/script>\n<!-- \/ Yoast SEO plugin. -->","yoast_head_json":{"title":"Seguro de vida - Tucoemas FCU","robots":{"index":"index","follow":"follow","max-snippet":"max-snippet:-1","max-image-preview":"max-image-preview:large","max-video-preview":"max-video-preview:-1"},"canonical":"https:\/\/www.tucoemas.org\/es\/protect\/life-insurance\/","og_locale":"es_ES","og_type":"article","og_title":"Life Insurance - Tucoemas FCU","og_url":"https:\/\/www.tucoemas.org\/es\/protect\/life-insurance\/","og_site_name":"Tucoemas FCU","article_modified_time":"2025-02-20T19:39:41+00:00","twitter_card":"summary_large_image","schema":{"@context":"https:\/\/schema.org","@graph":[{"@type":"WebPage","@id":"https:\/\/www.tucoemas.org\/protect\/life-insurance\/","url":"https:\/\/www.tucoemas.org\/protect\/life-insurance\/","name":"Seguro de vida - Tucoemas FCU","isPartOf":{"@id":"https:\/\/www.tucoemas.org\/#website"},"datePublished":"2024-05-28T21:52:46+00:00","dateModified":"2025-02-20T19:39:41+00:00","breadcrumb":{"@id":"https:\/\/www.tucoemas.org\/protect\/life-insurance\/#breadcrumb"},"inLanguage":"es-ES","potentialAction":[{"@type":"ReadAction","target":["https:\/\/www.tucoemas.org\/protect\/life-insurance\/"]}]},{"@type":"BreadcrumbList","@id":"https:\/\/www.tucoemas.org\/protect\/life-insurance\/#breadcrumb","itemListElement":[{"@type":"ListItem","position":1,"name":"Home","item":"https:\/\/www.tucoemas.org\/"},{"@type":"ListItem","position":2,"name":"Insurance","item":"https:\/\/www.tucoemas.org\/protect\/"},{"@type":"ListItem","position":3,"name":"Life Insurance"}]},{"@type":"WebSite","@id":"https:\/\/www.tucoemas.org\/#website","url":"https:\/\/www.tucoemas.org\/","name":"Uni\u00f3n Cooperativa de Cr\u00e9dito Tucoemas","description":"Una comunidad en ascenso.","potentialAction":[{"@type":"SearchAction","target":{"@type":"EntryPoint","urlTemplate":"https:\/\/www.tucoemas.org\/?s={search_term_string}"},"query-input":{"@type":"PropertyValueSpecification","valueRequired":true,"valueName":"search_term_string"}}],"inLanguage":"es-ES"}]}},"_links":{"self":[{"href":"https:\/\/www.tucoemas.org\/es\/wp-json\/wp\/v2\/pages\/2492","targetHints":{"allow":["GET"]}}],"collection":[{"href":"https:\/\/www.tucoemas.org\/es\/wp-json\/wp\/v2\/pages"}],"about":[{"href":"https:\/\/www.tucoemas.org\/es\/wp-json\/wp\/v2\/types\/page"}],"author":[{"embeddable":true,"href":"https:\/\/www.tucoemas.org\/es\/wp-json\/wp\/v2\/users\/10"}],"replies":[{"embeddable":true,"href":"https:\/\/www.tucoemas.org\/es\/wp-json\/wp\/v2\/comments?post=2492"}],"version-history":[{"count":21,"href":"https:\/\/www.tucoemas.org\/es\/wp-json\/wp\/v2\/pages\/2492\/revisions"}],"predecessor-version":[{"id":5976,"href":"https:\/\/www.tucoemas.org\/es\/wp-json\/wp\/v2\/pages\/2492\/revisions\/5976"}],"up":[{"embeddable":true,"href":"https:\/\/www.tucoemas.org\/es\/wp-json\/wp\/v2\/pages\/2490"}],"wp:attachment":[{"href":"https:\/\/www.tucoemas.org\/es\/wp-json\/wp\/v2\/media?parent=2492"}],"curies":[{"name":"wp","href":"https:\/\/api.w.org\/{rel}","templated":true}]}}