{"id":2493,"date":"2024-05-28T14:52:47","date_gmt":"2024-05-28T21:52:47","guid":{"rendered":"https:\/\/www.tucoemas.org\/auto-loans\/insurance\/pet-insurance\/"},"modified":"2025-02-10T14:09:26","modified_gmt":"2025-02-10T22:09:26","slug":"pet-insurance","status":"publish","type":"page","link":"https:\/\/www.tucoemas.org\/es\/protect\/pet-insurance\/","title":{"rendered":"Seguro para mascotas"},"content":{"rendered":"<div class=\"co-flex_row co-flex_row__page-hero\" >\n\t<div class=\"co-flex_row--row co-row\">\n\t\t\t<header class=\"co-page_hero  co-page_hero__has_image display-img-desktop\" aria-label=\"Encabezado: Seguro para mascotas\">\n\t\t<div class=\"co-page_hero--inner\">\n\t\t\t<div class=\"prow gap:0\">\n\t\t\t\t\t\t\t\t\t<div class=\"co-page_hero--img_wrap pcol-lg:5\">\n\t\t\t\t\t\t<img loading=\"lazy\" decoding=\"async\" width=\"550\" height=\"550\" src=\"https:\/\/www.tucoemas.org\/files\/HERO-template-Dog.jpg\" class=\"co-page_hero--img\" alt=\"HERO-template-Dog\" srcset=\"https:\/\/www.tucoemas.org\/files\/HERO-template-Dog.jpg 550w, https:\/\/www.tucoemas.org\/files\/HERO-template-Dog-540x540.jpg 540w, https:\/\/www.tucoemas.org\/files\/HERO-template-Dog-150x150.jpg 150w, https:\/\/www.tucoemas.org\/files\/HERO-template-Dog-396x396.jpg 396w, https:\/\/www.tucoemas.org\/files\/HERO-template-Dog-75x75.jpg 75w, https:\/\/www.tucoemas.org\/files\/HERO-template-Dog-300x300.jpg 300w, https:\/\/www.tucoemas.org\/files\/HERO-template-Dog-400x400.jpg 400w\" sizes=\"auto, (max-width: 550px) 100vw, 550px\" \/>\t\t\t\t\t<\/div>\n\t\t\t\t\t\t\t\t<div class=\"co-page_hero--text pcol-lg:7\">\n\t\t\t\t\t\t\t\t\t\t<h1 class=\"co-page_hero--title\">\n\t\t\t\t\t\tSeguro para mascotas\t\t\t\t\t<\/h1>\n\t\t\t\t\t<p class=\"co-page_hero--tagline\">Las mascotas tambi\u00e9n son familia.<\/p>\t\t\t\t\t\t<div class=\"co-page_hero--buttons\">\n\t\t\t\t\t\t\t<a class=\"co-page_hero--button\" href=\"https:\/\/www.tucoemas.org\/es\/speed-bump\/?url=https%3A%2F%2Fspotpet.link%2Ftucoemascu&#038;prev=https%3A%2F%2Fwww.tucoemas.org%2Fes%2Fprotect%2Fpet-insurance%2F\"  ><span>INSCR\u00cdBASE<\/span><\/a>\t\t\t\t\t\t<\/div>\n\t\t\t\t\t\t\t\t\t\t<\/div>\n\t\t\t<\/div>\n\t\t<\/div>\n\t<\/header>\n\n\t<\/div>\n<\/div>\n\n\n<div class=\"co-flex_row co-flex_row__white co-flex_row__page-intro\" >\n\t<div class=\"co-flex_row--row co-row\">\n\t\t\t<div class=\"co-page_intro\">\n\t\t<h2 class=\"co-page_intro--title\">\u00a0Proteja a su mascota en caso de enfermedades y emergencias elegibles.<\/h2>\t<\/div>\n\n\t<\/div>\n<\/div>\n\n\n<div class=\"co-flex_row co-flex_row__white co-flex_row__long-form-text\" id=\"3\">\n\t<div class=\"co-flex_row--row co-row\">\n\t\t\t<div class=\"co-long_form\">\n\t\t\t\t<header class=\"co-intro_text\">\n\t\t\t<h2 class=\"co-intro_text--title\">Seguro para mascotas Spot<\/h2>\t\t<\/header>\n\t\t\t\t\t<div class=\"co-long_form--block prow items-start\">\n\t\t\t\t<div class=\"co-long_form--text pcol-md:7\">\n\t\t\t\t\t<h3 class=\"co-long_form--headline\" >Los planes Spot Illness cubren diagn\u00f3sticos y tratamientos elegibles para enfermedades costosas.<\/h3><div class=\"co-long_form--content text-component\"><p><strong>Hasta un descuento de 20%*<\/strong><\/p>\n<p>\u201310% de descuento en todas las mascotas<\/p>\n<p>\u2013 10% de descuento adicional por cada mascota a\u00f1adida<\/p>\n<p>\u00a1Cobertura para perros y gatos sin l\u00edmite de edad m\u00e1xima!<\/p>\n<p><strong>Sin restricciones de red:\u00a0<\/strong>Visite cualquier veterinario, cl\u00ednica de emergencia o especialista con licencia en EE. UU.<\/p>\n<p>&nbsp;<\/p>\n<p><strong>Las opciones de plan personalizables incluyen:<\/strong><\/p>\n<p>\u2013 Deducible anual desde $100 \u2013 $1,000<\/p>\n<p>\u2013 Tasas de reembolso de 70 a 90%<\/p>\n<p>\u2013 L\u00edmites anuales desde $2,500 \u2013 Ilimitado<\/p>\n<p>\u2013 Opciones de cobertura complementaria de atenci\u00f3n preventiva Gold y Platinum<\/p>\n<p>\u2022 Acceso veterinario<strong>:\u00a0<\/strong>Toda la cobertura incluye acceso a VetAccessTM 24\/7, que es una l\u00ednea de ayuda de telesalud para mascotas disponible las 24 horas, los 7 d\u00edas de la semana para preguntarle a un veterinario sobre la salud, el comportamiento y m\u00e1s de su mascota.<\/p>\n<p>\u2022\u00a0<strong>Periodo de espera:\u00a0<\/strong>Per\u00edodo de espera de 14 d\u00edas para la cobertura por enfermedad<\/p>\n<p>\u2022\u00a0<strong>Condiciones preexistentes<\/strong>:Los planes Spot no cubren condiciones preexistentes; sin embargo, esto no significa que la condici\u00f3n no pueda cubrirse en el futuro si es curable.<\/p>\n<p>&nbsp;<\/p>\n<p><strong>F\u00e1cil de inscribirse<\/strong><\/p>\n<p>\u2022 Visita\u00a0<a href=\"https:\/\/spotpet.link\/tucoemascu\" target=\"_blank\" rel=\"noopener\"><strong>https:\/\/spotpet.link\/tucoemascu<\/strong><\/a> \u00a1Para m\u00e1s informaci\u00f3n y cotizaciones e inscribirte en un plan Spot!<\/p>\n<p>\u2022\tLlame al (800) 905-1595 e indique que es miembro de Tucoemas Federal Credit Union.<\/p>\n<p>\u2022 Despu\u00e9s de inscribirse, se le enviar\u00e1 una copia de su p\u00f3liza y se le dar\u00e1 acceso al portal del titular de la p\u00f3liza, donde podr\u00e1 ver su p\u00f3liza, presentar reclamos y registrarse para el dep\u00f3sito directo.<\/p>\n<\/div><a class=\"co-long_form--button co-button\" href=\"https:\/\/www.tucoemas.org\/es\/speed-bump\/?url=https%3A%2F%2Fspotpet.link%2Ftucoemascu&#038;prev=https%3A%2F%2Fwww.tucoemas.org%2Fes%2Fprotect%2Fpet-insurance%2F\"  ><span>M\u00c1S INFORMACI\u00d3N<\/span><\/a>\t\t\t\t<\/div>\n\t\t\t\t\t\t\t\t\t<div class=\"co-long_form--media pcol-md:5\">\n\t\t\t\t\t\t<img loading=\"lazy\" decoding=\"async\" width=\"400\" height=\"400\" src=\"https:\/\/www.tucoemas.org\/files\/Long-format-Spot.jpg\" class=\"co-long_form--image\" alt=\"Long-format-Spot\" srcset=\"https:\/\/www.tucoemas.org\/files\/Long-format-Spot.jpg 400w, https:\/\/www.tucoemas.org\/files\/Long-format-Spot-150x150.jpg 150w, https:\/\/www.tucoemas.org\/files\/Long-format-Spot-396x396.jpg 396w, https:\/\/www.tucoemas.org\/files\/Long-format-Spot-75x75.jpg 75w, https:\/\/www.tucoemas.org\/files\/Long-format-Spot-300x300.jpg 300w\" sizes=\"auto, (max-width: 400px) 100vw, 400px\" \/>\t\t\t\t\t<\/div>\n\t\t\t\t\t\t\t<\/div>\n\t\t\t\t<\/div>\n\n\t<\/div>\n<\/div>\n\n\n<div class=\"co-flex_row co-flex_row__white co-flex_row__related-products\" >\n\t<div class=\"co-flex_row--row co-row\">\n\t\t\t<div class=\"co-rel_prods center-narrow\">\n\t\t\t\t<header class=\"co-intro_text\">\n\t\t\t<h2 class=\"co-intro_text--title\">M\u00e1s seguros<\/h2>\t\t<\/header>\n\t\t\t\t\t<div class=\"co-rel_prods--cols prow prow-md:2  justify-center\">\n\t\t\t\t\t\t\t\t\t<div class=\"co-rel_prods--col\">\n\t\t\t\t\t\t<h3 class=\"co-rel_prods--col_title\">Seguro de hogar<\/h3><div class=\"co-rel_prods--col_desc text-component\"><p>Proteja uno de sus activos m\u00e1s valiosos.<\/p>\n<\/div><a class=\"co-rel_prods--col_cta\" href=\"https:\/\/www.tucoemas.org\/es\/protect\/home-insurance\/\" target=\"_top\" aria-label=\"Leer m\u00e1s sobre Seguros de Hogar\"><span>M\u00e1s informaci\u00f3n<\/span><\/a>\t\t\t\t\t<\/div>\n\t\t\t\t\t\t\t\t\t\t<div class=\"co-rel_prods--col\">\n\t\t\t\t\t\t<h3 class=\"co-rel_prods--col_title\">Seguro de vida<\/h3><div class=\"co-rel_prods--col_desc text-component\"><p>Protege a los que m\u00e1s importan.<\/p>\n<\/div><a class=\"co-rel_prods--col_cta\" href=\"https:\/\/www.tucoemas.org\/es\/protect\/life-insurance\/\" target=\"_top\" aria-label=\"Lea m\u00e1s sobre seguros de vida\"><span>M\u00e1s informaci\u00f3n<\/span><\/a>\t\t\t\t\t<\/div>\n\t\t\t\t\t\t\t\t<\/div>\n\t\t\t<\/div>\n\n\t<\/div>\n<\/div>\n\n\n<div class=\"co-flex_row co-flex_row__white co-flex_row__last co-flex_row__multi-path-cta\" id=\"member\">\n\t<div class=\"co-flex_row--row co-row\">\n\t\t\t<div class=\"co-mp_ctas\">\n\t\t\t\t<header class=\"co-intro_text has_intro\">\n\t\t\t<h2 class=\"co-intro_text--title\">\u00danete a Tucoemas<\/h2><div class=\"co-intro_text--intro text-component\"><p>Valoramos su persona y todo lo que hace.<\/p>\n<\/div>\t\t<\/header>\n\t\t\t\t<div class=\"co-mp_ctas--list prow justify-center\">\n\t\t\t\t\t\t\t\t\t\t\t<div class=\"co-mp_cta pcol-lg:4\">\n\t\t\t\t\t<div class=\"co-mp_cta--title\">\n\t\t\t\t\t\tVisita una sucursal\t\t\t\t\t<\/div>\n\t\t\t\t\t<a class=\"co-mp_cta--link\" href=\"https:\/\/www.tucoemas.org\/es\/locations-atms\/\"  ><span>ENCU\u00c9NTRENOS CERCA<\/span><\/a>\t\t\t\t<\/div>\n\t\t\t\t\t\t\t\t\t\t\t<div class=\"co-mp_cta pcol-lg:4\">\n\t\t\t\t\t<div class=\"co-mp_cta--title\">\n\t\t\t\t\t\tH\u00e1gase miembro\t\t\t\t\t<\/div>\n\t\t\t\t\t<a class=\"co-mp_cta--link\" href=\"https:\/\/www.tucoemas.org\/es\/open-account\/\"  ><span>\u00daNASE<\/span><\/a>\t\t\t\t<\/div>\n\t\t\t\t\t\t\t\t\t\t\t<div class=\"co-mp_cta pcol-lg:4\">\n\t\t\t\t\t<div class=\"co-mp_cta--title\">\n\t\t\t\t\t\tLl\u00e1menos o env\u00edenos un correo electr\u00f3nico\t\t\t\t\t<\/div>\n\t\t\t\t\t<a class=\"co-mp_cta--link\" href=\"https:\/\/www.tucoemas.org\/es\/help\/contact-us\/\"  ><span>CONT\u00c1CTENOS<\/span><\/a>\t\t\t\t<\/div>\n\t\t\t\t\t<\/div>\n\t<\/div>\n\n\t<\/div>\n<\/div>","protected":false},"excerpt":{"rendered":"","protected":false},"author":10,"featured_media":0,"parent":2490,"menu_order":0,"comment_status":"closed","ping_status":"closed","template":"","meta":{"_acf_changed":false,"_searchwp_excluded":"","footnotes":""},"class_list":["post-2493","page","type-page","status-publish","hentry"],"acf":[],"yoast_head":"<!-- This site is optimized with the Yoast SEO plugin v27.2 - https:\/\/yoast.com\/product\/yoast-seo-wordpress\/ -->\n<title>Pet Insurance - Tucoemas FCU<\/title>\n<meta name=\"robots\" content=\"index, follow, max-snippet:-1, max-image-preview:large, max-video-preview:-1\" \/>\n<link rel=\"canonical\" href=\"https:\/\/www.tucoemas.org\/es\/protect\/pet-insurance\/\" \/>\n<meta property=\"og:locale\" content=\"es_ES\" \/>\n<meta property=\"og:type\" content=\"article\" \/>\n<meta property=\"og:title\" content=\"Pet Insurance - Tucoemas FCU\" \/>\n<meta property=\"og:url\" content=\"https:\/\/www.tucoemas.org\/es\/protect\/pet-insurance\/\" \/>\n<meta property=\"og:site_name\" content=\"Tucoemas FCU\" \/>\n<meta property=\"article:modified_time\" content=\"2025-02-10T22:09:26+00:00\" \/>\n<meta name=\"twitter:card\" content=\"summary_large_image\" \/>\n<script type=\"application\/ld+json\" class=\"yoast-schema-graph\">{\"@context\":\"https:\/\/schema.org\",\"@graph\":[{\"@type\":\"WebPage\",\"@id\":\"https:\/\/www.tucoemas.org\/protect\/pet-insurance\/\",\"url\":\"https:\/\/www.tucoemas.org\/protect\/pet-insurance\/\",\"name\":\"Pet Insurance - Tucoemas FCU\",\"isPartOf\":{\"@id\":\"https:\/\/www.tucoemas.org\/#website\"},\"datePublished\":\"2024-05-28T21:52:47+00:00\",\"dateModified\":\"2025-02-10T22:09:26+00:00\",\"breadcrumb\":{\"@id\":\"https:\/\/www.tucoemas.org\/protect\/pet-insurance\/#breadcrumb\"},\"inLanguage\":\"es-ES\",\"potentialAction\":[{\"@type\":\"ReadAction\",\"target\":[\"https:\/\/www.tucoemas.org\/protect\/pet-insurance\/\"]}]},{\"@type\":\"BreadcrumbList\",\"@id\":\"https:\/\/www.tucoemas.org\/protect\/pet-insurance\/#breadcrumb\",\"itemListElement\":[{\"@type\":\"ListItem\",\"position\":1,\"name\":\"Home\",\"item\":\"https:\/\/www.tucoemas.org\/\"},{\"@type\":\"ListItem\",\"position\":2,\"name\":\"Insurance\",\"item\":\"https:\/\/www.tucoemas.org\/protect\/\"},{\"@type\":\"ListItem\",\"position\":3,\"name\":\"Pet Insurance\"}]},{\"@type\":\"WebSite\",\"@id\":\"https:\/\/www.tucoemas.org\/#website\",\"url\":\"https:\/\/www.tucoemas.org\/\",\"name\":\"Tucoemas FCU\",\"description\":\"A community on the rise.\",\"potentialAction\":[{\"@type\":\"SearchAction\",\"target\":{\"@type\":\"EntryPoint\",\"urlTemplate\":\"https:\/\/www.tucoemas.org\/?s={search_term_string}\"},\"query-input\":{\"@type\":\"PropertyValueSpecification\",\"valueRequired\":true,\"valueName\":\"search_term_string\"}}],\"inLanguage\":\"es-ES\"}]}<\/script>\n<!-- \/ Yoast SEO plugin. -->","yoast_head_json":{"title":"Pet Insurance - Tucoemas FCU","robots":{"index":"index","follow":"follow","max-snippet":"max-snippet:-1","max-image-preview":"max-image-preview:large","max-video-preview":"max-video-preview:-1"},"canonical":"https:\/\/www.tucoemas.org\/es\/protect\/pet-insurance\/","og_locale":"es_ES","og_type":"article","og_title":"Pet Insurance - Tucoemas FCU","og_url":"https:\/\/www.tucoemas.org\/es\/protect\/pet-insurance\/","og_site_name":"Tucoemas FCU","article_modified_time":"2025-02-10T22:09:26+00:00","twitter_card":"summary_large_image","schema":{"@context":"https:\/\/schema.org","@graph":[{"@type":"WebPage","@id":"https:\/\/www.tucoemas.org\/protect\/pet-insurance\/","url":"https:\/\/www.tucoemas.org\/protect\/pet-insurance\/","name":"Pet Insurance - Tucoemas FCU","isPartOf":{"@id":"https:\/\/www.tucoemas.org\/#website"},"datePublished":"2024-05-28T21:52:47+00:00","dateModified":"2025-02-10T22:09:26+00:00","breadcrumb":{"@id":"https:\/\/www.tucoemas.org\/protect\/pet-insurance\/#breadcrumb"},"inLanguage":"es-ES","potentialAction":[{"@type":"ReadAction","target":["https:\/\/www.tucoemas.org\/protect\/pet-insurance\/"]}]},{"@type":"BreadcrumbList","@id":"https:\/\/www.tucoemas.org\/protect\/pet-insurance\/#breadcrumb","itemListElement":[{"@type":"ListItem","position":1,"name":"Home","item":"https:\/\/www.tucoemas.org\/"},{"@type":"ListItem","position":2,"name":"Insurance","item":"https:\/\/www.tucoemas.org\/protect\/"},{"@type":"ListItem","position":3,"name":"Pet Insurance"}]},{"@type":"WebSite","@id":"https:\/\/www.tucoemas.org\/#website","url":"https:\/\/www.tucoemas.org\/","name":"Uni\u00f3n Cooperativa de Cr\u00e9dito Tucoemas","description":"Una comunidad en ascenso.","potentialAction":[{"@type":"SearchAction","target":{"@type":"EntryPoint","urlTemplate":"https:\/\/www.tucoemas.org\/?s={search_term_string}"},"query-input":{"@type":"PropertyValueSpecification","valueRequired":true,"valueName":"search_term_string"}}],"inLanguage":"es-ES"}]}},"_links":{"self":[{"href":"https:\/\/www.tucoemas.org\/es\/wp-json\/wp\/v2\/pages\/2493","targetHints":{"allow":["GET"]}}],"collection":[{"href":"https:\/\/www.tucoemas.org\/es\/wp-json\/wp\/v2\/pages"}],"about":[{"href":"https:\/\/www.tucoemas.org\/es\/wp-json\/wp\/v2\/types\/page"}],"author":[{"embeddable":true,"href":"https:\/\/www.tucoemas.org\/es\/wp-json\/wp\/v2\/users\/10"}],"replies":[{"embeddable":true,"href":"https:\/\/www.tucoemas.org\/es\/wp-json\/wp\/v2\/comments?post=2493"}],"version-history":[{"count":12,"href":"https:\/\/www.tucoemas.org\/es\/wp-json\/wp\/v2\/pages\/2493\/revisions"}],"predecessor-version":[{"id":5670,"href":"https:\/\/www.tucoemas.org\/es\/wp-json\/wp\/v2\/pages\/2493\/revisions\/5670"}],"up":[{"embeddable":true,"href":"https:\/\/www.tucoemas.org\/es\/wp-json\/wp\/v2\/pages\/2490"}],"wp:attachment":[{"href":"https:\/\/www.tucoemas.org\/es\/wp-json\/wp\/v2\/media?parent=2493"}],"curies":[{"name":"wp","href":"https:\/\/api.w.org\/{rel}","templated":true}]}}