{"id":2497,"date":"2024-05-28T14:52:48","date_gmt":"2024-05-28T21:52:48","guid":{"rendered":"https:\/\/www.tucoemas.org\/learn\/wealth-management\/"},"modified":"2025-02-10T14:31:26","modified_gmt":"2025-02-10T22:31:26","slug":"wealth-management","status":"publish","type":"page","link":"https:\/\/www.tucoemas.org\/es\/learn\/wealth-management\/","title":{"rendered":"Gesti\u00f3n patrimonial"},"content":{"rendered":"<div class=\"co-flex_row co-flex_row__page-hero\" >\n\t<div class=\"co-flex_row--row co-row\">\n\t\t\t<header class=\"co-page_hero  co-page_hero__has_image display-img-desktop\" aria-label=\"Encabezado: Gesti\u00f3n patrimonial\">\n\t\t<div class=\"co-page_hero--inner\">\n\t\t\t<div class=\"prow gap:0\">\n\t\t\t\t\t\t\t\t\t<div class=\"co-page_hero--img_wrap pcol-lg:5\">\n\t\t\t\t\t\t<img loading=\"lazy\" decoding=\"async\" width=\"550\" height=\"550\" src=\"https:\/\/www.tucoemas.org\/files\/HERO-template-PTers.jpg\" class=\"co-page_hero--img\" alt=\"HERO-template-PTers\" srcset=\"https:\/\/www.tucoemas.org\/files\/HERO-template-PTers.jpg 550w, https:\/\/www.tucoemas.org\/files\/HERO-template-PTers-540x540.jpg 540w, https:\/\/www.tucoemas.org\/files\/HERO-template-PTers-150x150.jpg 150w, https:\/\/www.tucoemas.org\/files\/HERO-template-PTers-396x396.jpg 396w, https:\/\/www.tucoemas.org\/files\/HERO-template-PTers-75x75.jpg 75w, https:\/\/www.tucoemas.org\/files\/HERO-template-PTers-300x300.jpg 300w, https:\/\/www.tucoemas.org\/files\/HERO-template-PTers-400x400.jpg 400w\" sizes=\"auto, (max-width: 550px) 100vw, 550px\" \/>\t\t\t\t\t<\/div>\n\t\t\t\t\t\t\t\t<div class=\"co-page_hero--text pcol-lg:7\">\n\t\t\t\t\t\t\t\t\t\t<h1 class=\"co-page_hero--title\">\n\t\t\t\t\t\tGesti\u00f3n patrimonial\t\t\t\t\t<\/h1>\n\t\t\t\t\t<p class=\"co-page_hero--tagline\">Construyendo prosperidad con estrategias financieras personalizadas.<\/p>\t\t\t\t\t\t<div class=\"co-page_hero--buttons\">\n\t\t\t\t\t\t\t<a class=\"co-page_hero--button\" href=\"https:\/\/www.tucoemas.org\/es\/help\/contact-us\/\"  ><span>CONT\u00c1CTENOS<\/span><\/a>\t\t\t\t\t\t<\/div>\n\t\t\t\t\t\t\t\t\t\t<\/div>\n\t\t\t<\/div>\n\t\t<\/div>\n\t<\/header>\n\n\t<\/div>\n<\/div>\n\n\n<div class=\"co-flex_row co-flex_row__white co-flex_row__page-intro\" >\n\t<div class=\"co-flex_row--row co-row\">\n\t\t\t<div class=\"co-page_intro\">\n\t\t<h2 class=\"co-page_intro--title\">La gesti\u00f3n patrimonial es esencial para lograr la seguridad financiera y maximizar el crecimiento de sus activos.<\/h2>\t<\/div>\n\n\t<\/div>\n<\/div>\n\n\n<div class=\"co-flex_row co-flex_row__white co-flex_row__columns\" id=\"calculator\">\n\t<div class=\"co-flex_row--row co-row\">\n\t\t\t<div class=\"co-columns\">\n\t\t\t\t\t<div class=\"co-columns--row prow prow-md:2 prow-lg:3 co-columns--row__icons justify-center\">\n\t\t\t\t\t\t\t\t\t<div class=\"co-columns--box\">\n\t\t\t\t\t\t\t<svg\n\t\tclass=\"co-columns--box_icon Education\"\n\t\tviewbox=\"0 0 68 69\"\n\t\twidth=\"68\"\n\t\theight=\"69\"\n\t>\n\t\t<title>Education<\/title>\n\t\t<path fill=\"#003B49\" fill-rule=\"evenodd\" d=\"M64.729 39.532 33.604 53.61a1.802 1.802 0 0 1-1.528 0L9.37 43.34c-1.097-.498-2.331-.43-3.293.193-.973.623-1.55 1.734-1.55 2.958v5.1h2.829v-5.1c0-.26.09-.476.249-.578.147-.102.362-.09.588 0L30.9 56.182a4.678 4.678 0 0 0 3.86 0l31.124-14.077a3.536 3.536 0 0 0 2.106-3.275 3.554 3.554 0 0 0-2.106-3.276l-15.11-6.834a26.45 26.45 0 0 1-.633 2.822l14.578 6.596a.74.74 0 0 1 .441.692.74.74 0 0 1-.441.69l.011.012ZM4.505 38.49C1.81 39.713 0 42.468 0 45.358v4.533c0 2.958 1.743 5.384 4.9 6.812l.137-.295 26.665 12.207a4.27 4.27 0 0 0 1.789.385c.61 0 1.233-.136 1.81-.397L66.53 54.005l-1.2-2.572-31.204 14.586c-.397.182-.86.182-1.257 0L6.055 53.745l-.136.294s.091.046.148.068l-1.03 2.29v.011l-.159-.068 1.041-2.29c-1.448-.68-3.09-1.949-3.09-4.159v-4.533c0-1.768 1.166-3.525 2.841-4.284l11.353-5.135a19.644 19.644 0 0 1-1.234-2.55l-11.284 5.1Z\" clip-rule=\"evenodd\"\/><path fill=\"#003B49\" d=\"m5.037 56.408 1.03-2.29s-.091-.045-.148-.067l-1.04 2.29.158.067Z\"\/><path fill=\"#EA7600\" d=\"M49.495 18.01c-1.404-2.585-3.667-4.387-6.542-5.214a15.02 15.02 0 0 0-2.58-.499c.316-.374.622-.782.893-1.213 2.57-4.193 1.415-9.452 1.358-9.667L42.308.01l-1.404.352c-.215.056-5.433 1.394-8.002 5.587-.758 1.247-1.188 2.573-1.426 3.842a15.598 15.598 0 0 0-2.41-2.402L27.287 9.6c3.215 2.595 4.154 5.644 4.37 7.74-.793-.271-1.54-.69-2.174-1.325l-2.003 2.006a8.41 8.41 0 0 0 5.964 2.47 8.41 8.41 0 0 0 5.965-2.47l-2.003-2.006a5.546 5.546 0 0 1-2.898 1.541 13.248 13.248 0 0 0-.136-1.235 16.29 16.29 0 0 0 2.117-.952c.77-.16 1.63-.295 2.603-.295 1.019 0 2.026.147 3.067.453 2.128.612 3.803 1.95 4.833 3.842 1.155 2.131 1.528 4.999 1.11 8.172-.125.93-.329 1.881-.589 2.845-.068.238-.113.465-.181.703-1.55 5.134-5.433 9.078-9.666 9.815-.985.17-2.15.045-3.407-.374a4.998 4.998 0 0 0-3.203 0c-1.267.419-2.422.555-3.418.374-3.146-.544-6.09-2.857-8.036-6.12a16.076 16.076 0 0 1-1.234-2.55c-.147-.375-.282-.76-.396-1.146-2.263-7.525-.588-12.637 4.98-15.21 1.381-.634 2.819-.94 4.392-.94v-2.834c-2.003 0-3.826.397-5.58 1.202-3.973 1.836-10.096 6.687-6.508 18.61.158.51.34 1.009.532 1.496.35.895.758 1.745 1.234 2.55 2.365 4.091 6.111 7.038 10.14 7.741 1.45.25 3.08.09 4.8-.476.464-.159.95-.159 1.403 0 1.189.397 2.332.6 3.407.6.475 0 .94-.045 1.392-.113 5.263-.918 10.05-5.655 11.896-11.787.033-.113.056-.226.09-.34a26.45 26.45 0 0 0 .634-2.822c.69-4.08.26-7.877-1.279-10.733l-.011-.023ZM38.855 9.6c-.86 1.405-2.173 2.402-3.372 3.082-.136.034-.283.057-.396.091-.295.068-.68.148-1.008.204-.056-1.553.113-3.729 1.234-5.553 1.211-1.984 3.316-3.163 4.754-3.775.101 1.565 0 3.979-1.212 5.95Z\"\/>\t<\/svg>\n<h2 class=\"co-columns--box_headline\" >Educaci\u00f3n Financiera<\/h2><div class=\"co-columns--box_desc text-component\"><p>\u00a1Nuestro programa Pathways te conecta con uno de nuestros Coaches Financieros Certificados de forma gratuita!<\/p>\n<\/div><div class=\"co-columns--box_button\"><a class=\"co-columns--button co-button\" href=\"https:\/\/www.tucoemas.org\/es\/bank\/member-services\/financial-education\/\"  ><span>M\u00c1S INFORMACI\u00d3N<\/span><\/a><\/div>\t\t\t\t\t<\/div>\n\t\t\t\t\t\t\t\t\t<div class=\"co-columns--box\">\n\t\t\t\t\t\t\t<svg\n\t\tclass=\"co-columns--box_icon Calculator\"\n\t\tviewbox=\"0 0 63 75\"\n\t\twidth=\"63\"\n\t\theight=\"75\"\n\t>\n\t\t<title>Calculator<\/title>\n\t\t<path fill=\"#EA7600\" fill-rule=\"evenodd\" d=\"M10.818 27.731h41.364c.703 0 1.273-.564 1.273-1.26V10.714c0-.696-.57-1.26-1.273-1.26H10.818c-.703 0-1.273.564-1.273 1.26v15.757c0 .696.57 1.26 1.273 1.26ZM50.91 25.21H12.091V11.975h38.818V25.21Zm-8.273 40.336h9.546c.703 0 1.273-.564 1.273-1.26V45.378c0-.696-.57-1.26-1.273-1.26h-9.546c-.703 0-1.272.564-1.272 1.26v18.908c0 .696.57 1.26 1.272 1.26Zm8.273-2.52h-7V46.638h7v16.386Z\" clip-rule=\"evenodd\"\/><path fill=\"#003B49\" fill-rule=\"evenodd\" d=\"M7.636 75h47.728C59.574 75 63 71.606 63 67.437V7.563C63 3.393 59.573 0 55.364 0H7.636C3.426 0 0 3.394 0 7.563v59.874C0 71.607 3.427 75 7.636 75ZM2.546 7.563c0-2.78 2.284-5.042 5.09-5.042h47.728c2.806 0 5.09 2.263 5.09 5.042v59.874c0 2.78-2.284 5.042-5.09 5.042H7.636c-2.806 0-5.09-2.263-5.09-5.042V7.563Zm8.272 32.773h9.546c.703 0 1.272-.564 1.272-1.26v-6.303c0-.696-.57-1.26-1.272-1.26h-9.546c-.703 0-1.273.564-1.273 1.26v6.303c0 .696.57 1.26 1.273 1.26Zm8.273-2.52h-7v-3.782h7v3.781Zm17.182 2.52h-9.546a1.266 1.266 0 0 1-1.273-1.26v-6.303c0-.696.57-1.26 1.273-1.26h9.546c.703 0 1.272.564 1.272 1.26v6.303c0 .696-.57 1.26-1.272 1.26ZM28 37.816h7v-3.782h-7v3.781Zm14.636 2.52h9.546c.703 0 1.273-.564 1.273-1.26v-6.303c0-.696-.57-1.26-1.273-1.26h-9.546c-.703 0-1.272.564-1.272 1.26v6.303c0 .696.57 1.26 1.272 1.26Zm8.273-2.52h-7v-3.782h7v3.781ZM20.364 52.94h-9.546a1.266 1.266 0 0 1-1.273-1.26v-6.303c0-.696.57-1.26 1.273-1.26h9.546c.703 0 1.272.564 1.272 1.26v6.303c0 .696-.57 1.26-1.272 1.26Zm-8.273-2.52h7v-3.782h-7v3.781Zm14.636 2.52h9.546c.703 0 1.272-.564 1.272-1.26v-6.303c0-.696-.57-1.26-1.272-1.26h-9.546c-.703 0-1.273.564-1.273 1.26v6.303c0 .696.57 1.26 1.273 1.26ZM35 50.421h-7v-3.782h7v3.781ZM20.364 65.545h-9.546a1.266 1.266 0 0 1-1.273-1.26v-6.303c0-.696.57-1.26 1.273-1.26h9.546c.703 0 1.272.564 1.272 1.26v6.303c0 .696-.57 1.26-1.272 1.26Zm-8.273-2.52h7v-3.782h-7v3.781Zm14.636 2.52h9.546c.703 0 1.272-.564 1.272-1.26v-6.303c0-.696-.57-1.26-1.272-1.26h-9.546c-.703 0-1.273.564-1.273 1.26v6.303c0 .696.57 1.26 1.273 1.26ZM35 63.026h-7v-3.782h7v3.781Z\" clip-rule=\"evenodd\"\/>\t<\/svg>\n<h2 class=\"co-columns--box_headline\" >Calculadoras<\/h2><div class=\"co-columns--box_desc text-component\"><p>Calcula tu pr\u00f3ximo movimiento.<\/p>\n<\/div><div class=\"co-columns--box_button\"><a class=\"co-columns--button co-button\" href=\"https:\/\/www.tucoemas.org\/es\/learn\/calculators\/\"  ><span>M\u00c1S INFORMACI\u00d3N<\/span><\/a><\/div>\t\t\t\t\t<\/div>\n\t\t\t\t\t\t\t\t\t<div class=\"co-columns--box\">\n\t\t\t\t\t\t\t<svg\n\t\tclass=\"co-columns--box_icon GrowMoney\"\n\t\tviewbox=\"0 0 73 73\"\n\t\twidth=\"73\"\n\t\theight=\"73\"\n\t>\n\t\t<title>Grow Money<\/title>\n\t\t<path fill=\"#EA7600\" d=\"M44.851 40.705a1.46 1.46 0 0 0 2.92 0V22.542h5.49v9.753a1.46 1.46 0 0 0 2.92 0V21.082a1.46 1.46 0 0 0-1.46-1.46h-8.41a1.46 1.46 0 0 0-1.46 1.46v19.623ZM25.23 51.918a1.46 1.46 0 0 0 2.92 0v-25.23a1.46 1.46 0 0 0-1.46-1.46h-8.41a1.46 1.46 0 0 0-1.46 1.46v25.23a1.46 1.46 0 0 0 2.92 0v-23.77h5.49v23.77Zm-12.556 1.46a1.46 1.46 0 0 1-1.46-1.46V33.755h-5.49v18.163a1.46 1.46 0 0 1-2.92 0V32.295c0-.806.654-1.46 1.46-1.46h8.41c.806 0 1.46.654 1.46 1.46v19.623a1.46 1.46 0 0 1-1.46 1.46ZM63.13 36.442c-5.623 0-9.87 2.435-9.87 5.664v4.316c-1.757-.981-4.186-1.57-6.949-1.57-5.624 0-9.87 2.434-9.87 5.664v16.82c0 3.229 4.246 5.664 9.87 5.664 3.644 0 6.705-1.028 8.41-2.628 1.705 1.6 4.76 2.628 8.41 2.628C68.753 73 73 70.565 73 67.335V42.106c0-3.23-4.246-5.664-9.87-5.664Zm6.95 22.484c0 1.092-2.774 2.744-6.95 2.744-4.175 0-6.95-1.652-6.95-2.744V54.61c1.759.981 4.188 1.57 6.95 1.57 2.763 0 5.192-.589 6.95-1.57v4.316ZM39.362 54.61c1.757.981 4.187 1.57 6.95 1.57 2.762 0 5.191-.589 6.949-1.57v4.316c0 1.092-2.774 2.744-6.95 2.744-4.175 0-6.95-1.652-6.95-2.744V54.61Zm30.718-4.094c0 1.092-2.774 2.745-6.95 2.745-4.175 0-6.95-1.653-6.95-2.745V46.2c1.759.981 4.188 1.571 6.95 1.571 2.763 0 5.192-.59 6.95-1.57v4.315Zm-6.95-11.154c4.176 0 6.95 1.652 6.95 2.744 0 1.093-2.774 2.745-6.95 2.745-4.175 0-6.95-1.652-6.95-2.745 0-1.092 2.775-2.744 6.95-2.744Zm-16.819 8.41c4.176 0 6.95 1.652 6.95 2.744 0 1.092-2.774 2.745-6.95 2.745-4.175 0-6.95-1.653-6.95-2.745s2.775-2.745 6.95-2.745Zm0 22.308c-4.175 0-6.95-1.653-6.95-2.745V63.02c1.758.982 4.188 1.571 6.95 1.571 2.763 0 5.192-.59 6.95-1.57v4.315c0 1.092-2.774 2.745-6.95 2.745Zm16.82 0c-4.176 0-6.95-1.653-6.95-2.745V63.02c1.758.982 4.187 1.571 6.95 1.571 2.762 0 5.191-.59 6.949-1.57v4.315c0 1.092-2.774 2.745-6.95 2.745ZM32.294 53.378a1.46 1.46 0 0 1-1.46-1.46V32.295c0-.806.654-1.46 1.46-1.46h8.41c.806 0 1.46.654 1.46 1.46v8.41a1.46 1.46 0 0 1-2.92 0v-6.95h-5.49v18.163a1.46 1.46 0 0 1-1.46 1.46Z\"\/><path fill=\"#003B49\" d=\"m58.92 1.045.035.129c.017.093.029.193.029.286v8.41a1.46 1.46 0 0 1-2.92 0V4.987L36.132 24.92a1.46 1.46 0 0 1-2.067 0L21.082 11.937 5.297 27.723c-.286.286-.66.426-1.034.426s-.747-.14-1.033-.427a1.46 1.46 0 0 1 0-2.067l16.819-16.82a1.46 1.46 0 0 1 2.067 0l12.982 12.983L53.997 2.92h-4.883a1.46 1.46 0 0 1 0-2.92h8.41c.093 0 .193.012.286.03a.481.481 0 0 1 .092.023l.037.011c.023.009.048.016.073.024.024.007.05.014.073.023l.07.038.07.038c.04.017.076.035.11.058.158.105.299.246.404.403.023.035.04.07.058.105l.03.056a1.2 1.2 0 0 1 .046.09.628.628 0 0 1 .047.146ZM1.46 58.984h30.835a1.46 1.46 0 0 0 0-2.92H1.46a1.46 1.46 0 0 0 0 2.92Z\"\/>\t<\/svg>\n<h2 class=\"co-columns--box_headline\" >Cuentas de dep\u00f3sito<\/h2><div class=\"co-columns--box_desc text-component\"><p>Obtenga recompensas en efectivo en compras diarias con tarjeta de d\u00e9bito.<\/p>\n<\/div><div class=\"co-columns--box_button\"><a class=\"co-columns--button co-button\" href=\"https:\/\/www.tucoemas.org\/es\/bank\/\"  ><span>M\u00c1S INFORMACI\u00d3N<\/span><\/a><\/div>\t\t\t\t\t<\/div>\n\t\t\t\t\t\t\t<\/div>\n\t\t\t<\/div>\n\n\t<\/div>\n<\/div>\n\n\n<div class=\"co-flex_row co-flex_row__white co-flex_row__multi-path-cta\" id=\"join\">\n\t<div class=\"co-flex_row--row co-row\">\n\t\t\t<div class=\"co-mp_ctas\">\n\t\t\t\t<header class=\"co-intro_text has_intro\">\n\t\t\t<h2 class=\"co-intro_text--title\">\u00danase a nosotros<\/h2><div class=\"co-intro_text--intro text-component\"><p>Valoramos su persona y todo lo que hace.<\/p>\n<\/div>\t\t<\/header>\n\t\t\t\t<div class=\"co-mp_ctas--list prow justify-center\">\n\t\t\t\t\t\t\t\t\t\t\t<div class=\"co-mp_cta pcol-lg:4\">\n\t\t\t\t\t<div class=\"co-mp_cta--title\">\n\t\t\t\t\t\tVisita una sucursal\t\t\t\t\t<\/div>\n\t\t\t\t\t<a class=\"co-mp_cta--link\" href=\"https:\/\/www.tucoemas.org\/es\/locations-atms\/\"  ><span>ENCU\u00c9NTRENOS CERCA<\/span><\/a>\t\t\t\t<\/div>\n\t\t\t\t\t\t\t\t\t\t\t<div class=\"co-mp_cta pcol-lg:4\">\n\t\t\t\t\t<div class=\"co-mp_cta--title\">\n\t\t\t\t\t\tH\u00e1gase miembro\t\t\t\t\t<\/div>\n\t\t\t\t\t<a class=\"co-mp_cta--link\" href=\"https:\/\/www.tucoemas.org\/es\/open-account\/\"  ><span>\u00daNASE<\/span><\/a>\t\t\t\t<\/div>\n\t\t\t\t\t\t\t\t\t\t\t<div class=\"co-mp_cta pcol-lg:4\">\n\t\t\t\t\t<div class=\"co-mp_cta--title\">\n\t\t\t\t\t\tLl\u00e1menos o env\u00edenos un correo electr\u00f3nico\t\t\t\t\t<\/div>\n\t\t\t\t\t<a class=\"co-mp_cta--link\" href=\"https:\/\/www.tucoemas.org\/es\/help\/contact-us\/\"  ><span>CONTACTAR<\/span><\/a>\t\t\t\t<\/div>\n\t\t\t\t\t<\/div>\n\t<\/div>\n\n\t<\/div>\n<\/div>\n\n\n<div class=\"co-flex_row co-flex_row__last co-flex_row__back-to-top\" >\n\t<div class=\"co-flex_row--row co-row\">\n\t\t<div class=\"co-back_top\">\n\t<a class=\"co-back_top--link\" href=\"#\" aria-label=\"\">\n\t\tVolver arriba\t\t<svg class=\"co-back_top--link_icon\" viewbox=\"0 0 26 20\" role=\"img\" aria-label=\"Volver arriba\">\n\t\t\t<use xlink:href=\"https:\/\/www.tucoemas.org\/wp-content\/themes\/tucoemas-theme\/images\/sprite-icons.svg#back-top\" \/>\n\t\t<\/svg>\n\t<\/a>\n<\/div>\n\t<\/div>\n<\/div>","protected":false},"excerpt":{"rendered":"","protected":false},"author":10,"featured_media":0,"parent":2494,"menu_order":0,"comment_status":"closed","ping_status":"closed","template":"","meta":{"_acf_changed":false,"_searchwp_excluded":"","footnotes":""},"class_list":["post-2497","page","type-page","status-publish","hentry"],"acf":[],"yoast_head":"<!-- This site is optimized with the Yoast SEO plugin v27.2 - https:\/\/yoast.com\/product\/yoast-seo-wordpress\/ -->\n<title>Wealth Management - Tucoemas FCU<\/title>\n<meta name=\"robots\" content=\"index, follow, max-snippet:-1, max-image-preview:large, max-video-preview:-1\" \/>\n<link rel=\"canonical\" href=\"https:\/\/www.tucoemas.org\/es\/learn\/wealth-management\/\" \/>\n<meta property=\"og:locale\" content=\"es_ES\" \/>\n<meta property=\"og:type\" content=\"article\" \/>\n<meta property=\"og:title\" content=\"Wealth Management - Tucoemas FCU\" \/>\n<meta property=\"og:url\" content=\"https:\/\/www.tucoemas.org\/es\/learn\/wealth-management\/\" \/>\n<meta property=\"og:site_name\" content=\"Tucoemas FCU\" \/>\n<meta property=\"article:modified_time\" content=\"2025-02-10T22:31:26+00:00\" \/>\n<meta name=\"twitter:card\" content=\"summary_large_image\" \/>\n<script type=\"application\/ld+json\" class=\"yoast-schema-graph\">{\"@context\":\"https:\/\/schema.org\",\"@graph\":[{\"@type\":\"WebPage\",\"@id\":\"https:\/\/www.tucoemas.org\/learn\/wealth-management\/\",\"url\":\"https:\/\/www.tucoemas.org\/learn\/wealth-management\/\",\"name\":\"Wealth Management - Tucoemas FCU\",\"isPartOf\":{\"@id\":\"https:\/\/www.tucoemas.org\/#website\"},\"datePublished\":\"2024-05-28T21:52:48+00:00\",\"dateModified\":\"2025-02-10T22:31:26+00:00\",\"breadcrumb\":{\"@id\":\"https:\/\/www.tucoemas.org\/learn\/wealth-management\/#breadcrumb\"},\"inLanguage\":\"es-ES\",\"potentialAction\":[{\"@type\":\"ReadAction\",\"target\":[\"https:\/\/www.tucoemas.org\/learn\/wealth-management\/\"]}]},{\"@type\":\"BreadcrumbList\",\"@id\":\"https:\/\/www.tucoemas.org\/learn\/wealth-management\/#breadcrumb\",\"itemListElement\":[{\"@type\":\"ListItem\",\"position\":1,\"name\":\"Home\",\"item\":\"https:\/\/www.tucoemas.org\/\"},{\"@type\":\"ListItem\",\"position\":2,\"name\":\"Learn\",\"item\":\"https:\/\/www.tucoemas.org\/learn\/\"},{\"@type\":\"ListItem\",\"position\":3,\"name\":\"Wealth Management\"}]},{\"@type\":\"WebSite\",\"@id\":\"https:\/\/www.tucoemas.org\/#website\",\"url\":\"https:\/\/www.tucoemas.org\/\",\"name\":\"Tucoemas FCU\",\"description\":\"A community on the rise.\",\"potentialAction\":[{\"@type\":\"SearchAction\",\"target\":{\"@type\":\"EntryPoint\",\"urlTemplate\":\"https:\/\/www.tucoemas.org\/?s={search_term_string}\"},\"query-input\":{\"@type\":\"PropertyValueSpecification\",\"valueRequired\":true,\"valueName\":\"search_term_string\"}}],\"inLanguage\":\"es-ES\"}]}<\/script>\n<!-- \/ Yoast SEO plugin. -->","yoast_head_json":{"title":"Gesti\u00f3n patrimonial - Tucoemas FCU","robots":{"index":"index","follow":"follow","max-snippet":"max-snippet:-1","max-image-preview":"max-image-preview:large","max-video-preview":"max-video-preview:-1"},"canonical":"https:\/\/www.tucoemas.org\/es\/learn\/wealth-management\/","og_locale":"es_ES","og_type":"article","og_title":"Wealth Management - Tucoemas FCU","og_url":"https:\/\/www.tucoemas.org\/es\/learn\/wealth-management\/","og_site_name":"Tucoemas FCU","article_modified_time":"2025-02-10T22:31:26+00:00","twitter_card":"summary_large_image","schema":{"@context":"https:\/\/schema.org","@graph":[{"@type":"WebPage","@id":"https:\/\/www.tucoemas.org\/learn\/wealth-management\/","url":"https:\/\/www.tucoemas.org\/learn\/wealth-management\/","name":"Gesti\u00f3n patrimonial - Tucoemas FCU","isPartOf":{"@id":"https:\/\/www.tucoemas.org\/#website"},"datePublished":"2024-05-28T21:52:48+00:00","dateModified":"2025-02-10T22:31:26+00:00","breadcrumb":{"@id":"https:\/\/www.tucoemas.org\/learn\/wealth-management\/#breadcrumb"},"inLanguage":"es-ES","potentialAction":[{"@type":"ReadAction","target":["https:\/\/www.tucoemas.org\/learn\/wealth-management\/"]}]},{"@type":"BreadcrumbList","@id":"https:\/\/www.tucoemas.org\/learn\/wealth-management\/#breadcrumb","itemListElement":[{"@type":"ListItem","position":1,"name":"Home","item":"https:\/\/www.tucoemas.org\/"},{"@type":"ListItem","position":2,"name":"Learn","item":"https:\/\/www.tucoemas.org\/learn\/"},{"@type":"ListItem","position":3,"name":"Wealth Management"}]},{"@type":"WebSite","@id":"https:\/\/www.tucoemas.org\/#website","url":"https:\/\/www.tucoemas.org\/","name":"Uni\u00f3n Cooperativa de Cr\u00e9dito Tucoemas","description":"Una comunidad en ascenso.","potentialAction":[{"@type":"SearchAction","target":{"@type":"EntryPoint","urlTemplate":"https:\/\/www.tucoemas.org\/?s={search_term_string}"},"query-input":{"@type":"PropertyValueSpecification","valueRequired":true,"valueName":"search_term_string"}}],"inLanguage":"es-ES"}]}},"_links":{"self":[{"href":"https:\/\/www.tucoemas.org\/es\/wp-json\/wp\/v2\/pages\/2497","targetHints":{"allow":["GET"]}}],"collection":[{"href":"https:\/\/www.tucoemas.org\/es\/wp-json\/wp\/v2\/pages"}],"about":[{"href":"https:\/\/www.tucoemas.org\/es\/wp-json\/wp\/v2\/types\/page"}],"author":[{"embeddable":true,"href":"https:\/\/www.tucoemas.org\/es\/wp-json\/wp\/v2\/users\/10"}],"replies":[{"embeddable":true,"href":"https:\/\/www.tucoemas.org\/es\/wp-json\/wp\/v2\/comments?post=2497"}],"version-history":[{"count":17,"href":"https:\/\/www.tucoemas.org\/es\/wp-json\/wp\/v2\/pages\/2497\/revisions"}],"predecessor-version":[{"id":5683,"href":"https:\/\/www.tucoemas.org\/es\/wp-json\/wp\/v2\/pages\/2497\/revisions\/5683"}],"up":[{"embeddable":true,"href":"https:\/\/www.tucoemas.org\/es\/wp-json\/wp\/v2\/pages\/2494"}],"wp:attachment":[{"href":"https:\/\/www.tucoemas.org\/es\/wp-json\/wp\/v2\/media?parent=2497"}],"curies":[{"name":"wp","href":"https:\/\/api.w.org\/{rel}","templated":true}]}}