{"id":2500,"date":"2024-05-28T14:52:49","date_gmt":"2024-05-28T21:52:49","guid":{"rendered":"https:\/\/www.tucoemas.org\/rising-together\/empowering-community\/"},"modified":"2026-04-01T10:56:28","modified_gmt":"2026-04-01T17:56:28","slug":"empowering-community","status":"publish","type":"page","link":"https:\/\/www.tucoemas.org\/es\/rising-together\/empowering-community\/","title":{"rendered":"Empoderando a nuestra comunidad"},"content":{"rendered":"<div class=\"co-flex_row co-flex_row__page-hero\" >\n\t<div class=\"co-flex_row--row co-row\">\n\t\t\t<header class=\"co-page_hero  co-page_hero__has_image display-img-desktop\" aria-label=\"Encabezado: Empoderando a nuestra comunidad\">\n\t\t<div class=\"co-page_hero--inner\">\n\t\t\t<div class=\"prow gap:0\">\n\t\t\t\t\t\t\t\t\t<div class=\"co-page_hero--img_wrap pcol-lg:5\">\n\t\t\t\t\t\t<img loading=\"lazy\" decoding=\"async\" width=\"840\" height=\"564\" src=\"https:\/\/www.tucoemas.org\/files\/Banking-for-Local-Locals-2-840x564.jpg\" class=\"co-page_hero--img\" alt=\"Banking for Local Locals\" srcset=\"https:\/\/www.tucoemas.org\/files\/Banking-for-Local-Locals-2-840x564.jpg 840w, https:\/\/www.tucoemas.org\/files\/Banking-for-Local-Locals-2-730x490.jpg 730w, https:\/\/www.tucoemas.org\/files\/Banking-for-Local-Locals-2-768x516.jpg 768w\" sizes=\"auto, (max-width: 840px) 100vw, 840px\" \/>\t\t\t\t\t<\/div>\n\t\t\t\t\t\t\t\t<div class=\"co-page_hero--text pcol-lg:7\">\n\t\t\t\t\t\t\t\t\t\t<h1 class=\"co-page_hero--title\">\n\t\t\t\t\t\tEmpoderando a nuestra comunidad\t\t\t\t\t<\/h1>\n\t\t\t\t\t<p class=\"co-page_hero--tagline\">Juntos nos levantamos, todo es posible.<\/p>\t\t\t\t\t\t<div class=\"co-page_hero--buttons\">\n\t\t\t\t\t\t\t<a class=\"co-page_hero--button\" href=\"https:\/\/www.tucoemas.org\/es\/help\/contact-us\/\"  ><span>CONT\u00c1CTENOS<\/span><\/a>\t\t\t\t\t\t<\/div>\n\t\t\t\t\t\t\t\t\t\t<\/div>\n\t\t\t<\/div>\n\t\t<\/div>\n\t<\/header>\n\n\t<\/div>\n<\/div>\n\n\n<div class=\"co-flex_row co-flex_row__white co-flex_row__long-form-text\" >\n\t<div class=\"co-flex_row--row co-row\">\n\t\t\t<div class=\"co-long_form\">\n\t\t\t\t<header class=\"co-intro_text has_intro\">\n\t\t\t<h2 class=\"co-intro_text--title\">Empoderando a nuestra comunidad<\/h2><div class=\"co-intro_text--intro text-component\"><p>Como Instituci\u00f3n Financiera de Desarrollo Comunitario (CDFI) certificada, Tucoemas se compromete a ofrecer productos financieros asequibles a todos a quienes servimos.<\/p>\n<\/div>\t\t<\/header>\n\t\t\t\t\t<div class=\"co-long_form--block prow items-start\">\n\t\t\t\t<div class=\"co-long_form--text pcol-md:7\">\n\t\t\t\t\t<h3 class=\"co-long_form--headline\" >En Tucoemas, la participaci\u00f3n comunitaria no es algo que hacemos, es algo que somos.<\/h3><div class=\"co-long_form--content text-component\"><p>Como dice nuestra misi\u00f3n, &quot;Tucoemas existe para crear bienestar financiero&quot; para nuestros miembros y nuestra comunidad. Para lograrlo, hemos capacitado a un equipo con el \u00fanico prop\u00f3sito de llegar a los barrios marginados de nuestras comunidades, aquellos que a menudo son v\u00edctimas de fraude y pr\u00e9stamos abusivos.<\/p>\n<p>A trav\u00e9s de nuestra iniciativa Avanzamos, nos hemos asociado con algunos de los socios m\u00e1s influyentes y experimentados, tanto a nivel local como nacional, para ayudar a familias e individuos a construir una base financiera s\u00f3lida. Utilizando potentes herramientas de an\u00e1lisis y gesti\u00f3n de organizaciones como Salesforce, sumergimos a los participantes en una experiencia integral de educaci\u00f3n financiera, acompa\u00f1\u00e1ndolos en cada paso del proceso.<\/p>\n<p>Aunque los problemas que enfrentamos son abrumadores, nuestros esfuerzos tienen un impacto profundo y de amplio alcance en nuestra comunidad. Nuestro objetivo es simple: eliminar la fragilidad financiera y ayudar a nuestra comunidad a alcanzar un mejor futuro financiero, familia por familia. Como miembro del equipo de Tucoemas, usted es un aliado en esta iniciativa transformadora.\u00a0<strong><em>Creemos que si nos levantamos juntos todo es posible.<br \/>\n<\/em><\/strong><\/p>\n<\/div>\t\t\t\t<\/div>\n\t\t\t\t\t\t\t\t\t<div class=\"co-long_form--media pcol-md:5\">\n\t\t\t\t\t\t<img loading=\"lazy\" decoding=\"async\" width=\"400\" height=\"400\" src=\"https:\/\/www.tucoemas.org\/files\/Long-format-CDFI.jpg\" class=\"co-long_form--image\" alt=\"Long-format-CDFI\" srcset=\"https:\/\/www.tucoemas.org\/files\/Long-format-CDFI.jpg 400w, https:\/\/www.tucoemas.org\/files\/Long-format-CDFI-150x150.jpg 150w, https:\/\/www.tucoemas.org\/files\/Long-format-CDFI-396x396.jpg 396w, https:\/\/www.tucoemas.org\/files\/Long-format-CDFI-75x75.jpg 75w, https:\/\/www.tucoemas.org\/files\/Long-format-CDFI-300x300.jpg 300w\" sizes=\"auto, (max-width: 400px) 100vw, 400px\" \/>\t\t\t\t\t<\/div>\n\t\t\t\t\t\t\t<\/div>\n\t\t\t\t<\/div>\n\n\t<\/div>\n<\/div>\n\n\n<div class=\"co-flex_row co-flex_row__white co-flex_row__impact-numbers\" id=\"ourimpact\">\n\t<div class=\"co-flex_row--row co-row\">\n\t\t\t<div class=\"co-impact_numbers\">\n\t\t\t\t<header class=\"co-intro_text has_intro\">\n\t\t\t<h2 class=\"co-intro_text--title\">Nuestro impacto<\/h2><div class=\"co-intro_text--intro text-component\"><p>Esto es lo que hicimos en 2025.<\/p>\n<\/div>\t\t<\/header>\n\t\t\t\t\t<ul class=\"co-impact_numbers--list prow prow-lg:3 items-center justify-center\">\n\t\t\t\t\t\t\t\t\t<li class=\"co-impact_number\">\n\t\t\t\t\t\t<div class=\"co-impact_number--label\">Rendimientos para los miembros<\/div><div class=\"co-impact_number--number\"><sup>$<\/sup>400,000<\/div><div class=\"co-impact_number--desc text-component\"><p>Hemos devuelto m\u00e1s de $400k a los miembros a trav\u00e9s de Kasasa Cash Back y Kasasa ATM Rebates.<\/p>\n<\/div>\t\t\t\t\t<\/li>\n\t\t\t\t\t\t\t\t\t<li class=\"co-impact_number\">\n\t\t\t\t\t\t<div class=\"co-impact_number--label\">Retribuci\u00f3n a la comunidad<\/div><div class=\"co-impact_number--number\"><sup>$<\/sup>57,000,000<\/div><div class=\"co-impact_number--desc text-component\"><p>En 2025, Tucoemas reinvirti\u00f3 en la comunidad un capital de $57m.<\/p>\n<\/div>\t\t\t\t\t<\/li>\n\t\t\t\t\t\t\t\t\t<li class=\"co-impact_number\">\n\t\t\t\t\t\t<div class=\"co-impact_number--label\">Incentivos para la educaci\u00f3n financiera<\/div><div class=\"co-impact_number--number\"><sup>$<\/sup>143,000<\/div><div class=\"co-impact_number--desc text-component\"><p>Hemos pagado a m\u00e1s de 1.040.143.000 participantes en total que completaron nuestro programa gratuito de educaci\u00f3n financiera.<\/p>\n<\/div>\t\t\t\t\t<\/li>\n\t\t\t\t\t\t\t<\/ul>\n\t\t\t<\/div>\n\n\t<\/div>\n<\/div>\n\n\n<div class=\"co-flex_row co-flex_row__white co-flex_row__long-form-text\" >\n\t<div class=\"co-flex_row--row co-row\">\n\t\t\t<div class=\"co-long_form\">\n\t\t\t\t<header class=\"co-intro_text has_intro\">\n\t\t\t<h2 class=\"co-intro_text--title\">Education and Protection for the Community<\/h2><div class=\"co-intro_text--intro text-component\"><p>In 2025, Tucoemas has helped over 1000 members fight fraud and financial abuse through our Carefull platform and provided nearly 1,500 financial coaching sessions through our certified counseling staff.<\/p>\n<\/div>\t\t<\/header>\n\t\t\t\t\t<div class=\"co-long_form--block prow items-start\">\n\t\t\t\t<div class=\"co-long_form--text pcol-md:7\">\n\t\t\t\t\t<h3 class=\"co-long_form--headline\" >Carefull &#8211; Financial Protection Service<\/h3><div class=\"co-long_form--content text-component\"><ul>\n<li>717 Total Tucoemas Members Enrolled<\/li>\n<li>35% Added a Second Person to Account<\/li>\n<li>55% Engaged a Family Member<\/li>\n<\/ul>\n<\/div><a class=\"co-long_form--button co-button\" href=\"https:\/\/www.tucoemas.org\/es\/carefull\/\"  ><span>M\u00c1S INFORMACI\u00d3N<\/span><\/a>\t\t\t\t<\/div>\n\t\t\t\t\t\t\t\t\t<div class=\"co-long_form--media pcol-md:5\">\n\t\t\t\t\t\t\t\t\t\t\t<\/div>\n\t\t\t\t\t\t\t<\/div>\n\t\t\t\t\t\t<div class=\"co-long_form--block prow items-start\">\n\t\t\t\t<div class=\"co-long_form--text pcol-md:7\">\n\t\t\t\t\t<h3 class=\"co-long_form--headline\" >Pathways &#8211; Financial Education Program<\/h3><div class=\"co-long_form--content text-component\"><ul>\n<li>559 Participated in Program<\/li>\n<li>$143k Incentives Paid to Participants<\/li>\n<li>1429 Coaching Sessions<\/li>\n<\/ul>\n<\/div><a class=\"co-long_form--button co-button\" href=\"https:\/\/www.tucoemas.org\/es\/pathways\/\"  ><span>M\u00c1S INFORMACI\u00d3N<\/span><\/a>\t\t\t\t<\/div>\n\t\t\t\t\t\t\t\t\t<div class=\"co-long_form--media pcol-md:5\">\n\t\t\t\t\t\t\t\t\t\t\t<\/div>\n\t\t\t\t\t\t\t<\/div>\n\t\t\t\t\t\t<div class=\"co-long_form--block prow items-start\">\n\t\t\t\t<div class=\"co-long_form--text pcol-md:7\">\n\t\t\t\t\t<h3 class=\"co-long_form--headline\" >PrimeTimers &#8211; Program for Members Aged 60+<\/h3><div class=\"co-long_form--content text-component\"><ul>\n<li>27 Members Attended Estate Planning Workshops<\/li>\n<li>43 Members Attended Carefull Seminar<\/li>\n<li>390 Members Protected with Carefull<\/li>\n<\/ul>\n<\/div>\t\t\t\t<\/div>\n\t\t\t\t\t\t\t\t\t<div class=\"co-long_form--media pcol-md:5\">\n\t\t\t\t\t\t<img loading=\"lazy\" decoding=\"async\" width=\"540\" height=\"540\" src=\"https:\/\/www.tucoemas.org\/files\/Impact-LF-540x540.jpg\" class=\"co-long_form--image\" alt=\"Impact LF\" srcset=\"https:\/\/www.tucoemas.org\/files\/Impact-LF-540x540.jpg 540w, https:\/\/www.tucoemas.org\/files\/Impact-LF-730x730.jpg 730w, https:\/\/www.tucoemas.org\/files\/Impact-LF-150x150.jpg 150w, https:\/\/www.tucoemas.org\/files\/Impact-LF-768x768.jpg 768w, https:\/\/www.tucoemas.org\/files\/Impact-LF-1536x1536.jpg 1536w, https:\/\/www.tucoemas.org\/files\/Impact-LF-12x12.jpg 12w, https:\/\/www.tucoemas.org\/files\/Impact-LF-396x396.jpg 396w, https:\/\/www.tucoemas.org\/files\/Impact-LF-840x840.jpg 840w, https:\/\/www.tucoemas.org\/files\/Impact-LF-75x75.jpg 75w, https:\/\/www.tucoemas.org\/files\/Impact-LF.jpg 1667w\" sizes=\"auto, (max-width: 540px) 100vw, 540px\" \/>\t\t\t\t\t<\/div>\n\t\t\t\t\t\t\t<\/div>\n\t\t\t\t<\/div>\n\n\t<\/div>\n<\/div>\n\n\n<div class=\"co-flex_row co-flex_row__white co-flex_row__long-form-text\" >\n\t<div class=\"co-flex_row--row co-row\">\n\t\t\t<div class=\"co-long_form\">\n\t\t\t\t\t<div class=\"co-long_form--block prow items-start flex-row-reverse\">\n\t\t\t\t<div class=\"co-long_form--text pcol-md:7\">\n\t\t\t\t\t\t\t\t\t<\/div>\n\t\t\t\t\t\t\t\t\t<div class=\"co-long_form--media pcol-md:5\">\n\t\t\t\t\t\t\t\t\t\t\t<\/div>\n\t\t\t\t\t\t\t<\/div>\n\t\t\t\t<\/div>\n\n\t<\/div>\n<\/div>\n\n\n<div class=\"co-flex_row co-flex_row__white co-flex_row__last co-flex_row__multi-path-cta\" id=\"member\">\n\t<div class=\"co-flex_row--row co-row\">\n\t\t\t<div class=\"co-mp_ctas\">\n\t\t\t\t<header class=\"co-intro_text has_intro\">\n\t\t\t<h2 class=\"co-intro_text--title\">\u00danete a Tucoemas<\/h2><div class=\"co-intro_text--intro text-component\"><p>Valoramos su persona y todo lo que hace.<\/p>\n<\/div>\t\t<\/header>\n\t\t\t\t<div class=\"co-mp_ctas--list prow justify-center\">\n\t\t\t\t\t\t\t\t\t\t\t<div class=\"co-mp_cta pcol-lg:4\">\n\t\t\t\t\t<div class=\"co-mp_cta--title\">\n\t\t\t\t\t\tVisita una sucursal\t\t\t\t\t<\/div>\n\t\t\t\t\t<a class=\"co-mp_cta--link\" href=\"https:\/\/www.tucoemas.org\/es\/locations-atms\/\"  ><span>ENCU\u00c9NTRENOS CERCA<\/span><\/a>\t\t\t\t<\/div>\n\t\t\t\t\t\t\t\t\t\t\t<div class=\"co-mp_cta pcol-lg:4\">\n\t\t\t\t\t<div class=\"co-mp_cta--title\">\n\t\t\t\t\t\tH\u00e1gase miembro\t\t\t\t\t<\/div>\n\t\t\t\t\t<a class=\"co-mp_cta--link\" href=\"https:\/\/www.tucoemas.org\/es\/open-account\/\"  ><span>\u00daNASE<\/span><\/a>\t\t\t\t<\/div>\n\t\t\t\t\t\t\t\t\t\t\t<div class=\"co-mp_cta pcol-lg:4\">\n\t\t\t\t\t<div class=\"co-mp_cta--title\">\n\t\t\t\t\t\tLl\u00e1menos o env\u00edenos un correo electr\u00f3nico\t\t\t\t\t<\/div>\n\t\t\t\t\t<a class=\"co-mp_cta--link\" href=\"https:\/\/www.tucoemas.org\/es\/help\/contact-us\/\"  ><span>CONTACTAR<\/span><\/a>\t\t\t\t<\/div>\n\t\t\t\t\t<\/div>\n\t<\/div>\n\n\t<\/div>\n<\/div>","protected":false},"excerpt":{"rendered":"","protected":false},"author":10,"featured_media":0,"parent":2498,"menu_order":0,"comment_status":"closed","ping_status":"closed","template":"","meta":{"_acf_changed":false,"_searchwp_excluded":"","footnotes":""},"class_list":["post-2500","page","type-page","status-publish","hentry"],"acf":[],"yoast_head":"<!-- This site is optimized with the Yoast SEO plugin v27.2 - https:\/\/yoast.com\/product\/yoast-seo-wordpress\/ -->\n<title>Empowering Our Community - Tucoemas FCU<\/title>\n<meta name=\"robots\" content=\"index, follow, max-snippet:-1, max-image-preview:large, max-video-preview:-1\" \/>\n<link rel=\"canonical\" href=\"https:\/\/www.tucoemas.org\/es\/rising-together\/empowering-community\/\" \/>\n<meta property=\"og:locale\" content=\"es_ES\" \/>\n<meta property=\"og:type\" content=\"article\" \/>\n<meta property=\"og:title\" content=\"Empowering Our Community - Tucoemas FCU\" \/>\n<meta property=\"og:url\" content=\"https:\/\/www.tucoemas.org\/es\/rising-together\/empowering-community\/\" \/>\n<meta property=\"og:site_name\" content=\"Tucoemas FCU\" \/>\n<meta property=\"article:modified_time\" content=\"2026-04-01T17:56:28+00:00\" \/>\n<meta name=\"twitter:card\" content=\"summary_large_image\" \/>\n<script type=\"application\/ld+json\" class=\"yoast-schema-graph\">{\"@context\":\"https:\/\/schema.org\",\"@graph\":[{\"@type\":\"WebPage\",\"@id\":\"https:\/\/www.tucoemas.org\/rising-together\/empowering-community\/\",\"url\":\"https:\/\/www.tucoemas.org\/rising-together\/empowering-community\/\",\"name\":\"Empowering Our Community - Tucoemas FCU\",\"isPartOf\":{\"@id\":\"https:\/\/www.tucoemas.org\/#website\"},\"datePublished\":\"2024-05-28T21:52:49+00:00\",\"dateModified\":\"2026-04-01T17:56:28+00:00\",\"breadcrumb\":{\"@id\":\"https:\/\/www.tucoemas.org\/rising-together\/empowering-community\/#breadcrumb\"},\"inLanguage\":\"es-ES\",\"potentialAction\":[{\"@type\":\"ReadAction\",\"target\":[\"https:\/\/www.tucoemas.org\/rising-together\/empowering-community\/\"]}]},{\"@type\":\"BreadcrumbList\",\"@id\":\"https:\/\/www.tucoemas.org\/rising-together\/empowering-community\/#breadcrumb\",\"itemListElement\":[{\"@type\":\"ListItem\",\"position\":1,\"name\":\"Home\",\"item\":\"https:\/\/www.tucoemas.org\/\"},{\"@type\":\"ListItem\",\"position\":2,\"name\":\"Rising Together\",\"item\":\"https:\/\/www.tucoemas.org\/rising-together\/\"},{\"@type\":\"ListItem\",\"position\":3,\"name\":\"Empowering Our Community\"}]},{\"@type\":\"WebSite\",\"@id\":\"https:\/\/www.tucoemas.org\/#website\",\"url\":\"https:\/\/www.tucoemas.org\/\",\"name\":\"Tucoemas FCU\",\"description\":\"A community on the rise.\",\"potentialAction\":[{\"@type\":\"SearchAction\",\"target\":{\"@type\":\"EntryPoint\",\"urlTemplate\":\"https:\/\/www.tucoemas.org\/?s={search_term_string}\"},\"query-input\":{\"@type\":\"PropertyValueSpecification\",\"valueRequired\":true,\"valueName\":\"search_term_string\"}}],\"inLanguage\":\"es-ES\"}]}<\/script>\n<!-- \/ Yoast SEO plugin. -->","yoast_head_json":{"title":"Empowering Our Community - Tucoemas FCU","robots":{"index":"index","follow":"follow","max-snippet":"max-snippet:-1","max-image-preview":"max-image-preview:large","max-video-preview":"max-video-preview:-1"},"canonical":"https:\/\/www.tucoemas.org\/es\/rising-together\/empowering-community\/","og_locale":"es_ES","og_type":"article","og_title":"Empowering Our Community - Tucoemas FCU","og_url":"https:\/\/www.tucoemas.org\/es\/rising-together\/empowering-community\/","og_site_name":"Tucoemas FCU","article_modified_time":"2026-04-01T17:56:28+00:00","twitter_card":"summary_large_image","schema":{"@context":"https:\/\/schema.org","@graph":[{"@type":"WebPage","@id":"https:\/\/www.tucoemas.org\/rising-together\/empowering-community\/","url":"https:\/\/www.tucoemas.org\/rising-together\/empowering-community\/","name":"Empowering Our Community - Tucoemas FCU","isPartOf":{"@id":"https:\/\/www.tucoemas.org\/#website"},"datePublished":"2024-05-28T21:52:49+00:00","dateModified":"2026-04-01T17:56:28+00:00","breadcrumb":{"@id":"https:\/\/www.tucoemas.org\/rising-together\/empowering-community\/#breadcrumb"},"inLanguage":"es-ES","potentialAction":[{"@type":"ReadAction","target":["https:\/\/www.tucoemas.org\/rising-together\/empowering-community\/"]}]},{"@type":"BreadcrumbList","@id":"https:\/\/www.tucoemas.org\/rising-together\/empowering-community\/#breadcrumb","itemListElement":[{"@type":"ListItem","position":1,"name":"Home","item":"https:\/\/www.tucoemas.org\/"},{"@type":"ListItem","position":2,"name":"Rising Together","item":"https:\/\/www.tucoemas.org\/rising-together\/"},{"@type":"ListItem","position":3,"name":"Empowering Our Community"}]},{"@type":"WebSite","@id":"https:\/\/www.tucoemas.org\/#website","url":"https:\/\/www.tucoemas.org\/","name":"Uni\u00f3n Cooperativa de Cr\u00e9dito Tucoemas","description":"Una comunidad en ascenso.","potentialAction":[{"@type":"SearchAction","target":{"@type":"EntryPoint","urlTemplate":"https:\/\/www.tucoemas.org\/?s={search_term_string}"},"query-input":{"@type":"PropertyValueSpecification","valueRequired":true,"valueName":"search_term_string"}}],"inLanguage":"es-ES"}]}},"_links":{"self":[{"href":"https:\/\/www.tucoemas.org\/es\/wp-json\/wp\/v2\/pages\/2500","targetHints":{"allow":["GET"]}}],"collection":[{"href":"https:\/\/www.tucoemas.org\/es\/wp-json\/wp\/v2\/pages"}],"about":[{"href":"https:\/\/www.tucoemas.org\/es\/wp-json\/wp\/v2\/types\/page"}],"author":[{"embeddable":true,"href":"https:\/\/www.tucoemas.org\/es\/wp-json\/wp\/v2\/users\/10"}],"replies":[{"embeddable":true,"href":"https:\/\/www.tucoemas.org\/es\/wp-json\/wp\/v2\/comments?post=2500"}],"version-history":[{"count":15,"href":"https:\/\/www.tucoemas.org\/es\/wp-json\/wp\/v2\/pages\/2500\/revisions"}],"predecessor-version":[{"id":6581,"href":"https:\/\/www.tucoemas.org\/es\/wp-json\/wp\/v2\/pages\/2500\/revisions\/6581"}],"up":[{"embeddable":true,"href":"https:\/\/www.tucoemas.org\/es\/wp-json\/wp\/v2\/pages\/2498"}],"wp:attachment":[{"href":"https:\/\/www.tucoemas.org\/es\/wp-json\/wp\/v2\/media?parent=2500"}],"curies":[{"name":"wp","href":"https:\/\/api.w.org\/{rel}","templated":true}]}}