{"id":2502,"date":"2024-05-28T14:52:50","date_gmt":"2024-05-28T21:52:50","guid":{"rendered":"https:\/\/www.tucoemas.org\/rising-together\/careers\/"},"modified":"2026-04-16T12:08:50","modified_gmt":"2026-04-16T19:08:50","slug":"careers","status":"publish","type":"page","link":"https:\/\/www.tucoemas.org\/es\/rising-together\/careers\/","title":{"rendered":"Carreras"},"content":{"rendered":"<div class=\"co-flex_row co-flex_row__page-hero\" >\n\t<div class=\"co-flex_row--row co-row\">\n\t\t\t<header class=\"co-page_hero  co-page_hero__has_image display-img-desktop\" aria-label=\"Encabezado: Carreras\">\n\t\t<div class=\"co-page_hero--inner\">\n\t\t\t<div class=\"prow gap:0\">\n\t\t\t\t\t\t\t\t\t<div class=\"co-page_hero--img_wrap pcol-lg:5\">\n\t\t\t\t\t\t<img loading=\"lazy\" decoding=\"async\" width=\"550\" height=\"550\" src=\"https:\/\/www.tucoemas.org\/files\/HERO-Careers.jpg\" class=\"co-page_hero--img\" alt=\"HERO-Careers\" srcset=\"https:\/\/www.tucoemas.org\/files\/HERO-Careers.jpg 550w, https:\/\/www.tucoemas.org\/files\/HERO-Careers-540x540.jpg 540w, https:\/\/www.tucoemas.org\/files\/HERO-Careers-150x150.jpg 150w, https:\/\/www.tucoemas.org\/files\/HERO-Careers-396x396.jpg 396w, https:\/\/www.tucoemas.org\/files\/HERO-Careers-75x75.jpg 75w, https:\/\/www.tucoemas.org\/files\/HERO-Careers-300x300.jpg 300w, https:\/\/www.tucoemas.org\/files\/HERO-Careers-400x400.jpg 400w\" sizes=\"auto, (max-width: 550px) 100vw, 550px\" \/>\t\t\t\t\t<\/div>\n\t\t\t\t\t\t\t\t<div class=\"co-page_hero--text pcol-lg:7\">\n\t\t\t\t\t\t\t\t\t\t<h1 class=\"co-page_hero--title\">\n\t\t\t\t\t\tCarreras\t\t\t\t\t<\/h1>\n\t\t\t\t\t<p class=\"co-page_hero--tagline\">El servicio es nuestra misi\u00f3n.<\/p>\t\t\t\t\t\t<div class=\"co-page_hero--buttons\">\n\t\t\t\t\t\t\t<a class=\"co-page_hero--button\" href=\"https:\/\/recruiting.paylocity.com\/recruiting\/jobs\/All\/860d02b9-e3d3-4368-b6c6-e435cb34ae7c\/TUCOEMAS-FEDERAL-CREDIT-UNION\"  ><span>\u00daNETE AL EQUIPO<\/span><\/a><a class=\"co-page_hero--link\" href=\"https:\/\/www.tucoemas.org\/es\/help\/contact-us\/\"  ><span>Cont\u00e1ctenos<\/span><\/a>\t\t\t\t\t\t<\/div>\n\t\t\t\t\t\t\t\t\t\t<\/div>\n\t\t\t<\/div>\n\t\t<\/div>\n\t<\/header>\n\n\t<\/div>\n<\/div>\n\n\n<div class=\"co-flex_row co-flex_row__white co-flex_row__page-intro\" >\n\t<div class=\"co-flex_row--row co-row\">\n\t\t\t<div class=\"co-page_intro\">\n\t\t<h2 class=\"co-page_intro--title\">Juntos nos levantamos, todo es posible.<\/h2><div class=\"co-page_intro--desc text-component\"><p>En la Cooperativa de Cr\u00e9dito Federal Tucoemas, creemos en apoyar a nuestros socios y vecinos del Condado de Tulare, California. Estos son m\u00e1s que empleos; son oportunidades para ejemplificar el esp\u00edritu de servicio compartido en nuestras interacciones diarias. Buscamos personas con una dedicaci\u00f3n similar a la nuestra para crecer personal y profesionalmente en un entorno de apoyo que valora a todos los trabajadores.<\/p>\n<\/div>\t<\/div>\n\n\t<\/div>\n<\/div>\n\n\n<div class=\"co-flex_row co-flex_row__white co-flex_row__long-form-text\" >\n\t<div class=\"co-flex_row--row co-row\">\n\t\t\t<div class=\"co-long_form\">\n\t\t\t\t<header class=\"co-intro_text has_intro\">\n\t\t\t<h2 class=\"co-intro_text--title\">Oportunidades actuales<\/h2><div class=\"co-intro_text--intro text-component\"><p>Si est\u00e1 buscando una carrera gratificante en una cooperativa de cr\u00e9dito que cree en hacer m\u00e1s para ayudar a las personas, queremos saber de usted.<\/p>\n<\/div>\t\t<\/header>\n\t\t\t\t\t<div class=\"co-long_form--block prow items-start\">\n\t\t\t\t<div class=\"co-long_form--text pcol-md:7\">\n\t\t\t\t\t<div class=\"co-long_form--content text-component\"><p>Actualmente estamos contratando para un <span class=\"bold\">Senior Accountant.<\/span><\/p>\n<\/div><a class=\"co-long_form--button co-button\" href=\"https:\/\/recruiting.paylocity.com\/recruiting\/jobs\/All\/860d02b9-e3d3-4368-b6c6-e435cb34ae7c\/TUCOEMAS-FEDERAL-CREDIT-UNION\"  ><span>SOLICITAR<\/span><\/a>\t\t\t\t<\/div>\n\t\t\t\t\t\t\t\t\t<div class=\"co-long_form--media pcol-md:5\">\n\t\t\t\t\t\t<img loading=\"lazy\" decoding=\"async\" width=\"400\" height=\"400\" src=\"https:\/\/www.tucoemas.org\/files\/Long-format-Careers.jpg\" class=\"co-long_form--image\" alt=\"Long-format-Careers\" srcset=\"https:\/\/www.tucoemas.org\/files\/Long-format-Careers.jpg 400w, https:\/\/www.tucoemas.org\/files\/Long-format-Careers-150x150.jpg 150w, https:\/\/www.tucoemas.org\/files\/Long-format-Careers-396x396.jpg 396w, https:\/\/www.tucoemas.org\/files\/Long-format-Careers-75x75.jpg 75w, https:\/\/www.tucoemas.org\/files\/Long-format-Careers-300x300.jpg 300w\" sizes=\"auto, (max-width: 400px) 100vw, 400px\" \/>\t\t\t\t\t<\/div>\n\t\t\t\t\t\t\t<\/div>\n\t\t\t\t<\/div>\n\n\t<\/div>\n<\/div>\n\n\n<div class=\"co-flex_row co-flex_row__white co-flex_row__last co-flex_row__related-products\" >\n\t<div class=\"co-flex_row--row co-row\">\n\t\t\t<div class=\"co-rel_prods center-narrow\">\n\t\t\t\t<header class=\"co-intro_text\">\n\t\t\t<h2 class=\"co-intro_text--title\">Sobre Tucoemas<\/h2>\t\t<\/header>\n\t\t\t\t\t<div class=\"co-rel_prods--cols prow prow-md:2  justify-center\">\n\t\t\t\t\t\t\t\t\t<div class=\"co-rel_prods--col\">\n\t\t\t\t\t\t<h3 class=\"co-rel_prods--col_title\">Sobre Tucoemas<\/h3><div class=\"co-rel_prods--col_desc text-component\">Nuestra misi\u00f3n es crear seguridad financiera y brindar oportunidades reales para cada rinc\u00f3n de nuestra comunidad.<\/div><a class=\"co-rel_prods--col_cta\" href=\"https:\/\/www.tucoemas.org\/es\/rising-together\/about-tucoemas\/\" target=\"_top\" aria-label=\"Lea m\u00e1s sobre Acerca de Tucoemas\"><span>M\u00e1s informaci\u00f3n<\/span><\/a>\t\t\t\t\t<\/div>\n\t\t\t\t\t\t\t\t\t\t<div class=\"co-rel_prods--col\">\n\t\t\t\t\t\t<h3 class=\"co-rel_prods--col_title\">Empoderando a nuestra comunidad<\/h3><a class=\"co-rel_prods--col_cta\" href=\"https:\/\/www.tucoemas.org\/es\/rising-together\/empowering-community\/\" target=\"_top\" aria-label=\"Lea m\u00e1s sobre c\u00f3mo empoderar a nuestra comunidad\"><span>M\u00e1s informaci\u00f3n<\/span><\/a>\t\t\t\t\t<\/div>\n\t\t\t\t\t\t\t\t<\/div>\n\t\t\t<\/div>\n\n\t<\/div>\n<\/div>","protected":false},"excerpt":{"rendered":"","protected":false},"author":10,"featured_media":0,"parent":2498,"menu_order":0,"comment_status":"closed","ping_status":"closed","template":"","meta":{"_acf_changed":false,"_searchwp_excluded":"","footnotes":""},"class_list":["post-2502","page","type-page","status-publish","hentry"],"acf":[],"yoast_head":"<!-- This site is optimized with the Yoast SEO plugin v27.2 - https:\/\/yoast.com\/product\/yoast-seo-wordpress\/ -->\n<title>Careers - Tucoemas FCU<\/title>\n<meta name=\"robots\" content=\"index, follow, max-snippet:-1, max-image-preview:large, max-video-preview:-1\" \/>\n<link rel=\"canonical\" href=\"https:\/\/www.tucoemas.org\/es\/rising-together\/careers\/\" \/>\n<meta property=\"og:locale\" content=\"es_ES\" \/>\n<meta property=\"og:type\" content=\"article\" \/>\n<meta property=\"og:title\" content=\"Careers - Tucoemas FCU\" \/>\n<meta property=\"og:url\" content=\"https:\/\/www.tucoemas.org\/es\/rising-together\/careers\/\" \/>\n<meta property=\"og:site_name\" content=\"Tucoemas FCU\" \/>\n<meta property=\"article:modified_time\" content=\"2026-04-16T19:08:50+00:00\" \/>\n<meta name=\"twitter:card\" content=\"summary_large_image\" \/>\n<script type=\"application\/ld+json\" class=\"yoast-schema-graph\">{\"@context\":\"https:\/\/schema.org\",\"@graph\":[{\"@type\":\"WebPage\",\"@id\":\"https:\/\/www.tucoemas.org\/rising-together\/careers\/\",\"url\":\"https:\/\/www.tucoemas.org\/rising-together\/careers\/\",\"name\":\"Careers - Tucoemas FCU\",\"isPartOf\":{\"@id\":\"https:\/\/www.tucoemas.org\/#website\"},\"datePublished\":\"2024-05-28T21:52:50+00:00\",\"dateModified\":\"2026-04-16T19:08:50+00:00\",\"breadcrumb\":{\"@id\":\"https:\/\/www.tucoemas.org\/rising-together\/careers\/#breadcrumb\"},\"inLanguage\":\"es-ES\",\"potentialAction\":[{\"@type\":\"ReadAction\",\"target\":[\"https:\/\/www.tucoemas.org\/rising-together\/careers\/\"]}]},{\"@type\":\"BreadcrumbList\",\"@id\":\"https:\/\/www.tucoemas.org\/rising-together\/careers\/#breadcrumb\",\"itemListElement\":[{\"@type\":\"ListItem\",\"position\":1,\"name\":\"Home\",\"item\":\"https:\/\/www.tucoemas.org\/\"},{\"@type\":\"ListItem\",\"position\":2,\"name\":\"Rising Together\",\"item\":\"https:\/\/www.tucoemas.org\/rising-together\/\"},{\"@type\":\"ListItem\",\"position\":3,\"name\":\"Careers\"}]},{\"@type\":\"WebSite\",\"@id\":\"https:\/\/www.tucoemas.org\/#website\",\"url\":\"https:\/\/www.tucoemas.org\/\",\"name\":\"Tucoemas FCU\",\"description\":\"A community on the rise.\",\"potentialAction\":[{\"@type\":\"SearchAction\",\"target\":{\"@type\":\"EntryPoint\",\"urlTemplate\":\"https:\/\/www.tucoemas.org\/?s={search_term_string}\"},\"query-input\":{\"@type\":\"PropertyValueSpecification\",\"valueRequired\":true,\"valueName\":\"search_term_string\"}}],\"inLanguage\":\"es-ES\"}]}<\/script>\n<!-- \/ Yoast SEO plugin. -->","yoast_head_json":{"title":"Careers - Tucoemas FCU","robots":{"index":"index","follow":"follow","max-snippet":"max-snippet:-1","max-image-preview":"max-image-preview:large","max-video-preview":"max-video-preview:-1"},"canonical":"https:\/\/www.tucoemas.org\/es\/rising-together\/careers\/","og_locale":"es_ES","og_type":"article","og_title":"Careers - Tucoemas FCU","og_url":"https:\/\/www.tucoemas.org\/es\/rising-together\/careers\/","og_site_name":"Tucoemas FCU","article_modified_time":"2026-04-16T19:08:50+00:00","twitter_card":"summary_large_image","schema":{"@context":"https:\/\/schema.org","@graph":[{"@type":"WebPage","@id":"https:\/\/www.tucoemas.org\/rising-together\/careers\/","url":"https:\/\/www.tucoemas.org\/rising-together\/careers\/","name":"Careers - Tucoemas FCU","isPartOf":{"@id":"https:\/\/www.tucoemas.org\/#website"},"datePublished":"2024-05-28T21:52:50+00:00","dateModified":"2026-04-16T19:08:50+00:00","breadcrumb":{"@id":"https:\/\/www.tucoemas.org\/rising-together\/careers\/#breadcrumb"},"inLanguage":"es-ES","potentialAction":[{"@type":"ReadAction","target":["https:\/\/www.tucoemas.org\/rising-together\/careers\/"]}]},{"@type":"BreadcrumbList","@id":"https:\/\/www.tucoemas.org\/rising-together\/careers\/#breadcrumb","itemListElement":[{"@type":"ListItem","position":1,"name":"Home","item":"https:\/\/www.tucoemas.org\/"},{"@type":"ListItem","position":2,"name":"Rising Together","item":"https:\/\/www.tucoemas.org\/rising-together\/"},{"@type":"ListItem","position":3,"name":"Careers"}]},{"@type":"WebSite","@id":"https:\/\/www.tucoemas.org\/#website","url":"https:\/\/www.tucoemas.org\/","name":"Uni\u00f3n Cooperativa de Cr\u00e9dito Tucoemas","description":"Una comunidad en ascenso.","potentialAction":[{"@type":"SearchAction","target":{"@type":"EntryPoint","urlTemplate":"https:\/\/www.tucoemas.org\/?s={search_term_string}"},"query-input":{"@type":"PropertyValueSpecification","valueRequired":true,"valueName":"search_term_string"}}],"inLanguage":"es-ES"}]}},"_links":{"self":[{"href":"https:\/\/www.tucoemas.org\/es\/wp-json\/wp\/v2\/pages\/2502","targetHints":{"allow":["GET"]}}],"collection":[{"href":"https:\/\/www.tucoemas.org\/es\/wp-json\/wp\/v2\/pages"}],"about":[{"href":"https:\/\/www.tucoemas.org\/es\/wp-json\/wp\/v2\/types\/page"}],"author":[{"embeddable":true,"href":"https:\/\/www.tucoemas.org\/es\/wp-json\/wp\/v2\/users\/10"}],"replies":[{"embeddable":true,"href":"https:\/\/www.tucoemas.org\/es\/wp-json\/wp\/v2\/comments?post=2502"}],"version-history":[{"count":28,"href":"https:\/\/www.tucoemas.org\/es\/wp-json\/wp\/v2\/pages\/2502\/revisions"}],"predecessor-version":[{"id":6589,"href":"https:\/\/www.tucoemas.org\/es\/wp-json\/wp\/v2\/pages\/2502\/revisions\/6589"}],"up":[{"embeddable":true,"href":"https:\/\/www.tucoemas.org\/es\/wp-json\/wp\/v2\/pages\/2498"}],"wp:attachment":[{"href":"https:\/\/www.tucoemas.org\/es\/wp-json\/wp\/v2\/media?parent=2502"}],"curies":[{"name":"wp","href":"https:\/\/api.w.org\/{rel}","templated":true}]}}