{"id":2504,"date":"2024-05-28T14:52:51","date_gmt":"2024-05-28T21:52:51","guid":{"rendered":"https:\/\/www.tucoemas.org\/disclosures\/"},"modified":"2026-03-10T09:23:30","modified_gmt":"2026-03-10T16:23:30","slug":"disclosures","status":"publish","type":"page","link":"https:\/\/www.tucoemas.org\/es\/disclosures\/","title":{"rendered":"Divulgaciones"},"content":{"rendered":"<div class=\"co-flex_row co-flex_row__page-hero\" >\n\t<div class=\"co-flex_row--row co-row\">\n\t\t\t<header class=\"co-page_hero  co-page_hero__no_image\" aria-label=\"Encabezado: Divulgaciones\">\n\t\t<div class=\"co-page_hero--inner\">\n\t\t\t<div class=\"prow gap:0 flex-center\">\n\t\t\t\t\t\t\t\t<div class=\"co-page_hero--text pcol-lg:7\">\n\t\t\t\t\t\t\t\t\t\t<h1 class=\"co-page_hero--title\">\n\t\t\t\t\t\tDivulgaciones\t\t\t\t\t<\/h1>\n\t\t\t\t\t<p class=\"co-page_hero--tagline\">Confianza y transparencia<\/p>\t\t\t\t\t\t<div class=\"co-page_hero--buttons\">\n\t\t\t\t\t\t\t<a class=\"co-page_hero--button\" href=\"https:\/\/www.tucoemas.org\/es\/speed-bump\/?url=https%3A%2F%2Fstartertheme.pixelspoke.com%2Fdefault-template%2F&#038;prev=https%3A%2F%2Fwww.tucoemas.org%2Fes%2Fdisclosures%2F\"  ><span>CONT\u00c1CTENOS<\/span><\/a>\t\t\t\t\t\t<\/div>\n\t\t\t\t\t\t\t\t\t\t<\/div>\n\t\t\t<\/div>\n\t\t<\/div>\n\t<\/header>\n\n\t<\/div>\n<\/div>\n\n\n<div class=\"co-flex_row co-flex_row__white co-flex_row__accordions\" >\n\t<div class=\"co-flex_row--row co-row\">\n\t\t\t<section class=\"co-accords_section\" aria-label=\"Divulgaciones\">\n\t\t\t\t<header class=\"co-intro_text\">\n\t\t\t<h2 class=\"co-intro_text--title\">Divulgaciones<\/h2>\t\t<\/header>\n\t\t\t\t<div class=\"co-accordion\" data-animation=\"on\" data-multi-items=\"on\">\n\t\t\t\t\t\t\t<div class=\"co-accordion--item\">\n\t\t\t\t\t<button  class=\"co-accordion--header\t\t\t\t\t\t\tjs-accord_toggle\t\t\t\t\t\t\tclosed\">\n\t\t\t\t\t\tAcuerdo de membres\u00eda y cuenta\t\t\t\t\t\t<span class=\"co-accordion--icon no-js:is-hidden\"><\/span>\n\t\t\t\t\t<\/button>\n\t\t\t\t\t<div class=\"co-accordion--panel\t\t\t\t\t\tjs-accord_content\t\t\t\t\t\ttext-component\">\n\t\t\t\t\t\t<p><a href=\"https:\/\/www.tucoemas.org\/files\/Membership-and-Account-Agreement.pdf\">Acuerdo de membres\u00eda y cuenta<\/a><\/p>\n\t\t\t\t\t<\/div>\n\t\t\t\t<\/div>\n\t\t\t\t\t\t\t<div class=\"co-accordion--item\">\n\t\t\t\t\t<button  class=\"co-accordion--header\t\t\t\t\t\t\tjs-accord_toggle\t\t\t\t\t\t\tclosed\">\n\t\t\t\t\t\tPrograma de asistencia ling\u00fc\u00edstica\t\t\t\t\t\t<span class=\"co-accordion--icon no-js:is-hidden\"><\/span>\n\t\t\t\t\t<\/button>\n\t\t\t\t\t<div class=\"co-accordion--panel\t\t\t\t\t\tjs-accord_content\t\t\t\t\t\ttext-component\">\n\t\t\t\t\t\t<p><a href=\"https:\/\/www.tucoemas.org\/files\/Language-Assistance-Program.pdf\">Programa de asistencia ling\u00fc\u00edstica<\/a><\/p>\n\t\t\t\t\t<\/div>\n\t\t\t\t<\/div>\n\t\t\t\t\t\t\t<div class=\"co-accordion--item\">\n\t\t\t\t\t<button  class=\"co-accordion--header\t\t\t\t\t\t\tjs-accord_toggle\t\t\t\t\t\t\tclosed\">\n\t\t\t\t\t\tAviso de informaci\u00f3n al cliente\t\t\t\t\t\t<span class=\"co-accordion--icon no-js:is-hidden\"><\/span>\n\t\t\t\t\t<\/button>\n\t\t\t\t\t<div class=\"co-accordion--panel\t\t\t\t\t\tjs-accord_content\t\t\t\t\t\ttext-component\">\n\t\t\t\t\t\t<p>INFORMACI\u00d3N IMPORTANTE SOBRE LOS PROCEDIMIENTOS PARA ABRIR UNA NUEVA CUENTA<\/p>\n<p><em>Para ayudar al gobierno a combatir el financiamiento del terrorismo y el lavado de dinero, la ley federal exige que todas las instituciones financieras obtengan, verifiquen y registren la informaci\u00f3n que identifica a cada persona que abre una cuenta. Lo que esto significa para usted: Al abrir una cuenta, le solicitaremos su nombre, direcci\u00f3n, fecha de nacimiento y otra informaci\u00f3n que nos permita identificarlo.<\/em><\/p>\n<p>Tambi\u00e9n podemos pedirle que muestre su licencia de conducir u otros documentos de identificaci\u00f3n.<\/p>\n\t\t\t\t\t<\/div>\n\t\t\t\t<\/div>\n\t\t\t\t\t\t\t<div class=\"co-accordion--item\">\n\t\t\t\t\t<button  class=\"co-accordion--header\t\t\t\t\t\t\tjs-accord_toggle\t\t\t\t\t\t\tclosed\">\n\t\t\t\t\t\tServicios de ahorro y dep\u00f3sito de acciones\t\t\t\t\t\t<span class=\"co-accordion--icon no-js:is-hidden\"><\/span>\n\t\t\t\t\t<\/button>\n\t\t\t\t\t<div class=\"co-accordion--panel\t\t\t\t\t\tjs-accord_content\t\t\t\t\t\ttext-component\">\n\t\t\t\t\t\t<ul>\n<li><a href=\"https:\/\/www.tucoemas.org\/files\/Truth-In-Savings.pdf\">La verdad en los ahorros<\/a><\/li>\n<li><a href=\"https:\/\/www.tucoemas.org\/files\/California-Privacy-Policy.pdf\">Pol\u00edtica de privacidad \/ Ley de protecci\u00f3n de la privacidad infantil en l\u00ednea<\/a><\/li>\n<li><a href=\"https:\/\/www.tucoemas.org\/files\/Gambling-Enforcement-Act.pdf\">Ley de Control de los Juegos de Azar Ilegales en Internet<\/a><\/li>\n<li><a href=\"https:\/\/www.tucoemas.org\/files\/Funds-Availability-Policy-Disclosure.pdf\">Divulgaci\u00f3n de la pol\u00edtica de disponibilidad de fondos<\/a><\/li>\n<li><a href=\"https:\/\/www.tucoemas.org\/files\/Funds-Availability-Policy-Disclosure-Spanish.pdf\">Divulgaci\u00f3n de la pol\u00edtica de disponibilidad de fondos (espa\u00f1ol)<\/a><\/li>\n<\/ul>\n\t\t\t\t\t<\/div>\n\t\t\t\t<\/div>\n\t\t\t\t\t\t\t<div class=\"co-accordion--item\">\n\t\t\t\t\t<button  class=\"co-accordion--header\t\t\t\t\t\t\tjs-accord_toggle\t\t\t\t\t\t\tclosed\">\n\t\t\t\t\t\tServicios de pr\u00e9stamo\t\t\t\t\t\t<span class=\"co-accordion--icon no-js:is-hidden\"><\/span>\n\t\t\t\t\t<\/button>\n\t\t\t\t\t<div class=\"co-accordion--panel\t\t\t\t\t\tjs-accord_content\t\t\t\t\t\ttext-component\">\n\t\t\t\t\t\t<ul>\n<li><a href=\"https:\/\/www.tucoemas.org\/files\/Error-Resolution-Information-Request-Procedures.pdf\">Procedimientos de resoluci\u00f3n de errores y solicitud de informaci\u00f3n<\/a><\/li>\n<li><a href=\"https:\/\/www.tucoemas.org\/es\/files\/VISA-Rates.pdf\/\">Tarifas y divulgaci\u00f3n de VISA<\/a><\/li>\n<li><a href=\"https:\/\/www.tucoemas.org\/files\/Home-Mortgage-Act.pdf\">Ley de hipotecas para vivienda<\/a><\/li>\n<li><a href=\"https:\/\/www.tucoemas.org\/files\/Equal-Credit-Opportunity.pdf\">Ley de Igualdad de Oportunidades de Cr\u00e9dito<\/a><\/li>\n<li><a href=\"https:\/\/www.tucoemas.org\/files\/Loan-Payment-Disclosure.pdf\">Divulgaci\u00f3n de pago de pr\u00e9stamos<\/a><\/li>\n<\/ul>\n\t\t\t\t\t<\/div>\n\t\t\t\t<\/div>\n\t\t\t\t\t\t\t<div class=\"co-accordion--item\">\n\t\t\t\t\t<button  class=\"co-accordion--header\t\t\t\t\t\t\tjs-accord_toggle\t\t\t\t\t\t\tclosed\">\n\t\t\t\t\t\tDivulgaci\u00f3n de HELOC\t\t\t\t\t\t<span class=\"co-accordion--icon no-js:is-hidden\"><\/span>\n\t\t\t\t\t<\/button>\n\t\t\t\t\t<div class=\"co-accordion--panel\t\t\t\t\t\tjs-accord_content\t\t\t\t\t\ttext-component\">\n\t\t\t\t\t\t<p><a href=\"https:\/\/www.tucoemas.org\/files\/Important-Terms-of-our-HELOC-03.26.pdf\">T\u00e9rminos importantes sobre l\u00edneas de cr\u00e9dito con garant\u00eda hipotecaria (HELOC)<\/a><\/p>\n<p><a href=\"https:\/\/www.tucoemas.org\/files\/HELOC-TO-KNOW.pdf\">HELOC Lo que debes saber.<\/a><\/p>\n\t\t\t\t\t<\/div>\n\t\t\t\t<\/div>\n\t\t\t\t\t\t\t<div class=\"co-accordion--item\">\n\t\t\t\t\t<button  class=\"co-accordion--header\t\t\t\t\t\t\tjs-accord_toggle\t\t\t\t\t\t\tclosed\">\n\t\t\t\t\t\tAviso de CUNA Mutual Group\t\t\t\t\t\t<span class=\"co-accordion--icon no-js:is-hidden\"><\/span>\n\t\t\t\t\t<\/button>\n\t\t\t\t\t<div class=\"co-accordion--panel\t\t\t\t\t\tjs-accord_content\t\t\t\t\t\ttext-component\">\n\t\t\t\t\t\t<p><span class=\"italic\">POR LA PRESENTE CUNA MUTUAL GROUP LE PROPORCIONA UN AVISO SOBRE LA DISPOSICI\u00d3N DE EXCLUSI\u00d3N PREEXISTENTE EN CUENTAS DE SEGUROS DE VIDA Y\/O DISCAPACIDAD DE CR\u00c9DITO ABIERTAS SEG\u00daN LO REQUIERE ANUALMENTE EL DEPARTAMENTO DE SEGUROS DE CALIFORNIA.<\/span><\/p>\n<p>&nbsp;<\/p>\n<p style=\"text-align: center;\"><span class=\"underline\">AVISO DE CALIFORNIA<\/span><\/p>\n<p>ESTE SEGURO PUEDE NO CUBRIR UN ANTICIPO O CAMBIO EN SU L\u00cdNEA DE CR\u00c9DITO SI LA DISCAPACIDAD O LA MUERTE RESULTAN DE UNA CONDICI\u00d3N POR LA CUAL USTED HA CONSULTADO A UN M\u00c9DICO O QUIROPR\u00c1CTICO EN LOS SEIS MESES ANTERIORES AL ANTICIPO O CARGO.<\/p>\n\t\t\t\t\t<\/div>\n\t\t\t\t<\/div>\n\t\t\t\t\t\t\t<div class=\"co-accordion--item\">\n\t\t\t\t\t<button  class=\"co-accordion--header\t\t\t\t\t\t\tjs-accord_toggle\t\t\t\t\t\t\tclosed\">\n\t\t\t\t\t\tAcuerdo y divulgaci\u00f3n de EFT\t\t\t\t\t\t<span class=\"co-accordion--icon no-js:is-hidden\"><\/span>\n\t\t\t\t\t<\/button>\n\t\t\t\t\t<div class=\"co-accordion--panel\t\t\t\t\t\tjs-accord_content\t\t\t\t\t\ttext-component\">\n\t\t\t\t\t\t<p><a href=\"https:\/\/www.tucoemas.org\/files\/EFT-Agreement-Disclosure.pdf\">Divulgaci\u00f3n del acuerdo de EFT<\/a><\/p>\n\t\t\t\t\t<\/div>\n\t\t\t\t<\/div>\n\t\t\t\t\t\t\t<div class=\"co-accordion--item\">\n\t\t\t\t\t<button  class=\"co-accordion--header\t\t\t\t\t\t\tjs-accord_toggle\t\t\t\t\t\t\tclosed\">\n\t\t\t\t\t\tDivulgaci\u00f3n de la pol\u00edtica de expulsi\u00f3n\t\t\t\t\t\t<span class=\"co-accordion--icon no-js:is-hidden\"><\/span>\n\t\t\t\t\t<\/button>\n\t\t\t\t\t<div class=\"co-accordion--panel\t\t\t\t\t\tjs-accord_content\t\t\t\t\t\ttext-component\">\n\t\t\t\t\t\t<p><a href=\"https:\/\/www.tucoemas.org\/files\/Disclosure-of-Expulsion-Policy.pdf\">Divulgaci\u00f3n de la pol\u00edtica de expulsi\u00f3n<\/a><\/p>\n\t\t\t\t\t<\/div>\n\t\t\t\t<\/div>\n\t\t\t\t\t<\/div>\n\t\t<div class=\"co-accordion--cta\"><p>Si tiene alguna pregunta sobre nuestras divulgaciones, <a href=\"https:\/\/www.tucoemas.org\/es\/help\/contact-us\/\">Cont\u00e1ctanos.<\/a><\/p>\n<\/div>\t<\/section>\n\n\t<\/div>\n<\/div>\n\n\n<div class=\"co-flex_row co-flex_row__white co-flex_row__related-products\" >\n\t<div class=\"co-flex_row--row co-row\">\n\t\t\t<div class=\"co-rel_prods center-narrow\">\n\t\t\t\t<header class=\"co-intro_text\">\n\t\t\t<h2 class=\"co-intro_text--title\">Productos y servicios relacionados<\/h2>\t\t<\/header>\n\t\t\t\t\t<div class=\"co-rel_prods--cols prow prow-md:2  justify-center\">\n\t\t\t\t\t\t\t\t\t<div class=\"co-rel_prods--col\">\n\t\t\t\t\t\t<h3 class=\"co-rel_prods--col_title\">pol\u00edtica de privacidad<\/h3><a class=\"co-rel_prods--col_cta\" href=\"https:\/\/www.tucoemas.org\/es\/privacy-policy\/\" target=\"_top\" aria-label=\"Leer m\u00e1s sobre la Pol\u00edtica de Privacidad\"><span>M\u00e1s informaci\u00f3n<\/span><\/a>\t\t\t\t\t<\/div>\n\t\t\t\t\t\t\t\t\t\t<div class=\"co-rel_prods--col\">\n\t\t\t\t\t\t<h3 class=\"co-rel_prods--col_title\">Tasas<\/h3><a class=\"co-rel_prods--col_cta\" href=\"https:\/\/www.tucoemas.org\/es\/rates\/\" target=\"_top\" aria-label=\"Leer m\u00e1s sobre Tarifas\"><span>M\u00e1s informaci\u00f3n<\/span><\/a>\t\t\t\t\t<\/div>\n\t\t\t\t\t\t\t\t<\/div>\n\t\t\t<\/div>\n\n\t<\/div>\n<\/div>\n\n\n<div class=\"co-flex_row co-flex_row__white co-flex_row__last co-flex_row__multi-path-cta\" id=\"member\">\n\t<div class=\"co-flex_row--row co-row\">\n\t\t\t<div class=\"co-mp_ctas\">\n\t\t\t\t<header class=\"co-intro_text has_intro\">\n\t\t\t<h2 class=\"co-intro_text--title\">\u00danete a Tucoemas<\/h2><div class=\"co-intro_text--intro text-component\"><p>Valoramos su persona y todo lo que hace.<\/p>\n<\/div>\t\t<\/header>\n\t\t\t\t<div class=\"co-mp_ctas--list prow justify-center\">\n\t\t\t\t\t\t\t\t\t\t\t<div class=\"co-mp_cta pcol-lg:4\">\n\t\t\t\t\t<div class=\"co-mp_cta--title\">\n\t\t\t\t\t\tVisita una sucursal\t\t\t\t\t<\/div>\n\t\t\t\t\t<a class=\"co-mp_cta--link\" href=\"https:\/\/www.tucoemas.org\/es\/locations-atms\/\"  ><span>ENCU\u00c9NTRENOS CERCA<\/span><\/a>\t\t\t\t<\/div>\n\t\t\t\t\t\t\t\t\t\t\t<div class=\"co-mp_cta pcol-lg:4\">\n\t\t\t\t\t<div class=\"co-mp_cta--title\">\n\t\t\t\t\t\tH\u00e1gase miembro\t\t\t\t\t<\/div>\n\t\t\t\t\t<a class=\"co-mp_cta--link\" href=\"https:\/\/www.tucoemas.org\/es\/open-account\/\"  ><span>\u00daNASE<\/span><\/a>\t\t\t\t<\/div>\n\t\t\t\t\t\t\t\t\t\t\t<div class=\"co-mp_cta pcol-lg:4\">\n\t\t\t\t\t<div class=\"co-mp_cta--title\">\n\t\t\t\t\t\tLl\u00e1menos o env\u00edenos un correo electr\u00f3nico\t\t\t\t\t<\/div>\n\t\t\t\t\t<a class=\"co-mp_cta--link\" href=\"https:\/\/www.tucoemas.org\/es\/help\/contact-us\/\"  ><span>CONT\u00c1CTENOS<\/span><\/a>\t\t\t\t<\/div>\n\t\t\t\t\t<\/div>\n\t<\/div>\n\n\t<\/div>\n<\/div>","protected":false},"excerpt":{"rendered":"","protected":false},"author":10,"featured_media":0,"parent":0,"menu_order":0,"comment_status":"closed","ping_status":"closed","template":"","meta":{"_acf_changed":false,"_searchwp_excluded":"","footnotes":""},"class_list":["post-2504","page","type-page","status-publish","hentry"],"acf":[],"yoast_head":"<!-- This site is optimized with the Yoast SEO plugin v27.2 - https:\/\/yoast.com\/product\/yoast-seo-wordpress\/ -->\n<title>Disclosures - Tucoemas FCU<\/title>\n<meta name=\"robots\" content=\"index, follow, max-snippet:-1, max-image-preview:large, max-video-preview:-1\" \/>\n<link rel=\"canonical\" href=\"https:\/\/www.tucoemas.org\/es\/disclosures\/\" \/>\n<meta property=\"og:locale\" content=\"es_ES\" \/>\n<meta property=\"og:type\" content=\"article\" \/>\n<meta property=\"og:title\" content=\"Disclosures - Tucoemas FCU\" \/>\n<meta property=\"og:url\" content=\"https:\/\/www.tucoemas.org\/es\/disclosures\/\" \/>\n<meta property=\"og:site_name\" content=\"Tucoemas FCU\" \/>\n<meta property=\"article:modified_time\" content=\"2026-03-10T16:23:30+00:00\" \/>\n<meta name=\"twitter:card\" content=\"summary_large_image\" \/>\n<script type=\"application\/ld+json\" class=\"yoast-schema-graph\">{\"@context\":\"https:\/\/schema.org\",\"@graph\":[{\"@type\":\"WebPage\",\"@id\":\"https:\/\/www.tucoemas.org\/disclosures\/\",\"url\":\"https:\/\/www.tucoemas.org\/disclosures\/\",\"name\":\"Disclosures - Tucoemas FCU\",\"isPartOf\":{\"@id\":\"https:\/\/www.tucoemas.org\/#website\"},\"datePublished\":\"2024-05-28T21:52:51+00:00\",\"dateModified\":\"2026-03-10T16:23:30+00:00\",\"breadcrumb\":{\"@id\":\"https:\/\/www.tucoemas.org\/disclosures\/#breadcrumb\"},\"inLanguage\":\"es-ES\",\"potentialAction\":[{\"@type\":\"ReadAction\",\"target\":[\"https:\/\/www.tucoemas.org\/disclosures\/\"]}]},{\"@type\":\"BreadcrumbList\",\"@id\":\"https:\/\/www.tucoemas.org\/disclosures\/#breadcrumb\",\"itemListElement\":[{\"@type\":\"ListItem\",\"position\":1,\"name\":\"Home\",\"item\":\"https:\/\/www.tucoemas.org\/\"},{\"@type\":\"ListItem\",\"position\":2,\"name\":\"Disclosures\"}]},{\"@type\":\"WebSite\",\"@id\":\"https:\/\/www.tucoemas.org\/#website\",\"url\":\"https:\/\/www.tucoemas.org\/\",\"name\":\"Tucoemas FCU\",\"description\":\"A community on the rise.\",\"potentialAction\":[{\"@type\":\"SearchAction\",\"target\":{\"@type\":\"EntryPoint\",\"urlTemplate\":\"https:\/\/www.tucoemas.org\/?s={search_term_string}\"},\"query-input\":{\"@type\":\"PropertyValueSpecification\",\"valueRequired\":true,\"valueName\":\"search_term_string\"}}],\"inLanguage\":\"es-ES\"}]}<\/script>\n<!-- \/ Yoast SEO plugin. -->","yoast_head_json":{"title":"Divulgaciones - Tucoemas FCU","robots":{"index":"index","follow":"follow","max-snippet":"max-snippet:-1","max-image-preview":"max-image-preview:large","max-video-preview":"max-video-preview:-1"},"canonical":"https:\/\/www.tucoemas.org\/es\/disclosures\/","og_locale":"es_ES","og_type":"article","og_title":"Disclosures - Tucoemas FCU","og_url":"https:\/\/www.tucoemas.org\/es\/disclosures\/","og_site_name":"Tucoemas FCU","article_modified_time":"2026-03-10T16:23:30+00:00","twitter_card":"summary_large_image","schema":{"@context":"https:\/\/schema.org","@graph":[{"@type":"WebPage","@id":"https:\/\/www.tucoemas.org\/disclosures\/","url":"https:\/\/www.tucoemas.org\/disclosures\/","name":"Divulgaciones - Tucoemas FCU","isPartOf":{"@id":"https:\/\/www.tucoemas.org\/#website"},"datePublished":"2024-05-28T21:52:51+00:00","dateModified":"2026-03-10T16:23:30+00:00","breadcrumb":{"@id":"https:\/\/www.tucoemas.org\/disclosures\/#breadcrumb"},"inLanguage":"es-ES","potentialAction":[{"@type":"ReadAction","target":["https:\/\/www.tucoemas.org\/disclosures\/"]}]},{"@type":"BreadcrumbList","@id":"https:\/\/www.tucoemas.org\/disclosures\/#breadcrumb","itemListElement":[{"@type":"ListItem","position":1,"name":"Home","item":"https:\/\/www.tucoemas.org\/"},{"@type":"ListItem","position":2,"name":"Disclosures"}]},{"@type":"WebSite","@id":"https:\/\/www.tucoemas.org\/#website","url":"https:\/\/www.tucoemas.org\/","name":"Uni\u00f3n Cooperativa de Cr\u00e9dito Tucoemas","description":"Una comunidad en ascenso.","potentialAction":[{"@type":"SearchAction","target":{"@type":"EntryPoint","urlTemplate":"https:\/\/www.tucoemas.org\/?s={search_term_string}"},"query-input":{"@type":"PropertyValueSpecification","valueRequired":true,"valueName":"search_term_string"}}],"inLanguage":"es-ES"}]}},"_links":{"self":[{"href":"https:\/\/www.tucoemas.org\/es\/wp-json\/wp\/v2\/pages\/2504","targetHints":{"allow":["GET"]}}],"collection":[{"href":"https:\/\/www.tucoemas.org\/es\/wp-json\/wp\/v2\/pages"}],"about":[{"href":"https:\/\/www.tucoemas.org\/es\/wp-json\/wp\/v2\/types\/page"}],"author":[{"embeddable":true,"href":"https:\/\/www.tucoemas.org\/es\/wp-json\/wp\/v2\/users\/10"}],"replies":[{"embeddable":true,"href":"https:\/\/www.tucoemas.org\/es\/wp-json\/wp\/v2\/comments?post=2504"}],"version-history":[{"count":63,"href":"https:\/\/www.tucoemas.org\/es\/wp-json\/wp\/v2\/pages\/2504\/revisions"}],"predecessor-version":[{"id":6560,"href":"https:\/\/www.tucoemas.org\/es\/wp-json\/wp\/v2\/pages\/2504\/revisions\/6560"}],"wp:attachment":[{"href":"https:\/\/www.tucoemas.org\/es\/wp-json\/wp\/v2\/media?parent=2504"}],"curies":[{"name":"wp","href":"https:\/\/api.w.org\/{rel}","templated":true}]}}