{"id":2505,"date":"2024-05-28T14:52:51","date_gmt":"2024-05-28T21:52:51","guid":{"rendered":"https:\/\/www.tucoemas.org\/privacy-policy\/"},"modified":"2025-02-11T16:05:50","modified_gmt":"2025-02-12T00:05:50","slug":"privacy-policy","status":"publish","type":"page","link":"https:\/\/www.tucoemas.org\/es\/privacy-policy\/","title":{"rendered":"pol\u00edtica de privacidad"},"content":{"rendered":"<div class=\"co-flex_row co-flex_row__page-hero\" >\n\t<div class=\"co-flex_row--row co-row\">\n\t\t\t<header class=\"co-page_hero  co-page_hero__no_image\" aria-label=\"Encabezado: Pol\u00edticas de privacidad\">\n\t\t<div class=\"co-page_hero--inner\">\n\t\t\t<div class=\"prow gap:0 flex-center\">\n\t\t\t\t\t\t\t\t<div class=\"co-page_hero--text pcol-lg:7\">\n\t\t\t\t\t\t\t\t\t\t<h1 class=\"co-page_hero--title\">\n\t\t\t\t\t\tPol\u00edticas de privacidad\t\t\t\t\t<\/h1>\n\t\t\t\t\t<p class=\"co-page_hero--tagline\">Su privacidad protegida<\/p>\t\t\t\t\t\t<div class=\"co-page_hero--buttons\">\n\t\t\t\t\t\t\t<a class=\"co-page_hero--button\" href=\"https:\/\/www.tucoemas.org\/es\/help\/contact-us\/\"  ><span>CONT\u00c1CTENOS<\/span><\/a>\t\t\t\t\t\t<\/div>\n\t\t\t\t\t\t\t\t\t\t<\/div>\n\t\t\t<\/div>\n\t\t<\/div>\n\t<\/header>\n\n\t<\/div>\n<\/div>\n\n\n<div class=\"co-flex_row co-flex_row__white co-flex_row__accordions\" id=\"4\">\n\t<div class=\"co-flex_row--row co-row\">\n\t\t\t<section class=\"co-accords_section\" aria-label=\"Su privacidad es importante\">\n\t\t\t\t<header class=\"co-intro_text\">\n\t\t\t<h2 class=\"co-intro_text--title\">Su privacidad es importante<\/h2>\t\t<\/header>\n\t\t\t\t<div class=\"co-accordion\" data-animation=\"on\" data-multi-items=\"on\">\n\t\t\t\t\t\t\t<div class=\"co-accordion--item\">\n\t\t\t\t\t<button  class=\"co-accordion--header\t\t\t\t\t\t\tjs-accord_toggle\t\t\t\t\t\t\tclosed\">\n\t\t\t\t\t\tPol\u00edtica de privacidad de Tucoemas\t\t\t\t\t\t<span class=\"co-accordion--icon no-js:is-hidden\"><\/span>\n\t\t\t\t\t<\/button>\n\t\t\t\t\t<div class=\"co-accordion--panel\t\t\t\t\t\tjs-accord_content\t\t\t\t\t\ttext-component\">\n\t\t\t\t\t\t<p>La Cooperativa de Cr\u00e9dito Federal TUCOEMAS es propiedad de sus socios y est\u00e1 dirigida por una junta directiva que usted elige. Puede tener la seguridad de que su privacidad financiera es una prioridad absoluta para esta cooperativa de cr\u00e9dito. Nos comprometemos a ofrecerle productos y servicios competitivos para satisfacer sus necesidades financieras, lo que implica compartir su informaci\u00f3n para completar sus transacciones y brindarle ciertas oportunidades financieras. Para ello, hemos firmado acuerdos con otras empresas que nos prestan servicios o productos financieros adicionales para su consideraci\u00f3n.<\/p>\n<p>Podemos divulgar la informaci\u00f3n que recopilamos a empresas que prestan servicios de marketing u otros servicios en nuestro nombre, o a otras instituciones financieras con las que tenemos acuerdos de marketing conjunto. Para proteger la privacidad de nuestros miembros, solo trabajamos con empresas que se comprometen a mantener estrictas medidas de confidencialidad y a limitar el uso de la informaci\u00f3n que proporcionamos. No permitimos que estas empresas vendan la informaci\u00f3n que proporcionamos a terceros.<\/p>\n<p>Tambi\u00e9n podemos divulgar la informaci\u00f3n que recopilemos sobre usted en otras circunstancias, seg\u00fan lo permita o exija la ley. Estas divulgaciones suelen incluir informaci\u00f3n para procesar transacciones en su nombre, llevar a cabo las operaciones de nuestra cooperativa de cr\u00e9dito, seguir sus instrucciones seg\u00fan lo autorice o proteger la seguridad de nuestros registros financieros.<\/p>\n<p>Los miembros pueden limitar el uso compartido de cierta informaci\u00f3n personal por parte de Tucoemas completando los avisos de pol\u00edticas federales y estatales. Puede completar el aviso en l\u00ednea, imprimir los formularios anteriores y enviarlos por fax al n\u00famero que figura en la divulgaci\u00f3n, o devolverlos por correo postal a la direcci\u00f3n que se indica a continuaci\u00f3n. Tambi\u00e9n puede contactar con el Departamento de Membres\u00eda en cualquier sucursal.<\/p>\n<p>Si cancela su membres\u00eda en TUCOEMAS Federal Credit Union, podremos seguir compartiendo la informaci\u00f3n que hayamos recopilado sobre usted.<\/p>\n<h3>C\u00f3mo protegemos su informaci\u00f3n<\/h3>\n<p>Restringimos el acceso a su informaci\u00f3n personal no p\u00fablica a aquellos empleados que utilizan sus datos con un prop\u00f3sito comercial espec\u00edfico. Nuestros empleados est\u00e1n capacitados en la importancia de mantener la confidencialidad y la privacidad de los miembros. Mantenemos medidas de seguridad f\u00edsicas, electr\u00f3nicas y procedimentales que cumplen con las regulaciones federales y las pr\u00e1cticas l\u00edderes del sector para proteger su informaci\u00f3n personal no p\u00fablica.<\/p>\n<h3>Privacidad en l\u00ednea<\/h3>\n<p>La Cooperativa de Cr\u00e9dito Federal TUCOEMAS quiere que usted tenga la seguridad de que su privacidad financiera es una prioridad absoluta para esta cooperativa. Esta p\u00e1gina describe c\u00f3mo recopilamos y utilizamos la informaci\u00f3n de nuestro sitio web p\u00fablico en <a href=\"https:\/\/www.tucoemas.org\/es\/\">www.tucoemas.org<\/a> y nuestra aplicaci\u00f3n m\u00f3vil o servicios de pago de facturas.<\/p>\n<p>TUCOEMAS no recopila informaci\u00f3n espec\u00edfica del usuario, ni detalles del software de internet de su ordenador, ni guarda datos sobre usted que no sean los necesarios para acceder a la aplicaci\u00f3n m\u00f3vil o a los servicios de pago de facturas. Debe tener habilitadas las cookies en su navegador para utilizar estos servicios. Se proporciona informaci\u00f3n adicional sobre las cookies al iniciar el acceso a estos servicios.<\/p>\n<p>No compartimos con terceros los datos que recopilamos durante su visita a nuestro sitio web, a menos que sea espec\u00edficamente necesario para procesar su transacci\u00f3n o que usted lo solicite. Algunos ejemplos de este intercambio de datos son el procesamiento de solicitudes de membres\u00eda y pr\u00e9stamos, y nuestra pol\u00edtica de generar informes de cr\u00e9dito basados en su informaci\u00f3n. La informaci\u00f3n de los informes de cr\u00e9dito es proporcionada a TFCU por terceros de nuestra confianza y con quienes tenemos una relaci\u00f3n comercial.<\/p>\n<p>Cuando nos visites\u00a0<a title=\"Enlace interno a la p\u00e1gina de inicio\" href=\"https:\/\/www.tucoemas.org\/es\/\">www.tucoemas.org<\/a>, Lo hace sin revelar su identidad. Nuestros sistemas reconocen las p\u00e1ginas que visita en nuestro sitio. La cooperativa de cr\u00e9dito recopila informaci\u00f3n agregada sobre el tr\u00e1fico del sitio, como fechas y horas de uso, para generar estad\u00edsticas que nos ayuden a mejorarlo. Esta informaci\u00f3n se utiliza \u00fanicamente para estos fines anal\u00edticos.<\/p>\n<p>Utilizamos direcciones de correo electr\u00f3nico de respuesta para responder a los correos electr\u00f3nicos que recibimos. Estas direcciones no se comparten con otras empresas a menos que usted lo solicite.<\/p>\n<h3>Privacidad de los ni\u00f1os<\/h3>\n<p>La Cooperativa de Cr\u00e9dito Federal TUCOEMAS puede proporcionar informaci\u00f3n en su sitio web para educar a los ni\u00f1os. Las solicitudes de membres\u00eda de la cooperativa de cr\u00e9dito son imprimibles y no est\u00e1n dise\u00f1adas para enviarse en l\u00ednea. La cooperativa de cr\u00e9dito no recopila ni utiliza intencionalmente informaci\u00f3n personal de menores de 13 a\u00f1os sin obtener el consentimiento verificable de sus padres.<\/p>\n<h3>Otros sitios web vinculados al sitio web de TUCOEMAS<\/h3>\n<p>Le brindamos mayor acceso a la informaci\u00f3n; nuestro sitio contiene enlaces a otros sitios. La Cooperativa de Cr\u00e9dito Federal TUCOEMAS no se responsabiliza de las pr\u00e1cticas de privacidad ni del contenido de dichos sitios web.<\/p>\n<h3>Divulgaci\u00f3n anual de seguros<\/h3>\n<p>En cumplimiento con la ley de California, la cooperativa de cr\u00e9dito le proporciona el siguiente aviso si tiene seguro de vida o discapacidad en una cuenta de pr\u00e9stamo rotativo.<\/p>\n<p><strong>Cuna Mutual Group por la presente le notifica: <\/strong>Es posible que este seguro no cubra un anticipo o cargo bajo su l\u00ednea de cr\u00e9dito si su discapacidad o muerte es resultado de una condici\u00f3n por la cual usted ha consultado a un m\u00e9dico o quiropr\u00e1ctico en los seis meses anteriores a su anticipo o cargo.<\/p>\n<h3>Compromiso con la privacidad<\/h3>\n<p>Si tiene preguntas sobre esta declaraci\u00f3n de privacidad o las pr\u00e1cticas de este sitio web, puede comunicarse con nuestro SupportCenter@tucoemas.org, llamar al 559-732-8892 para hablar con un Representante de Servicios para Miembros o escribir a:<\/p>\n<p>Cooperativa de Cr\u00e9dito Federal TUCOEMAS<br \/>\nAtenci\u00f3n: Solicitud de informaci\u00f3n de privacidad<br \/>\nApartado postal 5011<br \/>\nVisalia, CA 93278-5011<\/p>\n\t\t\t\t\t<\/div>\n\t\t\t\t<\/div>\n\t\t\t\t\t\t\t<div class=\"co-accordion--item\">\n\t\t\t\t\t<button  class=\"co-accordion--header\t\t\t\t\t\t\tjs-accord_toggle\t\t\t\t\t\t\tclosed\">\n\t\t\t\t\t\tPol\u00edtica de privacidad federal\t\t\t\t\t\t<span class=\"co-accordion--icon no-js:is-hidden\"><\/span>\n\t\t\t\t\t<\/button>\n\t\t\t\t\t<div class=\"co-accordion--panel\t\t\t\t\t\tjs-accord_content\t\t\t\t\t\ttext-component\">\n\t\t\t\t\t\t<p><a href=\"https:\/\/www.tucoemas.org\/files\/Federal-Privacy-Notice.pdf\">Aviso de privacidad federal<\/a><\/p>\n\t\t\t\t\t<\/div>\n\t\t\t\t<\/div>\n\t\t\t\t\t\t\t<div class=\"co-accordion--item\">\n\t\t\t\t\t<button  class=\"co-accordion--header\t\t\t\t\t\t\tjs-accord_toggle\t\t\t\t\t\t\tclosed\">\n\t\t\t\t\t\tAviso de privacidad de California\t\t\t\t\t\t<span class=\"co-accordion--icon no-js:is-hidden\"><\/span>\n\t\t\t\t\t<\/button>\n\t\t\t\t\t<div class=\"co-accordion--panel\t\t\t\t\t\tjs-accord_content\t\t\t\t\t\ttext-component\">\n\t\t\t\t\t\t<p><a href=\"https:\/\/www.tucoemas.org\/files\/California-Privacy-Policy.pdf\">Pol\u00edtica de privacidad de California<\/a><\/p>\n\t\t\t\t\t<\/div>\n\t\t\t\t<\/div>\n\t\t\t\t\t\t\t<div class=\"co-accordion--item\">\n\t\t\t\t\t<button  class=\"co-accordion--header\t\t\t\t\t\t\tjs-accord_toggle\t\t\t\t\t\t\tclosed\">\n\t\t\t\t\t\tLlamadas de telemarketing\t\t\t\t\t\t<span class=\"co-accordion--icon no-js:is-hidden\"><\/span>\n\t\t\t\t\t<\/button>\n\t\t\t\t\t<div class=\"co-accordion--panel\t\t\t\t\t\tjs-accord_content\t\t\t\t\t\ttext-component\">\n\t\t\t\t\t\t<p><strong>Con el aumento de llamadas de telemarketing, quiz\u00e1s se pregunte c\u00f3mo maneja Tucoemas su informaci\u00f3n. Esto es lo que necesita saber\u2026<\/strong><\/p>\n<p>Los terceros compran programas de &quot;activaci\u00f3n basados en eventos&quot; de las tres agencias de cr\u00e9dito nacionales, que lo identifican como candidato a obtener nuevo cr\u00e9dito en el corto plazo en funci\u00f3n de ciertos cambios en su perfil crediticio.<\/p>\n<p>Estos programas son legales y cumplen con todas las regulaciones y directrices de la Ley de Informes de Cr\u00e9dito Justos. La informaci\u00f3n del consumidor puede variar seg\u00fan la agencia de cr\u00e9dito que proporcione el servicio de notificaci\u00f3n, pero los prestamistas pueden adquirir una lista que incluya su nombre, direcci\u00f3n, tipo de consulta, puntaje crediticio y otros datos opcionales. Tambi\u00e9n pueden adquirir su n\u00famero de tel\u00e9fono de un proveedor externo.<\/p>\n<p>Si no desea recibir ofertas de cr\u00e9dito y seguro previamente seleccionadas, tiene dos opciones: puede optar por no recibirlas durante cinco a\u00f1os o optar por no recibirlas de forma permanente llamando al n\u00famero gratuito 1-888-5-OPTOUT (1-888-567-8688) o visitando\u00a0<a href=\"https:\/\/www.optoutprescreen.com\/\" target=\"_blank\" rel=\"noopener\"><strong>OptOutPrescreen.com<\/strong><\/a> Para m\u00e1s detalles. Las principales compa\u00f1\u00edas de informes de consumo gestionan el n\u00famero de tel\u00e9fono y el sitio web. Al llamar o visitar el sitio web, se le solicitar\u00e1 cierta informaci\u00f3n personal, como su n\u00famero de tel\u00e9fono fijo, nombre, n\u00famero de Seguro Social y fecha de nacimiento. La informaci\u00f3n que proporcione es confidencial y se utilizar\u00e1 \u00fanicamente para procesar su solicitud de exclusi\u00f3n.<\/p>\n<p>Si tiene relaciones crediticias conjuntas, como una hipoteca o un pr\u00e9stamo de autom\u00f3vil con su c\u00f3nyuge, pareja u otro adulto, puede seguir recibiendo solicitudes preseleccionadas hasta que ambos ejerzan su derecho de exclusi\u00f3n. Esta exclusi\u00f3n no afecta su puntaje crediticio ni su capacidad para solicitar u obtener cr\u00e9dito o seguro. Las solicitudes de exclusi\u00f3n se procesan en un plazo de cinco d\u00edas, pero pueden pasar hasta 60 d\u00edas antes de que deje de recibir ofertas preseleccionadas. Llamar a la l\u00ednea de exclusi\u00f3n o visitar el sitio web dejar\u00e1 de recibir las solicitudes preseleccionadas basadas en listas de las principales compa\u00f1\u00edas de informes de consumo. Puede seguir recibiendo solicitudes de cr\u00e9dito y seguros basadas en listas de otras fuentes. Por ejemplo, la exclusi\u00f3n no detendr\u00e1 las solicitudes de comerciantes locales, asociaciones religiosas y ben\u00e9ficas, asociaciones profesionales y de exalumnos, y empresas con las que ya tiene relaciones comerciales. Para dejar de recibir correo de estos grupos y correo dirigido a &quot;ocupante&quot; o &quot;residente&quot;, debe comunicarse directamente con cada fuente.<\/p>\n<div class=\"sfContentBlock\">Nuestra pol\u00edtica de privacidad describe c\u00f3mo se puede utilizar legalmente su informaci\u00f3n. Si tiene alguna pregunta o inquietud al respecto, cont\u00e1ctenos en<strong>\u00a0SupportCenter@tucoemas.org<\/strong>\u00a0o llamar\u00a0<strong>559-732-8892<\/strong>.<\/div>\n<p>&nbsp;<\/p>\n\t\t\t\t\t<\/div>\n\t\t\t\t<\/div>\n\t\t\t\t\t<\/div>\n\t\t<div class=\"co-accordion--cta\"><p>\u00bfNo encuentras lo que buscas? <a href=\"https:\/\/www.tucoemas.org\/es\/help\/contact-us\/\">Cont\u00e1ctanos.<\/a><\/p>\n<\/div>\t<\/section>\n\n\t<\/div>\n<\/div>\n\n\n<div class=\"co-flex_row co-flex_row__white co-flex_row__related-products\" >\n\t<div class=\"co-flex_row--row co-row\">\n\t\t\t<div class=\"co-rel_prods center-narrow\">\n\t\t\t\t<header class=\"co-intro_text\">\n\t\t\t<h2 class=\"co-intro_text--title\">Productos y servicios relacionados<\/h2>\t\t<\/header>\n\t\t\t\t\t<div class=\"co-rel_prods--cols prow prow-md:2  justify-center\">\n\t\t\t\t\t\t\t\t\t<div class=\"co-rel_prods--col\">\n\t\t\t\t\t\t<h3 class=\"co-rel_prods--col_title\">Divulgaciones<\/h3><a class=\"co-rel_prods--col_cta\" href=\"https:\/\/www.tucoemas.org\/es\/disclosures\/\" target=\"_top\" aria-label=\"Lea m\u00e1s sobre Divulgaciones\"><span>M\u00e1s informaci\u00f3n<\/span><\/a>\t\t\t\t\t<\/div>\n\t\t\t\t\t\t\t\t\t\t<div class=\"co-rel_prods--col\">\n\t\t\t\t\t\t<h3 class=\"co-rel_prods--col_title\">Tasas<\/h3><a class=\"co-rel_prods--col_cta\" href=\"https:\/\/www.tucoemas.org\/es\/rates\/\" target=\"_top\" aria-label=\"Leer m\u00e1s sobre Tarifas\"><span>M\u00e1s informaci\u00f3n<\/span><\/a>\t\t\t\t\t<\/div>\n\t\t\t\t\t\t\t\t<\/div>\n\t\t\t<\/div>\n\n\t<\/div>\n<\/div>\n\n\n<div class=\"co-flex_row co-flex_row__white co-flex_row__last co-flex_row__multi-path-cta\" id=\"member\">\n\t<div class=\"co-flex_row--row co-row\">\n\t\t\t<div class=\"co-mp_ctas\">\n\t\t\t\t<header class=\"co-intro_text has_intro\">\n\t\t\t<h2 class=\"co-intro_text--title\">\u00danete a Tucoemas<\/h2><div class=\"co-intro_text--intro text-component\"><p>Valoramos su persona y todo lo que hace.<\/p>\n<\/div>\t\t<\/header>\n\t\t\t\t<div class=\"co-mp_ctas--list prow justify-center\">\n\t\t\t\t\t\t\t\t\t\t\t<div class=\"co-mp_cta pcol-lg:4\">\n\t\t\t\t\t<div class=\"co-mp_cta--title\">\n\t\t\t\t\t\tVisita una sucursal\t\t\t\t\t<\/div>\n\t\t\t\t\t<a class=\"co-mp_cta--link\" href=\"https:\/\/www.tucoemas.org\/es\/locations-atms\/\"  ><span>ENCU\u00c9NTRENOS CERCA<\/span><\/a>\t\t\t\t<\/div>\n\t\t\t\t\t\t\t\t\t\t\t<div class=\"co-mp_cta pcol-lg:4\">\n\t\t\t\t\t<div class=\"co-mp_cta--title\">\n\t\t\t\t\t\tH\u00e1gase miembro\t\t\t\t\t<\/div>\n\t\t\t\t\t<a class=\"co-mp_cta--link\" href=\"https:\/\/www.tucoemas.org\/es\/open-account\/\"  ><span>\u00daNASE<\/span><\/a>\t\t\t\t<\/div>\n\t\t\t\t\t\t\t\t\t\t\t<div class=\"co-mp_cta pcol-lg:4\">\n\t\t\t\t\t<div class=\"co-mp_cta--title\">\n\t\t\t\t\t\tLl\u00e1menos o env\u00edenos un correo electr\u00f3nico\t\t\t\t\t<\/div>\n\t\t\t\t\t<a class=\"co-mp_cta--link\" href=\"https:\/\/www.tucoemas.org\/es\/help\/contact-us\/\"  ><span>CONTACTAR<\/span><\/a>\t\t\t\t<\/div>\n\t\t\t\t\t<\/div>\n\t<\/div>\n\n\t<\/div>\n<\/div>","protected":false},"excerpt":{"rendered":"","protected":false},"author":10,"featured_media":0,"parent":0,"menu_order":0,"comment_status":"closed","ping_status":"closed","template":"","meta":{"_acf_changed":false,"_searchwp_excluded":"","footnotes":""},"class_list":["post-2505","page","type-page","status-publish","hentry"],"acf":[],"yoast_head":"<!-- This site is optimized with the Yoast SEO plugin v27.2 - https:\/\/yoast.com\/product\/yoast-seo-wordpress\/ -->\n<title>Privacy Policy - Tucoemas FCU<\/title>\n<meta name=\"robots\" content=\"index, follow, max-snippet:-1, max-image-preview:large, max-video-preview:-1\" \/>\n<link rel=\"canonical\" href=\"https:\/\/www.tucoemas.org\/es\/privacy-policy\/\" \/>\n<meta property=\"og:locale\" content=\"es_ES\" \/>\n<meta property=\"og:type\" content=\"article\" \/>\n<meta property=\"og:title\" content=\"Privacy Policy - Tucoemas FCU\" \/>\n<meta property=\"og:url\" content=\"https:\/\/www.tucoemas.org\/es\/privacy-policy\/\" \/>\n<meta property=\"og:site_name\" content=\"Tucoemas FCU\" \/>\n<meta property=\"article:modified_time\" content=\"2025-02-12T00:05:50+00:00\" \/>\n<meta name=\"twitter:card\" content=\"summary_large_image\" \/>\n<script type=\"application\/ld+json\" class=\"yoast-schema-graph\">{\"@context\":\"https:\/\/schema.org\",\"@graph\":[{\"@type\":\"WebPage\",\"@id\":\"https:\/\/www.tucoemas.org\/privacy-policy\/\",\"url\":\"https:\/\/www.tucoemas.org\/privacy-policy\/\",\"name\":\"Privacy Policy - Tucoemas FCU\",\"isPartOf\":{\"@id\":\"https:\/\/www.tucoemas.org\/#website\"},\"datePublished\":\"2024-05-28T21:52:51+00:00\",\"dateModified\":\"2025-02-12T00:05:50+00:00\",\"breadcrumb\":{\"@id\":\"https:\/\/www.tucoemas.org\/privacy-policy\/#breadcrumb\"},\"inLanguage\":\"es-ES\",\"potentialAction\":[{\"@type\":\"ReadAction\",\"target\":[\"https:\/\/www.tucoemas.org\/privacy-policy\/\"]}]},{\"@type\":\"BreadcrumbList\",\"@id\":\"https:\/\/www.tucoemas.org\/privacy-policy\/#breadcrumb\",\"itemListElement\":[{\"@type\":\"ListItem\",\"position\":1,\"name\":\"Home\",\"item\":\"https:\/\/www.tucoemas.org\/\"},{\"@type\":\"ListItem\",\"position\":2,\"name\":\"Privacy Policy\"}]},{\"@type\":\"WebSite\",\"@id\":\"https:\/\/www.tucoemas.org\/#website\",\"url\":\"https:\/\/www.tucoemas.org\/\",\"name\":\"Tucoemas FCU\",\"description\":\"A community on the rise.\",\"potentialAction\":[{\"@type\":\"SearchAction\",\"target\":{\"@type\":\"EntryPoint\",\"urlTemplate\":\"https:\/\/www.tucoemas.org\/?s={search_term_string}\"},\"query-input\":{\"@type\":\"PropertyValueSpecification\",\"valueRequired\":true,\"valueName\":\"search_term_string\"}}],\"inLanguage\":\"es-ES\"}]}<\/script>\n<!-- \/ Yoast SEO plugin. -->","yoast_head_json":{"title":"Privacy Policy - Tucoemas FCU","robots":{"index":"index","follow":"follow","max-snippet":"max-snippet:-1","max-image-preview":"max-image-preview:large","max-video-preview":"max-video-preview:-1"},"canonical":"https:\/\/www.tucoemas.org\/es\/privacy-policy\/","og_locale":"es_ES","og_type":"article","og_title":"Privacy Policy - Tucoemas FCU","og_url":"https:\/\/www.tucoemas.org\/es\/privacy-policy\/","og_site_name":"Tucoemas FCU","article_modified_time":"2025-02-12T00:05:50+00:00","twitter_card":"summary_large_image","schema":{"@context":"https:\/\/schema.org","@graph":[{"@type":"WebPage","@id":"https:\/\/www.tucoemas.org\/privacy-policy\/","url":"https:\/\/www.tucoemas.org\/privacy-policy\/","name":"Privacy Policy - Tucoemas FCU","isPartOf":{"@id":"https:\/\/www.tucoemas.org\/#website"},"datePublished":"2024-05-28T21:52:51+00:00","dateModified":"2025-02-12T00:05:50+00:00","breadcrumb":{"@id":"https:\/\/www.tucoemas.org\/privacy-policy\/#breadcrumb"},"inLanguage":"es-ES","potentialAction":[{"@type":"ReadAction","target":["https:\/\/www.tucoemas.org\/privacy-policy\/"]}]},{"@type":"BreadcrumbList","@id":"https:\/\/www.tucoemas.org\/privacy-policy\/#breadcrumb","itemListElement":[{"@type":"ListItem","position":1,"name":"Home","item":"https:\/\/www.tucoemas.org\/"},{"@type":"ListItem","position":2,"name":"Privacy Policy"}]},{"@type":"WebSite","@id":"https:\/\/www.tucoemas.org\/#website","url":"https:\/\/www.tucoemas.org\/","name":"Uni\u00f3n Cooperativa de Cr\u00e9dito Tucoemas","description":"Una comunidad en ascenso.","potentialAction":[{"@type":"SearchAction","target":{"@type":"EntryPoint","urlTemplate":"https:\/\/www.tucoemas.org\/?s={search_term_string}"},"query-input":{"@type":"PropertyValueSpecification","valueRequired":true,"valueName":"search_term_string"}}],"inLanguage":"es-ES"}]}},"_links":{"self":[{"href":"https:\/\/www.tucoemas.org\/es\/wp-json\/wp\/v2\/pages\/2505","targetHints":{"allow":["GET"]}}],"collection":[{"href":"https:\/\/www.tucoemas.org\/es\/wp-json\/wp\/v2\/pages"}],"about":[{"href":"https:\/\/www.tucoemas.org\/es\/wp-json\/wp\/v2\/types\/page"}],"author":[{"embeddable":true,"href":"https:\/\/www.tucoemas.org\/es\/wp-json\/wp\/v2\/users\/10"}],"replies":[{"embeddable":true,"href":"https:\/\/www.tucoemas.org\/es\/wp-json\/wp\/v2\/comments?post=2505"}],"version-history":[{"count":40,"href":"https:\/\/www.tucoemas.org\/es\/wp-json\/wp\/v2\/pages\/2505\/revisions"}],"predecessor-version":[{"id":5737,"href":"https:\/\/www.tucoemas.org\/es\/wp-json\/wp\/v2\/pages\/2505\/revisions\/5737"}],"wp:attachment":[{"href":"https:\/\/www.tucoemas.org\/es\/wp-json\/wp\/v2\/media?parent=2505"}],"curies":[{"name":"wp","href":"https:\/\/api.w.org\/{rel}","templated":true}]}}