{"id":2507,"date":"2024-05-28T14:52:52","date_gmt":"2024-05-28T21:52:52","guid":{"rendered":"https:\/\/www.tucoemas.org\/website-accessibility\/"},"modified":"2025-02-06T15:30:41","modified_gmt":"2025-02-06T23:30:41","slug":"website-accessibility","status":"publish","type":"page","link":"https:\/\/www.tucoemas.org\/es\/website-accessibility\/","title":{"rendered":"ACCESIBILIDAD WEB"},"content":{"rendered":"<div class=\"co-flex_row co-flex_row__page-hero\" >\n\t<div class=\"co-flex_row--row co-row\">\n\t\t\t<header class=\"co-page_hero  co-page_hero__no_image\" aria-label=\"Encabezado: Accesibilidad del sitio web\">\n\t\t<div class=\"co-page_hero--inner\">\n\t\t\t<div class=\"prow gap:0 flex-center\">\n\t\t\t\t\t\t\t\t<div class=\"co-page_hero--text pcol-lg:7\">\n\t\t\t\t\t\t\t\t\t\t<h1 class=\"co-page_hero--title\">\n\t\t\t\t\t\tACCESIBILIDAD WEB\t\t\t\t\t<\/h1>\n\t\t\t\t\t<p class=\"co-page_hero--tagline\">ACCESIBILIDAD WEB<\/p>\t\t\t\t<\/div>\n\t\t\t<\/div>\n\t\t<\/div>\n\t<\/header>\n\n\t<\/div>\n<\/div>\n\n\n<div class=\"co-flex_row co-flex_row__white co-flex_row__page-intro\" >\n\t<div class=\"co-flex_row--row co-row\">\n\t\t\t<div class=\"co-page_intro\">\n\t\t<h2 class=\"co-page_intro--title\">Estamos comprometidos con la inclusi\u00f3n y hemos dise\u00f1ado nuestro sitio web para cumplir con los est\u00e1ndares de accesibilidad WCAG.<\/h2>\t<\/div>\n\n\t<\/div>\n<\/div>\n\n\n<div class=\"co-flex_row co-flex_row__white co-flex_row__last co-flex_row__long-form-text\" >\n\t<div class=\"co-flex_row--row co-row\">\n\t\t\t<div class=\"co-long_form\">\n\t\t\t\t\t<div class=\"co-long_form--block prow items-start\">\n\t\t\t\t<div class=\"co-long_form--text pcol-md:7\">\n\t\t\t\t\t<h2 class=\"co-long_form--headline\" >\u00bfQu\u00e9 significa accesibilidad?<\/h2><div class=\"co-long_form--content text-component\"><p>La Cooperativa de Cr\u00e9dito Federal Tucoemas se compromete a ofrecer un sitio web tan accesible como nuestras sucursales. Hemos implementado las recomendaciones de la\u00a0<a title=\"Enlace a las pautas de accesibilidad del contenido web\" href=\"https:\/\/www.w3.org\/TR\/WCAG20\/\" target=\"_blank\" rel=\"noopener\">Pautas de accesibilidad al contenido web<\/a>\u00a0(WCAG) seg\u00fan lo publicado por la\u00a0<a title=\"Enlace en nueva ventana a la iniciativa de accesibilidad web\" href=\"https:\/\/www.w3.org\/WAI\/\" target=\"_blank\" rel=\"noopener\">Iniciativa de Accesibilidad Web<\/a>\u00a0(WAI) de la\u00a0<a title=\"Enlace en nueva ventana al consorcio de la World Wide Web\" href=\"https:\/\/www.w3.org\/\" target=\"_blank\" rel=\"noopener\">Consorcio de la World Wide Web<\/a> (W3C.) No existe una prueba definitiva ni certificaci\u00f3n de conformidad con el Nivel AA de las WCAG, pero hemos utilizado diversos m\u00e9todos para evaluar la accesibilidad. Si considera que alguna parte del sitio no cumple con el Nivel AA de las WCAG, utilice uno de los m\u00e9todos a continuaci\u00f3n para informarnos y corregirla.<\/p>\n<ul>\n<li>Cont\u00e1ctenos por tel\u00e9fono al\u00a0<a title=\"Haga clic para llamar al (559) 732-8891\" href=\"tel:559-732-8891\">(559) 732-8892<\/a><\/li>\n<li>Cont\u00e1ctanos a trav\u00e9s de nuestro\u00a0<a title=\"Enlace a la p\u00e1gina de contacto interna\" href=\"https:\/\/www.tucoemas.org\/es\/resources\/contact-us\/\">Cont\u00e1ctenos<\/a>\u00a0forma.<\/li>\n<li>Cont\u00e1ctenos por correo electr\u00f3nico:\u00a0<a title=\"Haga clic aqu\u00ed para enviar un correo electr\u00f3nico a Tucoemas\" href=\"mailto:eservice@tucoemas.org\">eservice@tucoemas.org<\/a>.<\/li>\n<li>Tucoemas se esfuerza por hacer que todas las p\u00e1ginas sean accesibles para los usuarios, pero no puede garantizar que todas las p\u00e1ginas cumplan con el Nivel AA.<\/li>\n<li>Actualmente, NO cumplimos con el nivel AAA.<\/li>\n<li>Tucoemas ha utilizado las directrices WCAG para su cumplimiento, como sugiri\u00f3 el Departamento de Justicia. Si bien parte del cumplimiento de las WCAG cumple con la Secci\u00f3n 508, no la cumplimos.<\/li>\n<li>Tucoemas eligi\u00f3 utilizar WCAG para el cumplimiento porque as\u00ed lo determina el W3C, el consorcio que elabora todas las pautas para Internet en todo el mundo.<\/li>\n<\/ul>\n<p><a title=\"Explicaci\u00f3n de la conformidad con el nivel doble A de WCAG 2.0\" href=\"https:\/\/www.w3.org\/WAI\/WCAG2AA-Conformance\"><img loading=\"lazy\" decoding=\"async\" src=\"http:\/\/www.w3.org\/WAI\/wcag2AA\" alt=\"Level Double-A conformance, W3C WAI Web Content Accessibility Guidelines 2.0\" width=\"88\" height=\"32\" \/><\/a><\/p>\n<\/div>\t\t\t\t<\/div>\n\t\t\t\t\t\t\t\t\t<div class=\"co-long_form--media pcol-md:5\">\n\t\t\t\t\t\t\t\t\t\t\t<\/div>\n\t\t\t\t\t\t\t<\/div>\n\t\t\t\t<\/div>\n\n\t<\/div>\n<\/div>","protected":false},"excerpt":{"rendered":"","protected":false},"author":10,"featured_media":0,"parent":0,"menu_order":0,"comment_status":"closed","ping_status":"closed","template":"","meta":{"_acf_changed":false,"_searchwp_excluded":"","footnotes":""},"class_list":["post-2507","page","type-page","status-publish","hentry"],"acf":[],"yoast_head":"<!-- This site is optimized with the Yoast SEO plugin v27.2 - https:\/\/yoast.com\/product\/yoast-seo-wordpress\/ -->\n<title>Website Accessibility - Tucoemas FCU<\/title>\n<meta name=\"robots\" content=\"index, follow, max-snippet:-1, max-image-preview:large, max-video-preview:-1\" \/>\n<link rel=\"canonical\" href=\"https:\/\/www.tucoemas.org\/es\/website-accessibility\/\" \/>\n<meta property=\"og:locale\" content=\"es_ES\" \/>\n<meta property=\"og:type\" content=\"article\" \/>\n<meta property=\"og:title\" content=\"Website Accessibility - Tucoemas FCU\" \/>\n<meta property=\"og:url\" content=\"https:\/\/www.tucoemas.org\/es\/website-accessibility\/\" \/>\n<meta property=\"og:site_name\" content=\"Tucoemas FCU\" \/>\n<meta property=\"article:modified_time\" content=\"2025-02-06T23:30:41+00:00\" \/>\n<meta name=\"twitter:card\" content=\"summary_large_image\" \/>\n<script type=\"application\/ld+json\" class=\"yoast-schema-graph\">{\"@context\":\"https:\/\/schema.org\",\"@graph\":[{\"@type\":\"WebPage\",\"@id\":\"https:\/\/www.tucoemas.org\/website-accessibility\/\",\"url\":\"https:\/\/www.tucoemas.org\/website-accessibility\/\",\"name\":\"Website Accessibility - Tucoemas FCU\",\"isPartOf\":{\"@id\":\"https:\/\/www.tucoemas.org\/#website\"},\"datePublished\":\"2024-05-28T21:52:52+00:00\",\"dateModified\":\"2025-02-06T23:30:41+00:00\",\"breadcrumb\":{\"@id\":\"https:\/\/www.tucoemas.org\/website-accessibility\/#breadcrumb\"},\"inLanguage\":\"es-ES\",\"potentialAction\":[{\"@type\":\"ReadAction\",\"target\":[\"https:\/\/www.tucoemas.org\/website-accessibility\/\"]}]},{\"@type\":\"BreadcrumbList\",\"@id\":\"https:\/\/www.tucoemas.org\/website-accessibility\/#breadcrumb\",\"itemListElement\":[{\"@type\":\"ListItem\",\"position\":1,\"name\":\"Home\",\"item\":\"https:\/\/www.tucoemas.org\/\"},{\"@type\":\"ListItem\",\"position\":2,\"name\":\"Website Accessibility\"}]},{\"@type\":\"WebSite\",\"@id\":\"https:\/\/www.tucoemas.org\/#website\",\"url\":\"https:\/\/www.tucoemas.org\/\",\"name\":\"Tucoemas FCU\",\"description\":\"A community on the rise.\",\"potentialAction\":[{\"@type\":\"SearchAction\",\"target\":{\"@type\":\"EntryPoint\",\"urlTemplate\":\"https:\/\/www.tucoemas.org\/?s={search_term_string}\"},\"query-input\":{\"@type\":\"PropertyValueSpecification\",\"valueRequired\":true,\"valueName\":\"search_term_string\"}}],\"inLanguage\":\"es-ES\"}]}<\/script>\n<!-- \/ Yoast SEO plugin. -->","yoast_head_json":{"title":"Website Accessibility - Tucoemas FCU","robots":{"index":"index","follow":"follow","max-snippet":"max-snippet:-1","max-image-preview":"max-image-preview:large","max-video-preview":"max-video-preview:-1"},"canonical":"https:\/\/www.tucoemas.org\/es\/website-accessibility\/","og_locale":"es_ES","og_type":"article","og_title":"Website Accessibility - Tucoemas FCU","og_url":"https:\/\/www.tucoemas.org\/es\/website-accessibility\/","og_site_name":"Tucoemas FCU","article_modified_time":"2025-02-06T23:30:41+00:00","twitter_card":"summary_large_image","schema":{"@context":"https:\/\/schema.org","@graph":[{"@type":"WebPage","@id":"https:\/\/www.tucoemas.org\/website-accessibility\/","url":"https:\/\/www.tucoemas.org\/website-accessibility\/","name":"Website Accessibility - Tucoemas FCU","isPartOf":{"@id":"https:\/\/www.tucoemas.org\/#website"},"datePublished":"2024-05-28T21:52:52+00:00","dateModified":"2025-02-06T23:30:41+00:00","breadcrumb":{"@id":"https:\/\/www.tucoemas.org\/website-accessibility\/#breadcrumb"},"inLanguage":"es-ES","potentialAction":[{"@type":"ReadAction","target":["https:\/\/www.tucoemas.org\/website-accessibility\/"]}]},{"@type":"BreadcrumbList","@id":"https:\/\/www.tucoemas.org\/website-accessibility\/#breadcrumb","itemListElement":[{"@type":"ListItem","position":1,"name":"Home","item":"https:\/\/www.tucoemas.org\/"},{"@type":"ListItem","position":2,"name":"Website Accessibility"}]},{"@type":"WebSite","@id":"https:\/\/www.tucoemas.org\/#website","url":"https:\/\/www.tucoemas.org\/","name":"Uni\u00f3n Cooperativa de Cr\u00e9dito Tucoemas","description":"Una comunidad en ascenso.","potentialAction":[{"@type":"SearchAction","target":{"@type":"EntryPoint","urlTemplate":"https:\/\/www.tucoemas.org\/?s={search_term_string}"},"query-input":{"@type":"PropertyValueSpecification","valueRequired":true,"valueName":"search_term_string"}}],"inLanguage":"es-ES"}]}},"_links":{"self":[{"href":"https:\/\/www.tucoemas.org\/es\/wp-json\/wp\/v2\/pages\/2507","targetHints":{"allow":["GET"]}}],"collection":[{"href":"https:\/\/www.tucoemas.org\/es\/wp-json\/wp\/v2\/pages"}],"about":[{"href":"https:\/\/www.tucoemas.org\/es\/wp-json\/wp\/v2\/types\/page"}],"author":[{"embeddable":true,"href":"https:\/\/www.tucoemas.org\/es\/wp-json\/wp\/v2\/users\/10"}],"replies":[{"embeddable":true,"href":"https:\/\/www.tucoemas.org\/es\/wp-json\/wp\/v2\/comments?post=2507"}],"version-history":[{"count":10,"href":"https:\/\/www.tucoemas.org\/es\/wp-json\/wp\/v2\/pages\/2507\/revisions"}],"predecessor-version":[{"id":5530,"href":"https:\/\/www.tucoemas.org\/es\/wp-json\/wp\/v2\/pages\/2507\/revisions\/5530"}],"wp:attachment":[{"href":"https:\/\/www.tucoemas.org\/es\/wp-json\/wp\/v2\/media?parent=2507"}],"curies":[{"name":"wp","href":"https:\/\/api.w.org\/{rel}","templated":true}]}}