{"id":2508,"date":"2024-05-28T14:52:54","date_gmt":"2024-05-28T21:52:54","guid":{"rendered":"https:\/\/www.tucoemas.org\/sitemap\/"},"modified":"2024-11-26T12:18:52","modified_gmt":"2024-11-26T20:18:52","slug":"sitemap","status":"publish","type":"page","link":"https:\/\/www.tucoemas.org\/es\/sitemap\/","title":{"rendered":"Mapa del sitio"},"content":{"rendered":"<div class=\"co-flex_row co-flex_row__page-hero\" >\n\t<div class=\"co-flex_row--row co-row\">\n\t\t\t<header class=\"co-page_hero  co-page_hero__no_image co-page_hero__no_tagline\" aria-label=\"Encabezado: Mapa del sitio\">\n\t\t<div class=\"co-page_hero--inner\">\n\t\t\t<div class=\"prow gap:0 flex-center\">\n\t\t\t\t\t\t\t\t<div class=\"co-page_hero--text pcol-lg:7\">\n\t\t\t\t\t\t\t\t\t\t<h1 class=\"co-page_hero--title\">\n\t\t\t\t\t\tMapa del sitio\t\t\t\t\t<\/h1>\n\t\t\t\t\t\t\t\t\t<\/div>\n\t\t\t<\/div>\n\t\t<\/div>\n\t<\/header>\n\n\t<\/div>\n<\/div>\n\n\n<div class=\"co-flex_row co-flex_row__white co-flex_row__last co-flex_row__long-form-text\" >\n\t<div class=\"co-flex_row--row co-row\">\n\t\t\t<div class=\"co-long_form with-no-media\">\n\t\t\t\t\t<div class=\"co-long_form--block co-long_form--block__nomedia prow items-start  flex-center\">\n\t\t\t\t<div class=\"co-long_form--text pcol-md:8\">\n\t\t\t\t\t<div class=\"co-long_form--content text-component\">\t<div class=\"co-sitemap_wrap\">\n\t\t<div class=\"menu-main-menu-container\"><ul id=\"menu-main-menu\" class=\"menu\"><li id=\"menu-item-5\" class=\"mega menu-item menu-item-type-custom menu-item-object-custom menu-item-has-children menu-item-5\"><a href=\"#\">Banca<\/a>\n<ul class=\"sub-menu\">\n\t<li id=\"menu-item-319\" class=\"menu-item menu-item-type-custom menu-item-object-custom menu-item-has-children menu-item-319\"><a href=\"#\">Cuenta corriente y de ahorros<\/a>\n\t<ul class=\"sub-menu\">\n\t\t<li id=\"menu-item-2518\" class=\"menu-item menu-item-type-post_type menu-item-object-page menu-item-2518\"><a href=\"https:\/\/www.tucoemas.org\/es\/bank\/checking-accounts\/\">Cuentas De Cheques<\/a><\/li>\n\t\t<li id=\"menu-item-2519\" class=\"menu-item menu-item-type-post_type menu-item-object-page menu-item-2519\"><a href=\"https:\/\/www.tucoemas.org\/es\/bank\/savings-accounts\/\">Cuentas de ahorro<\/a><\/li>\n\t\t<li id=\"menu-item-2520\" class=\"menu-item menu-item-type-post_type menu-item-object-page menu-item-2520\"><a href=\"https:\/\/www.tucoemas.org\/es\/bank\/youth-accounts\/\">Cuentas para j\u00f3venes<\/a><\/li>\n\t\t<li id=\"menu-item-2521\" class=\"menu-item menu-item-type-post_type menu-item-object-page menu-item-2521\"><a href=\"https:\/\/www.tucoemas.org\/es\/bank\/cds-iras\/\">Certificados de acciones e IRAs<\/a><\/li>\n\t<\/ul>\n<\/li>\n\t<li id=\"menu-item-326\" class=\"menu-item menu-item-type-custom menu-item-object-custom menu-item-has-children menu-item-326\"><a href=\"#\">Servicios<\/a>\n\t<ul class=\"sub-menu\">\n\t\t<li id=\"menu-item-2522\" class=\"menu-item menu-item-type-post_type menu-item-object-page menu-item-2522\"><a href=\"https:\/\/www.tucoemas.org\/es\/online-mobile-banking\/\">Banca en l\u00ednea y m\u00f3vil<\/a><\/li>\n\t\t<li id=\"menu-item-2524\" class=\"menu-item menu-item-type-post_type menu-item-object-page menu-item-2524\"><a href=\"https:\/\/www.tucoemas.org\/es\/member-perks\/\">Beneficios para miembros<\/a><\/li>\n\t\t<li id=\"menu-item-2523\" class=\"menu-item menu-item-type-post_type menu-item-object-page menu-item-2523\"><a href=\"https:\/\/www.tucoemas.org\/es\/bank\/member-services\/\">Servicios para miembros<\/a><\/li>\n\t<\/ul>\n<\/li>\n<\/ul>\n<\/li>\n<li id=\"menu-item-6\" class=\"mega menu-item menu-item-type-custom menu-item-object-custom menu-item-has-children menu-item-6\"><a href=\"#\">Prestamos<\/a>\n<ul class=\"sub-menu\">\n\t<li id=\"menu-item-2512\" class=\"menu-item menu-item-type-custom menu-item-object-custom menu-item-has-children menu-item-2512\"><a href=\"#\">Tarjetas de cr\u00e9dito<\/a>\n\t<ul class=\"sub-menu\">\n\t\t<li id=\"menu-item-2525\" class=\"menu-item menu-item-type-post_type menu-item-object-page menu-item-2525\"><a href=\"https:\/\/www.tucoemas.org\/es\/credit-cards\/\">Tarjetas de cr\u00e9dito<\/a><\/li>\n\t<\/ul>\n<\/li>\n\t<li id=\"menu-item-2513\" class=\"menu-item menu-item-type-custom menu-item-object-custom menu-item-has-children menu-item-2513\"><a href=\"#\">Pr\u00e9stamos<\/a>\n\t<ul class=\"sub-menu\">\n\t\t<li id=\"menu-item-2526\" class=\"menu-item menu-item-type-post_type menu-item-object-page menu-item-2526\"><a href=\"https:\/\/www.tucoemas.org\/es\/borrow\/auto-loans\/\">Pr\u00e9stamos para autos<\/a><\/li>\n\t\t<li id=\"menu-item-5425\" class=\"menu-item menu-item-type-post_type menu-item-object-page menu-item-5425\"><a href=\"https:\/\/www.tucoemas.org\/es\/borrow\/auto-loans\/rv-motorcycle-boat\/\">Pr\u00e9stamos para veh\u00edculos recreativos, motocicletas y botes<\/a><\/li>\n\t\t<li id=\"menu-item-2530\" class=\"menu-item menu-item-type-post_type menu-item-object-page menu-item-2530\"><a href=\"https:\/\/www.tucoemas.org\/es\/borrow\/mortgage-loans\/\">Pr\u00e9stamos hipotecarios<\/a><\/li>\n\t\t<li id=\"menu-item-2531\" class=\"menu-item menu-item-type-post_type menu-item-object-page menu-item-2531\"><a href=\"https:\/\/www.tucoemas.org\/es\/borrow\/home-equity-line-credit\/\">L\u00ednea de cr\u00e9dito con garant\u00eda hipotecaria<\/a><\/li>\n\t\t<li id=\"menu-item-2532\" class=\"menu-item menu-item-type-post_type menu-item-object-page menu-item-2532\"><a href=\"https:\/\/www.tucoemas.org\/es\/borrow\/personal-loans\/\">Pr\u00e9stamos personales<\/a><\/li>\n\t\t<li id=\"menu-item-2533\" class=\"menu-item menu-item-type-post_type menu-item-object-page menu-item-2533\"><a href=\"https:\/\/www.tucoemas.org\/es\/borrow\/student-loans\/\">Pr\u00e9stamos estudiantiles<\/a><\/li>\n\t\t<li id=\"menu-item-5809\" class=\"menu-item menu-item-type-post_type menu-item-object-page menu-item-5809\"><a href=\"https:\/\/www.tucoemas.org\/es\/green-lending\/\">Pr\u00e9stamos verdes<\/a><\/li>\n\t<\/ul>\n<\/li>\n\t<li id=\"menu-item-2514\" class=\"menu-item menu-item-type-custom menu-item-object-custom menu-item-has-children menu-item-2514\"><a href=\"#\">Enlaces r\u00e1pidos<\/a>\n\t<ul class=\"sub-menu\">\n\t\t<li id=\"menu-item-2527\" class=\"menu-item menu-item-type-post_type menu-item-object-page menu-item-2527\"><a href=\"https:\/\/www.tucoemas.org\/es\/borrow\/make-payment\/\">Realizar un pago<\/a><\/li>\n\t\t<li id=\"menu-item-2528\" class=\"menu-item menu-item-type-post_type menu-item-object-page menu-item-2528\"><a href=\"https:\/\/www.tucoemas.org\/es\/borrow\/skip-a-pay\/\">Saltar un pago<\/a><\/li>\n\t\t<li id=\"menu-item-2529\" class=\"menu-item menu-item-type-custom menu-item-object-custom menu-item-2529\"><a href=\"https:\/\/apply.tucoemas.org\/apply.aspx?lenderref=TucoemasFCU_10142024&#038;list=CCVLPLHEST\">Solicitar un pr\u00e9stamo<\/a><\/li>\n\t<\/ul>\n<\/li>\n<\/ul>\n<\/li>\n<li id=\"menu-item-7\" class=\"menu-item menu-item-type-custom menu-item-object-custom menu-item-has-children menu-item-7\"><a href=\"#\">Negocio<\/a>\n<ul class=\"sub-menu\">\n\t<li id=\"menu-item-2516\" class=\"menu-item menu-item-type-post_type menu-item-object-page menu-item-2516\"><a href=\"https:\/\/www.tucoemas.org\/es\/business\/loans\/\">Pr\u00e9stamos comerciales<\/a><\/li>\n\t<li id=\"menu-item-2517\" class=\"menu-item menu-item-type-post_type menu-item-object-page menu-item-2517\"><a href=\"https:\/\/www.tucoemas.org\/es\/business\/deposits\/\">Dep\u00f3sitos comerciales<\/a><\/li>\n\t<li id=\"menu-item-2515\" class=\"menu-item menu-item-type-post_type menu-item-object-page menu-item-2515\"><a href=\"https:\/\/www.tucoemas.org\/es\/business\/resources\/\">Recursos empresariales<\/a><\/li>\n<\/ul>\n<\/li>\n<li id=\"menu-item-8\" class=\"menu-item menu-item-type-custom menu-item-object-custom menu-item-has-children menu-item-8\"><a href=\"#\">Protecci\u00f3n<\/a>\n<ul class=\"sub-menu\">\n\t<li id=\"menu-item-2534\" class=\"menu-item menu-item-type-post_type menu-item-object-page menu-item-2534\"><a href=\"https:\/\/www.tucoemas.org\/es\/borrow\/auto-loans\/insurance\/\">Seguro de auto<\/a><\/li>\n\t<li id=\"menu-item-2535\" class=\"menu-item menu-item-type-post_type menu-item-object-page menu-item-2535\"><a href=\"https:\/\/www.tucoemas.org\/es\/protect\/home-insurance\/\">Seguro de hogar<\/a><\/li>\n\t<li id=\"menu-item-2536\" class=\"menu-item menu-item-type-post_type menu-item-object-page menu-item-2536\"><a href=\"https:\/\/www.tucoemas.org\/es\/protect\/life-insurance\/\">Seguro de vida<\/a><\/li>\n\t<li id=\"menu-item-2537\" class=\"menu-item menu-item-type-post_type menu-item-object-page menu-item-2537\"><a href=\"https:\/\/www.tucoemas.org\/es\/protect\/pet-insurance\/\">Seguro para mascotas<\/a><\/li>\n\t<li id=\"menu-item-6025\" class=\"menu-item menu-item-type-post_type menu-item-object-page menu-item-6025\"><a href=\"https:\/\/www.tucoemas.org\/es\/fraud\/\">Fraude<\/a><\/li>\n\t<li id=\"menu-item-6080\" class=\"menu-item menu-item-type-post_type menu-item-object-page menu-item-6080\"><a href=\"https:\/\/www.tucoemas.org\/es\/carefull\/\">Cuidado<\/a><\/li>\n<\/ul>\n<\/li>\n<li id=\"menu-item-2509\" class=\"menu-item menu-item-type-custom menu-item-object-custom menu-item-has-children menu-item-2509\"><a href=\"#\">Aprenda<\/a>\n<ul class=\"sub-menu\">\n\t<li id=\"menu-item-2538\" class=\"menu-item menu-item-type-post_type menu-item-object-page current_page_parent menu-item-2538\"><a href=\"https:\/\/www.tucoemas.org\/es\/learn\/blog\/\">Blog<\/a><\/li>\n\t<li id=\"menu-item-2539\" class=\"menu-item menu-item-type-post_type menu-item-object-page menu-item-2539\"><a href=\"https:\/\/www.tucoemas.org\/es\/bank\/member-services\/financial-education\/\">Educaci\u00f3n Financiera<\/a><\/li>\n\t<li id=\"menu-item-2541\" class=\"menu-item menu-item-type-post_type menu-item-object-page menu-item-2541\"><a href=\"https:\/\/www.tucoemas.org\/es\/learn\/wealth-management\/\">Gesti\u00f3n patrimonial<\/a><\/li>\n\t<li id=\"menu-item-6042\" class=\"menu-item menu-item-type-post_type menu-item-object-page menu-item-6042\"><a href=\"https:\/\/www.tucoemas.org\/es\/learn\/calculators\/\">Calculadoras<\/a><\/li>\n<\/ul>\n<\/li>\n<li id=\"menu-item-2510\" class=\"menu-item menu-item-type-custom menu-item-object-custom menu-item-has-children menu-item-2510\"><a href=\"#\">Avanzando juntos<\/a>\n<ul class=\"sub-menu\">\n\t<li id=\"menu-item-2542\" class=\"menu-item menu-item-type-post_type menu-item-object-page menu-item-2542\"><a href=\"https:\/\/www.tucoemas.org\/es\/rising-together\/about-tucoemas\/\">Sobre Tucoemas<\/a><\/li>\n\t<li id=\"menu-item-2543\" class=\"menu-item menu-item-type-post_type menu-item-object-page menu-item-2543\"><a href=\"https:\/\/www.tucoemas.org\/es\/rising-together\/empowering-community\/\">Empoderando a nuestra comunidad<\/a><\/li>\n\t<li id=\"menu-item-2545\" class=\"menu-item menu-item-type-post_type menu-item-object-page menu-item-2545\"><a href=\"https:\/\/www.tucoemas.org\/es\/rising-together\/careers\/\">Carreras<\/a><\/li>\n<\/ul>\n<\/li>\n<li id=\"menu-item-2511\" class=\"menu-button menu-item menu-item-type-post_type menu-item-object-page menu-item-2511\"><a href=\"https:\/\/www.tucoemas.org\/es\/open-account\/\">Abrir una cuenta<\/a><\/li>\n<\/ul><\/div><div class=\"menu-header-utility-menu-container\"><ul id=\"menu-header-utility-menu\" class=\"menu\"><li id=\"menu-item-2546\" class=\"menu-item menu-item-type-post_type menu-item-object-page menu-item-2546\"><a href=\"https:\/\/www.tucoemas.org\/es\/help\/\">Ayuda<\/a><\/li>\n<li id=\"menu-item-2547\" class=\"menu-item menu-item-type-post_type menu-item-object-page menu-item-2547\"><a href=\"https:\/\/www.tucoemas.org\/es\/locations-atms\/\">Ubicaciones y Cajeros Autom\u00e1ticos (ATMs)<\/a><\/li>\n<li id=\"menu-item-2548\" class=\"menu-item menu-item-type-post_type menu-item-object-page menu-item-2548\"><a href=\"https:\/\/www.tucoemas.org\/es\/rates\/\">Tasas<\/a><\/li>\n<\/ul><\/div>\t<\/div>\n\n<\/div>\t\t\t\t<\/div>\n\t\t\t\t\t\t\t<\/div>\n\t\t\t\t<\/div>\n\n\t<\/div>\n<\/div>","protected":false},"excerpt":{"rendered":"","protected":false},"author":10,"featured_media":0,"parent":0,"menu_order":0,"comment_status":"closed","ping_status":"closed","template":"","meta":{"_acf_changed":false,"_searchwp_excluded":"","footnotes":""},"class_list":["post-2508","page","type-page","status-publish","hentry"],"acf":[],"yoast_head":"<!-- This site is optimized with the Yoast SEO plugin v27.2 - https:\/\/yoast.com\/product\/yoast-seo-wordpress\/ -->\n<title>Sitemap - Tucoemas FCU<\/title>\n<meta name=\"robots\" content=\"index, follow, max-snippet:-1, max-image-preview:large, max-video-preview:-1\" \/>\n<link rel=\"canonical\" href=\"https:\/\/www.tucoemas.org\/es\/sitemap\/\" \/>\n<meta property=\"og:locale\" content=\"es_ES\" \/>\n<meta property=\"og:type\" content=\"article\" \/>\n<meta property=\"og:title\" content=\"Sitemap - Tucoemas FCU\" \/>\n<meta property=\"og:url\" content=\"https:\/\/www.tucoemas.org\/es\/sitemap\/\" \/>\n<meta property=\"og:site_name\" content=\"Tucoemas FCU\" \/>\n<meta property=\"article:modified_time\" content=\"2024-11-26T20:18:52+00:00\" \/>\n<meta name=\"twitter:card\" content=\"summary_large_image\" \/>\n<script type=\"application\/ld+json\" class=\"yoast-schema-graph\">{\"@context\":\"https:\/\/schema.org\",\"@graph\":[{\"@type\":\"WebPage\",\"@id\":\"https:\/\/www.tucoemas.org\/sitemap\/\",\"url\":\"https:\/\/www.tucoemas.org\/sitemap\/\",\"name\":\"Sitemap - Tucoemas FCU\",\"isPartOf\":{\"@id\":\"https:\/\/www.tucoemas.org\/#website\"},\"datePublished\":\"2024-05-28T21:52:54+00:00\",\"dateModified\":\"2024-11-26T20:18:52+00:00\",\"breadcrumb\":{\"@id\":\"https:\/\/www.tucoemas.org\/sitemap\/#breadcrumb\"},\"inLanguage\":\"es-ES\",\"potentialAction\":[{\"@type\":\"ReadAction\",\"target\":[\"https:\/\/www.tucoemas.org\/sitemap\/\"]}]},{\"@type\":\"BreadcrumbList\",\"@id\":\"https:\/\/www.tucoemas.org\/sitemap\/#breadcrumb\",\"itemListElement\":[{\"@type\":\"ListItem\",\"position\":1,\"name\":\"Home\",\"item\":\"https:\/\/www.tucoemas.org\/\"},{\"@type\":\"ListItem\",\"position\":2,\"name\":\"Sitemap\"}]},{\"@type\":\"WebSite\",\"@id\":\"https:\/\/www.tucoemas.org\/#website\",\"url\":\"https:\/\/www.tucoemas.org\/\",\"name\":\"Tucoemas FCU\",\"description\":\"A community on the rise.\",\"potentialAction\":[{\"@type\":\"SearchAction\",\"target\":{\"@type\":\"EntryPoint\",\"urlTemplate\":\"https:\/\/www.tucoemas.org\/?s={search_term_string}\"},\"query-input\":{\"@type\":\"PropertyValueSpecification\",\"valueRequired\":true,\"valueName\":\"search_term_string\"}}],\"inLanguage\":\"es-ES\"}]}<\/script>\n<!-- \/ Yoast SEO plugin. -->","yoast_head_json":{"title":"Sitemap - Tucoemas FCU","robots":{"index":"index","follow":"follow","max-snippet":"max-snippet:-1","max-image-preview":"max-image-preview:large","max-video-preview":"max-video-preview:-1"},"canonical":"https:\/\/www.tucoemas.org\/es\/sitemap\/","og_locale":"es_ES","og_type":"article","og_title":"Sitemap - Tucoemas FCU","og_url":"https:\/\/www.tucoemas.org\/es\/sitemap\/","og_site_name":"Tucoemas FCU","article_modified_time":"2024-11-26T20:18:52+00:00","twitter_card":"summary_large_image","schema":{"@context":"https:\/\/schema.org","@graph":[{"@type":"WebPage","@id":"https:\/\/www.tucoemas.org\/sitemap\/","url":"https:\/\/www.tucoemas.org\/sitemap\/","name":"Sitemap - Tucoemas FCU","isPartOf":{"@id":"https:\/\/www.tucoemas.org\/#website"},"datePublished":"2024-05-28T21:52:54+00:00","dateModified":"2024-11-26T20:18:52+00:00","breadcrumb":{"@id":"https:\/\/www.tucoemas.org\/sitemap\/#breadcrumb"},"inLanguage":"es-ES","potentialAction":[{"@type":"ReadAction","target":["https:\/\/www.tucoemas.org\/sitemap\/"]}]},{"@type":"BreadcrumbList","@id":"https:\/\/www.tucoemas.org\/sitemap\/#breadcrumb","itemListElement":[{"@type":"ListItem","position":1,"name":"Home","item":"https:\/\/www.tucoemas.org\/"},{"@type":"ListItem","position":2,"name":"Sitemap"}]},{"@type":"WebSite","@id":"https:\/\/www.tucoemas.org\/#website","url":"https:\/\/www.tucoemas.org\/","name":"Uni\u00f3n Cooperativa de Cr\u00e9dito Tucoemas","description":"Una comunidad en ascenso.","potentialAction":[{"@type":"SearchAction","target":{"@type":"EntryPoint","urlTemplate":"https:\/\/www.tucoemas.org\/?s={search_term_string}"},"query-input":{"@type":"PropertyValueSpecification","valueRequired":true,"valueName":"search_term_string"}}],"inLanguage":"es-ES"}]}},"_links":{"self":[{"href":"https:\/\/www.tucoemas.org\/es\/wp-json\/wp\/v2\/pages\/2508","targetHints":{"allow":["GET"]}}],"collection":[{"href":"https:\/\/www.tucoemas.org\/es\/wp-json\/wp\/v2\/pages"}],"about":[{"href":"https:\/\/www.tucoemas.org\/es\/wp-json\/wp\/v2\/types\/page"}],"author":[{"embeddable":true,"href":"https:\/\/www.tucoemas.org\/es\/wp-json\/wp\/v2\/users\/10"}],"replies":[{"embeddable":true,"href":"https:\/\/www.tucoemas.org\/es\/wp-json\/wp\/v2\/comments?post=2508"}],"version-history":[{"count":1,"href":"https:\/\/www.tucoemas.org\/es\/wp-json\/wp\/v2\/pages\/2508\/revisions"}],"predecessor-version":[{"id":4111,"href":"https:\/\/www.tucoemas.org\/es\/wp-json\/wp\/v2\/pages\/2508\/revisions\/4111"}],"wp:attachment":[{"href":"https:\/\/www.tucoemas.org\/es\/wp-json\/wp\/v2\/media?parent=2508"}],"curies":[{"name":"wp","href":"https:\/\/api.w.org\/{rel}","templated":true}]}}