{"id":5250,"date":"2025-01-10T16:18:50","date_gmt":"2025-01-11T00:18:50","guid":{"rendered":"https:\/\/www.tucoemas.org\/?page_id=5250"},"modified":"2025-03-07T09:42:56","modified_gmt":"2025-03-07T17:42:56","slug":"fraud","status":"publish","type":"page","link":"https:\/\/www.tucoemas.org\/es\/fraud\/","title":{"rendered":"Fraude"},"content":{"rendered":"<div class=\"co-flex_row co-flex_row__page-hero\" >\n\t<div class=\"co-flex_row--row co-row\">\n\t\t\t<header class=\"co-page_hero  co-page_hero__has_image display-img-desktop\" aria-label=\"Encabezado: Prevenci\u00f3n del fraude\">\n\t\t<div class=\"co-page_hero--inner\">\n\t\t\t<div class=\"prow gap:0\">\n\t\t\t\t\t\t\t\t\t<div class=\"co-page_hero--img_wrap pcol-lg:5\">\n\t\t\t\t\t\t<img loading=\"lazy\" decoding=\"async\" width=\"550\" height=\"550\" src=\"https:\/\/www.tucoemas.org\/files\/HERO-Fraud-1.jpg\" class=\"co-page_hero--img\" alt=\"HERO-Fraud\" srcset=\"https:\/\/www.tucoemas.org\/files\/HERO-Fraud-1.jpg 550w, https:\/\/www.tucoemas.org\/files\/HERO-Fraud-1-540x540.jpg 540w, https:\/\/www.tucoemas.org\/files\/HERO-Fraud-1-150x150.jpg 150w, https:\/\/www.tucoemas.org\/files\/HERO-Fraud-1-396x396.jpg 396w, https:\/\/www.tucoemas.org\/files\/HERO-Fraud-1-75x75.jpg 75w, https:\/\/www.tucoemas.org\/files\/HERO-Fraud-1-300x300.jpg 300w, https:\/\/www.tucoemas.org\/files\/HERO-Fraud-1-400x400.jpg 400w\" sizes=\"auto, (max-width: 550px) 100vw, 550px\" \/>\t\t\t\t\t<\/div>\n\t\t\t\t\t\t\t\t<div class=\"co-page_hero--text pcol-lg:7\">\n\t\t\t\t\t\t\t\t\t\t<h1 class=\"co-page_hero--title\">\n\t\t\t\t\t\tPrevenci\u00f3n del fraude\t\t\t\t\t<\/h1>\n\t\t\t\t\t<p class=\"co-page_hero--tagline\">Ayud\u00e1ndole en la lucha contra el fraude.<\/p>\t\t\t\t\t\t<div class=\"co-page_hero--buttons\">\n\t\t\t\t\t\t\t<a class=\"co-page_hero--button\" href=\"https:\/\/www.tucoemas.org\/es\/help\/contact-us\/\"  ><span>CONT\u00c1CTENOS<\/span><\/a>\t\t\t\t\t\t<\/div>\n\t\t\t\t\t\t\t\t\t\t<\/div>\n\t\t\t<\/div>\n\t\t<\/div>\n\t<\/header>\n\n\t<\/div>\n<\/div>\n\n\n<div class=\"co-flex_row co-flex_row__white co-flex_row__page-intro\" >\n\t<div class=\"co-flex_row--row co-row\">\n\t\t\t<div class=\"co-page_intro\">\n\t\t<h2 class=\"co-page_intro--title\">Estamos aqu\u00ed para luchar contigo.<\/h2><div class=\"co-page_intro--desc text-component\"><p>La mejor manera de combatir el fraude financiero es mantenerse informado y alerta. Si algo parece extra\u00f1o, conf\u00ede en su instinto y rep\u00f3rtelo de inmediato. Juntos, podemos proteger su dinero y su futuro.<\/p>\n<\/div>\t<\/div>\n\n\t<\/div>\n<\/div>\n\n\n<div class=\"co-flex_row co-flex_row__white co-flex_row__long-form-text\" >\n\t<div class=\"co-flex_row--row co-row\">\n\t\t\t<div class=\"co-long_form with-no-media\">\n\t\t\t\t\t<div class=\"co-long_form--block co-long_form--block__nomedia prow items-start  flex-center\">\n\t\t\t\t<div class=\"co-long_form--text pcol-md:8\">\n\t\t\t\t\t<div class=\"co-long_form--content text-component\"><p><script src='https:\/\/www.stickleyonsecurity.com\/js\/jquery-min.js' type='text\/javascript'><\/script><\/p>\n<div id=\"SoSHolder376528088\" align=\"center\"><iframe id=\"SoSDisplay376528088\" style=\"height: 100%; width: 100%;\" src=\"https:\/\/www.stickleyonsecurity.com\/s\/sample9.jspx?playerid=376528088&amp;startsos=1\" frameborder=\"0\" marginwidth=\"0\" marginheight=\"0\" scrolling=\"no\" allowfullscreen=\"allowfullscreen\"><\/iframe><\/div>\n<p><script>var sos_path_id=\"376528088\";<\/script><script src='https:\/\/www.stickleyonsecurity.com\/js\/sos-script.js' type='text\/javascript'><\/script><\/p>\n<\/div>\t\t\t\t<\/div>\n\t\t\t\t\t\t\t<\/div>\n\t\t\t\t<\/div>\n\n\t<\/div>\n<\/div>\n\n\n<div class=\"co-flex_row co-flex_row__last co-flex_row__long-form-text\" >\n\t<div class=\"co-flex_row--row co-row\">\n\t\t\n\t<\/div>\n<\/div>","protected":false},"excerpt":{"rendered":"","protected":false},"author":11,"featured_media":0,"parent":0,"menu_order":0,"comment_status":"closed","ping_status":"closed","template":"","meta":{"_acf_changed":false,"_searchwp_excluded":"","footnotes":""},"class_list":["post-5250","page","type-page","status-publish","hentry"],"acf":[],"yoast_head":"<!-- This site is optimized with the Yoast SEO plugin v27.2 - https:\/\/yoast.com\/product\/yoast-seo-wordpress\/ -->\n<title>Fraud - Tucoemas FCU<\/title>\n<meta name=\"robots\" content=\"index, follow, max-snippet:-1, max-image-preview:large, max-video-preview:-1\" \/>\n<link rel=\"canonical\" href=\"https:\/\/www.tucoemas.org\/es\/fraud\/\" \/>\n<meta property=\"og:locale\" content=\"es_ES\" \/>\n<meta property=\"og:type\" content=\"article\" \/>\n<meta property=\"og:title\" content=\"Fraud - Tucoemas FCU\" \/>\n<meta property=\"og:url\" content=\"https:\/\/www.tucoemas.org\/es\/fraud\/\" \/>\n<meta property=\"og:site_name\" content=\"Tucoemas FCU\" \/>\n<meta property=\"article:modified_time\" content=\"2025-03-07T17:42:56+00:00\" \/>\n<meta name=\"twitter:card\" content=\"summary_large_image\" \/>\n<script type=\"application\/ld+json\" class=\"yoast-schema-graph\">{\"@context\":\"https:\/\/schema.org\",\"@graph\":[{\"@type\":\"WebPage\",\"@id\":\"https:\/\/www.tucoemas.org\/fraud\/\",\"url\":\"https:\/\/www.tucoemas.org\/fraud\/\",\"name\":\"Fraud - Tucoemas FCU\",\"isPartOf\":{\"@id\":\"https:\/\/www.tucoemas.org\/#website\"},\"datePublished\":\"2025-01-11T00:18:50+00:00\",\"dateModified\":\"2025-03-07T17:42:56+00:00\",\"breadcrumb\":{\"@id\":\"https:\/\/www.tucoemas.org\/fraud\/#breadcrumb\"},\"inLanguage\":\"es-ES\",\"potentialAction\":[{\"@type\":\"ReadAction\",\"target\":[\"https:\/\/www.tucoemas.org\/fraud\/\"]}]},{\"@type\":\"BreadcrumbList\",\"@id\":\"https:\/\/www.tucoemas.org\/fraud\/#breadcrumb\",\"itemListElement\":[{\"@type\":\"ListItem\",\"position\":1,\"name\":\"Home\",\"item\":\"https:\/\/www.tucoemas.org\/\"},{\"@type\":\"ListItem\",\"position\":2,\"name\":\"Fraud\"}]},{\"@type\":\"WebSite\",\"@id\":\"https:\/\/www.tucoemas.org\/#website\",\"url\":\"https:\/\/www.tucoemas.org\/\",\"name\":\"Tucoemas FCU\",\"description\":\"A community on the rise.\",\"potentialAction\":[{\"@type\":\"SearchAction\",\"target\":{\"@type\":\"EntryPoint\",\"urlTemplate\":\"https:\/\/www.tucoemas.org\/?s={search_term_string}\"},\"query-input\":{\"@type\":\"PropertyValueSpecification\",\"valueRequired\":true,\"valueName\":\"search_term_string\"}}],\"inLanguage\":\"es-ES\"}]}<\/script>\n<!-- \/ Yoast SEO plugin. -->","yoast_head_json":{"title":"Fraud - Tucoemas FCU","robots":{"index":"index","follow":"follow","max-snippet":"max-snippet:-1","max-image-preview":"max-image-preview:large","max-video-preview":"max-video-preview:-1"},"canonical":"https:\/\/www.tucoemas.org\/es\/fraud\/","og_locale":"es_ES","og_type":"article","og_title":"Fraud - Tucoemas FCU","og_url":"https:\/\/www.tucoemas.org\/es\/fraud\/","og_site_name":"Tucoemas FCU","article_modified_time":"2025-03-07T17:42:56+00:00","twitter_card":"summary_large_image","schema":{"@context":"https:\/\/schema.org","@graph":[{"@type":"WebPage","@id":"https:\/\/www.tucoemas.org\/fraud\/","url":"https:\/\/www.tucoemas.org\/fraud\/","name":"Fraud - Tucoemas FCU","isPartOf":{"@id":"https:\/\/www.tucoemas.org\/#website"},"datePublished":"2025-01-11T00:18:50+00:00","dateModified":"2025-03-07T17:42:56+00:00","breadcrumb":{"@id":"https:\/\/www.tucoemas.org\/fraud\/#breadcrumb"},"inLanguage":"es-ES","potentialAction":[{"@type":"ReadAction","target":["https:\/\/www.tucoemas.org\/fraud\/"]}]},{"@type":"BreadcrumbList","@id":"https:\/\/www.tucoemas.org\/fraud\/#breadcrumb","itemListElement":[{"@type":"ListItem","position":1,"name":"Home","item":"https:\/\/www.tucoemas.org\/"},{"@type":"ListItem","position":2,"name":"Fraud"}]},{"@type":"WebSite","@id":"https:\/\/www.tucoemas.org\/#website","url":"https:\/\/www.tucoemas.org\/","name":"Uni\u00f3n Cooperativa de Cr\u00e9dito Tucoemas","description":"Una comunidad en ascenso.","potentialAction":[{"@type":"SearchAction","target":{"@type":"EntryPoint","urlTemplate":"https:\/\/www.tucoemas.org\/?s={search_term_string}"},"query-input":{"@type":"PropertyValueSpecification","valueRequired":true,"valueName":"search_term_string"}}],"inLanguage":"es-ES"}]}},"_links":{"self":[{"href":"https:\/\/www.tucoemas.org\/es\/wp-json\/wp\/v2\/pages\/5250","targetHints":{"allow":["GET"]}}],"collection":[{"href":"https:\/\/www.tucoemas.org\/es\/wp-json\/wp\/v2\/pages"}],"about":[{"href":"https:\/\/www.tucoemas.org\/es\/wp-json\/wp\/v2\/types\/page"}],"author":[{"embeddable":true,"href":"https:\/\/www.tucoemas.org\/es\/wp-json\/wp\/v2\/users\/11"}],"replies":[{"embeddable":true,"href":"https:\/\/www.tucoemas.org\/es\/wp-json\/wp\/v2\/comments?post=5250"}],"version-history":[{"count":12,"href":"https:\/\/www.tucoemas.org\/es\/wp-json\/wp\/v2\/pages\/5250\/revisions"}],"predecessor-version":[{"id":6029,"href":"https:\/\/www.tucoemas.org\/es\/wp-json\/wp\/v2\/pages\/5250\/revisions\/6029"}],"wp:attachment":[{"href":"https:\/\/www.tucoemas.org\/es\/wp-json\/wp\/v2\/media?parent=5250"}],"curies":[{"name":"wp","href":"https:\/\/api.w.org\/{rel}","templated":true}]}}