{"id":6049,"date":"2025-03-25T10:07:54","date_gmt":"2025-03-25T17:07:54","guid":{"rendered":"https:\/\/www.tucoemas.org\/?page_id=6049"},"modified":"2025-10-01T14:34:47","modified_gmt":"2025-10-01T21:34:47","slug":"pathways","status":"publish","type":"page","link":"https:\/\/www.tucoemas.org\/es\/pathways\/","title":{"rendered":"Caminos"},"content":{"rendered":"<div class=\"co-flex_row co-flex_row__page-hero\" >\n\t<div class=\"co-flex_row--row co-row\">\n\t\t\t<header class=\"co-page_hero  co-page_hero__has_image display-img-desktop\" aria-label=\"Encabezado: Programa Pathways\">\n\t\t<div class=\"co-page_hero--inner\">\n\t\t\t<div class=\"prow gap:0\">\n\t\t\t\t\t\t\t\t\t<div class=\"co-page_hero--img_wrap pcol-lg:5\">\n\t\t\t\t\t\t<img loading=\"lazy\" decoding=\"async\" width=\"550\" height=\"550\" src=\"https:\/\/www.tucoemas.org\/files\/HERO-template-Pathways-1.jpg\" class=\"co-page_hero--img\" alt=\"HERO-template-Pathways\" srcset=\"https:\/\/www.tucoemas.org\/files\/HERO-template-Pathways-1.jpg 550w, https:\/\/www.tucoemas.org\/files\/HERO-template-Pathways-1-540x540.jpg 540w, https:\/\/www.tucoemas.org\/files\/HERO-template-Pathways-1-150x150.jpg 150w, https:\/\/www.tucoemas.org\/files\/HERO-template-Pathways-1-396x396.jpg 396w, https:\/\/www.tucoemas.org\/files\/HERO-template-Pathways-1-75x75.jpg 75w\" sizes=\"auto, (max-width: 550px) 100vw, 550px\" \/>\t\t\t\t\t<\/div>\n\t\t\t\t\t\t\t\t<div class=\"co-page_hero--text pcol-lg:7\">\n\t\t\t\t\t\t\t\t\t\t<h1 class=\"co-page_hero--title\">\n\t\t\t\t\t\tPrograma Pathways\t\t\t\t\t<\/h1>\n\t\t\t\t\t<p class=\"co-page_hero--tagline\">Asesor\u00eda financiera gratuita<\/p>\t\t\t\t\t\t<div class=\"co-page_hero--buttons\">\n\t\t\t\t\t\t\t<a class=\"co-page_hero--button\" href=\"https:\/\/www.tucoemas.org\/es\/speed-bump\/?url=https%3A%2F%2Fwww.tfaforms.com%2F4822436%3Ftfa_2%3DTucoemas&#038;prev=https%3A%2F%2Fwww.tucoemas.org%2Fes%2Fpathways%2F\"  ><span>INSCR\u00cdBASE<\/span><\/a>\t\t\t\t\t\t<\/div>\n\t\t\t\t\t\t\t\t\t\t<\/div>\n\t\t\t<\/div>\n\t\t<\/div>\n\t<\/header>\n\n\t<\/div>\n<\/div>\n\n\n<div class=\"co-flex_row co-flex_row__white co-flex_row__page-intro\" >\n\t<div class=\"co-flex_row--row co-row\">\n\t\t\t<div class=\"co-page_intro\">\n\t\t<h2 class=\"co-page_intro--title\">Educaci\u00f3n financiera, un camino hacia un futuro mejor.<\/h2><div class=\"co-page_intro--desc text-component\"><p>Con m\u00e1s de 35 asesores financieros certificados de cooperativas de cr\u00e9dito y nuestro programa Pathways, que ha ayudado a m\u00e1s de 600 personas y familias a reducir sus deudas y aumentar sus puntajes crediticios, creemos firmemente en el impacto positivo que la educaci\u00f3n financiera puede tener en nuestros vecinos y nuestra comunidad.<\/p>\n<\/div>\t<\/div>\n\n\t<\/div>\n<\/div>\n\n\n<div class=\"co-flex_row co-flex_row__white co-flex_row__last co-flex_row__long-form-text\" >\n\t<div class=\"co-flex_row--row co-row\">\n\t\t\t<div class=\"co-long_form\">\n\t\t\t\t<header class=\"co-intro_text has_intro\">\n\t\t\t<h2 class=\"co-intro_text--title\">Caminos hacia un futuro m\u00e1s brillante<\/h2><div class=\"co-intro_text--intro text-component\"><p>\u00a1Te conectaremos con uno de nuestros asesores financieros certificados gratis! Nuestros asesores certificados te ayudar\u00e1n a reducir tus deudas, reducir tus pagos, aumentar tus ahorros y crear un plan financiero personalizado.<\/p>\n<\/div>\t\t<\/header>\n\t\t\t\t\t<div class=\"co-long_form--block prow items-start\">\n\t\t\t\t<div class=\"co-long_form--text pcol-md:7\">\n\t\t\t\t\t<div class=\"co-long_form--content text-component\"><p>Para aprovechar nuestro excelente programa, siga los pasos a continuaci\u00f3n.<\/p>\n<ul>\n<li>Complete el formulario de inscripci\u00f3n remota en\u00a0<strong><a href=\"https:\/\/www.tfaforms.com\/4822436?tfa_2=Tucoemas\" target=\"_blank\" rel=\"noopener\">www.tfaforms.com\/4765279<\/a><\/strong><\/li>\n<li>Programe una reuni\u00f3n telef\u00f3nica o en persona con uno de nuestros Coaches Financieros Personales.<\/li>\n<li>Abra una cuenta corriente Kasasa gratuita y acepte 3 objetivos financieros b\u00e1sicos: reducir la deuda, reducir los pagos y aumentar los ahorros.<\/li>\n<li>Depositaremos $400 en su cuenta corriente gratuita Kasasa si permanece con nosotros durante al menos 4 meses.<\/li>\n<\/ul>\n<p><span class=\"bold\"><strong>Si tiene alguna pregunta, comun\u00edquese con nuestro equipo de v\u00edas de acceso a:<\/strong><\/span><\/p>\n<p>559-667-9245 o pathways@tucoemas.org<\/p>\n<\/div><a class=\"co-long_form--button co-button\" href=\"https:\/\/www.tucoemas.org\/es\/speed-bump\/?url=https%3A%2F%2Fwww.tfaforms.com%2F4822436%3Ftfa_2%3DTucoemas&#038;prev=https%3A%2F%2Fwww.tucoemas.org%2Fes%2Fpathways%2F\"  ><span>INSCR\u00cdBASE<\/span><\/a>\t\t\t\t<\/div>\n\t\t\t\t\t\t\t\t\t<div class=\"co-long_form--media pcol-md:5\">\n\t\t\t\t\t\t<img loading=\"lazy\" decoding=\"async\" width=\"527\" height=\"540\" src=\"https:\/\/www.tucoemas.org\/files\/Column-Template-Empowered-527x540.jpg\" class=\"co-long_form--image\" alt=\"Column-Template-Empowered. alt Text\" srcset=\"https:\/\/www.tucoemas.org\/files\/Column-Template-Empowered-527x540.jpg 527w, https:\/\/www.tucoemas.org\/files\/Column-Template-Empowered-387x396.jpg 387w, https:\/\/www.tucoemas.org\/files\/Column-Template-Empowered-73x75.jpg 73w, https:\/\/www.tucoemas.org\/files\/Column-Template-Empowered.jpg 697w\" sizes=\"auto, (max-width: 527px) 100vw, 527px\" \/>\t\t\t\t\t<\/div>\n\t\t\t\t\t\t\t<\/div>\n\t\t\t\t<\/div>\n\n\t<\/div>\n<\/div>","protected":false},"excerpt":{"rendered":"","protected":false},"author":11,"featured_media":0,"parent":0,"menu_order":0,"comment_status":"closed","ping_status":"closed","template":"","meta":{"_acf_changed":false,"_searchwp_excluded":"","footnotes":""},"class_list":["post-6049","page","type-page","status-publish","hentry"],"acf":[],"yoast_head":"<!-- This site is optimized with the Yoast SEO plugin v27.2 - https:\/\/yoast.com\/product\/yoast-seo-wordpress\/ -->\n<title>Pathways - Tucoemas FCU<\/title>\n<meta name=\"robots\" content=\"index, follow, max-snippet:-1, max-image-preview:large, max-video-preview:-1\" \/>\n<link rel=\"canonical\" href=\"https:\/\/www.tucoemas.org\/es\/pathways\/\" \/>\n<meta property=\"og:locale\" content=\"es_ES\" \/>\n<meta property=\"og:type\" content=\"article\" \/>\n<meta property=\"og:title\" content=\"Pathways - Tucoemas FCU\" \/>\n<meta property=\"og:url\" content=\"https:\/\/www.tucoemas.org\/es\/pathways\/\" \/>\n<meta property=\"og:site_name\" content=\"Tucoemas FCU\" \/>\n<meta property=\"article:modified_time\" content=\"2025-10-01T21:34:47+00:00\" \/>\n<meta name=\"twitter:card\" content=\"summary_large_image\" \/>\n<script type=\"application\/ld+json\" class=\"yoast-schema-graph\">{\"@context\":\"https:\/\/schema.org\",\"@graph\":[{\"@type\":\"WebPage\",\"@id\":\"https:\/\/www.tucoemas.org\/pathways\/\",\"url\":\"https:\/\/www.tucoemas.org\/pathways\/\",\"name\":\"Pathways - Tucoemas FCU\",\"isPartOf\":{\"@id\":\"https:\/\/www.tucoemas.org\/#website\"},\"datePublished\":\"2025-03-25T17:07:54+00:00\",\"dateModified\":\"2025-10-01T21:34:47+00:00\",\"breadcrumb\":{\"@id\":\"https:\/\/www.tucoemas.org\/pathways\/#breadcrumb\"},\"inLanguage\":\"es-ES\",\"potentialAction\":[{\"@type\":\"ReadAction\",\"target\":[\"https:\/\/www.tucoemas.org\/pathways\/\"]}]},{\"@type\":\"BreadcrumbList\",\"@id\":\"https:\/\/www.tucoemas.org\/pathways\/#breadcrumb\",\"itemListElement\":[{\"@type\":\"ListItem\",\"position\":1,\"name\":\"Home\",\"item\":\"https:\/\/www.tucoemas.org\/\"},{\"@type\":\"ListItem\",\"position\":2,\"name\":\"Pathways\"}]},{\"@type\":\"WebSite\",\"@id\":\"https:\/\/www.tucoemas.org\/#website\",\"url\":\"https:\/\/www.tucoemas.org\/\",\"name\":\"Tucoemas FCU\",\"description\":\"A community on the rise.\",\"potentialAction\":[{\"@type\":\"SearchAction\",\"target\":{\"@type\":\"EntryPoint\",\"urlTemplate\":\"https:\/\/www.tucoemas.org\/?s={search_term_string}\"},\"query-input\":{\"@type\":\"PropertyValueSpecification\",\"valueRequired\":true,\"valueName\":\"search_term_string\"}}],\"inLanguage\":\"es-ES\"}]}<\/script>\n<!-- \/ Yoast SEO plugin. -->","yoast_head_json":{"title":"Pathways - Tucoemas FCU","robots":{"index":"index","follow":"follow","max-snippet":"max-snippet:-1","max-image-preview":"max-image-preview:large","max-video-preview":"max-video-preview:-1"},"canonical":"https:\/\/www.tucoemas.org\/es\/pathways\/","og_locale":"es_ES","og_type":"article","og_title":"Pathways - Tucoemas FCU","og_url":"https:\/\/www.tucoemas.org\/es\/pathways\/","og_site_name":"Tucoemas FCU","article_modified_time":"2025-10-01T21:34:47+00:00","twitter_card":"summary_large_image","schema":{"@context":"https:\/\/schema.org","@graph":[{"@type":"WebPage","@id":"https:\/\/www.tucoemas.org\/pathways\/","url":"https:\/\/www.tucoemas.org\/pathways\/","name":"Pathways - Tucoemas FCU","isPartOf":{"@id":"https:\/\/www.tucoemas.org\/#website"},"datePublished":"2025-03-25T17:07:54+00:00","dateModified":"2025-10-01T21:34:47+00:00","breadcrumb":{"@id":"https:\/\/www.tucoemas.org\/pathways\/#breadcrumb"},"inLanguage":"es-ES","potentialAction":[{"@type":"ReadAction","target":["https:\/\/www.tucoemas.org\/pathways\/"]}]},{"@type":"BreadcrumbList","@id":"https:\/\/www.tucoemas.org\/pathways\/#breadcrumb","itemListElement":[{"@type":"ListItem","position":1,"name":"Home","item":"https:\/\/www.tucoemas.org\/"},{"@type":"ListItem","position":2,"name":"Pathways"}]},{"@type":"WebSite","@id":"https:\/\/www.tucoemas.org\/#website","url":"https:\/\/www.tucoemas.org\/","name":"Uni\u00f3n Cooperativa de Cr\u00e9dito Tucoemas","description":"Una comunidad en ascenso.","potentialAction":[{"@type":"SearchAction","target":{"@type":"EntryPoint","urlTemplate":"https:\/\/www.tucoemas.org\/?s={search_term_string}"},"query-input":{"@type":"PropertyValueSpecification","valueRequired":true,"valueName":"search_term_string"}}],"inLanguage":"es-ES"}]}},"_links":{"self":[{"href":"https:\/\/www.tucoemas.org\/es\/wp-json\/wp\/v2\/pages\/6049","targetHints":{"allow":["GET"]}}],"collection":[{"href":"https:\/\/www.tucoemas.org\/es\/wp-json\/wp\/v2\/pages"}],"about":[{"href":"https:\/\/www.tucoemas.org\/es\/wp-json\/wp\/v2\/types\/page"}],"author":[{"embeddable":true,"href":"https:\/\/www.tucoemas.org\/es\/wp-json\/wp\/v2\/users\/11"}],"replies":[{"embeddable":true,"href":"https:\/\/www.tucoemas.org\/es\/wp-json\/wp\/v2\/comments?post=6049"}],"version-history":[{"count":3,"href":"https:\/\/www.tucoemas.org\/es\/wp-json\/wp\/v2\/pages\/6049\/revisions"}],"predecessor-version":[{"id":6336,"href":"https:\/\/www.tucoemas.org\/es\/wp-json\/wp\/v2\/pages\/6049\/revisions\/6336"}],"wp:attachment":[{"href":"https:\/\/www.tucoemas.org\/es\/wp-json\/wp\/v2\/media?parent=6049"}],"curies":[{"name":"wp","href":"https:\/\/api.w.org\/{rel}","templated":true}]}}